{"id":19528,"date":"2025-05-28T14:57:54","date_gmt":"2025-05-28T14:57:54","guid":{"rendered":"https:\/\/beursvanberlage.com\/?page_id=19528"},"modified":"2026-03-19T08:36:13","modified_gmt":"2026-03-19T08:36:13","slug":"photographes","status":"publish","type":"page","link":"https:\/\/beursvanberlage.com\/fr\/organiser\/informations-pratiques\/photographes\/","title":{"rendered":"Photographes"},"content":{"rendered":"<div class=\"wp-block-endeavour-wp-blocks-banner-w-content-card wp-block-endeavour-wp-blocks-banner-w-content-card\">\n    <div class=\"banner-w-content-card__outer-wrapper\">\n        <div class=\"banner-w-content-card__image-wrapper\">\n                            <img decoding=\"async\" class=\"banner-w-content-card__image\" src=\"https:\/\/beursvanberlage.com\/app\/uploads\/2024\/10\/20241009_17_26_Beurs-van-Berlage-DPW-Michiel-LR.jpg\" alt=\"Banner Image\" \/>\n                    <\/div>\n\n        <div class=\"banner-w-content-card__content-wrapper\">\n            <div class=\"content-wrapper\">\n                <div class=\"banner-w-content-card__text-wrapper\">\n                                            <div class=\"banner-w-content-card__breadcrumbs\">\n                                                                                            <a\n                                        href=\"https:\/\/beursvanberlage.com\/fr\/\"\n                                        class=\"banner-w-content-card__breadcrumb-link \">\n                                    Accueil                                <\/a>\n                                                                    <span class=\"banner-w-content-card__breadcrumb-separator\"> \/ <\/span>\n                                                                                                                            <a\n                                        href=\"https:\/\/beursvanberlage.com\/fr\/organiser\/informations-pratiques\/\"\n                                        class=\"banner-w-content-card__breadcrumb-link \">\n                                    Informations pratiques                                <\/a>\n                                                                    <span class=\"banner-w-content-card__breadcrumb-separator\"> \/ <\/span>\n                                                                                                                            <a\n                                        href=\"#\"\n                                        class=\"banner-w-content-card__breadcrumb-link banner-w-content-card__breadcrumb-link--active\">\n                                    Photographes                                <\/a>\n                                                                                    <\/div>\n                    \n                                            <h1 class=\"banner-w-content-card__title\">\n                            Photographes                        <\/h1>\n                    \n                                            <p class=\"banner-w-content-card__description\">\n                            Vous cherchez un photographe capable de capturer votre \u00e9v\u00e9nement en images?                        <\/p>\n                                    <\/div>\n            <\/div>\n        <\/div>\n    <\/div>\n<\/div>\n\n\n\n<div class=\"wp-block-endeavour-wp-blocks-custom-spacer custom-spacer    \"><div style=\"height:1rem\" class=\"custom-spacer__mobile\"><\/div><div style=\"height:3rem\" class=\"custom-spacer__desktop\"><\/div><\/div>\n\n\n\n<section class=\"wp-block-endeavour-wp-blocks-content-container content-container    \" id=\"Beursstraat-6\"><div class=\"wp-block-endeavour-wp-blocks-content-container content-container__inner content-container__inner--medium    \" id=\"Beursstraat-6\">\n<div class=\"wp-block-endeavour-wp-blocks-image-w-text-cta    \"><div class=\"image-w-text-cta__outer-wrapper\"><div class=\"content-wrapper\"><div class=\"image-w-text-cta__inner-wrapper\"><div class=\"image-w-text-cta__content-wrapper\"><h4 class=\"image-w-text-cta__title\">Les plus belles images des recoins cach\u00e9s<\/h4><div class=\"image-w-text-cta__text\">La Beurs van Berlage est un lieu unique \u2013 mais il faut un regard expert pour la capturer sous son meilleur angle. Heureusement, nous collaborons avec des photographes exp\u00e9riment\u00e9s qui connaissent les recoins cach\u00e9s du b\u00e2timent et savent mettre votre \u00e9v\u00e9nement en valeur sous la meilleure lumi\u00e8re.<br><br>Qu\u2019il s\u2019agisse d\u2019une conf\u00e9rence, d\u2019un gala ou d\u2019un \u00e9v\u00e9nement d\u2019entreprise, une bonne photographie cr\u00e9e des souvenirs durables et renforce une image professionnelle. Nous serons ravis de vous aider \u00e0 trouver le photographe qui correspond \u00e0 vos besoins.<br><br>N\u2019h\u00e9sitez pas \u00e0 les contacter pour faire photographier votre prochain \u00e9v\u00e9nement par un professionnel.<\/div><div class=\"wp-block-endeavour-wp-blocks-image-w-text-cta    \"><\/div><\/div><div class=\"image-w-text-cta__image-wrapper\"><img decoding=\"async\" class=\"image-w-text-cta__image\" src=\"https:\/\/beursvanberlage.com\/app\/uploads\/2024\/11\/Backbase1.jpg\" alt=\"Uploaded Media\" loading=\"lazy\"\/><\/div><\/div><\/div><\/div><\/div>\n<\/div><\/section>\n\n\n\n<div class=\"wp-block-endeavour-wp-blocks-custom-spacer custom-spacer    \"><div style=\"height:1rem\" class=\"custom-spacer__mobile\"><\/div><div style=\"height:3rem\" class=\"custom-spacer__desktop\"><\/div><\/div>\n\n\n\n<div class=\"wp-block-endeavour-wp-blocks-banner-three-media    \"><div class=\"banner-w-medias__wrapper\"><div class=\"banner-w-medias__top-wrapper\"><div class=\"banner-w-medias__media-wrapper banner-w-medias__media-wrapper--first-media\"><img decoding=\"async\" class=\"banner-w-medias__first-media\" src=\"https:\/\/beursvanberlage.com\/app\/uploads\/2025\/05\/20170314_PromaxBDA_047-0175-scaled.jpg\" alt=\"Uploaded Media 1\"\/><\/div><\/div><div class=\"banner-w-medias__bottom-wrapper\"><div class=\"banner-w-medias__media-wrapper banner-w-medias__media-wrapper--second-media\"><img decoding=\"async\" class=\"banner-w-medias__second-media\" src=\"https:\/\/beursvanberlage.com\/app\/uploads\/2025\/05\/BeursvanBerlage_StaatsbezoekArgentinie_NicoAlsemgeest_0045-scaled.jpg\" alt=\"Uploaded Media 2\"\/><\/div><div class=\"banner-w-medias__media-wrapper banner-w-medias__media-wrapper--third-media\"><img decoding=\"async\" class=\"banner-w-medias__third-media\" src=\"https:\/\/beursvanberlage.com\/app\/uploads\/2025\/02\/054.jpg\" alt=\"Uploaded Media 3\"\/><\/div><\/div><\/div><\/div>\n\n\n\n<div class=\"wp-block-endeavour-wp-blocks-custom-spacer custom-spacer    \"><div style=\"height:1rem\" class=\"custom-spacer__mobile\"><\/div><div style=\"height:3rem\" class=\"custom-spacer__desktop\"><\/div><\/div>\n\n\n\n<section class=\"wp-block-endeavour-wp-blocks-content-container content-container    \" id=\"Beursstraat-6\"><div class=\"wp-block-endeavour-wp-blocks-content-container content-container__inner content-container__inner--medium    \" id=\"Beursstraat-6\">\n<div class=\"wp-block-endeavour-wp-blocks-image-w-text-cta    \"><div class=\"image-w-text-cta__outer-wrapper\"><div class=\"content-wrapper\"><div class=\"image-w-text-cta__inner-wrapper\"><div class=\"image-w-text-cta__content-wrapper\"><h4 class=\"image-w-text-cta__title\">Nos photographes pr\u00e9f\u00e9r\u00e9s<\/h4><div class=\"image-w-text-cta__text\"><strong><a href=\"mailto:igor@twycer.nl\">Igor Roelofsen<\/a><\/strong> <br>06 28 41 83 82<br><a href=\"https:\/\/www.twycer.nl\/\" target=\"_blank\" rel=\"noreferrer noopener\">Website \u00bb <\/a><br><br><strong><a href=\"mailto:info@nicoalsemgeest.com\">Nico Alsemgeest<\/a><\/strong><br>06 52 38 11 37<br><a href=\"https:\/\/nicoalsemgeest.com\/\" target=\"_blank\" rel=\"noreferrer noopener\">Website \u00bb<\/a><br><br><strong><a href=\"mailto:Photos@MichielTon.com\">Michiel Ton<\/a><\/strong><br>06 42 80 33 20<br><a href=\"https:\/\/www.michielton.com\/\" target=\"_blank\" rel=\"noreferrer noopener\">Website \u00bb<\/a><br>&nbsp;<br><strong><a href=\"mailto:robert@rockinpictures.com\">Robert Tjalondo<\/a><\/strong><br>06 41 23 37 38&nbsp;<br><a href=\"https:\/\/rockinpictures.com\/\" target=\"_blank\" rel=\"noreferrer noopener\">Website \u00bb<\/a><\/div><div class=\"wp-block-endeavour-wp-blocks-image-w-text-cta    \"><\/div><\/div><div class=\"image-w-text-cta__image-wrapper\"><img decoding=\"async\" class=\"image-w-text-cta__image\" src=\"https:\/\/beursvanberlage.com\/app\/uploads\/2024\/09\/Backbase-Connect2-Picture-by-Nico-Alsemgeest.jpg\" alt=\"Uploaded Media\" loading=\"lazy\"\/><\/div><\/div><\/div><\/div><\/div>\n<\/div><\/section>\n\n\n\n<section class=\"wp-block-endeavour-wp-blocks-content-container content-container    \" id=\"contact\"><div class=\"wp-block-endeavour-wp-blocks-content-container content-container__inner content-container__inner--full    \" id=\"contact\">\n<div class=\"wp-block-endeavour-wp-blocks-contact-form     contact-form\"><div class=\"contact-form__outer-wrapper \"><div class=\"content-wrapper\"><div class=\"contact-form__inner-wrapper\"><div class=\"contact-form__content-wrapper\"><div class=\"contact-form__text-wrapper\"><h4 class=\"contact-form__title\">Contactez-nous<\/h4><p class=\"contact-form__description\">Remplissez vos coordonn\u00e9es et nous reviendrons vers vous dans les plus brefs d\u00e9lais pour r\u00e9pondre \u00e0 vos questions ou discuter de vos projets. <br><br>Veuillez noter qu\u2019en raison de la taille et de la nature de notre lieu, nous traitons uniquement les demandes pour des groupes <strong>\u00e0 partir de 200 invit\u00e9s<\/strong>.<br><br><strong>Vous pr\u00e9f\u00e9rez un contact direct ? <\/strong><br>Appelez-nous au <strong><a href=\"tel:+31205313355\">+31 (0)20 &#8211; 531 33 55<\/a><\/strong> ou envoyez-nous un e-mail \u00e0 <a href=\"mailto:events@beursvanberlage.com\">events@beursvanberlage.com<\/a>. <br><br>Nous serons ravis de vous accompagner !<\/p><\/div><\/div><div class=\"contact-form__form-wrapper\"><script charset=\"utf-8\" type=\"text\/javascript\" src=\"\/\/js.hsforms.net\/forms\/embed\/v2.js\"><\/script>\n<script>\n  hbspt.forms.create({\n    portalId: \"5233325\",\n    formId: \"ca4344df-6aa8-459a-b9d4-3dd009ef564c\",\n    region: \"na1\"\n  });\n<\/script><\/div><\/div><\/div><\/div><\/div>\n<\/div><\/section>\n","protected":false},"excerpt":{"rendered":"","protected":false},"author":12,"featured_media":19530,"parent":19535,"menu_order":0,"comment_status":"closed","ping_status":"closed","template":"","meta":{"content-type":"","footnotes":""},"class_list":["post-19528","page","type-page","status-publish","has-post-thumbnail","hentry"],"_links":{"self":[{"href":"https:\/\/beursvanberlage.com\/fr\/wp-json\/wp\/v2\/pages\/19528","targetHints":{"allow":["GET"]}}],"collection":[{"href":"https:\/\/beursvanberlage.com\/fr\/wp-json\/wp\/v2\/pages"}],"about":[{"href":"https:\/\/beursvanberlage.com\/fr\/wp-json\/wp\/v2\/types\/page"}],"author":[{"embeddable":true,"href":"https:\/\/beursvanberlage.com\/fr\/wp-json\/wp\/v2\/users\/12"}],"replies":[{"embeddable":true,"href":"https:\/\/beursvanberlage.com\/fr\/wp-json\/wp\/v2\/comments?post=19528"}],"version-history":[{"count":3,"href":"https:\/\/beursvanberlage.com\/fr\/wp-json\/wp\/v2\/pages\/19528\/revisions"}],"predecessor-version":[{"id":19703,"href":"https:\/\/beursvanberlage.com\/fr\/wp-json\/wp\/v2\/pages\/19528\/revisions\/19703"}],"up":[{"embeddable":true,"href":"https:\/\/beursvanberlage.com\/fr\/wp-json\/wp\/v2\/pages\/19535"}],"wp:featuredmedia":[{"embeddable":true,"href":"https:\/\/beursvanberlage.com\/fr\/wp-json\/wp\/v2\/media\/19530"}],"wp:attachment":[{"href":"https:\/\/beursvanberlage.com\/fr\/wp-json\/wp\/v2\/media?parent=19528"}],"curies":[{"name":"wp","href":"https:\/\/api.w.org\/{rel}","templated":true}]}}