{"id":19511,"date":"2024-11-12T11:27:12","date_gmt":"2024-11-12T11:27:12","guid":{"rendered":"https:\/\/beursvanberlage.com\/?page_id=19511"},"modified":"2026-03-12T08:30:55","modified_gmt":"2026-03-12T08:30:55","slug":"durabilite","status":"publish","type":"page","link":"https:\/\/beursvanberlage.com\/fr\/organiser\/informations-pratiques\/durabilite\/","title":{"rendered":"Durabilit\u00e9"},"content":{"rendered":"<div class=\"wp-block-endeavour-wp-blocks-banner-w-content-card wp-block-endeavour-wp-blocks-banner-w-content-card\">\n    <div class=\"banner-w-content-card__outer-wrapper\">\n        <div class=\"banner-w-content-card__image-wrapper\">\n                            <img decoding=\"async\" class=\"banner-w-content-card__image\" src=\"https:\/\/beursvanberlage.com\/app\/uploads\/2024\/10\/BvB-Grote-zaal-Stands-03.jpg\" alt=\"Banner Image\" \/>\n                    <\/div>\n\n        <div class=\"banner-w-content-card__content-wrapper\">\n            <div class=\"content-wrapper\">\n                <div class=\"banner-w-content-card__text-wrapper\">\n                                            <div class=\"banner-w-content-card__breadcrumbs\">\n                                                                                            <a\n                                        href=\"https:\/\/beursvanberlage.com\/\"\n                                        class=\"banner-w-content-card__breadcrumb-link \">\n                                    Homepagina                                <\/a>\n                                                                    <span class=\"banner-w-content-card__breadcrumb-separator\"> \/ <\/span>\n                                                                                                                            <a\n                                        href=\"#\"\n                                        class=\"banner-w-content-card__breadcrumb-link banner-w-content-card__breadcrumb-link--active\">\n                                    Durabilit\u00e9                                <\/a>\n                                                                                    <\/div>\n                    \n                                            <h1 class=\"banner-w-content-card__title\">\n                            Durabilit\u00e9                        <\/h1>\n                    \n                                            <p class=\"banner-w-content-card__description\">\n                            Learn how you, as an organiser, can join our sustainability journey and contribute to a better future.\u00a0                        <\/p>\n                                    <\/div>\n            <\/div>\n        <\/div>\n    <\/div>\n<\/div>\n\n\n\n<div class=\"wp-block-endeavour-wp-blocks-custom-spacer custom-spacer    \"><div style=\"height:1rem\" class=\"custom-spacer__mobile\"><\/div><div style=\"height:3rem\" class=\"custom-spacer__desktop\"><\/div><\/div>\n\n\n\n<section class=\"wp-block-endeavour-wp-blocks-content-container content-container    \" id=\"Beursstraat-6\"><div class=\"wp-block-endeavour-wp-blocks-content-container content-container__inner content-container__inner--medium    \" id=\"Beursstraat-6\">\n<div class=\"wp-block-endeavour-wp-blocks-image-w-text-cta    \"><div class=\"image-w-text-cta__outer-wrapper\"><div class=\"content-wrapper\"><div class=\"image-w-text-cta__inner-wrapper\"><div class=\"image-w-text-cta__content-wrapper\"><h4 class=\"image-w-text-cta__title\">Notre d\u00e9marche en mati\u00e8re de durabilit\u00e9<\/h4><div class=\"image-w-text-cta__text\">\u00c0 la Beurs van Berlage, tout tourne autour de l\u2019impact que nous pouvons cr\u00e9er. Gr\u00e2ce \u00e0 notre emplacement embl\u00e9matique au c\u0153ur d\u2019Amsterdam et aux \u00e9v\u00e9nements qui s\u2019y d\u00e9roulent, nous cherchons \u00e0 g\u00e9n\u00e9rer une influence sociale et durable \u00e0 long terme.<br>Notre strat\u00e9gie de durabilit\u00e9 vise \u00e0 r\u00e9duire l\u2019impact environnemental de nos activit\u00e9s tout en renfor\u00e7ant notre contribution \u00e0 la soci\u00e9t\u00e9. En collaborant avec les organisateurs de congr\u00e8s et nos partenaires, nous cr\u00e9ons des \u00e9v\u00e9nements \u00e0 forte valeur ajout\u00e9e qui laissent une empreinte positive.<br>Rejoignez notre d\u00e9marche de durabilit\u00e9 et aidez-nous \u00e0 construire un avenir meilleur !<\/div><div class=\"wp-block-endeavour-wp-blocks-image-w-text-cta    \">\n<div class=\"wp-block-endeavour-wp-blocks-buttons-wrapper    \"><div class=\"wp-block-endeavour-wp-blocks-buttons-wrapper     buttons-wrapper__wrapper\">\n<div class=\"wp-block-endeavour-wp-blocks-main-button     main-button\"><a class=\"main-button__wrapper main-button__wrapper--is-primary\" href=\"https:\/\/indd.adobe.com\/view\/5ee606a6-5da6-4a09-a685-c16ba5527f25\" target=\"_blank\" rel=\"noopener\">En savoir plus sur notre d\u00e9marche en mati\u00e8re de durabilit\u00e9<\/a><\/div>\n<\/div><\/div>\n<\/div><\/div><div class=\"image-w-text-cta__image-wrapper\"><img decoding=\"async\" class=\"image-w-text-cta__image\" src=\"https:\/\/beursvanberlage.com\/app\/uploads\/2024\/09\/ne22-festival_52077734174_o-scaled.jpg\" alt=\"Uploaded Media\" loading=\"lazy\"\/><\/div><\/div><\/div><\/div><\/div>\n<\/div><\/section>\n\n\n\n<div class=\"wp-block-endeavour-wp-blocks-custom-spacer custom-spacer    \"><div style=\"height:1rem\" class=\"custom-spacer__mobile\"><\/div><div style=\"height:3rem\" class=\"custom-spacer__desktop\"><\/div><\/div>\n\n\n\n<section class=\"wp-block-endeavour-wp-blocks-content-container content-container    \" id=\"Beursstraat-6\"><div class=\"wp-block-endeavour-wp-blocks-content-container content-container__inner content-container__inner--medium    \" id=\"Beursstraat-6\">\n<div class=\"wp-block-endeavour-wp-blocks-image-w-text-cta    \"><div class=\"image-w-text-cta__outer-wrapper\"><div class=\"content-wrapper\"><div class=\"image-w-text-cta__inner-wrapper\"><div class=\"image-w-text-cta__content-wrapper\"><h4 class=\"image-w-text-cta__title\">Rapport d\u2019avancement sur la durabilit\u00e9<\/h4><div class=\"image-w-text-cta__text\">L\u2019ann\u00e9e 2024 a pr\u00e9sent\u00e9 certains d\u00e9fis, notamment la panne inattendue de nos pompes \u00e0 chaleur, qui a temporairement augment\u00e9 notre consommation de gaz. En m\u00eame temps, cela a \u00e9galement constitu\u00e9 une opportunit\u00e9 d\u2019acc\u00e9l\u00e9rer notre transition vers un avenir sans gaz. Nous avons aussi r\u00e9alis\u00e9 des avanc\u00e9es importantes en mati\u00e8re de compensation des \u00e9missions de CO\u2082 et de conservation de l\u2019eau.<br>Ce rapport d\u2019avancement sur la durabilit\u00e9 revient sur nos d\u00e9veloppements en 2024 et pr\u00e9sente nos ambitions pour les ann\u00e9es \u00e0 venir. Gr\u00e2ce \u00e0 des d\u00e9cisions r\u00e9fl\u00e9chies et \u00e0 des actions concr\u00e8tes, nous continuons \u00e0 \u0153uvrer pour une Beurs van Berlage durable et tourn\u00e9e vers l\u2019avenir.<\/div><div class=\"wp-block-endeavour-wp-blocks-image-w-text-cta    \">\n<div class=\"wp-block-endeavour-wp-blocks-buttons-wrapper    \"><div class=\"wp-block-endeavour-wp-blocks-buttons-wrapper     buttons-wrapper__wrapper\">\n<div class=\"wp-block-endeavour-wp-blocks-main-button     main-button\"><a class=\"main-button__wrapper main-button__wrapper--is-primary\" href=\"https:\/\/indd.adobe.com\/view\/2f259bf7-d9d0-418d-995e-cc668636d156\" target=\"_blank\" rel=\"noopener\">&lt;strong>Rapport d\u2019avancement sur la durabilit\u00e9 2024&lt;\/strong><\/a><\/div>\n<\/div><\/div>\n<\/div><\/div><div class=\"image-w-text-cta__image-wrapper\"><img decoding=\"async\" class=\"image-w-text-cta__image\" src=\"https:\/\/beursvanberlage.com\/app\/uploads\/2025\/04\/ne22-festival_52076463427_o-scaled.jpg\" alt=\"Uploaded Media\" loading=\"lazy\"\/><\/div><\/div><\/div><\/div><\/div>\n<\/div><\/section>\n\n\n\n<div class=\"wp-block-endeavour-wp-blocks-custom-spacer custom-spacer    \"><div style=\"height:1rem\" class=\"custom-spacer__mobile\"><\/div><div style=\"height:3rem\" class=\"custom-spacer__desktop\"><\/div><\/div>\n\n\n\n<section class=\"wp-block-endeavour-wp-blocks-content-container content-container    \" id=\"contact\"><div class=\"wp-block-endeavour-wp-blocks-content-container content-container__inner content-container__inner--full    \" id=\"contact\">\n<div class=\"wp-block-endeavour-wp-blocks-contact-form     contact-form\"><div class=\"contact-form__outer-wrapper \"><div class=\"content-wrapper\"><div class=\"contact-form__inner-wrapper\"><div class=\"contact-form__content-wrapper\"><div class=\"contact-form__text-wrapper\"><h4 class=\"contact-form__title\">Contactez-nous<\/h4><p class=\"contact-form__description\">Remplissez vos coordonn\u00e9es et nous reviendrons vers vous dans les plus brefs d\u00e9lais pour r\u00e9pondre \u00e0 vos questions ou discuter de vos projets. <br><br>Veuillez noter qu\u2019en raison de la taille et de la nature de notre lieu, nous traitons uniquement les demandes pour des groupes <strong>\u00e0 partir de 200 invit\u00e9s<\/strong>.<br><br><strong>Vous pr\u00e9f\u00e9rez un contact direct ? <\/strong><br>Appelez-nous au <strong><a href=\"tel:+31205313355\">+31 (0)20 &#8211; 531 33 55<\/a><\/strong> ou envoyez-nous un e-mail \u00e0 <a href=\"mailto:events@beursvanberlage.com\">events@beursvanberlage.com<\/a>. <br><br>Nous serons ravis de vous accompagner !<\/p><\/div><\/div><div class=\"contact-form__form-wrapper\"><script charset=\"utf-8\" type=\"text\/javascript\" src=\"\/\/js.hsforms.net\/forms\/embed\/v2.js\"><\/script>\n<script>\n  hbspt.forms.create({\n    portalId: \"5233325\",\n    formId: \"ca4344df-6aa8-459a-b9d4-3dd009ef564c\",\n    region: \"na1\"\n  });\n<\/script><\/div><\/div><\/div><\/div><\/div>\n<\/div><\/section>\n\n\n\n<p class=\"undefined    \"><\/p>\n","protected":false},"excerpt":{"rendered":"","protected":false},"author":12,"featured_media":19445,"parent":19535,"menu_order":0,"comment_status":"closed","ping_status":"closed","template":"","meta":{"content-type":"","footnotes":""},"class_list":["post-19511","page","type-page","status-publish","has-post-thumbnail","hentry"],"_links":{"self":[{"href":"https:\/\/beursvanberlage.com\/fr\/wp-json\/wp\/v2\/pages\/19511","targetHints":{"allow":["GET"]}}],"collection":[{"href":"https:\/\/beursvanberlage.com\/fr\/wp-json\/wp\/v2\/pages"}],"about":[{"href":"https:\/\/beursvanberlage.com\/fr\/wp-json\/wp\/v2\/types\/page"}],"author":[{"embeddable":true,"href":"https:\/\/beursvanberlage.com\/fr\/wp-json\/wp\/v2\/users\/12"}],"replies":[{"embeddable":true,"href":"https:\/\/beursvanberlage.com\/fr\/wp-json\/wp\/v2\/comments?post=19511"}],"version-history":[{"count":3,"href":"https:\/\/beursvanberlage.com\/fr\/wp-json\/wp\/v2\/pages\/19511\/revisions"}],"predecessor-version":[{"id":19514,"href":"https:\/\/beursvanberlage.com\/fr\/wp-json\/wp\/v2\/pages\/19511\/revisions\/19514"}],"up":[{"embeddable":true,"href":"https:\/\/beursvanberlage.com\/fr\/wp-json\/wp\/v2\/pages\/19535"}],"wp:featuredmedia":[{"embeddable":true,"href":"https:\/\/beursvanberlage.com\/fr\/wp-json\/wp\/v2\/media\/19445"}],"wp:attachment":[{"href":"https:\/\/beursvanberlage.com\/fr\/wp-json\/wp\/v2\/media?parent=19511"}],"curies":[{"name":"wp","href":"https:\/\/api.w.org\/{rel}","templated":true}]}}