{"id":19497,"date":"2024-11-12T10:20:37","date_gmt":"2024-11-12T10:20:37","guid":{"rendered":"https:\/\/beursvanberlage.com\/?page_id=19497"},"modified":"2026-03-10T15:49:59","modified_gmt":"2026-03-10T15:49:59","slug":"services-dmc","status":"publish","type":"page","link":"https:\/\/beursvanberlage.com\/fr\/organiser\/informations-pratiques\/services-dmc\/","title":{"rendered":"Services DMC"},"content":{"rendered":"<div class=\"wp-block-endeavour-wp-blocks-banner-w-content-card wp-block-endeavour-wp-blocks-banner-w-content-card\">\n    <div class=\"banner-w-content-card__outer-wrapper\">\n        <div class=\"banner-w-content-card__image-wrapper\">\n                            <img decoding=\"async\" class=\"banner-w-content-card__image\" src=\"https:\/\/beursvanberlage.com\/app\/uploads\/2024\/10\/20220329_Beurs_van_Berlage_Booking_134_43018.jpg\" alt=\"Banner Image\" \/>\n                    <\/div>\n\n        <div class=\"banner-w-content-card__content-wrapper\">\n            <div class=\"content-wrapper\">\n                <div class=\"banner-w-content-card__text-wrapper\">\n                                            <div class=\"banner-w-content-card__breadcrumbs\">\n                                                                                            <a\n                                        href=\"https:\/\/beursvanberlage.com\/\"\n                                        class=\"banner-w-content-card__breadcrumb-link \">\n                                    Homepagina                                <\/a>\n                                                                    <span class=\"banner-w-content-card__breadcrumb-separator\"> \/ <\/span>\n                                                                                                                            <a\n                                        href=\"#\"\n                                        class=\"banner-w-content-card__breadcrumb-link banner-w-content-card__breadcrumb-link--active\">\n                                    Services DMC                                <\/a>\n                                                                                    <\/div>\n                    \n                                            <h1 class=\"banner-w-content-card__title\">\n                            Services DMC                        <\/h1>\n                    \n                                    <\/div>\n            <\/div>\n        <\/div>\n    <\/div>\n<\/div>\n\n\n\n<div class=\"wp-block-endeavour-wp-blocks-custom-spacer custom-spacer    \"><div style=\"height:1rem\" class=\"custom-spacer__mobile\"><\/div><div style=\"height:3rem\" class=\"custom-spacer__desktop\"><\/div><\/div>\n\n\n\n<section class=\"wp-block-endeavour-wp-blocks-content-container content-container    \" id=\"Beursstraat-6\"><div class=\"wp-block-endeavour-wp-blocks-content-container content-container__inner content-container__inner--medium    \" id=\"Beursstraat-6\">\n<div class=\"wp-block-endeavour-wp-blocks-image-w-text-cta    \"><div class=\"image-w-text-cta__outer-wrapper\"><div class=\"content-wrapper\"><div class=\"image-w-text-cta__inner-wrapper\"><div class=\"image-w-text-cta__content-wrapper\"><h4 class=\"image-w-text-cta__title\">Faites de votre \u00e9v\u00e9nement une exp\u00e9rience inoubliable<\/h4><div class=\"image-w-text-cta__text\">Nos services DMC apportent tous les \u00e9l\u00e9ments compl\u00e9mentaires n\u00e9cessaires pour donner vie \u00e0 votre \u00e9v\u00e9nement. De la gestion fluide des transports et des r\u00e9ceptions cocktail \u00e9l\u00e9gantes aux animations interactives, activit\u00e9s de groupe et d\u00eeners (de gala) exclusifs, notre \u00e9quipe DMC conna\u00eet parfaitement le march\u00e9 local et exploite toutes les possibilit\u00e9s pour cr\u00e9er des exp\u00e9riences de haute qualit\u00e9, sur mesure.<br><br>Que vous organisiez une rencontre intime ou un grand congr\u00e8s, nos services DMC agissent comme votre partenaire d\u00e9di\u00e9, en prenant en charge \u00e0 la fois les aspects conceptuels et logistiques de votre \u00e9v\u00e9nement. Du transport aux activit\u00e9s et divertissements, nous proposons des solutions personnalis\u00e9es pour une exp\u00e9rience unique \u00e0 la Beurs van Berlage.<\/div><div class=\"wp-block-endeavour-wp-blocks-image-w-text-cta    \">\n<div class=\"wp-block-endeavour-wp-blocks-buttons-wrapper    \"><div class=\"wp-block-endeavour-wp-blocks-buttons-wrapper     buttons-wrapper__wrapper\">\n<div class=\"wp-block-endeavour-wp-blocks-main-button     main-button\"><a class=\"main-button__wrapper main-button__wrapper--is-primary\" href=\"https:\/\/indd.adobe.com\/view\/55779f98-23f8-45cc-9766-999742adc9e1\" target=\"_blank\" rel=\"noopener\">Fiche d\u2019information \u2013 services DMC<\/a><\/div>\n<\/div><\/div>\n<\/div><\/div><div class=\"image-w-text-cta__image-wrapper\"><img decoding=\"async\" class=\"image-w-text-cta__image\" src=\"https:\/\/beursvanberlage.com\/app\/uploads\/2024\/10\/PRUDENTIAL-AMSTERDAM-THURSDAY-WEB-READY_84-scaled.jpg\" alt=\"Uploaded Media\" loading=\"lazy\"\/><\/div><\/div><\/div><\/div><\/div>\n<\/div><\/section>\n\n\n\n<div class=\"wp-block-endeavour-wp-blocks-custom-spacer custom-spacer    \"><div style=\"height:1rem\" class=\"custom-spacer__mobile\"><\/div><div style=\"height:3rem\" class=\"custom-spacer__desktop\"><\/div><\/div>\n\n\n\n<section class=\"wp-block-endeavour-wp-blocks-content-container content-container    \" id=\"contact\"><div class=\"wp-block-endeavour-wp-blocks-content-container content-container__inner content-container__inner--full    \" id=\"contact\">\n<div class=\"wp-block-endeavour-wp-blocks-contact-form     contact-form\"><div class=\"contact-form__outer-wrapper \"><div class=\"content-wrapper\"><div class=\"contact-form__inner-wrapper\"><div class=\"contact-form__content-wrapper\"><div class=\"contact-form__text-wrapper\"><h4 class=\"contact-form__title\">Contactez-nous<\/h4><p class=\"contact-form__description\">Remplissez vos coordonn\u00e9es et nous reviendrons vers vous dans les plus brefs d\u00e9lais pour r\u00e9pondre \u00e0 vos questions ou discuter de vos projets. <br><br>Veuillez noter qu\u2019en raison de la taille et de la nature de notre lieu, nous traitons uniquement les demandes pour des groupes <strong>\u00e0 partir de 200 invit\u00e9s<\/strong>.<br><br><strong>Vous pr\u00e9f\u00e9rez un contact direct ? <\/strong><br>Appelez-nous au <strong><a href=\"tel:+31205313355\">+31 (0)20 &#8211; 531 33 55<\/a><\/strong> ou envoyez-nous un e-mail \u00e0 <a href=\"mailto:events@beursvanberlage.com\">events@beursvanberlage.com<\/a>. <br><br>Nous serons ravis de vous accompagner !<\/p><\/div><\/div><div class=\"contact-form__form-wrapper\"><script charset=\"utf-8\" type=\"text\/javascript\" src=\"\/\/js.hsforms.net\/forms\/embed\/v2.js\"><\/script>\n<script>\n  hbspt.forms.create({\n    portalId: \"5233325\",\n    formId: \"ca4344df-6aa8-459a-b9d4-3dd009ef564c\",\n    region: \"na1\"\n  });\n<\/script><\/div><\/div><\/div><\/div><\/div>\n<\/div><\/section>\n","protected":false},"excerpt":{"rendered":"","protected":false},"author":12,"featured_media":17788,"parent":19535,"menu_order":0,"comment_status":"closed","ping_status":"closed","template":"","meta":{"content-type":"","footnotes":""},"class_list":["post-19497","page","type-page","status-publish","has-post-thumbnail","hentry"],"_links":{"self":[{"href":"https:\/\/beursvanberlage.com\/fr\/wp-json\/wp\/v2\/pages\/19497","targetHints":{"allow":["GET"]}}],"collection":[{"href":"https:\/\/beursvanberlage.com\/fr\/wp-json\/wp\/v2\/pages"}],"about":[{"href":"https:\/\/beursvanberlage.com\/fr\/wp-json\/wp\/v2\/types\/page"}],"author":[{"embeddable":true,"href":"https:\/\/beursvanberlage.com\/fr\/wp-json\/wp\/v2\/users\/12"}],"replies":[{"embeddable":true,"href":"https:\/\/beursvanberlage.com\/fr\/wp-json\/wp\/v2\/comments?post=19497"}],"version-history":[{"count":3,"href":"https:\/\/beursvanberlage.com\/fr\/wp-json\/wp\/v2\/pages\/19497\/revisions"}],"predecessor-version":[{"id":19501,"href":"https:\/\/beursvanberlage.com\/fr\/wp-json\/wp\/v2\/pages\/19497\/revisions\/19501"}],"up":[{"embeddable":true,"href":"https:\/\/beursvanberlage.com\/fr\/wp-json\/wp\/v2\/pages\/19535"}],"wp:featuredmedia":[{"embeddable":true,"href":"https:\/\/beursvanberlage.com\/fr\/wp-json\/wp\/v2\/media\/17788"}],"wp:attachment":[{"href":"https:\/\/beursvanberlage.com\/fr\/wp-json\/wp\/v2\/media?parent=19497"}],"curies":[{"name":"wp","href":"https:\/\/api.w.org\/{rel}","templated":true}]}}