{"id":19474,"date":"2025-04-25T09:47:09","date_gmt":"2025-04-25T09:47:09","guid":{"rendered":"https:\/\/beursvanberlage.com\/?page_id=19474"},"modified":"2026-03-10T15:35:04","modified_gmt":"2026-03-10T15:35:04","slug":"la-courbe","status":"publish","type":"page","link":"https:\/\/beursvanberlage.com\/fr\/organiser\/informations-pratiques\/la-courbe\/","title":{"rendered":"La Courbe"},"content":{"rendered":"<div class=\"wp-block-endeavour-wp-blocks-banner-w-content-card wp-block-endeavour-wp-blocks-banner-w-content-card\">\n    <div class=\"banner-w-content-card__outer-wrapper\">\n        <div class=\"banner-w-content-card__image-wrapper\">\n                            <img decoding=\"async\" class=\"banner-w-content-card__image\" src=\"https:\/\/beursvanberlage.com\/app\/uploads\/2025\/04\/20250417-beurs-van-berlage-by-MichielTon-LR9.jpg\" alt=\"Banner Image\" \/>\n                    <\/div>\n\n        <div class=\"banner-w-content-card__content-wrapper\">\n            <div class=\"content-wrapper\">\n                <div class=\"banner-w-content-card__text-wrapper\">\n                                            <div class=\"banner-w-content-card__breadcrumbs\">\n                                                                                            <a\n                                        href=\"https:\/\/beursvanberlage.com\/\"\n                                        class=\"banner-w-content-card__breadcrumb-link \">\n                                    Homepagina                                <\/a>\n                                                                    <span class=\"banner-w-content-card__breadcrumb-separator\"> \/ <\/span>\n                                                                                                                            <a\n                                        href=\"#\"\n                                        class=\"banner-w-content-card__breadcrumb-link banner-w-content-card__breadcrumb-link--active\">\n                                    La Courbe                                <\/a>\n                                                                                    <\/div>\n                    \n                                            <h1 class=\"banner-w-content-card__title\">\n                            La Courbe                        <\/h1>\n                    \n                                            <p class=\"banner-w-content-card__description\">\n                            Dans l\u2019Effectenbeurszaal, vous trouverez notre impressionnante Curve \u2014 un fond de sc\u00e8ne num\u00e9rique multifonctionnel au design concave                        <\/p>\n                                    <\/div>\n            <\/div>\n        <\/div>\n    <\/div>\n<\/div>\n\n\n\n<div class=\"wp-block-endeavour-wp-blocks-custom-spacer custom-spacer    \"><div style=\"height:1rem\" class=\"custom-spacer__mobile\"><\/div><div style=\"height:3rem\" class=\"custom-spacer__desktop\"><\/div><\/div>\n\n\n\n<div class=\"wp-block-endeavour-wp-blocks-site-side-bar side-bar-block alignfull    \" style=\"position:sticky\"><div class=\"side-bar-block__swiper swiper\"><ul class=\"side-bar-block__anchor-list side-bar-block__anchor-list--slider  swiper-wrapper\"><li class=\"side-bar-block__anchor-item swiper-slide\"><a href=\"#The-Curve\" class=\"side-bar-block__anchor-link\">The Curve<\/a><\/li><li class=\"side-bar-block__anchor-item swiper-slide\"><a href=\"#Visualizer\" class=\"side-bar-block__anchor-link\">Visualiseur de sc\u00e8ne 3D<\/a><\/li><li class=\"side-bar-block__anchor-item swiper-slide\"><a href=\"#contact\" class=\"side-bar-block__anchor-link\">Contact<\/a><\/li><\/ul><\/div><ul class=\"side-bar-block__anchor-list side-bar-block__anchor-list--desktop\"><li class=\"side-bar-block__anchor-item\"><a href=\"#The-Curve\" class=\"side-bar-block__anchor-link side-bar-block__anchor-link--desktop\">The Curve<\/a><\/li><li class=\"side-bar-block__anchor-item\"><a href=\"#Visualizer\" class=\"side-bar-block__anchor-link side-bar-block__anchor-link--desktop\">Visualiseur de sc\u00e8ne 3D<\/a><\/li><li class=\"side-bar-block__anchor-item\"><a href=\"#contact\" class=\"side-bar-block__anchor-link side-bar-block__anchor-link--desktop\">Contact<\/a><\/li><\/ul><\/div>\n\n\n\n<div class=\"wp-block-endeavour-wp-blocks-custom-spacer custom-spacer    \"><div style=\"height:1rem\" class=\"custom-spacer__mobile\"><\/div><div style=\"height:3rem\" class=\"custom-spacer__desktop\"><\/div><\/div>\n\n\n\n<section class=\"wp-block-endeavour-wp-blocks-content-container content-container    \" id=\"The-Curve\"><div class=\"wp-block-endeavour-wp-blocks-content-container content-container__inner content-container__inner--medium    \" id=\"The-Curve\">\n<div class=\"wp-block-endeavour-wp-blocks-image-w-text-cta    \"><div class=\"image-w-text-cta__outer-wrapper\"><div class=\"content-wrapper\"><div class=\"image-w-text-cta__inner-wrapper\"><div class=\"image-w-text-cta__content-wrapper\"><h4 class=\"image-w-text-cta__title\">The Curve<\/h4><div class=\"image-w-text-cta__text\">La Curve s\u2019int\u00e8gre parfaitement dans le cadre historique de l\u2019Effectenbeurszaal et ajoute un \u00e9l\u00e9ment dynamique et flexible \u00e0 la sc\u00e9nographie de votre sc\u00e8ne. Elle peut \u00eatre utilis\u00e9e comme arri\u00e8re-plan en direct pour mettre en valeur le branding de votre \u00e9v\u00e9nement, des illustrations ou votre th\u00e9matique.<br>Que vous pr\u00e9sentiez du contenu de pr\u00e9sentation, des sources externes ou des m\u00e9dias en plein \u00e9cran, The Curve garantit une exp\u00e9rience visuelle impressionnante et immersive pour votre public.<\/div><div class=\"wp-block-endeavour-wp-blocks-image-w-text-cta    \">\n<div class=\"wp-block-endeavour-wp-blocks-buttons-wrapper    \"><div class=\"wp-block-endeavour-wp-blocks-buttons-wrapper     buttons-wrapper__wrapper\">\n<div class=\"wp-block-endeavour-wp-blocks-main-button     main-button\"><a class=\"main-button__wrapper main-button__wrapper--is-primary\" href=\"https:\/\/beursvanberlage.com\/app\/uploads\/2025\/07\/Beurs-van-Berlage_The-Curve.pdf\" target=\"_blank\" rel=\"noopener\">Brochure The Curve<\/a><\/div>\n<\/div><\/div>\n<\/div><\/div><div class=\"image-w-text-cta__image-wrapper\"><img decoding=\"async\" class=\"image-w-text-cta__image\" src=\"https:\/\/beursvanberlage.com\/app\/uploads\/2025\/04\/20250328_Beurs_van_Berlage_069_3541-scaled.jpg\" alt=\"Uploaded Media\" loading=\"lazy\"\/><\/div><\/div><\/div><\/div><\/div>\n<\/div><\/section>\n\n\n\n<div class=\"wp-block-endeavour-wp-blocks-custom-spacer custom-spacer    \"><div style=\"height:1rem\" class=\"custom-spacer__mobile\"><\/div><div style=\"height:3rem\" class=\"custom-spacer__desktop\"><\/div><\/div>\n\n\n\n<section class=\"wp-block-endeavour-wp-blocks-content-container content-container    \" id=\"Visualizer\"><div class=\"wp-block-endeavour-wp-blocks-content-container content-container__inner content-container__inner--medium    \" id=\"Visualizer\">\n<div class=\"wp-block-endeavour-wp-blocks-image-w-text-cta    \"><div class=\"image-w-text-cta__outer-wrapper\"><div class=\"content-wrapper\"><div class=\"image-w-text-cta__inner-wrapper\"><div class=\"image-w-text-cta__content-wrapper\"><h4 class=\"image-w-text-cta__title\">Visualiseur de sc\u00e8ne 3D<\/h4><div class=\"image-w-text-cta__text\">Pour vous aider \u00e0 visualiser les diff\u00e9rentes possibilit\u00e9s, notre partenaire Creative Technology a d\u00e9velopp\u00e9 un outil en ligne : le Stage Visualizer. Cette plateforme interactive vous permet de t\u00e9l\u00e9charger votre propre contenu et de pr\u00e9visualiser la mani\u00e8re dont il appara\u00eetra sur The Curve dans l\u2019Effectenbeurszaal.<br><br>Que vous pr\u00e9pariez une pr\u00e9sentation, un moment de branding ou un \u00e9l\u00e9ment visuel marquant, le Stage Visualizer vous offre un aper\u00e7u r\u00e9aliste du r\u00e9sultat final.<\/div><div class=\"wp-block-endeavour-wp-blocks-image-w-text-cta    \">\n<div class=\"wp-block-endeavour-wp-blocks-buttons-wrapper    \"><div class=\"wp-block-endeavour-wp-blocks-buttons-wrapper     buttons-wrapper__wrapper\">\n<div class=\"wp-block-endeavour-wp-blocks-main-button     main-button\"><a class=\"main-button__wrapper main-button__wrapper--is-secondary\" href=\"https:\/\/bvb.visualizer.ctlabs.online\/\" target=\"_blank\" rel=\"noopener\">Visualiseur de sc\u00e8ne 3D<\/a><\/div>\n<\/div><\/div>\n<\/div><\/div><div class=\"image-w-text-cta__image-wrapper\"><img decoding=\"async\" class=\"image-w-text-cta__image\" src=\"https:\/\/beursvanberlage.com\/app\/uploads\/2025\/04\/Stage-vizualiser.png\" alt=\"Uploaded Media\" loading=\"lazy\"\/><\/div><\/div><\/div><\/div><\/div>\n<\/div><\/section>\n\n\n\n<div class=\"wp-block-endeavour-wp-blocks-custom-spacer custom-spacer    \"><div style=\"height:1rem\" class=\"custom-spacer__mobile\"><\/div><div style=\"height:3rem\" class=\"custom-spacer__desktop\"><\/div><\/div>\n\n\n\n<div class=\"wp-block-endeavour-wp-blocks-banner-w-stats    \"><div class=\"banner-w-stats__wrapper\"><div class=\"banner-w-stats__banner-wrapper\"><img decoding=\"async\" src=\"https:\/\/beursvanberlage.com\/app\/uploads\/2024\/12\/CES2024_0055.jpg\" class=\"banner-w-stats__banner-image\" alt=\"Banner Image\"\/><div class=\"content-wrapper\" style=\"width: 100%\"><h3 class=\"banner-w-stats__banner-title\">The Curve<\/h3><\/div><\/div><div class=\"content-wrapper\"><div class=\"banner-w-stats__stats-wrapper banner-w-stats__stats-wrapper--is-stats\">\n<div class=\"wp-block-endeavour-wp-blocks-statistic-item     statistic-item__outer-wrapper\"><div class=\"statistic-item__wrapper\"><div class=\"statistic-item__stat-wrapper\"><h4 class=\"statistic-item__count-up\" data-number=\"1300\">1300<\/h4><h4 class=\"statistic-item__secondary-string\">cm<\/h4><\/div><h6 class=\"statistic-item__text\">Dimension \u2013 largeur<\/h6><\/div><\/div>\n\n\n\n<div class=\"wp-block-endeavour-wp-blocks-statistic-item     statistic-item__outer-wrapper\"><div class=\"statistic-item__wrapper\"><div class=\"statistic-item__stat-wrapper\"><h4 class=\"statistic-item__count-up\" data-number=\"450\">450<\/h4><h4 class=\"statistic-item__secondary-string\">cm<\/h4><\/div><h6 class=\"statistic-item__text\">Dimension \u2013 hauteur<\/h6><\/div><\/div>\n\n\n\n<div class=\"wp-block-endeavour-wp-blocks-statistic-item     statistic-item__outer-wrapper\"><div class=\"statistic-item__wrapper\"><div class=\"statistic-item__stat-wrapper\"><h4 class=\"statistic-item__count-up\" data-number=\"3328\">3328<\/h4><h4 class=\"statistic-item__secondary-string\">pixels<\/h4><\/div><h6 class=\"statistic-item__text\">R\u00e9solution \u2013 largeur<\/h6><\/div><\/div>\n\n\n\n<div class=\"wp-block-endeavour-wp-blocks-statistic-item     statistic-item__outer-wrapper\"><div class=\"statistic-item__wrapper\"><div class=\"statistic-item__stat-wrapper\"><h4 class=\"statistic-item__count-up\" data-number=\"1152\">1152<\/h4><h4 class=\"statistic-item__secondary-string\">pixels<\/h4><\/div><h6 class=\"statistic-item__text\">R\u00e9solution \u2013 hauteur<\/h6><\/div><\/div>\n<\/div><\/div><\/div><\/div>\n\n\n\n<figure class=\"wp-block-embed is-type-video is-provider-youtube wp-block-embed-youtube wp-embed-aspect-16-9 wp-has-aspect-ratio    \"><div class=\"wp-block-embed__wrapper\">\n<iframe loading=\"lazy\" title=\"The Curve 2025\" width=\"500\" height=\"281\" src=\"https:\/\/www.youtube.com\/embed\/6WMEKQtn-Os?feature=oembed\" frameborder=\"0\" allow=\"accelerometer; autoplay; clipboard-write; encrypted-media; gyroscope; picture-in-picture; web-share\" referrerpolicy=\"strict-origin-when-cross-origin\" allowfullscreen><\/iframe>\n<\/div><\/figure>\n\n\n\n<section class=\"wp-block-endeavour-wp-blocks-content-container content-container    \" id=\"contact\"><div class=\"wp-block-endeavour-wp-blocks-content-container content-container__inner content-container__inner--full    \" id=\"contact\">\n<div class=\"wp-block-endeavour-wp-blocks-contact-form     contact-form\"><div class=\"contact-form__outer-wrapper \"><div class=\"content-wrapper\"><div class=\"contact-form__inner-wrapper\"><div class=\"contact-form__content-wrapper\"><div class=\"contact-form__text-wrapper\"><h4 class=\"contact-form__title\">Contactez-nous<\/h4><p class=\"contact-form__description\">Remplissez vos coordonn\u00e9es et nous reviendrons vers vous dans les plus brefs d\u00e9lais pour r\u00e9pondre \u00e0 vos questions ou discuter de vos projets. <br><br>Veuillez noter qu\u2019en raison de la taille et de la nature de notre lieu, nous traitons uniquement les demandes pour des groupes <strong>\u00e0 partir de 200 invit\u00e9s<\/strong>.<br><br><strong>Vous pr\u00e9f\u00e9rez un contact direct ? <\/strong><br>Appelez-nous au <strong><a href=\"tel:+31205313355\">+31 (0)20 &#8211; 531 33 55<\/a><\/strong> ou envoyez-nous un e-mail \u00e0 <a href=\"mailto:events@beursvanberlage.com\">events@beursvanberlage.com<\/a>. <br><br>Nous serons ravis de vous accompagner !<\/p><\/div><\/div><div class=\"contact-form__form-wrapper\"><script charset=\"utf-8\" type=\"text\/javascript\" src=\"\/\/js.hsforms.net\/forms\/embed\/v2.js\"><\/script>\n<script>\n  hbspt.forms.create({\n    portalId: \"5233325\",\n    formId: \"ca4344df-6aa8-459a-b9d4-3dd009ef564c\",\n    region: \"na1\"\n  });\n<\/script><\/div><\/div><\/div><\/div><\/div>\n<\/div><\/section>\n","protected":false},"excerpt":{"rendered":"","protected":false},"author":12,"featured_media":15213,"parent":19535,"menu_order":0,"comment_status":"closed","ping_status":"closed","template":"","meta":{"content-type":"","footnotes":""},"class_list":["post-19474","page","type-page","status-publish","has-post-thumbnail","hentry"],"_links":{"self":[{"href":"https:\/\/beursvanberlage.com\/fr\/wp-json\/wp\/v2\/pages\/19474","targetHints":{"allow":["GET"]}}],"collection":[{"href":"https:\/\/beursvanberlage.com\/fr\/wp-json\/wp\/v2\/pages"}],"about":[{"href":"https:\/\/beursvanberlage.com\/fr\/wp-json\/wp\/v2\/types\/page"}],"author":[{"embeddable":true,"href":"https:\/\/beursvanberlage.com\/fr\/wp-json\/wp\/v2\/users\/12"}],"replies":[{"embeddable":true,"href":"https:\/\/beursvanberlage.com\/fr\/wp-json\/wp\/v2\/comments?post=19474"}],"version-history":[{"count":6,"href":"https:\/\/beursvanberlage.com\/fr\/wp-json\/wp\/v2\/pages\/19474\/revisions"}],"predecessor-version":[{"id":19484,"href":"https:\/\/beursvanberlage.com\/fr\/wp-json\/wp\/v2\/pages\/19474\/revisions\/19484"}],"up":[{"embeddable":true,"href":"https:\/\/beursvanberlage.com\/fr\/wp-json\/wp\/v2\/pages\/19535"}],"wp:featuredmedia":[{"embeddable":true,"href":"https:\/\/beursvanberlage.com\/fr\/wp-json\/wp\/v2\/media\/15213"}],"wp:attachment":[{"href":"https:\/\/beursvanberlage.com\/fr\/wp-json\/wp\/v2\/media?parent=19474"}],"curies":[{"name":"wp","href":"https:\/\/api.w.org\/{rel}","templated":true}]}}