{"id":19469,"date":"2024-11-12T10:29:30","date_gmt":"2024-11-12T10:29:30","guid":{"rendered":"https:\/\/beursvanberlage.com\/?page_id=19469"},"modified":"2026-03-10T15:10:47","modified_gmt":"2026-03-10T15:10:47","slug":"partenaires","status":"publish","type":"page","link":"https:\/\/beursvanberlage.com\/fr\/organiser\/informations-pratiques\/partenaires\/","title":{"rendered":"Partenaires"},"content":{"rendered":"<div class=\"wp-block-endeavour-wp-blocks-banner-w-content-card wp-block-endeavour-wp-blocks-banner-w-content-card\">\n    <div class=\"banner-w-content-card__outer-wrapper\">\n        <div class=\"banner-w-content-card__image-wrapper\">\n                            <img decoding=\"async\" class=\"banner-w-content-card__image\" src=\"https:\/\/beursvanberlage.com\/app\/uploads\/2024\/10\/20241009_11_13_Beurs-van-Berlage-DPW-Michiel-LR-2.jpg\" alt=\"Banner Image\" \/>\n                    <\/div>\n\n        <div class=\"banner-w-content-card__content-wrapper\">\n            <div class=\"content-wrapper\">\n                <div class=\"banner-w-content-card__text-wrapper\">\n                                            <div class=\"banner-w-content-card__breadcrumbs\">\n                                                                                            <a\n                                        href=\"https:\/\/beursvanberlage.com\/\"\n                                        class=\"banner-w-content-card__breadcrumb-link \">\n                                    Homepagina                                <\/a>\n                                                                    <span class=\"banner-w-content-card__breadcrumb-separator\"> \/ <\/span>\n                                                                                                                            <a\n                                        href=\"#\"\n                                        class=\"banner-w-content-card__breadcrumb-link banner-w-content-card__breadcrumb-link--active\">\n                                    Partenaires                                <\/a>\n                                                                                    <\/div>\n                    \n                                            <h1 class=\"banner-w-content-card__title\">\n                            Partenaires                        <\/h1>\n                    \n                                            <p class=\"banner-w-content-card__description\">\n                            Pour assurer le succ\u00e8s de votre \u00e9v\u00e9nement, nous collaborons avec un groupe s\u00e9lectionn\u00e9 de partenaires privil\u00e9gi\u00e9s.                        <\/p>\n                                    <\/div>\n            <\/div>\n        <\/div>\n    <\/div>\n<\/div>\n\n\n\n<div class=\"wp-block-endeavour-wp-blocks-custom-spacer custom-spacer    \"><div style=\"height:1rem\" class=\"custom-spacer__mobile\"><\/div><div style=\"height:3rem\" class=\"custom-spacer__desktop\"><\/div><\/div>\n\n\n\n<section class=\"wp-block-endeavour-wp-blocks-content-container content-container    \" id=\"Beursstraat-6\"><div class=\"wp-block-endeavour-wp-blocks-content-container content-container__inner content-container__inner--medium    \" id=\"Beursstraat-6\">\n<div class=\"wp-block-endeavour-wp-blocks-image-w-text-cta    \"><div class=\"image-w-text-cta__outer-wrapper\"><div class=\"content-wrapper\"><div class=\"image-w-text-cta__inner-wrapper\"><div class=\"image-w-text-cta__content-wrapper\"><h4 class=\"image-w-text-cta__title\">Nos partenaires<\/h4><div class=\"image-w-text-cta__text\">En raison du caract\u00e8re monumental de notre b\u00e2timent et de la logistique complexe de nos productions, nous travaillons exclusivement avec des partenaires privil\u00e9gi\u00e9s. Cela garantit non seulement la plus haute qualit\u00e9 et des tarifs comp\u00e9titifs, mais assure \u00e9galement une collaboration fluide au sein d\u2019une seule \u00e9quipe \u00e0 la Beurs van Berlage, afin de soutenir pleinement votre \u00e9v\u00e9nement.<br>Le recours \u00e0 d\u2019autres entreprises sp\u00e9cialis\u00e9es n\u2019est donc pas autoris\u00e9. Nos partenaires privil\u00e9gi\u00e9s sont enti\u00e8rement int\u00e9gr\u00e9s \u00e0 nos op\u00e9rations et apportent leur expertise dans les domaines suivants :<br><br><strong>Technologie audiovisuelle:<\/strong> <a href=\"https:\/\/ct-group.com\/nl\/en\/\" target=\"_blank\" rel=\"noreferrer noopener\">Creative Technology<\/a> et <a href=\"https:\/\/www.ampco-flashlight.com\/\" target=\"_blank\" rel=\"noreferrer noopener\">Ampco Flashlight<\/a><br><strong>Branding \u00e9v\u00e9nementiel et construction de stands:<\/strong> <a href=\"https:\/\/www.a-booth.nl\/en\/\" target=\"_blank\" rel=\"noreferrer noopener\">A-booth<\/a><br><strong>Styling \u00e9v\u00e9nementiel:<\/strong> <a href=\"https:\/\/www.bloembloem.nl\/\" target=\"_blank\" rel=\"noreferrer noopener\">BloemBloem<\/a> and <a href=\"https:\/\/www.heman.nl\/\" target=\"_blank\" rel=\"noreferrer noopener\">H\u00e9man<\/a><br><strong>Solutions ICT:<\/strong> <a href=\"https:\/\/www.hsnetwerken.nl\/\" target=\"_blank\" rel=\"noreferrer noopener\">H&amp;S Computerservices<\/a><br><strong>Traiteur externe:<\/strong> <a href=\"https:\/\/vineyardcatering.nl\/\" target=\"_blank\" rel=\"noreferrer noopener\">Vineyard Premium Catering<\/a><br><strong>Divertissement:<\/strong> <a href=\"https:\/\/thefireflies.live\/\" target=\"_blank\" rel=\"noreferrer noopener\">The Fireflies<\/a><br><strong>S\u00e9curit\u00e9:<\/strong> <a href=\"https:\/\/isg-beveiliging.nl\/en\/\" target=\"_blank\" rel=\"noreferrer noopener\">ISG Security<\/a><\/div><div class=\"wp-block-endeavour-wp-blocks-image-w-text-cta    \"><\/div><\/div><div class=\"image-w-text-cta__image-wrapper\"><img decoding=\"async\" class=\"image-w-text-cta__image\" src=\"https:\/\/beursvanberlage.com\/app\/uploads\/2024\/10\/20241009_17_26_Beurs-van-Berlage-DPW-Michiel-LR.jpg\" alt=\"Uploaded Media\" loading=\"lazy\"\/><\/div><\/div><\/div><\/div><\/div>\n<\/div><\/section>\n\n\n\n<section class=\"wp-block-endeavour-wp-blocks-content-container content-container    \" id=\"contact\"><div class=\"wp-block-endeavour-wp-blocks-content-container content-container__inner content-container__inner--full    \" id=\"contact\">\n<div class=\"wp-block-endeavour-wp-blocks-contact-form     contact-form\"><div class=\"contact-form__outer-wrapper \"><div class=\"content-wrapper\"><div class=\"contact-form__inner-wrapper\"><div class=\"contact-form__content-wrapper\"><div class=\"contact-form__text-wrapper\"><h4 class=\"contact-form__title\">Contactez-nous<\/h4><p class=\"contact-form__description\">Remplissez vos coordonn\u00e9es et nous reviendrons vers vous dans les plus brefs d\u00e9lais pour r\u00e9pondre \u00e0 vos questions ou discuter de vos projets. <br><br>Veuillez noter qu\u2019en raison de la taille et de la nature de notre lieu, nous traitons uniquement les demandes pour des groupes <strong>\u00e0 partir de 200 invit\u00e9s<\/strong>.<br><br><strong>Vous pr\u00e9f\u00e9rez un contact direct ? <\/strong><br>Appelez-nous au <strong><a href=\"tel:+31205313355\">+31 (0)20 &#8211; 531 33 55<\/a><\/strong> ou envoyez-nous un e-mail \u00e0 <a href=\"mailto:events@beursvanberlage.com\">events@beursvanberlage.com<\/a>. <br><br>Nous serons ravis de vous accompagner !<\/p><\/div><\/div><div class=\"contact-form__form-wrapper\"><script charset=\"utf-8\" type=\"text\/javascript\" src=\"\/\/js.hsforms.net\/forms\/embed\/v2.js\"><\/script>\n<script>\n  hbspt.forms.create({\n    portalId: \"5233325\",\n    formId: \"ca4344df-6aa8-459a-b9d4-3dd009ef564c\",\n    region: \"na1\"\n  });\n<\/script><\/div><\/div><\/div><\/div><\/div>\n<\/div><\/section>\n","protected":false},"excerpt":{"rendered":"","protected":false},"author":12,"featured_media":19445,"parent":19535,"menu_order":0,"comment_status":"closed","ping_status":"closed","template":"","meta":{"content-type":"","footnotes":""},"class_list":["post-19469","page","type-page","status-publish","has-post-thumbnail","hentry"],"_links":{"self":[{"href":"https:\/\/beursvanberlage.com\/fr\/wp-json\/wp\/v2\/pages\/19469","targetHints":{"allow":["GET"]}}],"collection":[{"href":"https:\/\/beursvanberlage.com\/fr\/wp-json\/wp\/v2\/pages"}],"about":[{"href":"https:\/\/beursvanberlage.com\/fr\/wp-json\/wp\/v2\/types\/page"}],"author":[{"embeddable":true,"href":"https:\/\/beursvanberlage.com\/fr\/wp-json\/wp\/v2\/users\/12"}],"replies":[{"embeddable":true,"href":"https:\/\/beursvanberlage.com\/fr\/wp-json\/wp\/v2\/comments?post=19469"}],"version-history":[{"count":2,"href":"https:\/\/beursvanberlage.com\/fr\/wp-json\/wp\/v2\/pages\/19469\/revisions"}],"predecessor-version":[{"id":19471,"href":"https:\/\/beursvanberlage.com\/fr\/wp-json\/wp\/v2\/pages\/19469\/revisions\/19471"}],"up":[{"embeddable":true,"href":"https:\/\/beursvanberlage.com\/fr\/wp-json\/wp\/v2\/pages\/19535"}],"wp:featuredmedia":[{"embeddable":true,"href":"https:\/\/beursvanberlage.com\/fr\/wp-json\/wp\/v2\/media\/19445"}],"wp:attachment":[{"href":"https:\/\/beursvanberlage.com\/fr\/wp-json\/wp\/v2\/media?parent=19469"}],"curies":[{"name":"wp","href":"https:\/\/api.w.org\/{rel}","templated":true}]}}