{"id":19443,"date":"2024-11-12T09:58:00","date_gmt":"2024-11-12T09:58:00","guid":{"rendered":"https:\/\/beursvanberlage.com\/?page_id=19443"},"modified":"2026-03-18T12:46:45","modified_gmt":"2026-03-18T12:46:45","slug":"image-de-marque","status":"publish","type":"page","link":"https:\/\/beursvanberlage.com\/fr\/organiser\/informations-pratiques\/image-de-marque\/","title":{"rendered":"Image de marque"},"content":{"rendered":"<div class=\"wp-block-endeavour-wp-blocks-banner-w-content-card wp-block-endeavour-wp-blocks-banner-w-content-card\">\n    <div class=\"banner-w-content-card__outer-wrapper\">\n        <div class=\"banner-w-content-card__image-wrapper\">\n                            <img decoding=\"async\" class=\"banner-w-content-card__image\" src=\"https:\/\/beursvanberlage.com\/app\/uploads\/2024\/11\/1666803103978.jpg\" alt=\"Banner Image\" \/>\n                    <\/div>\n\n        <div class=\"banner-w-content-card__content-wrapper\">\n            <div class=\"content-wrapper\">\n                <div class=\"banner-w-content-card__text-wrapper\">\n                                            <div class=\"banner-w-content-card__breadcrumbs\">\n                                                                                            <a\n                                        href=\"https:\/\/beursvanberlage.com\/\"\n                                        class=\"banner-w-content-card__breadcrumb-link \">\n                                    Homepagina                                <\/a>\n                                                                    <span class=\"banner-w-content-card__breadcrumb-separator\"> \/ <\/span>\n                                                                                                                            <a\n                                        href=\"https:\/\/beursvanberlage.com\/fr\/organiser\/informations-pratiques\/\"\n                                        class=\"banner-w-content-card__breadcrumb-link \">\n                                    Informations pratiques                                <\/a>\n                                                                    <span class=\"banner-w-content-card__breadcrumb-separator\"> \/ <\/span>\n                                                                                                                            <a\n                                        href=\"#\"\n                                        class=\"banner-w-content-card__breadcrumb-link banner-w-content-card__breadcrumb-link--active\">\n                                    Image de marque                                <\/a>\n                                                                                    <\/div>\n                    \n                                            <h1 class=\"banner-w-content-card__title\">\n                            Image de marque                        <\/h1>\n                    \n                                            <p class=\"banner-w-content-card__description\">\n                            Une image de marque adapt\u00e9e et une signal\u00e9tique claire rendent votre \u00e9v\u00e9nement v\u00e9ritablement complet.                        <\/p>\n                                    <\/div>\n            <\/div>\n        <\/div>\n    <\/div>\n<\/div>\n\n\n\n<div class=\"wp-block-endeavour-wp-blocks-custom-spacer custom-spacer    \"><div style=\"height:1rem\" class=\"custom-spacer__mobile\"><\/div><div style=\"height:3rem\" class=\"custom-spacer__desktop\"><\/div><\/div>\n\n\n\n<section class=\"wp-block-endeavour-wp-blocks-content-container content-container    \" id=\"Beursstraat-6\"><div class=\"wp-block-endeavour-wp-blocks-content-container content-container__inner content-container__inner--medium    \" id=\"Beursstraat-6\">\n<div class=\"wp-block-endeavour-wp-blocks-image-w-text-cta    \"><div class=\"image-w-text-cta__outer-wrapper\"><div class=\"content-wrapper\"><div class=\"image-w-text-cta__inner-wrapper\"><div class=\"image-w-text-cta__content-wrapper\"><h4 class=\"image-w-text-cta__title\">Image de marque et signal\u00e9tique<\/h4><div class=\"image-w-text-cta__text\">\u00c0 la Beurs van Berlage, nous proposons de nombreuses options de branding et de signal\u00e9tique, aussi bien \u00e0 l\u2019int\u00e9rieur qu\u2019\u00e0 l\u2019ext\u00e9rieur de notre b\u00e2timent monumental. \u00c0 l\u2019ext\u00e9rieur, deux \u00e9crans LED accueillent vos invit\u00e9s, tandis qu\u2019\u00e0 l\u2019int\u00e9rieur, des \u00e9crans int\u00e9gr\u00e9s dans la zone d\u2019accueil et dans tout le b\u00e2timent guident les visiteurs et renforcent votre message. Chaque \u00e9cran situ\u00e9 \u00e0 des emplacements cl\u00e9s et devant les salles de sous-commission (breakout rooms) peut \u00eatre personnalis\u00e9 afin que votre programme et votre image de marque soient visibles partout.<br>Laissez-vous inspirer par notre livre d\u2019inspiration pour d\u00e9couvrir toutes les possibilit\u00e9s permettant d\u2019adapter la Beurs \u00e0 vos besoins en mati\u00e8re de branding.<\/div><div class=\"wp-block-endeavour-wp-blocks-image-w-text-cta    \">\n<div class=\"wp-block-endeavour-wp-blocks-buttons-wrapper    \"><div class=\"wp-block-endeavour-wp-blocks-buttons-wrapper     buttons-wrapper__wrapper\">\n<div class=\"wp-block-endeavour-wp-blocks-main-button     main-button\"><a class=\"main-button__wrapper main-button__wrapper--is-primary\" href=\"https:\/\/indd.adobe.com\/view\/aab29795-9a1b-4941-a5b3-08fca740e716\" target=\"_blank\" rel=\"noopener\">Consultez notre livre d\u2019inspiration<\/a><\/div>\n<\/div><\/div>\n<\/div><\/div><div class=\"image-w-text-cta__image-wrapper\"><img decoding=\"async\" class=\"image-w-text-cta__image\" src=\"https:\/\/beursvanberlage.com\/app\/uploads\/2024\/10\/20220329_Beurs_van_Berlage_Booking_091_42822.jpg\" alt=\"Uploaded Media\" loading=\"lazy\"\/><\/div><\/div><\/div><\/div><\/div>\n<\/div><\/section>\n\n\n\n<div class=\"wp-block-endeavour-wp-blocks-custom-spacer custom-spacer    \"><div style=\"height:1rem\" class=\"custom-spacer__mobile\"><\/div><div style=\"height:3rem\" class=\"custom-spacer__desktop\"><\/div><\/div>\n\n\n\n<section class=\"wp-block-endeavour-wp-blocks-content-container content-container    \"><div class=\"wp-block-endeavour-wp-blocks-content-container content-container__inner content-container__inner--medium    \"><\/div><\/section>\n\n\n\n<div class=\"wp-block-endeavour-wp-blocks-banner-three-media    \"><div class=\"banner-w-medias__wrapper\"><div class=\"banner-w-medias__top-wrapper\"><div class=\"banner-w-medias__media-wrapper banner-w-medias__media-wrapper--first-media\"><img decoding=\"async\" class=\"banner-w-medias__first-media\" src=\"https:\/\/beursvanberlage.com\/app\/uploads\/2024\/11\/STAY_WYSE_Amsterdam_2019_10045.jpg\" alt=\"Uploaded Media 1\"\/><\/div><\/div><div class=\"banner-w-medias__bottom-wrapper\"><div class=\"banner-w-medias__media-wrapper banner-w-medias__media-wrapper--second-media\"><img decoding=\"async\" class=\"banner-w-medias__second-media\" src=\"https:\/\/beursvanberlage.com\/app\/uploads\/2024\/11\/TPT-HIGHLIGTS-DAY-2_54.jpg\" alt=\"Uploaded Media 2\"\/><\/div><div class=\"banner-w-medias__media-wrapper banner-w-medias__media-wrapper--third-media\"><img decoding=\"async\" class=\"banner-w-medias__third-media\" src=\"https:\/\/beursvanberlage.com\/app\/uploads\/2024\/11\/308129804_784804289359413_5999336176849377375_n.jpg\" alt=\"Uploaded Media 3\"\/><\/div><\/div><\/div><\/div>\n\n\n\n<div class=\"wp-block-endeavour-wp-blocks-custom-spacer custom-spacer    \"><div style=\"height:1rem\" class=\"custom-spacer__mobile\"><\/div><div style=\"height:3rem\" class=\"custom-spacer__desktop\"><\/div><\/div>\n\n\n\n<section class=\"wp-block-endeavour-wp-blocks-content-container content-container    \" id=\"contact\"><div class=\"wp-block-endeavour-wp-blocks-content-container content-container__inner content-container__inner--full    \" id=\"contact\">\n<div class=\"wp-block-endeavour-wp-blocks-contact-form     contact-form\"><div class=\"contact-form__outer-wrapper \"><div class=\"content-wrapper\"><div class=\"contact-form__inner-wrapper\"><div class=\"contact-form__content-wrapper\"><div class=\"contact-form__text-wrapper\"><h4 class=\"contact-form__title\">Contactez-nous<\/h4><p class=\"contact-form__description\">Remplissez vos coordonn\u00e9es et nous reviendrons vers vous dans les plus brefs d\u00e9lais pour r\u00e9pondre \u00e0 vos questions ou discuter de vos projets. <br><br>Veuillez noter qu\u2019en raison de la taille et de la nature de notre lieu, nous traitons uniquement les demandes pour des groupes <strong>\u00e0 partir de 200 invit\u00e9s<\/strong>.<br><br><strong>Vous pr\u00e9f\u00e9rez un contact direct ? <\/strong><br>Appelez-nous au <strong><a href=\"tel:+31205313355\">+31 (0)20 &#8211; 531 33 55<\/a><\/strong> ou envoyez-nous un e-mail \u00e0 <a href=\"mailto:events@beursvanberlage.com\">events@beursvanberlage.com<\/a>. <br><br>Nous serons ravis de vous accompagner !<\/p><\/div><\/div><div class=\"contact-form__form-wrapper\"><script charset=\"utf-8\" type=\"text\/javascript\" src=\"\/\/js.hsforms.net\/forms\/embed\/v2.js\"><\/script>\n<script>\n  hbspt.forms.create({\n    portalId: \"5233325\",\n    formId: \"ca4344df-6aa8-459a-b9d4-3dd009ef564c\",\n    region: \"na1\"\n  });\n<\/script><\/div><\/div><\/div><\/div><\/div>\n<\/div><\/section>\n","protected":false},"excerpt":{"rendered":"","protected":false},"author":12,"featured_media":19445,"parent":19535,"menu_order":0,"comment_status":"closed","ping_status":"closed","template":"","meta":{"content-type":"","footnotes":""},"class_list":["post-19443","page","type-page","status-publish","has-post-thumbnail","hentry"],"_links":{"self":[{"href":"https:\/\/beursvanberlage.com\/fr\/wp-json\/wp\/v2\/pages\/19443","targetHints":{"allow":["GET"]}}],"collection":[{"href":"https:\/\/beursvanberlage.com\/fr\/wp-json\/wp\/v2\/pages"}],"about":[{"href":"https:\/\/beursvanberlage.com\/fr\/wp-json\/wp\/v2\/types\/page"}],"author":[{"embeddable":true,"href":"https:\/\/beursvanberlage.com\/fr\/wp-json\/wp\/v2\/users\/12"}],"replies":[{"embeddable":true,"href":"https:\/\/beursvanberlage.com\/fr\/wp-json\/wp\/v2\/comments?post=19443"}],"version-history":[{"count":4,"href":"https:\/\/beursvanberlage.com\/fr\/wp-json\/wp\/v2\/pages\/19443\/revisions"}],"predecessor-version":[{"id":19694,"href":"https:\/\/beursvanberlage.com\/fr\/wp-json\/wp\/v2\/pages\/19443\/revisions\/19694"}],"up":[{"embeddable":true,"href":"https:\/\/beursvanberlage.com\/fr\/wp-json\/wp\/v2\/pages\/19535"}],"wp:featuredmedia":[{"embeddable":true,"href":"https:\/\/beursvanberlage.com\/fr\/wp-json\/wp\/v2\/media\/19445"}],"wp:attachment":[{"href":"https:\/\/beursvanberlage.com\/fr\/wp-json\/wp\/v2\/media?parent=19443"}],"curies":[{"name":"wp","href":"https:\/\/api.w.org\/{rel}","templated":true}]}}