{"id":19411,"date":"2024-12-20T11:22:17","date_gmt":"2024-12-20T11:22:17","guid":{"rendered":"https:\/\/beursvanberlage.com\/?page_id=19411"},"modified":"2026-03-18T12:34:36","modified_gmt":"2026-03-18T12:34:36","slug":"kit-de-marque","status":"publish","type":"page","link":"https:\/\/beursvanberlage.com\/fr\/organiser\/informations-pratiques\/kit-de-marque\/","title":{"rendered":"Kit de marque"},"content":{"rendered":"<div class=\"wp-block-endeavour-wp-blocks-banner-w-content-card wp-block-endeavour-wp-blocks-banner-w-content-card\">\n    <div class=\"banner-w-content-card__outer-wrapper\">\n        <div class=\"banner-w-content-card__image-wrapper\">\n                            <img decoding=\"async\" class=\"banner-w-content-card__image\" src=\"https:\/\/beursvanberlage.com\/app\/uploads\/2024\/11\/20241009_08_35_Beurs-van-Berlage-DPW-Michiel-LR.jpg\" alt=\"Banner Image\" \/>\n                    <\/div>\n\n        <div class=\"banner-w-content-card__content-wrapper\">\n            <div class=\"content-wrapper\">\n                <div class=\"banner-w-content-card__text-wrapper\">\n                                            <div class=\"banner-w-content-card__breadcrumbs\">\n                                                                                            <a\n                                        href=\"https:\/\/beursvanberlage.com\/\"\n                                        class=\"banner-w-content-card__breadcrumb-link \">\n                                    Homepagina                                <\/a>\n                                                                    <span class=\"banner-w-content-card__breadcrumb-separator\"> \/ <\/span>\n                                                                                                                            <a\n                                        href=\"https:\/\/beursvanberlage.com\/fr\/organiser\/informations-pratiques\/\"\n                                        class=\"banner-w-content-card__breadcrumb-link \">\n                                    Informations pratiques                                <\/a>\n                                                                    <span class=\"banner-w-content-card__breadcrumb-separator\"> \/ <\/span>\n                                                                                                                            <a\n                                        href=\"#\"\n                                        class=\"banner-w-content-card__breadcrumb-link banner-w-content-card__breadcrumb-link--active\">\n                                    Kit de marque                                <\/a>\n                                                                                    <\/div>\n                    \n                                            <h1 class=\"banner-w-content-card__title\">\n                            Kit de marque                        <\/h1>\n                    \n                                            <p class=\"banner-w-content-card__description\">\n                            Ce kit de marque est con\u00e7u pour vous fournir les outils n\u00e9cessaires afin de renforcer la visibilit\u00e9 et l\u2019impact de votre \u00e9v\u00e9nement.                        <\/p>\n                                    <\/div>\n            <\/div>\n        <\/div>\n    <\/div>\n<\/div>\n\n\n\n<div class=\"wp-block-endeavour-wp-blocks-custom-spacer custom-spacer    \"><div style=\"height:1rem\" class=\"custom-spacer__mobile\"><\/div><div style=\"height:3rem\" class=\"custom-spacer__desktop\"><\/div><\/div>\n\n\n\n<section class=\"wp-block-endeavour-wp-blocks-content-container content-container    \" id=\"Beursstraat-6\"><div class=\"wp-block-endeavour-wp-blocks-content-container content-container__inner content-container__inner--medium    \" id=\"Beursstraat-6\">\n<div class=\"wp-block-endeavour-wp-blocks-image-w-text-cta    \"><div class=\"image-w-text-cta__outer-wrapper\"><div class=\"content-wrapper\"><div class=\"image-w-text-cta__inner-wrapper\"><div class=\"image-w-text-cta__content-wrapper\"><h4 class=\"image-w-text-cta__title\">Ce que contient le kit<\/h4><div class=\"image-w-text-cta__text\"><strong>1. Logos:<\/strong><br>Acc\u00e9dez \u00e0 des versions haute qualit\u00e9 du logo de la Beurs van Berlage dans diff\u00e9rents formats et couleurs (noir, or et blanc) afin de r\u00e9pondre \u00e0 vos besoins en mati\u00e8re de communication visuelle.<br><br><strong>2. Photographies:<\/strong><br>Une s\u00e9lection de photographies professionnelles mettant en valeur la grandeur et la polyvalence de la Beurs van Berlage. Utilisez ces images pour enrichir vos supports promotionnels et offrir \u00e0 votre public un aper\u00e7u de notre lieu exceptionnel. Des images 3D de la Beurs sont \u00e9galement disponibles dans ce dossier.<br><br><strong>3. Textes d\u2019exemple:<\/strong><br>Des extraits de texte pr\u00eats \u00e0 l\u2019emploi sur la Beurs van Berlage. Ces textes mettent en avant notre histoire, nos installations et le service exceptionnel que nous proposons, afin de vous aider \u00e0 transmettre le prestige et l\u2019attrait d\u2019organiser un \u00e9v\u00e9nement ici.<br><br><strong>4. Boutons de r\u00e9servation d\u2019h\u00f4tel:<\/strong><br>Pour encourager les participants \u00e0 votre \u00e9v\u00e9nement \u00e0 r\u00e9server leur chambre d\u2019h\u00f4tel via le service h\u00f4telier de la Beurs van Berlage, vous pouvez utiliser les boutons disponibles dans ce kit.<br><strong><br>5. Images B-roll:<\/strong><br>Utilisez l\u2019une des vid\u00e9os (historiques) pour montrer \u00e0 vos visiteurs ce \u00e0 quoi ils peuvent s\u2019attendre en arrivant \u00e0 la Beurs van Berlage.<br><br>En utilisant les \u00e9l\u00e9ments de ce kit, vous pouvez vous assurer que vos supports \u00e9v\u00e9nementiels sont align\u00e9s avec l\u2019image prestigieuse de la Beurs van Berlage. D\u00e8s la premi\u00e8re communication envoy\u00e9e \u00e0 vos participants jusqu\u2019au jour de l\u2019\u00e9v\u00e9nement, ils d\u00e9couvriront l\u2019excellence et la grandeur qui font la r\u00e9putation de notre lieu.<\/div><div class=\"wp-block-endeavour-wp-blocks-image-w-text-cta    \">\n<div class=\"wp-block-endeavour-wp-blocks-buttons-wrapper    \"><div class=\"wp-block-endeavour-wp-blocks-buttons-wrapper     buttons-wrapper__wrapper\">\n<div class=\"wp-block-endeavour-wp-blocks-main-button     main-button\"><a class=\"main-button__wrapper main-button__wrapper--is-primary\" href=\"https:\/\/indd.adobe.com\/view\/fe12740a-5b0e-416c-9c03-ca8968656079\" target=\"_blank\" rel=\"noopener\">Consultez la brochure<\/a><\/div>\n\n\n\n<div class=\"wp-block-endeavour-wp-blocks-main-button     main-button\"><a class=\"main-button__wrapper main-button__wrapper--is-secondary\" href=\"https:\/\/drive.google.com\/drive\/folders\/1jYJGwJIy_wkShvchlhTij3U-NBhSeQrA?usp=drive_link\" target=\"_blank\" rel=\"noopener\">Acc\u00e9der au kit de marque<\/a><\/div>\n<\/div><\/div>\n<\/div><\/div><div class=\"image-w-text-cta__image-wrapper\"><img decoding=\"async\" class=\"image-w-text-cta__image\" src=\"https:\/\/beursvanberlage.com\/app\/uploads\/2024\/12\/mockup-brand-toolkit.png\" alt=\"Uploaded Media\" loading=\"lazy\"\/><\/div><\/div><\/div><\/div><\/div>\n<\/div><\/section>\n\n\n\n<div class=\"wp-block-endeavour-wp-blocks-custom-spacer custom-spacer    \"><div style=\"height:1rem\" class=\"custom-spacer__mobile\"><\/div><div style=\"height:3rem\" class=\"custom-spacer__desktop\"><\/div><\/div>\n\n\n\n<section class=\"wp-block-endeavour-wp-blocks-content-container content-container    \" id=\"contact\"><div class=\"wp-block-endeavour-wp-blocks-content-container content-container__inner content-container__inner--full    \" id=\"contact\">\n<div class=\"wp-block-endeavour-wp-blocks-contact-form     contact-form\"><div class=\"contact-form__outer-wrapper \"><div class=\"content-wrapper\"><div class=\"contact-form__inner-wrapper\"><div class=\"contact-form__content-wrapper\"><div class=\"contact-form__text-wrapper\"><h4 class=\"contact-form__title\">Contactez-nous<\/h4><p class=\"contact-form__description\">Remplissez vos coordonn\u00e9es et nous reviendrons vers vous dans les plus brefs d\u00e9lais pour r\u00e9pondre \u00e0 vos questions ou discuter de vos projets. <br><br>Veuillez noter qu\u2019en raison de la taille et de la nature de notre lieu, nous traitons uniquement les demandes pour des groupes <strong>\u00e0 partir de 200 invit\u00e9s<\/strong>.<br><br><strong>Vous pr\u00e9f\u00e9rez un contact direct ? <\/strong><br>Appelez-nous au <strong><a href=\"tel:+31205313355\">+31 (0)20 &#8211; 531 33 55<\/a><\/strong> ou envoyez-nous un e-mail \u00e0 <a href=\"mailto:events@beursvanberlage.com\">events@beursvanberlage.com<\/a>. <br><br>Nous serons ravis de vous accompagner !<\/p><\/div><\/div><div class=\"contact-form__form-wrapper\"><script charset=\"utf-8\" type=\"text\/javascript\" src=\"\/\/js.hsforms.net\/forms\/embed\/v2.js\"><\/script>\n<script>\n  hbspt.forms.create({\n    portalId: \"5233325\",\n    formId: \"ca4344df-6aa8-459a-b9d4-3dd009ef564c\",\n    region: \"na1\"\n  });\n<\/script><\/div><\/div><\/div><\/div><\/div>\n<\/div><\/section>\n\n\n\n<p class=\"undefined    \"><\/p>\n","protected":false},"excerpt":{"rendered":"","protected":false},"author":12,"featured_media":19415,"parent":19535,"menu_order":0,"comment_status":"closed","ping_status":"closed","template":"","meta":{"content-type":"","footnotes":""},"class_list":["post-19411","page","type-page","status-publish","has-post-thumbnail","hentry"],"_links":{"self":[{"href":"https:\/\/beursvanberlage.com\/fr\/wp-json\/wp\/v2\/pages\/19411","targetHints":{"allow":["GET"]}}],"collection":[{"href":"https:\/\/beursvanberlage.com\/fr\/wp-json\/wp\/v2\/pages"}],"about":[{"href":"https:\/\/beursvanberlage.com\/fr\/wp-json\/wp\/v2\/types\/page"}],"author":[{"embeddable":true,"href":"https:\/\/beursvanberlage.com\/fr\/wp-json\/wp\/v2\/users\/12"}],"replies":[{"embeddable":true,"href":"https:\/\/beursvanberlage.com\/fr\/wp-json\/wp\/v2\/comments?post=19411"}],"version-history":[{"count":5,"href":"https:\/\/beursvanberlage.com\/fr\/wp-json\/wp\/v2\/pages\/19411\/revisions"}],"predecessor-version":[{"id":19687,"href":"https:\/\/beursvanberlage.com\/fr\/wp-json\/wp\/v2\/pages\/19411\/revisions\/19687"}],"up":[{"embeddable":true,"href":"https:\/\/beursvanberlage.com\/fr\/wp-json\/wp\/v2\/pages\/19535"}],"wp:featuredmedia":[{"embeddable":true,"href":"https:\/\/beursvanberlage.com\/fr\/wp-json\/wp\/v2\/media\/19415"}],"wp:attachment":[{"href":"https:\/\/beursvanberlage.com\/fr\/wp-json\/wp\/v2\/media?parent=19411"}],"curies":[{"name":"wp","href":"https:\/\/api.w.org\/{rel}","templated":true}]}}