{"id":18513,"date":"2024-10-17T07:12:30","date_gmt":"2024-10-17T07:12:30","guid":{"rendered":"https:\/\/beursvanberlage.com\/?page_id=18513"},"modified":"2026-02-02T13:13:30","modified_gmt":"2026-02-02T13:13:30","slug":"meet-berlage","status":"publish","type":"page","link":"https:\/\/beursvanberlage.com\/fr\/visiter\/meet-berlage\/","title":{"rendered":"Meet Berlage"},"content":{"rendered":"<div class=\"wp-block-endeavour-wp-blocks-banner-w-content-card wp-block-endeavour-wp-blocks-banner-w-content-card\">\n    <div class=\"banner-w-content-card__outer-wrapper\">\n        <div class=\"banner-w-content-card__image-wrapper\">\n                            <img decoding=\"async\" class=\"banner-w-content-card__image\" src=\"https:\/\/beursvanberlage.com\/app\/uploads\/2026\/01\/brokers-0.jpeg\" alt=\"Banner Image\" \/>\n                    <\/div>\n\n        <div class=\"banner-w-content-card__content-wrapper\">\n            <div class=\"content-wrapper\">\n                <div class=\"banner-w-content-card__text-wrapper\">\n                                            <div class=\"banner-w-content-card__breadcrumbs\">\n                                                                                            <a\n                                        href=\"https:\/\/beursvanberlage.com\/fr\/visiter\/\"\n                                        class=\"banner-w-content-card__breadcrumb-link \">\n                                    Visiter                                <\/a>\n                                                                    <span class=\"banner-w-content-card__breadcrumb-separator\"> \/ <\/span>\n                                                                                                                            <a\n                                        href=\"#\"\n                                        class=\"banner-w-content-card__breadcrumb-link banner-w-content-card__breadcrumb-link--active\">\n                                    Meet Berlage                                <\/a>\n                                                                                    <\/div>\n                    \n                                            <h1 class=\"banner-w-content-card__title\">\n                            Meet berlage                        <\/h1>\n                    \n                                            <p class=\"banner-w-content-card__description\">\n                            Meet Berlage est un espace de travail inspirant situ\u00e9 au c\u0153ur d\u2019Amsterdam, parfaitement adapt\u00e9 aux r\u00e9unions professionnelles de petite et moyenne taille.                         <\/p>\n                                    <\/div>\n            <\/div>\n        <\/div>\n    <\/div>\n<\/div>\n\n\n\n<div style=\"height:20px\" aria-hidden=\"true\" class=\"wp-block-spacer    \"><\/div>\n\n\n\n<div class=\"wp-block-endeavour-wp-blocks-site-side-bar side-bar-block alignfull custom-small-content-wrapper   \" style=\"position:sticky\"><div class=\"side-bar-block__swiper swiper\"><ul class=\"side-bar-block__anchor-list side-bar-block__anchor-list--slider  swiper-wrapper\"><li class=\"side-bar-block__anchor-item swiper-slide\"><a href=\"#\u00c0-propos-de-Meet-Berlage\" class=\"side-bar-block__anchor-link\">\u00c0 propos de Meet Berlage<\/a><\/li><li class=\"side-bar-block__anchor-item swiper-slide\"><a href=\"#Accessibilit\u00e9\" class=\"side-bar-block__anchor-link\">Accessibilit\u00e9<\/a><\/li><li class=\"side-bar-block__anchor-item swiper-slide\"><a href=\"#Aper\u00e7u\" class=\"side-bar-block__anchor-link\">Aper\u00e7u<\/a><\/li><li class=\"side-bar-block__anchor-item swiper-slide\"><a href=\"#d\u00e9couvrez-encore-plus\" class=\"side-bar-block__anchor-link\">D\u00e9couvrez encore plus<\/a><\/li><\/ul><\/div><ul class=\"side-bar-block__anchor-list side-bar-block__anchor-list--desktop\"><li class=\"side-bar-block__anchor-item\"><a href=\"#\u00c0-propos-de-Meet-Berlage\" class=\"side-bar-block__anchor-link side-bar-block__anchor-link--desktop\">\u00c0 propos de Meet Berlage<\/a><\/li><li class=\"side-bar-block__anchor-item\"><a href=\"#Accessibilit\u00e9\" class=\"side-bar-block__anchor-link side-bar-block__anchor-link--desktop\">Accessibilit\u00e9<\/a><\/li><li class=\"side-bar-block__anchor-item\"><a href=\"#Aper\u00e7u\" class=\"side-bar-block__anchor-link side-bar-block__anchor-link--desktop\">Aper\u00e7u<\/a><\/li><li class=\"side-bar-block__anchor-item\"><a href=\"#d\u00e9couvrez-encore-plus\" class=\"side-bar-block__anchor-link side-bar-block__anchor-link--desktop\">D\u00e9couvrez encore plus<\/a><\/li><\/ul><\/div>\n\n\n\n<div style=\"height:20px\" aria-hidden=\"true\" class=\"wp-block-spacer    \"><\/div>\n\n\n\n<section class=\"wp-block-endeavour-wp-blocks-content-container content-container    \" id=\"\u00c0-propos-de-Meet-Berlage\"><div class=\"wp-block-endeavour-wp-blocks-content-container content-container__inner content-container__inner--full    \" id=\"\u00c0-propos-de-Meet-Berlage\">\n<div class=\"wp-block-endeavour-wp-blocks-image-w-text-cta    \"><div class=\"image-w-text-cta__outer-wrapper\"><div class=\"content-wrapper\"><div class=\"image-w-text-cta__inner-wrapper\"><div class=\"image-w-text-cta__content-wrapper\"><h4 class=\"image-w-text-cta__title\">Espace de travail face \u00e0 la gare centrale d\u2019Amsterdam<\/h4><div class=\"image-w-text-cta__text\">Meet Berlage propose diff\u00e9rents espaces \u00e0 la location. Ces espaces de travail partag\u00e9s sont id\u00e9aux pour \u00e9changer, se retrouver et d\u00e9velopper son r\u00e9seau avec des professionnels partageant les m\u00eames valeurs. Chez Meet Berlage, on ne paie pas avec de l\u2019argent, mais avec le partage de connaissances.<br>Vous pr\u00e9f\u00e9rez un espace priv\u00e9 ? C\u2019est \u00e9galement possible. Meet Berlage met \u00e0 disposition des bureaux au sein d\u2019un b\u00e2timent historique remarquable, offrant un environnement propice \u00e0 la concentration et \u00e0 la productivit\u00e9. Des formules flexibles sont disponibles : location d\u2019un bureau ou d\u2019un poste de travail \u00e0 la journ\u00e9e, \u00e0 la semaine, au mois ou pour une dur\u00e9e plus longue.<br>Les salles de r\u00e9union, pouvant accueillir de deux \u00e0 quatre-vingts personnes, conviennent \u00e0 de nombreux usages : d\u2019un simple espace de travail avec caf\u00e9 \u00e0 des \u00e9v\u00e9nements enti\u00e8rement pris en charge sur plusieurs jours.<\/div><div class=\"wp-block-endeavour-wp-blocks-image-w-text-cta    \">\n<div class=\"wp-block-endeavour-wp-blocks-buttons-wrapper    \"><div class=\"wp-block-endeavour-wp-blocks-buttons-wrapper     buttons-wrapper__wrapper\">\n<div class=\"wp-block-endeavour-wp-blocks-main-button     main-button\"><a class=\"main-button__wrapper main-button__wrapper--is-primary\" href=\"https:\/\/meetberlage.com\/welcome\/en\/\" target=\"_blank\" rel=\"noopener\">&lt;strong>R\u00e9server votre espace&lt;\/strong><\/a><\/div>\n<\/div><\/div>\n<\/div><\/div><div class=\"image-w-text-cta__image-wrapper\"><img decoding=\"async\" class=\"image-w-text-cta__image\" src=\"https:\/\/beursvanberlage.com\/app\/uploads\/2026\/01\/brokers-07.jpeg\" alt=\"Uploaded Media\" loading=\"lazy\"\/><\/div><\/div><\/div><\/div><\/div>\n<\/div><\/section>\n\n\n\n<div style=\"height:48px\" aria-hidden=\"true\" class=\"wp-block-spacer    \"><\/div>\n\n\n\n<section class=\"wp-block-endeavour-wp-blocks-content-container content-container    \" id=\"Accessibilit\u00e9\"><div class=\"wp-block-endeavour-wp-blocks-content-container content-container__inner content-container__inner--full    \" id=\"Accessibilit\u00e9\">\n<div class=\"wp-block-endeavour-wp-blocks-image-w-text-cta    \"><div class=\"image-w-text-cta__outer-wrapper\"><div class=\"content-wrapper\"><div class=\"image-w-text-cta__inner-wrapper\"><div class=\"image-w-text-cta__content-wrapper\"><h4 class=\"image-w-text-cta__title\">Accessibilit\u00e9<\/h4><div class=\"image-w-text-cta__text\">Meet Berlage est situ\u00e9 au Oudebrugsteeg 9, Amsterdam. Depuis la gare centrale d\u2019Amsterdam, dirigez-vous vers le centre-ville : la Beurs van Berlage se trouve \u00e0 environ 300 m\u00e8tres sur votre gauche.<br>En venant du Damrak, traversez vers la derni\u00e8re entr\u00e9e situ\u00e9e sur le petit c\u00f4t\u00e9 du b\u00e2timent le plus proche. \u00c0 votre arriv\u00e9e, veuillez vous pr\u00e9senter \u00e0 l\u2019accueil de Meet Berlage.<br><br>Si vous venez en voiture, plusieurs parkings sont disponibles \u00e0 proximit\u00e9, notamment <strong>Parking Oosterdok<\/strong>. Meet Berlage est \u00e9galement tr\u00e8s bien desservi par les transports en commun.<\/div><div class=\"wp-block-endeavour-wp-blocks-image-w-text-cta    \">\n<div class=\"wp-block-endeavour-wp-blocks-buttons-wrapper    \"><div class=\"wp-block-endeavour-wp-blocks-buttons-wrapper     buttons-wrapper__wrapper\">\n<div class=\"wp-block-endeavour-wp-blocks-main-button     main-button\"><a class=\"main-button__wrapper main-button__wrapper--is-primary\" href=\"https:\/\/beursvanberlage.com\/nl\/bezoeken\/bereikbaarheid\/\" target=\"_self\" rel=\"noopener\">Accessibility<\/a><\/div>\n<\/div><\/div>\n<\/div><\/div><div class=\"image-w-text-cta__image-wrapper\"><img decoding=\"async\" class=\"image-w-text-cta__image\" src=\"https:\/\/beursvanberlage.com\/app\/uploads\/2026\/01\/brokers-06.jpeg\" alt=\"Uploaded Media\" loading=\"lazy\"\/><\/div><\/div><\/div><\/div><\/div>\n<\/div><\/section>\n\n\n\n<div style=\"height:70px\" aria-hidden=\"true\" class=\"wp-block-spacer    \"><\/div>\n\n\n\n<section class=\"wp-block-endeavour-wp-blocks-content-container content-container    \" id=\"Aper\u00e7u\"><div class=\"wp-block-endeavour-wp-blocks-content-container content-container__inner content-container__inner--full    \" id=\"Aper\u00e7u\"><\/div><\/section>\n\n\n\n<div class=\"wp-block-endeavour-wp-blocks-media-grid    \"><div class=\"content-wrapper\"><h4 class=\"media-grid__title\">Aper\u00e7u<\/h4><\/div><div class=\"media-grid__outer-wrapper\"><div class=\"content-wrapper\"><div class=\"media-grid__inner-wrapper media-grid__inner-wrapper--mobile\"><div class=\"media-grid__video-modal\"><div class=\"media-grid__video-modal-inner-wrapper\"><div class=\"media-grid__video-close-icon\"><svg width=\"16\" height=\"16\" viewBox=\"0 0 12 12\" fill=\"none\" xmlns=\"http:\/\/www.w3.org\/2000\/svg\"><path d=\"M10.7812 2.28125L7.03125 6.03125L10.75 9.75C11.0625 10.0312 11.0625 10.5 10.75 10.7812C10.4688 11.0938 10 11.0938 9.71875 10.7812L5.96875 7.0625L2.25 10.7812C1.96875 11.0938 1.5 11.0938 1.21875 10.7812C0.90625 10.5 0.90625 10.0312 1.21875 9.71875L4.9375 6L1.21875 2.28125C0.90625 2 0.90625 1.53125 1.21875 1.21875C1.5 0.9375 1.96875 0.9375 2.28125 1.21875L6 4.96875L9.71875 1.25C10 0.9375 10.4688 0.9375 10.7812 1.25C11.0625 1.53125 11.0625 2 10.7812 2.28125Z\" fill=\"#343A40\"><\/path><\/svg><\/div><video class=\"media-grid__video-content\" src=\"\" controls><\/video><\/div><\/div><div class=\"media-grid__media-wrapper media-grid__media-wrapper--first-media\"><div class=\"media-grid__first-media\"><div class=\"media-grid__image-wrapper\"><img decoding=\"async\" class=\"media-grid__image\" src=\"https:\/\/beursvanberlage.com\/app\/uploads\/2026\/01\/9461_Meet-Berlage_Directiekamer_U-vorm_01.jpg\" alt=\"Uploaded Media 1\" loading=\"lazy\"\/><\/div><\/div><\/div><div class=\"media-grid__middle-wrapper\"><div class=\"media-grid__media-wrapper media-grid__media-wrapper--second-media\"><div class=\"media-grid__second-media\"><div class=\"media-grid__image-wrapper\"><img decoding=\"async\" class=\"media-grid__image\" src=\"https:\/\/beursvanberlage.com\/app\/uploads\/2026\/01\/3693_Meet-Berlage-Meeting-Space-Lotenzaal-04-Kleiner.jpg\" alt=\"Uploaded Media 2\" loading=\"lazy\"\/><\/div><\/div><\/div><div class=\"media-grid__media-wrapper media-grid__media-wrapper--third-media\"><div class=\"media-grid__third-media\"><div class=\"media-grid__image-wrapper\"><img decoding=\"async\" class=\"media-grid__image\" src=\"https:\/\/beursvanberlage.com\/app\/uploads\/2026\/01\/brokers-0.jpeg\" alt=\"Uploaded Media 3\" loading=\"lazy\"\/><\/div><\/div><\/div><\/div><div class=\"media-grid__media-wrapper media-grid__media-wrapper--fourth-media\"><div class=\"media-grid__fourth-media\"><div class=\"media-grid__image-wrapper\"><img decoding=\"async\" class=\"media-grid__image\" src=\"https:\/\/beursvanberlage.com\/app\/uploads\/2026\/01\/brokers-02.jpeg\" alt=\"Uploaded Media 4\" loading=\"lazy\"\/><\/div><\/div><\/div><\/div><div class=\"media-grid__inner-wrapper media-grid__inner-wrapper--desktop\"><div class=\"media-grid__video-modal\"><div class=\"media-grid__video-modal-inner-wrapper\"><div class=\"media-grid__video-close-icon\"><svg width=\"16\" height=\"16\" viewBox=\"0 0 12 12\" fill=\"none\" xmlns=\"http:\/\/www.w3.org\/2000\/svg\"><path d=\"M10.7812 2.28125L7.03125 6.03125L10.75 9.75C11.0625 10.0312 11.0625 10.5 10.75 10.7812C10.4688 11.0938 10 11.0938 9.71875 10.7812L5.96875 7.0625L2.25 10.7812C1.96875 11.0938 1.5 11.0938 1.21875 10.7812C0.90625 10.5 0.90625 10.0312 1.21875 9.71875L4.9375 6L1.21875 2.28125C0.90625 2 0.90625 1.53125 1.21875 1.21875C1.5 0.9375 1.96875 0.9375 2.28125 1.21875L6 4.96875L9.71875 1.25C10 0.9375 10.4688 0.9375 10.7812 1.25C11.0625 1.53125 11.0625 2 10.7812 2.28125Z\" fill=\"#343A40\"><\/path><\/svg><\/div><video class=\"media-grid__video-content\" src=\"\" controls><\/video><\/div><\/div><div class=\"media-grid__top-wrapper\"><div class=\"media-grid__media-wrapper media-grid__media-wrapper--first-media\"><div class=\"media-grid__first-media\"><div class=\"media-grid__image-wrapper\"><img decoding=\"async\" class=\"media-grid__image\" src=\"https:\/\/beursvanberlage.com\/app\/uploads\/2026\/01\/9461_Meet-Berlage_Directiekamer_U-vorm_01.jpg\" alt=\"Uploaded Media 1\" loading=\"lazy\"\/><\/div><\/div><\/div><div class=\"media-grid__media-wrapper media-grid__media-wrapper--second-media\"><div class=\"media-grid__second-media\"><div class=\"media-grid__image-wrapper\"><img decoding=\"async\" class=\"media-grid__image\" src=\"https:\/\/beursvanberlage.com\/app\/uploads\/2026\/01\/3693_Meet-Berlage-Meeting-Space-Lotenzaal-04-Kleiner.jpg\" alt=\"Uploaded Media 2\" loading=\"lazy\"\/><\/div><\/div><\/div><\/div><div class=\"media-grid__top-wrapper\"><div class=\"media-grid__media-wrapper media-grid__media-wrapper--third-media\"><div class=\"media-grid__third-media\"><div class=\"media-grid__image-wrapper\"><img decoding=\"async\" class=\"media-grid__image\" src=\"https:\/\/beursvanberlage.com\/app\/uploads\/2026\/01\/brokers-0.jpeg\" alt=\"Uploaded Media 3\" loading=\"lazy\"\/><\/div><\/div><\/div><div class=\"media-grid__media-wrapper media-grid__media-wrapper--fourth-media\"><div class=\"media-grid__fourth-media\"><div class=\"media-grid__image-wrapper\"><img decoding=\"async\" class=\"media-grid__image\" src=\"https:\/\/beursvanberlage.com\/app\/uploads\/2026\/01\/brokers-02.jpeg\" alt=\"Uploaded Media 4\" loading=\"lazy\"\/><\/div><\/div><\/div><\/div><\/div><\/div><\/div><\/div>\n\n\n\n<div style=\"height:100px\" aria-hidden=\"true\" class=\"wp-block-spacer    \"><\/div>\n\n\n\n<section class=\"wp-block-endeavour-wp-blocks-content-container content-container    \" id=\"d\u00e9couvrez-encore-plus\"><div class=\"wp-block-endeavour-wp-blocks-content-container content-container__inner content-container__inner--medium    \" id=\"d\u00e9couvrez-encore-plus\">\n<section class=\"wp-block-endeavour-wp-blocks-content-container content-container    \" id=\"Discover-more-at-the-Beurs\"><div class=\"wp-block-endeavour-wp-blocks-content-container content-container__inner content-container__inner--full    \" id=\"Discover-more-at-the-Beurs\">\n<section class=\"wp-block-endeavour-wp-blocks-content-container content-container    \" id=\"meer-beleven-in-de-Beurs\"><div class=\"wp-block-endeavour-wp-blocks-content-container content-container__inner content-container__inner--full    \" id=\"meer-beleven-in-de-Beurs\">\n<div class=\"wp-block-endeavour-wp-blocks-slider slider  custom-align-right  \"><div class=\"content-wrapper\"><div class=\"slider__wrapper\"><div class=\"slider__text-wrapper\"><h3 class=\"slider__title\">D\u00e9couvrez encore plus \u00e0 la Beurs<\/h3><p class=\"slider__description\">La Beurs van Berlage est un lieu unique au c\u0153ur d\u2019Amsterdam, o\u00f9 l\u2019histoire et les \u00e9v\u00e9nements contemporains se rencontrent.<\/p><div class=\"slider__controls-wrapper\"><div class=\"slider__prev swiper-button-prev\"><svg width=\"25\" height=\"16\" viewBox=\"0 0 25 16\" fill=\"none\" xmlns=\"http:\/\/www.w3.org\/2000\/svg\"><path d=\"M1.32812 7.20312L7.70312 0.875C8.125 0.40625 8.82812 0.40625 9.25 0.875C9.71875 1.29688 9.71875 2 9.25 2.42188L4.79688 6.875H23.875C24.4844 6.875 25 7.39062 25 8C25 8.65625 24.4844 9.125 23.875 9.125L4.79688 9.17188L9.25 13.625C9.71875 14.0469 9.71875 14.75 9.25 15.1719C8.82812 15.6406 8.125 15.6406 7.70312 15.1719L1.32812 8.79688C0.859375 8.375 0.859375 7.67188 1.32812 7.20312Z\" fill=\"currentColor\"><\/path><\/svg><\/div><div class=\"slider__next swiper-button-next\"><svg width=\"25\" height=\"16\" viewBox=\"0 0 25 16\" fill=\"none\" xmlns=\"http:\/\/www.w3.org\/2000\/svg\"><path d=\"M23.6719 8.79688L17.2969 15.1719C16.8281 15.6406 16.125 15.6406 15.7031 15.1719C15.2344 14.75 15.2344 14.0469 15.7031 13.5781L20.1562 9.125H1.125C0.46875 9.125 0 8.65625 0 8C0 7.39062 0.46875 6.875 1.125 6.875H20.1562L15.7031 2.42188C15.2344 2 15.2344 1.29688 15.7031 0.828125C16.125 0.40625 16.8281 0.40625 17.2969 0.828125L23.6719 7.25C24.0938 7.67188 24.0938 8.375 23.6719 8.79688Z\" fill=\"currentColor\"><\/path><\/svg><\/div><\/div><\/div><div class=\"slider__cards-outer-wrapper swiper\"><div class=\"slider__cards-wrapper swiper-wrapper\">\n<div class=\"wp-block-endeavour-wp-blocks-slider-card slider-card__outer-wrapper swiper-slide    \"><div class=\"slider-card__wrapper\"><div class=\"slider-card__inner-wrapper\"><a href=\"https:\/\/beursvanberlage.com\/fr\/visiter\/bistro-berlage\/\" target=\"_self\" rel=\"noopener\" class=\"slider-card__link  slider-card__link--no-shadow\"><\/a><img decoding=\"async\" class=\"slider-card__image\" src=\"https:\/\/beursvanberlage.com\/app\/uploads\/2024\/09\/Bistro-Berlage-Amsterdam2.jpg\" alt=\"Card Image\"\/><div class=\"slider-card__content\"><h4 class=\"slider-card__title\">Bistro Berlage<\/h4><\/div><\/div><\/div><\/div>\n\n\n\n<div class=\"wp-block-endeavour-wp-blocks-slider-card slider-card__outer-wrapper swiper-slide    \"><div class=\"slider-card__wrapper\"><div class=\"slider-card__inner-wrapper\"><a href=\"https:\/\/beursvanberlage.com\/fr\/visiter\/sherlocked\/\" target=\"_self\" rel=\"noopener\" class=\"slider-card__link  slider-card__link--no-shadow\"><\/a><img decoding=\"async\" class=\"slider-card__image\" src=\"https:\/\/beursvanberlage.com\/app\/uploads\/2024\/10\/Sherlocked-4.png\" alt=\"Card Image\"\/><div class=\"slider-card__content\"><h4 class=\"slider-card__title\">Sherlocked<\/h4><\/div><\/div><\/div><\/div>\n\n\n\n<div class=\"wp-block-endeavour-wp-blocks-slider-card slider-card__outer-wrapper swiper-slide    \"><div class=\"slider-card__wrapper\"><div class=\"slider-card__inner-wrapper\"><a href=\"https:\/\/beursvanberlage.com\/fr\/visiter\/meet-berlage\/\" target=\"_self\" rel=\"noopener\" class=\"slider-card__link  slider-card__link--no-shadow\"><\/a><img decoding=\"async\" class=\"slider-card__image\" src=\"https:\/\/beursvanberlage.com\/app\/uploads\/2024\/10\/Meet-Berlage-Coworking-Space-07-Kleiner.jpg\" alt=\"Card Image\"\/><div class=\"slider-card__content\"><h4 class=\"slider-card__title\">Meet Berlage<\/h4><\/div><\/div><\/div><\/div>\n\n\n\n<div class=\"wp-block-endeavour-wp-blocks-slider-card slider-card__outer-wrapper swiper-slide    \"><div class=\"slider-card__wrapper\"><div class=\"slider-card__inner-wrapper\"><a href=\"https:\/\/beursvanberlage.com\/fr\/visiter\/the-seafood-bar\/\" target=\"_self\" rel=\"noopener\" class=\"slider-card__link  slider-card__link--no-shadow\"><\/a><img decoding=\"async\" class=\"slider-card__image\" src=\"https:\/\/beursvanberlage.com\/app\/uploads\/2024\/10\/Seafood-6.png\" alt=\"Card Image\"\/><div class=\"slider-card__content\"><h4 class=\"slider-card__title\">The Seafood Bar<\/h4><\/div><\/div><\/div><\/div>\n\n\n\n<div class=\"wp-block-endeavour-wp-blocks-slider-card slider-card__outer-wrapper swiper-slide    \"><div class=\"slider-card__wrapper\"><div class=\"slider-card__inner-wrapper\"><a href=\"https:\/\/beursvanberlage.com\/fr\/visiter\/tonys-chocolonely-super-store\/\" target=\"_self\" rel=\"noopener\" class=\"slider-card__link  slider-card__link--no-shadow\"><\/a><img decoding=\"async\" class=\"slider-card__image\" src=\"https:\/\/beursvanberlage.com\/app\/uploads\/2024\/09\/1066_90_80_kar_tonys_chocolonely_super_store_06.jpg\" alt=\"Card Image\"\/><div class=\"slider-card__content\"><h4 class=\"slider-card__title\">Tony Chocolonely&#8217;s Store<\/h4><\/div><\/div><\/div><\/div>\n\n\n\n<div class=\"wp-block-endeavour-wp-blocks-slider-card slider-card__outer-wrapper swiper-slide    \" data-description=\"Opening late December 2025\"><div class=\"slider-card__wrapper\"><div class=\"slider-card__inner-wrapper\"><a href=\"https:\/\/beursvanberlage.com\/fr\/visiter\/house-of-noa\/\" target=\"_self\" rel=\"noopener\" class=\"slider-card__link  slider-card__link--no-shadow\"><\/a><img decoding=\"async\" class=\"slider-card__image\" src=\"https:\/\/beursvanberlage.com\/app\/uploads\/2025\/11\/573675947_17871841302448294_5557229870272324843_n.jpg\" alt=\"Card Image\"\/><div class=\"slider-card__content\"><h4 class=\"slider-card__title\">House of Noa<\/h4><\/div><\/div><\/div><\/div>\n<\/div><\/div><\/div><\/div><\/div>\n<\/div><\/section>\n<\/div><\/section>\n<\/div><\/section>\n","protected":false},"excerpt":{"rendered":"","protected":false},"author":2,"featured_media":18301,"parent":18068,"menu_order":0,"comment_status":"closed","ping_status":"closed","template":"","meta":{"content-type":"","footnotes":""},"class_list":["post-18513","page","type-page","status-publish","has-post-thumbnail","hentry"],"_links":{"self":[{"href":"https:\/\/beursvanberlage.com\/fr\/wp-json\/wp\/v2\/pages\/18513","targetHints":{"allow":["GET"]}}],"collection":[{"href":"https:\/\/beursvanberlage.com\/fr\/wp-json\/wp\/v2\/pages"}],"about":[{"href":"https:\/\/beursvanberlage.com\/fr\/wp-json\/wp\/v2\/types\/page"}],"author":[{"embeddable":true,"href":"https:\/\/beursvanberlage.com\/fr\/wp-json\/wp\/v2\/users\/2"}],"replies":[{"embeddable":true,"href":"https:\/\/beursvanberlage.com\/fr\/wp-json\/wp\/v2\/comments?post=18513"}],"version-history":[{"count":4,"href":"https:\/\/beursvanberlage.com\/fr\/wp-json\/wp\/v2\/pages\/18513\/revisions"}],"predecessor-version":[{"id":18540,"href":"https:\/\/beursvanberlage.com\/fr\/wp-json\/wp\/v2\/pages\/18513\/revisions\/18540"}],"up":[{"embeddable":true,"href":"https:\/\/beursvanberlage.com\/fr\/wp-json\/wp\/v2\/pages\/18068"}],"wp:featuredmedia":[{"embeddable":true,"href":"https:\/\/beursvanberlage.com\/fr\/wp-json\/wp\/v2\/media\/18301"}],"wp:attachment":[{"href":"https:\/\/beursvanberlage.com\/fr\/wp-json\/wp\/v2\/media?parent=18513"}],"curies":[{"name":"wp","href":"https:\/\/api.w.org\/{rel}","templated":true}]}}