{"id":18288,"date":"2024-09-11T13:20:17","date_gmt":"2024-09-11T13:20:17","guid":{"rendered":"https:\/\/beursvanberlage.com\/?page_id=18288"},"modified":"2026-01-14T15:32:09","modified_gmt":"2026-01-14T15:32:09","slug":"inclusivite","status":"publish","type":"page","link":"https:\/\/beursvanberlage.com\/fr\/visiter\/inclusivite\/","title":{"rendered":"Inclusivit\u00e9"},"content":{"rendered":"<div class=\"wp-block-endeavour-wp-blocks-banner-w-content-card wp-block-endeavour-wp-blocks-banner-w-content-card\">\n    <div class=\"banner-w-content-card__outer-wrapper\">\n        <div class=\"banner-w-content-card__image-wrapper\">\n                            <img decoding=\"async\" class=\"banner-w-content-card__image\" src=\"https:\/\/beursvanberlage.com\/app\/uploads\/2024\/09\/BvB-Entree-Damrak-10.jpg\" alt=\"Banner Image\" \/>\n                    <\/div>\n\n        <div class=\"banner-w-content-card__content-wrapper\">\n            <div class=\"content-wrapper\">\n                <div class=\"banner-w-content-card__text-wrapper\">\n                                            <div class=\"banner-w-content-card__breadcrumbs\">\n                                                                                            <a\n                                        href=\"https:\/\/beursvanberlage.com\/fr\/visiter\/\"\n                                        class=\"banner-w-content-card__breadcrumb-link \">\n                                    Visiter                                <\/a>\n                                                                    <span class=\"banner-w-content-card__breadcrumb-separator\"> \/ <\/span>\n                                                                                                                            <a\n                                        href=\"#\"\n                                        class=\"banner-w-content-card__breadcrumb-link banner-w-content-card__breadcrumb-link--active\">\n                                    Inclusivit\u00e9                                <\/a>\n                                                                                    <\/div>\n                    \n                                            <h1 class=\"banner-w-content-card__title\">\n                            Inclusivit\u00e9                        <\/h1>\n                    \n                                            <p class=\"banner-w-content-card__description\">\n                            La Beurs van Berlage est un lieu inclusif, c\u2019est-\u00e0-dire accessible \u00e0 tous. Malgr\u00e9 son statut de monument historique et la pr\u00e9sence de nombreux escaliers, des \u00e9quipements adapt\u00e9s sont en place pour accueillir les visiteurs en situation de handicap.                        <\/p>\n                                    <\/div>\n            <\/div>\n        <\/div>\n    <\/div>\n<\/div>\n\n\n\n<div class=\"wp-block-endeavour-wp-blocks-custom-spacer custom-spacer    \"><div style=\"height:1rem\" class=\"custom-spacer__mobile\"><\/div><div style=\"height:3rem\" class=\"custom-spacer__desktop\"><\/div><\/div>\n\n\n\n<div class=\"wp-block-endeavour-wp-blocks-site-side-bar side-bar-block alignfull    \" style=\"position:sticky\"><div class=\"side-bar-block__swiper swiper\"><ul class=\"side-bar-block__anchor-list side-bar-block__anchor-list--slider  swiper-wrapper\"><li class=\"side-bar-block__anchor-item swiper-slide\"><a href=\"#Inclusivit\u00e9\" class=\"side-bar-block__anchor-link\">Inclusivit\u00e9<\/a><\/li><li class=\"side-bar-block__anchor-item swiper-slide\"><a href=\"#D\u00e9ficiences-visuelles\" class=\"side-bar-block__anchor-link\">D\u00e9ficiences visuelles<\/a><\/li><li class=\"side-bar-block__anchor-item swiper-slide\"><a href=\"#D\u00e9couvrez-encore-plus\" class=\"side-bar-block__anchor-link\">D\u00e9couvrez-encore-plus<\/a><\/li><li class=\"side-bar-block__anchor-item swiper-slide\"><a href=\"#Contact\" class=\"side-bar-block__anchor-link\">Contact<\/a><\/li><\/ul><\/div><ul class=\"side-bar-block__anchor-list side-bar-block__anchor-list--desktop\"><li class=\"side-bar-block__anchor-item\"><a href=\"#Inclusivit\u00e9\" class=\"side-bar-block__anchor-link side-bar-block__anchor-link--desktop\">Inclusivit\u00e9<\/a><\/li><li class=\"side-bar-block__anchor-item\"><a href=\"#D\u00e9ficiences-visuelles\" class=\"side-bar-block__anchor-link side-bar-block__anchor-link--desktop\">D\u00e9ficiences visuelles<\/a><\/li><li class=\"side-bar-block__anchor-item\"><a href=\"#D\u00e9couvrez-encore-plus\" class=\"side-bar-block__anchor-link side-bar-block__anchor-link--desktop\">D\u00e9couvrez-encore-plus<\/a><\/li><li class=\"side-bar-block__anchor-item\"><a href=\"#Contact\" class=\"side-bar-block__anchor-link side-bar-block__anchor-link--desktop\">Contact<\/a><\/li><\/ul><\/div>\n\n\n\n<div class=\"wp-block-endeavour-wp-blocks-custom-spacer custom-spacer    \"><div style=\"height:1rem\" class=\"custom-spacer__mobile\"><\/div><div style=\"height:3rem\" class=\"custom-spacer__desktop\"><\/div><\/div>\n\n\n\n<section class=\"wp-block-endeavour-wp-blocks-content-container content-container    \" id=\"Inclusivit\u00e9\"><div class=\"wp-block-endeavour-wp-blocks-content-container content-container__inner content-container__inner--medium    \" id=\"Inclusivit\u00e9\">\n<div class=\"wp-block-endeavour-wp-blocks-image-w-text-cta    \"><div class=\"image-w-text-cta__outer-wrapper\"><div class=\"content-wrapper\"><div class=\"image-w-text-cta__inner-wrapper\"><div class=\"image-w-text-cta__content-wrapper\"><h4 class=\"image-w-text-cta__title\">Accessible \u00e0 tous<\/h4><div class=\"image-w-text-cta__text\">L\u2019inclusivit\u00e9 commence d\u00e8s l\u2019entr\u00e9e principale. Gr\u00e2ce \u00e0 un ascenseur intelligemment int\u00e9gr\u00e9, les visiteurs en situation de handicap peuvent \u00e9galement acc\u00e9der \u00e0 la Beurs par l\u2019escalier de l\u2019entr\u00e9e principale.<br><br>Toutes les grandes salles de la Beurs van Berlage se situent au rez-de-chauss\u00e9e et disposent d\u2019entr\u00e9es larges, sans seuils, ce qui les rend enti\u00e8rement accessibles aux personnes en fauteuil roulant.<br><br>Les autres salles de sous-commissionnement se trouvent au premier \u00e9tage ou au sous-sol, tous deux facilement accessibles gr\u00e2ce \u00e0 un ascenseur vitr\u00e9 spacieux.<\/div><div class=\"wp-block-endeavour-wp-blocks-image-w-text-cta    \"><\/div><\/div><div class=\"image-w-text-cta__image-wrapper\"><img decoding=\"async\" class=\"image-w-text-cta__image\" src=\"https:\/\/beursvanberlage.com\/app\/uploads\/2024\/09\/Traplift-hoofdentree.gif\" alt=\"Uploaded Media\" loading=\"lazy\"\/><\/div><\/div><\/div><\/div><\/div>\n<\/div><\/section>\n\n\n\n<div class=\"wp-block-endeavour-wp-blocks-custom-spacer custom-spacer    \"><div style=\"height:1rem\" class=\"custom-spacer__mobile\"><\/div><div style=\"height:3rem\" class=\"custom-spacer__desktop\"><\/div><\/div>\n\n\n\n<section class=\"wp-block-endeavour-wp-blocks-content-container content-container    \"><div class=\"wp-block-endeavour-wp-blocks-content-container content-container__inner content-container__inner--full    \">\n<section class=\"wp-block-endeavour-wp-blocks-full-width-banner full-width-banner    \"><img decoding=\"async\" src=\"https:\/\/beursvanberlage.com\/app\/uploads\/2024\/09\/Beurs-van-Berlage-Amsterdam.jpg\" alt=\"\" class=\"full-width-banner__image\"\/><\/section>\n<\/div><\/section>\n\n\n\n<div class=\"wp-block-endeavour-wp-blocks-custom-spacer custom-spacer    \"><div style=\"height:1rem\" class=\"custom-spacer__mobile\"><\/div><div style=\"height:3rem\" class=\"custom-spacer__desktop\"><\/div><\/div>\n\n\n\n<section class=\"wp-block-endeavour-wp-blocks-content-container content-container    \" id=\"D\u00e9ficiences-visuelles\"><div class=\"wp-block-endeavour-wp-blocks-content-container content-container__inner content-container__inner--medium    \" id=\"D\u00e9ficiences-visuelles\">\n<div class=\"wp-block-columns is-layout-flex wp-container-core-columns-is-layout-28f84493 wp-block-columns-is-layout-flex\">\n<div class=\"wp-block-column is-layout-flow wp-block-column-is-layout-flow\">\n<h4 class=\"wp-block-heading    \">D\u00e9ficiences visuelles<\/h4>\n\n\n\n<p class=\"undefined    \">La Beurs van Berlage est \u00e9galement enti\u00e8rement \u00e9quip\u00e9e pour accueillir les visiteurs pr\u00e9sentant une d\u00e9ficience visuelle.<br>Les escaliers sont dot\u00e9s de marquages clairs indiquant la fin de chaque vol\u00e9e, et les boutons des ascenseurs ont \u00e9t\u00e9 con\u00e7us en tenant compte des besoins des personnes malvoyantes.<\/p>\n\n\n\n<p class=\"undefined    \"><\/p>\n<\/div>\n<\/div>\n<\/div><\/section>\n\n\n\n<section class=\"wp-block-endeavour-wp-blocks-content-container content-container    \" id=\"D\u00e9couvrez-encore-plus\"><div class=\"wp-block-endeavour-wp-blocks-content-container content-container__inner content-container__inner--full    \" id=\"D\u00e9couvrez-encore-plus\">\n<section class=\"wp-block-endeavour-wp-blocks-content-container content-container    \" id=\"Discover-more-at-the-Beurs\"><div class=\"wp-block-endeavour-wp-blocks-content-container content-container__inner content-container__inner--full    \" id=\"Discover-more-at-the-Beurs\">\n<section class=\"wp-block-endeavour-wp-blocks-content-container content-container    \" id=\"meer-beleven-in-de-Beurs\"><div class=\"wp-block-endeavour-wp-blocks-content-container content-container__inner content-container__inner--full    \" id=\"meer-beleven-in-de-Beurs\">\n<div class=\"wp-block-endeavour-wp-blocks-slider slider  custom-align-right  \"><div class=\"content-wrapper\"><div class=\"slider__wrapper\"><div class=\"slider__text-wrapper\"><h3 class=\"slider__title\">D\u00e9couvrez encore plus \u00e0 la Beurs<\/h3><p class=\"slider__description\">La Beurs van Berlage est un lieu unique au c\u0153ur d\u2019Amsterdam, o\u00f9 l\u2019histoire et les \u00e9v\u00e9nements contemporains se rencontrent.<\/p><div class=\"slider__controls-wrapper\"><div class=\"slider__prev swiper-button-prev\"><svg width=\"25\" height=\"16\" viewBox=\"0 0 25 16\" fill=\"none\" xmlns=\"http:\/\/www.w3.org\/2000\/svg\"><path d=\"M1.32812 7.20312L7.70312 0.875C8.125 0.40625 8.82812 0.40625 9.25 0.875C9.71875 1.29688 9.71875 2 9.25 2.42188L4.79688 6.875H23.875C24.4844 6.875 25 7.39062 25 8C25 8.65625 24.4844 9.125 23.875 9.125L4.79688 9.17188L9.25 13.625C9.71875 14.0469 9.71875 14.75 9.25 15.1719C8.82812 15.6406 8.125 15.6406 7.70312 15.1719L1.32812 8.79688C0.859375 8.375 0.859375 7.67188 1.32812 7.20312Z\" fill=\"currentColor\"><\/path><\/svg><\/div><div class=\"slider__next swiper-button-next\"><svg width=\"25\" height=\"16\" viewBox=\"0 0 25 16\" fill=\"none\" xmlns=\"http:\/\/www.w3.org\/2000\/svg\"><path d=\"M23.6719 8.79688L17.2969 15.1719C16.8281 15.6406 16.125 15.6406 15.7031 15.1719C15.2344 14.75 15.2344 14.0469 15.7031 13.5781L20.1562 9.125H1.125C0.46875 9.125 0 8.65625 0 8C0 7.39062 0.46875 6.875 1.125 6.875H20.1562L15.7031 2.42188C15.2344 2 15.2344 1.29688 15.7031 0.828125C16.125 0.40625 16.8281 0.40625 17.2969 0.828125L23.6719 7.25C24.0938 7.67188 24.0938 8.375 23.6719 8.79688Z\" fill=\"currentColor\"><\/path><\/svg><\/div><\/div><\/div><div class=\"slider__cards-outer-wrapper swiper\"><div class=\"slider__cards-wrapper swiper-wrapper\">\n<div class=\"wp-block-endeavour-wp-blocks-slider-card slider-card__outer-wrapper swiper-slide    \"><div class=\"slider-card__wrapper\"><div class=\"slider-card__inner-wrapper\"><a href=\"https:\/\/beursvanberlage.com\/fr\/visiter\/bistro-berlage\/\" target=\"_self\" rel=\"noopener\" class=\"slider-card__link  slider-card__link--no-shadow\"><\/a><img decoding=\"async\" class=\"slider-card__image\" src=\"https:\/\/beursvanberlage.com\/app\/uploads\/2024\/09\/Bistro-Berlage-Amsterdam2.jpg\" alt=\"Card Image\"\/><div class=\"slider-card__content\"><h4 class=\"slider-card__title\">Bistro Berlage<\/h4><\/div><\/div><\/div><\/div>\n\n\n\n<div class=\"wp-block-endeavour-wp-blocks-slider-card slider-card__outer-wrapper swiper-slide    \"><div class=\"slider-card__wrapper\"><div class=\"slider-card__inner-wrapper\"><a href=\"https:\/\/beursvanberlage.com\/fr\/visiter\/sherlocked\/\" target=\"_self\" rel=\"noopener\" class=\"slider-card__link  slider-card__link--no-shadow\"><\/a><img decoding=\"async\" class=\"slider-card__image\" src=\"https:\/\/beursvanberlage.com\/app\/uploads\/2024\/10\/Sherlocked-4.png\" alt=\"Card Image\"\/><div class=\"slider-card__content\"><h4 class=\"slider-card__title\">Sherlocked<\/h4><\/div><\/div><\/div><\/div>\n\n\n\n<div class=\"wp-block-endeavour-wp-blocks-slider-card slider-card__outer-wrapper swiper-slide    \"><div class=\"slider-card__wrapper\"><div class=\"slider-card__inner-wrapper\"><a href=\"https:\/\/beursvanberlage.com\/fr\/visiter\/meet-berlage\/\" target=\"_self\" rel=\"noopener\" class=\"slider-card__link  slider-card__link--no-shadow\"><\/a><img decoding=\"async\" class=\"slider-card__image\" src=\"https:\/\/beursvanberlage.com\/app\/uploads\/2024\/10\/Meet-Berlage-Coworking-Space-07-Kleiner.jpg\" alt=\"Card Image\"\/><div class=\"slider-card__content\"><h4 class=\"slider-card__title\">Meet Berlage<\/h4><\/div><\/div><\/div><\/div>\n\n\n\n<div class=\"wp-block-endeavour-wp-blocks-slider-card slider-card__outer-wrapper swiper-slide    \"><div class=\"slider-card__wrapper\"><div class=\"slider-card__inner-wrapper\"><a href=\"https:\/\/beursvanberlage.com\/fr\/visiter\/the-seafood-bar\/\" target=\"_self\" rel=\"noopener\" class=\"slider-card__link  slider-card__link--no-shadow\"><\/a><img decoding=\"async\" class=\"slider-card__image\" src=\"https:\/\/beursvanberlage.com\/app\/uploads\/2024\/10\/Seafood-6.png\" alt=\"Card Image\"\/><div class=\"slider-card__content\"><h4 class=\"slider-card__title\">The Seafood Bar<\/h4><\/div><\/div><\/div><\/div>\n\n\n\n<div class=\"wp-block-endeavour-wp-blocks-slider-card slider-card__outer-wrapper swiper-slide    \"><div class=\"slider-card__wrapper\"><div class=\"slider-card__inner-wrapper\"><a href=\"https:\/\/beursvanberlage.com\/fr\/visiter\/tonys-chocolonely-super-store\/\" target=\"_self\" rel=\"noopener\" class=\"slider-card__link  slider-card__link--no-shadow\"><\/a><img decoding=\"async\" class=\"slider-card__image\" src=\"https:\/\/beursvanberlage.com\/app\/uploads\/2024\/09\/1066_90_80_kar_tonys_chocolonely_super_store_06.jpg\" alt=\"Card Image\"\/><div class=\"slider-card__content\"><h4 class=\"slider-card__title\">Tony Chocolonely&#8217;s Store<\/h4><\/div><\/div><\/div><\/div>\n\n\n\n<div class=\"wp-block-endeavour-wp-blocks-slider-card slider-card__outer-wrapper swiper-slide    \" data-description=\"Opening late December 2025\"><div class=\"slider-card__wrapper\"><div class=\"slider-card__inner-wrapper\"><a href=\"https:\/\/beursvanberlage.com\/fr\/visiter\/house-of-noa\/\" target=\"_self\" rel=\"noopener\" class=\"slider-card__link  slider-card__link--no-shadow\"><\/a><img decoding=\"async\" class=\"slider-card__image\" src=\"https:\/\/beursvanberlage.com\/app\/uploads\/2025\/11\/573675947_17871841302448294_5557229870272324843_n.jpg\" alt=\"Card Image\"\/><div class=\"slider-card__content\"><h4 class=\"slider-card__title\">House of Noa<\/h4><\/div><\/div><\/div><\/div>\n<\/div><\/div><\/div><\/div><\/div>\n<\/div><\/section>\n<\/div><\/section>\n<\/div><\/section>\n\n\n\n<section class=\"wp-block-endeavour-wp-blocks-content-container content-container    \" id=\"Contact\"><div class=\"wp-block-endeavour-wp-blocks-content-container content-container__inner content-container__inner--full    \" id=\"Contact\">\n<div class=\"wp-block-endeavour-wp-blocks-contact-form     contact-form\"><div class=\"contact-form__outer-wrapper \"><div class=\"content-wrapper\"><div class=\"contact-form__inner-wrapper\"><div class=\"contact-form__content-wrapper\"><div class=\"contact-form__text-wrapper\"><h4 class=\"contact-form__title\">Contactez notre front office<\/h4><p class=\"contact-form__description\">Renseignez vos coordonn\u00e9es et nous vous contacterons dans les plus brefs d\u00e9lais afin de r\u00e9pondre \u00e0 vos questions. <br><br>Veuillez noter qu\u2019en raison de la taille et de la nature de notre lieu, nous traitons uniquement les demandes pour des groupes <strong>\u00e0 partir de 200 invit\u00e9s<\/strong>.<br><br><strong>Vous pr\u00e9f\u00e9rez un contact direct<\/strong> <strong>? <\/strong><br>Appelez le front office au <strong><a href=\"tel:+31205304141\">+31 (0)20 &#8211; 530 41 41<\/a><\/strong> ou envoyez un e-mail \u00e0 <a href=\"mailto:info@beursvanberlage.com\">info@beursvanberlage.com<\/a>. <br><br>Nous nous r\u00e9jouissons de pouvoir vous aider!<\/p><\/div><\/div><div class=\"contact-form__form-wrapper\"><script charset=\"utf-8\" type=\"text\/javascript\" src=\"\/\/js.hsforms.net\/forms\/embed\/v2.js\"><\/script>\n<script>\n  hbspt.forms.create({\n    portalId: \"5233325\",\n    formId: \"ca4344df-6aa8-459a-b9d4-3dd009ef564c\",\n    region: \"na1\"\n  });\n<\/script><\/div><\/div><\/div><\/div><\/div>\n<\/div><\/section>\n","protected":false},"excerpt":{"rendered":"","protected":false},"author":2,"featured_media":18080,"parent":18068,"menu_order":0,"comment_status":"closed","ping_status":"closed","template":"","meta":{"content-type":"","footnotes":""},"class_list":["post-18288","page","type-page","status-publish","has-post-thumbnail","hentry"],"_links":{"self":[{"href":"https:\/\/beursvanberlage.com\/fr\/wp-json\/wp\/v2\/pages\/18288","targetHints":{"allow":["GET"]}}],"collection":[{"href":"https:\/\/beursvanberlage.com\/fr\/wp-json\/wp\/v2\/pages"}],"about":[{"href":"https:\/\/beursvanberlage.com\/fr\/wp-json\/wp\/v2\/types\/page"}],"author":[{"embeddable":true,"href":"https:\/\/beursvanberlage.com\/fr\/wp-json\/wp\/v2\/users\/2"}],"replies":[{"embeddable":true,"href":"https:\/\/beursvanberlage.com\/fr\/wp-json\/wp\/v2\/comments?post=18288"}],"version-history":[{"count":3,"href":"https:\/\/beursvanberlage.com\/fr\/wp-json\/wp\/v2\/pages\/18288\/revisions"}],"predecessor-version":[{"id":18293,"href":"https:\/\/beursvanberlage.com\/fr\/wp-json\/wp\/v2\/pages\/18288\/revisions\/18293"}],"up":[{"embeddable":true,"href":"https:\/\/beursvanberlage.com\/fr\/wp-json\/wp\/v2\/pages\/18068"}],"wp:featuredmedia":[{"embeddable":true,"href":"https:\/\/beursvanberlage.com\/fr\/wp-json\/wp\/v2\/media\/18080"}],"wp:attachment":[{"href":"https:\/\/beursvanberlage.com\/fr\/wp-json\/wp\/v2\/media?parent=18288"}],"curies":[{"name":"wp","href":"https:\/\/api.w.org\/{rel}","templated":true}]}}