{"id":17633,"date":"2024-10-25T14:11:31","date_gmt":"2024-10-25T14:11:31","guid":{"rendered":"https:\/\/beursvanberlage.com\/?page_id=17633"},"modified":"2026-04-02T14:01:53","modified_gmt":"2026-04-02T14:01:53","slug":"ink-hotel-amsterdam-mgallery","status":"publish","type":"page","link":"https:\/\/beursvanberlage.com\/fr\/organiser\/nos-services\/conference-et-hotel-services\/ink-hotel-amsterdam-mgallery\/","title":{"rendered":"INK Hotel Amsterdam &#8211; MGallery"},"content":{"rendered":"<div class=\"wp-block-endeavour-wp-blocks-banner-w-content-card wp-block-endeavour-wp-blocks-banner-w-content-card\">\n    <div class=\"banner-w-content-card__outer-wrapper\">\n        <div class=\"banner-w-content-card__image-wrapper\">\n                            <img decoding=\"async\" class=\"banner-w-content-card__image\" src=\"https:\/\/beursvanberlage.com\/app\/uploads\/2024\/10\/Exterior-INK-1.jpg\" alt=\"Banner Image\" \/>\n                    <\/div>\n\n        <div class=\"banner-w-content-card__content-wrapper\">\n            <div class=\"content-wrapper\">\n                <div class=\"banner-w-content-card__text-wrapper\">\n                                            <div class=\"banner-w-content-card__breadcrumbs\">\n                                                                                            <a\n                                        href=\"https:\/\/beursvanberlage.com\/fr\/organiser\/nos-services\/conference-et-hotel-services\/\"\n                                        class=\"banner-w-content-card__breadcrumb-link \">\n                                    Conference et hotel services                                <\/a>\n                                                                    <span class=\"banner-w-content-card__breadcrumb-separator\"> \/ <\/span>\n                                                                                                                            <a\n                                        href=\"#\"\n                                        class=\"banner-w-content-card__breadcrumb-link banner-w-content-card__breadcrumb-link--active\">\n                                    INK Hotel Amsterdam &#8211; MGallery                                <\/a>\n                                                                                    <\/div>\n                    \n                                            <h1 class=\"banner-w-content-card__title\">\n                            INK Hotel Amsterdam &#8211; MGallery                        <\/h1>\n                    \n                                            <p class=\"banner-w-content-card__description\">\n                            L\u2019INK Hotel Amsterdam tire son nom de la riche histoire du b\u00e2timent, qui abritait autrefois le si\u00e8ge du journal n\u00e9erlandais &lt;em&gt;De Tijd&lt;\/em&gt;, un lieu o\u00f9 les histoires \u00e9taient \u00e9crites et prenaient vie.                        <\/p>\n                                    <\/div>\n            <\/div>\n        <\/div>\n    <\/div>\n<\/div>\n\n\n\n<div class=\"wp-block-endeavour-wp-blocks-custom-spacer custom-spacer    \"><div style=\"height:1rem\" class=\"custom-spacer__mobile\"><\/div><div style=\"height:3rem\" class=\"custom-spacer__desktop\"><\/div><\/div>\n\n\n\n<div class=\"wp-block-endeavour-wp-blocks-site-side-bar side-bar-block alignfull    \" style=\"position:sticky\"><div class=\"side-bar-block__swiper swiper\"><ul class=\"side-bar-block__anchor-list side-bar-block__anchor-list--slider  swiper-wrapper\"><li class=\"side-bar-block__anchor-item swiper-slide\"><a href=\"#Un-lieu-d\u2019histoires\" class=\"side-bar-block__anchor-link\">Un lieu d\u2019histoires<\/a><\/li><li class=\"side-bar-block__anchor-item swiper-slide\"><a href=\"#Aper\u00e7u-de-l\u2019h\u00f4tel\" class=\"side-bar-block__anchor-link\">Aper\u00e7u de l\u2019h\u00f4tel<\/a><\/li><li class=\"side-bar-block__anchor-item swiper-slide\"><a href=\"#Accessibilit\u00e9\" class=\"side-bar-block__anchor-link\">Accessibilit\u00e9<\/a><\/li><\/ul><\/div><ul class=\"side-bar-block__anchor-list side-bar-block__anchor-list--desktop\"><li class=\"side-bar-block__anchor-item\"><a href=\"#Un-lieu-d\u2019histoires\" class=\"side-bar-block__anchor-link side-bar-block__anchor-link--desktop\">Un lieu d\u2019histoires<\/a><\/li><li class=\"side-bar-block__anchor-item\"><a href=\"#Aper\u00e7u-de-l\u2019h\u00f4tel\" class=\"side-bar-block__anchor-link side-bar-block__anchor-link--desktop\">Aper\u00e7u de l\u2019h\u00f4tel<\/a><\/li><li class=\"side-bar-block__anchor-item\"><a href=\"#Accessibilit\u00e9\" class=\"side-bar-block__anchor-link side-bar-block__anchor-link--desktop\">Accessibilit\u00e9<\/a><\/li><\/ul><\/div>\n\n\n\n<div class=\"wp-block-endeavour-wp-blocks-custom-spacer custom-spacer    \"><div style=\"height:1rem\" class=\"custom-spacer__mobile\"><\/div><div style=\"height:3rem\" class=\"custom-spacer__desktop\"><\/div><\/div>\n\n\n\n<section class=\"wp-block-endeavour-wp-blocks-content-container content-container    \" id=\"Un-lieu-d\u2019histoires\"><div class=\"wp-block-endeavour-wp-blocks-content-container content-container__inner content-container__inner--medium    \" id=\"Un-lieu-d\u2019histoires\">\n<div class=\"wp-block-endeavour-wp-blocks-image-w-text-cta    \"><div class=\"image-w-text-cta__outer-wrapper\"><div class=\"content-wrapper\"><div class=\"image-w-text-cta__inner-wrapper\"><div class=\"image-w-text-cta__content-wrapper\"><h4 class=\"image-w-text-cta__title\">L\u2019endroit o\u00f9 les histoires prennent vie<\/h4><div class=\"image-w-text-cta__text\">Le service personnalis\u00e9 est au c\u0153ur de l\u2019approche de l\u2019\u00e9quipe exp\u00e9riment\u00e9e de<a href=\"https:\/\/all.accor.com\/hotel\/1159\/index.fr.shtml\" data-type=\"link\" data-id=\"https:\/\/all.accor.com\/hotel\/1159\/index.fr.shtml\" target=\"_blank\" rel=\"noopener\"> l\u2019INK Hotel Amsterdam<\/a>, garantissant un s\u00e9jour m\u00e9morable dans l\u2019une des capitales les plus dynamiques d\u2019Europe. L\u2019h\u00f4tel poss\u00e8de \u00e9galement une histoire unique, \u00e9troitement li\u00e9e \u00e0 celle de la Beurs van Berlage.<br>Install\u00e9 dans l\u2019ancien si\u00e8ge du journal <em>De Tijd<\/em>, o\u00f9 l\u2019actualit\u00e9 \u00e9tait imprim\u00e9e quotidiennement entre 1904 et 1976, l\u2019h\u00f4tel b\u00e9n\u00e9ficie d\u2019un emplacement charg\u00e9 de sens. \u00c0 quelques minutes \u00e0 pied se trouve la Beurs van Berlage, autrefois centre n\u00e9vralgique de l\u2019activit\u00e9 \u00e9conomique, o\u00f9 naissaient les informations qui se retrouvaient rapidement \u00e0 la une de <em>De Tijd<\/em>.<br>Aujourd\u2019hui, cet h\u00e9ritage se refl\u00e8te subtilement dans l\u2019h\u00f4tel, o\u00f9 l\u2019on retrouve encore des \u00e9l\u00e9ments de son pass\u00e9 journalistique. Cela se manifeste notamment au Restaurant &amp; Bar PRESSROOM Amsterdam, o\u00f9 vous pouvez savourer petit-d\u00e9jeuner, d\u00e9jeuner et d\u00eener. Pour un moment de d\u00e9tente, la cour int\u00e9rieure verdoyante, inspir\u00e9e des jardins du Jordaan, offre un havre de paix au c\u0153ur de la ville. Le centre de fitness est \u00e9galement accessible 24 heures sur 24.<\/div><div class=\"wp-block-endeavour-wp-blocks-image-w-text-cta    \"><\/div><\/div><div class=\"image-w-text-cta__image-wrapper\"><img decoding=\"async\" class=\"image-w-text-cta__image\" src=\"https:\/\/beursvanberlage.com\/app\/uploads\/2024\/10\/Superior-2-scaled.jpg\" alt=\"Uploaded Media\" loading=\"lazy\"\/><\/div><\/div><\/div><\/div><\/div>\n<\/div><\/section>\n\n\n\n<div class=\"wp-block-endeavour-wp-blocks-custom-spacer custom-spacer    \"><div style=\"height:1rem\" class=\"custom-spacer__mobile\"><\/div><div style=\"height:3rem\" class=\"custom-spacer__desktop\"><\/div><\/div>\n\n\n\n<section class=\"wp-block-endeavour-wp-blocks-content-container content-container    \" id=\"Aper\u00e7u-de-l\u2019h\u00f4tel\"><div class=\"wp-block-endeavour-wp-blocks-content-container content-container__inner content-container__inner--full    \" id=\"Aper\u00e7u-de-l\u2019h\u00f4tel\"><\/div><\/section>\n\n\n\n<div class=\"wp-block-endeavour-wp-blocks-media-grid    \"><div class=\"content-wrapper\"><h4 class=\"media-grid__title\">Aper\u00e7u de l\u2019h\u00f4tel<\/h4><\/div><div class=\"media-grid__outer-wrapper\"><div class=\"content-wrapper\"><div class=\"media-grid__inner-wrapper media-grid__inner-wrapper--mobile\"><div class=\"media-grid__video-modal\"><div class=\"media-grid__video-modal-inner-wrapper\"><div class=\"media-grid__video-close-icon\"><svg width=\"16\" height=\"16\" viewBox=\"0 0 12 12\" fill=\"none\" xmlns=\"http:\/\/www.w3.org\/2000\/svg\"><path d=\"M10.7812 2.28125L7.03125 6.03125L10.75 9.75C11.0625 10.0312 11.0625 10.5 10.75 10.7812C10.4688 11.0938 10 11.0938 9.71875 10.7812L5.96875 7.0625L2.25 10.7812C1.96875 11.0938 1.5 11.0938 1.21875 10.7812C0.90625 10.5 0.90625 10.0312 1.21875 9.71875L4.9375 6L1.21875 2.28125C0.90625 2 0.90625 1.53125 1.21875 1.21875C1.5 0.9375 1.96875 0.9375 2.28125 1.21875L6 4.96875L9.71875 1.25C10 0.9375 10.4688 0.9375 10.7812 1.25C11.0625 1.53125 11.0625 2 10.7812 2.28125Z\" fill=\"#343A40\"><\/path><\/svg><\/div><video class=\"media-grid__video-content\" src=\"\" controls><\/video><\/div><\/div><div class=\"media-grid__media-wrapper media-grid__media-wrapper--first-media\"><div class=\"media-grid__first-media\"><div class=\"media-grid__image-wrapper\"><img decoding=\"async\" class=\"media-grid__image\" src=\"https:\/\/beursvanberlage.com\/app\/uploads\/2024\/10\/3618-55-scaled.jpg\" alt=\"Uploaded Media 1\" loading=\"lazy\"\/><\/div><\/div><\/div><div class=\"media-grid__middle-wrapper\"><div class=\"media-grid__media-wrapper media-grid__media-wrapper--second-media\"><div class=\"media-grid__second-media\"><div class=\"media-grid__image-wrapper\"><img decoding=\"async\" class=\"media-grid__image\" src=\"https:\/\/beursvanberlage.com\/app\/uploads\/2025\/05\/INK-Hotel-Amsterdam-MGallery-by-Sofitel-16.jpg\" alt=\"Uploaded Media 2\" loading=\"lazy\"\/><\/div><\/div><\/div><div class=\"media-grid__media-wrapper media-grid__media-wrapper--third-media\"><div class=\"media-grid__third-media\"><div class=\"media-grid__image-wrapper\"><img decoding=\"async\" class=\"media-grid__image\" src=\"https:\/\/beursvanberlage.com\/app\/uploads\/2024\/10\/Exterior-INK-1.jpg\" alt=\"Uploaded Media 3\" loading=\"lazy\"\/><\/div><\/div><\/div><\/div><div class=\"media-grid__media-wrapper media-grid__media-wrapper--fourth-media\"><div class=\"media-grid__fourth-media\"><div class=\"media-grid__image-wrapper\"><img decoding=\"async\" class=\"media-grid__image\" src=\"https:\/\/beursvanberlage.com\/app\/uploads\/2024\/10\/0066.jpg\" alt=\"Uploaded Media 4\" loading=\"lazy\"\/><\/div><\/div><\/div><\/div><div class=\"media-grid__inner-wrapper media-grid__inner-wrapper--desktop\"><div class=\"media-grid__video-modal\"><div class=\"media-grid__video-modal-inner-wrapper\"><div class=\"media-grid__video-close-icon\"><svg width=\"16\" height=\"16\" viewBox=\"0 0 12 12\" fill=\"none\" xmlns=\"http:\/\/www.w3.org\/2000\/svg\"><path d=\"M10.7812 2.28125L7.03125 6.03125L10.75 9.75C11.0625 10.0312 11.0625 10.5 10.75 10.7812C10.4688 11.0938 10 11.0938 9.71875 10.7812L5.96875 7.0625L2.25 10.7812C1.96875 11.0938 1.5 11.0938 1.21875 10.7812C0.90625 10.5 0.90625 10.0312 1.21875 9.71875L4.9375 6L1.21875 2.28125C0.90625 2 0.90625 1.53125 1.21875 1.21875C1.5 0.9375 1.96875 0.9375 2.28125 1.21875L6 4.96875L9.71875 1.25C10 0.9375 10.4688 0.9375 10.7812 1.25C11.0625 1.53125 11.0625 2 10.7812 2.28125Z\" fill=\"#343A40\"><\/path><\/svg><\/div><video class=\"media-grid__video-content\" src=\"\" controls><\/video><\/div><\/div><div class=\"media-grid__top-wrapper\"><div class=\"media-grid__media-wrapper media-grid__media-wrapper--first-media\"><div class=\"media-grid__first-media\"><div class=\"media-grid__image-wrapper\"><img decoding=\"async\" class=\"media-grid__image\" src=\"https:\/\/beursvanberlage.com\/app\/uploads\/2024\/10\/3618-55-scaled.jpg\" alt=\"Uploaded Media 1\" loading=\"lazy\"\/><\/div><\/div><\/div><div class=\"media-grid__media-wrapper media-grid__media-wrapper--second-media\"><div class=\"media-grid__second-media\"><div class=\"media-grid__image-wrapper\"><img decoding=\"async\" class=\"media-grid__image\" src=\"https:\/\/beursvanberlage.com\/app\/uploads\/2025\/05\/INK-Hotel-Amsterdam-MGallery-by-Sofitel-16.jpg\" alt=\"Uploaded Media 2\" loading=\"lazy\"\/><\/div><\/div><\/div><\/div><div class=\"media-grid__top-wrapper\"><div class=\"media-grid__media-wrapper media-grid__media-wrapper--third-media\"><div class=\"media-grid__third-media\"><div class=\"media-grid__image-wrapper\"><img decoding=\"async\" class=\"media-grid__image\" src=\"https:\/\/beursvanberlage.com\/app\/uploads\/2024\/10\/Exterior-INK-1.jpg\" alt=\"Uploaded Media 3\" loading=\"lazy\"\/><\/div><\/div><\/div><div class=\"media-grid__media-wrapper media-grid__media-wrapper--fourth-media\"><div class=\"media-grid__fourth-media\"><div class=\"media-grid__image-wrapper\"><img decoding=\"async\" class=\"media-grid__image\" src=\"https:\/\/beursvanberlage.com\/app\/uploads\/2024\/10\/0066.jpg\" alt=\"Uploaded Media 4\" loading=\"lazy\"\/><\/div><\/div><\/div><\/div><\/div><\/div><\/div><\/div>\n\n\n\n<div class=\"wp-block-endeavour-wp-blocks-custom-spacer custom-spacer    \"><div style=\"height:1rem\" class=\"custom-spacer__mobile\"><\/div><div style=\"height:3rem\" class=\"custom-spacer__desktop\"><\/div><\/div>\n\n\n\n<section class=\"wp-block-endeavour-wp-blocks-content-container content-container    \" id=\"Accessibilit\u00e9\"><div class=\"wp-block-endeavour-wp-blocks-content-container content-container__inner content-container__inner--full    \" id=\"Accessibilit\u00e9\">\n<div class=\"wp-block-endeavour-wp-blocks-map-and-content map-section new maps    \"><div class=\"map-section__background-image-wrapper \"><img decoding=\"async\" src=\"https:\/\/beursvanberlage.com\/app\/uploads\/2024\/09\/20191017_BeursvanBerlage_002-7325-scaled.jpg\" alt=\"\" class=\"map-section__background-image\"\/><\/div><div class=\"map-section__columns content-wrapper\"><div class=\"map-section__map-column map-section__map-column--is-iframe\"><iframe src=\"https:\/\/www.google.com\/maps\/embed?pb=!1m24!1m8!1m3!1d2435.727001062306!2d4.894478!3d52.37537!3m2!1i1024!2i768!4f13.1!4m13!3e2!4m5!1s0x47c609c787f17ca7%3A0xfdc6eede688a772f!2sBeurs%20van%20Berlage%2C%20Damrak%20243%2C%201012%20ZJ%20Amsterdam!3m2!1d52.375062199999995!2d4.8961713!4m5!1s0x47c609c7b2c67e9f%3A0xa0d402936d316185!2sINK%20Hotel%20Amsterdam%2C%20Nieuwezijds%20Voorburgwal%2067%2C%201012%20RE%20Amsterdam!3m2!1d52.3754828!2d4.8930435!5e0!3m2!1snl!2snl!4v1730205278296!5m2!1snl!2snl&quot; width=&quot;600&quot; height=&quot;450&quot; style=&quot;border:0;&quot; allowfullscreen=&quot;&quot; loading=&quot;lazy&quot; referrerpolicy=&quot;no-referrer-when-downgrade\" width=\"100%\" height=\"100%\"><\/iframe><\/div><div class=\"map-section__content-column\">\n<div style=\"height:32px\" aria-hidden=\"true\" class=\"wp-block-spacer    \"><\/div>\n\n\n\n<h4 class=\"wp-block-heading    \" id=\"bereikbaarheid\">Accessibilit\u00e9<\/h4>\n\n\n\n<div style=\"height:2rem\" aria-hidden=\"true\" class=\"wp-block-spacer    \"><\/div>\n\n\n\n<p class=\"undefined    \">Nieuwezijds Voorburgwal 67, 1012 RE Amsterdam<\/p>\n\n\n\n<div style=\"height:32px\" aria-hidden=\"true\" class=\"wp-block-spacer    \"><\/div>\n\n\n\n<div class=\"wp-block-endeavour-wp-blocks-buttons-wrapper    \"><div class=\"wp-block-endeavour-wp-blocks-buttons-wrapper     buttons-wrapper__wrapper\">\n<div class=\"wp-block-endeavour-wp-blocks-main-button     main-button\"><a class=\"main-button__wrapper main-button__wrapper--is-secondary\" href=\"https:\/\/www.ink-hotel-amsterdam.com\/nl\/\" target=\"_blank\" rel=\"noopener\">Visiter le site web<\/a><\/div>\n<\/div><\/div>\n<\/div><\/div><\/div>\n<\/div><\/section>\n\n\n\n<div class=\"wp-block-endeavour-wp-blocks-custom-spacer custom-spacer    \"><div style=\"height:1rem\" class=\"custom-spacer__mobile\"><\/div><div style=\"height:3rem\" class=\"custom-spacer__desktop\"><\/div><\/div>\n\n\n\n<footer class=\"custom-footer custom-footer--spacing-enabled custom-footer custom-footer--spacing-enabled wp-block-endeavour-wp-blocks-custom-footer\">\n    <div class=\"custom-footer__float-content custom-footer__float-content--image\">\n                                    <img decoding=\"async\" class=\"custom-footer__float-content-image\" src=\"https:\/\/beursvanberlage.com\/app\/uploads\/2024\/10\/Exterior-INK-1.jpg\" \/>\n                        <\/div>\n    <div class=\"custom-footer__inner-columns\">\n        \n\n<div class=\"wp-block-endeavour-wp-blocks-custom-footer-column custom-footer-column custom-footer-column--column    \">\n<h5 class=\"wp-block-heading    \">Contact Hotel Services<\/h5>\n\n\n\n<p class=\"undefined    \">T: <a href=\"tel:+31205304147\">+31 (0)20 &#8211; 530 41 47<\/a><\/p>\n\n\n\n<p class=\"undefined    \">E: <a href=\"mailto:services@beursvanberlage.com\">services@beursvanberlage.com<\/a><\/p>\n\n\n\n<div style=\"height:16px\" aria-hidden=\"true\" class=\"wp-block-spacer    \"><\/div>\n\n\n\n<p class=\"undefined    \"><strong>Beurs van Berlage<\/strong><\/p>\n\n\n\n<p class=\"undefined    \">Damrak 243<\/p>\n\n\n\n<p class=\"undefined    \">1012 ZJ Amsterdam<\/p>\n\n\n\n<p class=\"undefined    \">Les Pays Bas<\/p>\n<\/div>\n\n\n\n<div class=\"wp-block-endeavour-wp-blocks-custom-footer-column custom-footer-column custom-footer-column--column    \">\n<h5 class=\"wp-block-heading    \">H\u00f4tels<\/h5>\n\n\n\n<ul class=\"wp-block-endeavour-wp-blocks-footer-link-list footer-link-list    \"><li class=\" wp-block-navigation-item wp-block-navigation-link\"><a class=\"wp-block-navigation-item__content\" href=\"https:\/\/beursvanberlage.com\/fr\/organiser\/nos-services\/conference-et-hotel-services\/#nos-h%C3%B4tels-partenaires-5-%C3%A9toiles\"><span class=\"wp-block-navigation-item__label\">Partenaires 5 \u00e9toiles<\/span><\/a><\/li>\n\n<li class=\" wp-block-navigation-item wp-block-navigation-link\"><a class=\"wp-block-navigation-item__content\" href=\"https:\/\/beursvanberlage.com\/fr\/organiser\/nos-services\/conference-et-hotel-services\/#nos-h%C3%B4tels-partenaires-4-%C3%A9toiles\"><span class=\"wp-block-navigation-item__label\">Partenaires 4 \u00e9toiles<\/span><\/a><\/li>\n\n<li class=\" wp-block-navigation-item wp-block-navigation-link\"><a class=\"wp-block-navigation-item__content\" href=\"https:\/\/beursvanberlage.com\/fr\/organiser\/nos-services\/conference-et-hotel-services\/#nos-h%C3%B4tels-partenaires-3-%C3%A9toiles\"><span class=\"wp-block-navigation-item__label\">Partenaires 3 \u00e9toiles<\/span><\/a><\/li><\/ul>\n<\/div>\n\n\n\n<div class=\"wp-block-endeavour-wp-blocks-custom-footer-column custom-footer-column custom-footer-column--column    \">\n<h5 class=\"wp-block-heading    \">Recherches populaires<\/h5>\n\n\n\n<ul class=\"wp-block-endeavour-wp-blocks-footer-link-list footer-link-list    \"><li class=\" wp-block-navigation-item wp-block-navigation-link\"><a class=\"wp-block-navigation-item__content\" href=\"https:\/\/beursvanberlage.com\/fr\/organiser\/amsterdam\/\"><span class=\"wp-block-navigation-item__label\">Amsterdam<\/span><\/a><\/li>\n\n<li class=\" wp-block-navigation-item wp-block-navigation-link\"><a class=\"wp-block-navigation-item__content\" href=\"https:\/\/beursvanberlage.com\/fr\/organiser\/showcases\/\"><span class=\"wp-block-navigation-item__label\">R\u00e9f\u00e9rences<\/span><\/a><\/li>\n\n<li class=\" wp-block-navigation-item wp-block-navigation-link\"><a class=\"wp-block-navigation-item__content\" href=\"https:\/\/beursvanberlage.com\/fr\/a-propos-de-la-beurs\/durabilite-2\/\"><span class=\"wp-block-navigation-item__label\">Durabilit\u00e9<\/span><\/a><\/li>\n\n<li class=\" wp-block-navigation-item wp-block-navigation-link\"><a class=\"wp-block-navigation-item__content\" href=\"https:\/\/beursvanberlage.com\/fr\/faq-beurs-van-berlage-organisateurs\/\"><span class=\"wp-block-navigation-item__label\">FAQ<\/span><\/a><\/li><\/ul>\n<\/div>\n\n\n\n<div class=\"wp-block-endeavour-wp-blocks-custom-footer-column custom-footer-column custom-footer-column--column    \">\n<h5 class=\"wp-block-heading    \">Newsletter<\/h5>\n\n\n\n<p class=\"undefined    \">Restez inform\u00e9(e) de nos derni\u00e8res actualit\u00e9s<\/p>\n\n\n\n<div style=\"height:16px\" aria-hidden=\"true\" class=\"wp-block-spacer    \"><\/div>\n\n\n\n<script charset=\"utf-8\" type=\"text\/javascript\" src=\"\/\/js.hsforms.net\/forms\/embed\/v2.js\"><\/script>\n<script>\n  hbspt.forms.create({\n    portalId: \"5233325\",\n    formId: \"3d796647-f5d9-4a83-8ad0-76308e1bad17\"\n  });\n<\/script>\n<\/div>\n\n\n\n<div class=\"wp-block-endeavour-wp-blocks-custom-footer-column custom-footer-column custom-footer-column--row    \">\n<p class=\"undefined    \">@ 2026 Beurs van Berlage<\/p>\n\n\n\n<ul class=\"wp-block-endeavour-wp-blocks-footer-link-list footer-link-list    \"><li class=\" wp-block-navigation-item wp-block-navigation-link\"><a class=\"wp-block-navigation-item__content\" href=\"https:\/\/beursvanberlage.com\/home\/terms-and-guidelines\/disclaimer\/\"><span class=\"wp-block-navigation-item__label\">Disclaimer<\/span><\/a><\/li>\n\n<li class=\" wp-block-navigation-item wp-block-navigation-link\"><a class=\"wp-block-navigation-item__content\" href=\"https:\/\/beursvanberlage.com\/fr\/home\/conditions-et-directives\/\"><span class=\"wp-block-navigation-item__label\">Conditions et directives<\/span><\/a><\/li><\/ul>\n\n\n\n<div class=\"wp-block-endeavour-wp-blocks-icon-buttons icon-buttons    \">\n<a class=\"wp-block-endeavour-wp-blocks-icon-button icon-button    \" href=\"https:\/\/www.linkedin.com\/company\/662507\" target=\"_blank\" rel=\"noopener\"><svg viewBox=\"0 0 448 512\"><path d=\"M416 32H31.9C14.3 32 0 46.5 0 64.3v383.4C0 465.5 14.3 480 31.9 480H416c17.6 0 32-14.5 32-32.3V64.3c0-17.8-14.4-32.3-32-32.3zM135.4 416H69V202.2h66.5V416zm-33.2-243c-21.3 0-38.5-17.3-38.5-38.5S80.9 96 102.2 96c21.2 0 38.5 17.3 38.5 38.5 0 21.3-17.2 38.5-38.5 38.5zm282.1 243h-66.4V312c0-24.8-.5-56.7-34.5-56.7-34.6 0-39.9 27-39.9 54.9V416h-66.4V202.2h63.7v29.2h.9c8.9-16.8 30.6-34.5 62.9-34.5 67.2 0 79.7 44.3 79.7 101.9V416z\"><\/path><\/svg><\/a>\n\n\n\n<a class=\"wp-block-endeavour-wp-blocks-icon-button icon-button    \" href=\"https:\/\/www.facebook.com\/BeursvanBerlageAmsterdam\/\" target=\"_blank\" rel=\"noopener\"><svg xmlns=\"http:\/\/www.w3.org\/2000\/svg\" viewBox=\"0 0 320 512\"><path d=\"M80 299.3V512H196V299.3h86.5l18-97.8H196V166.9c0-51.7 20.3-71.5 72.7-71.5c16.3 0 29.4 .4 37 1.2V7.9C291.4 4 256.4 0 236.2 0C129.3 0 80 50.5 80 159.4v42.1H14v97.8H80z\"><\/path><\/svg><\/a>\n\n\n\n<a class=\"wp-block-endeavour-wp-blocks-icon-button icon-button    \" href=\"https:\/\/www.instagram.com\/beursvanberlageofficial\/\" target=\"_blank\" rel=\"noopener\"><svg viewBox=\"0 0 448 512\"><path d=\"M224.1 141c-63.6 0-114.9 51.3-114.9 114.9s51.3 114.9 114.9 114.9S339 319.5 339 255.9 287.7 141 224.1 141zm0 189.6c-41.1 0-74.7-33.5-74.7-74.7s33.5-74.7 74.7-74.7 74.7 33.5 74.7 74.7-33.6 74.7-74.7 74.7zm146.4-194.3c0 14.9-12 26.8-26.8 26.8-14.9 0-26.8-12-26.8-26.8s12-26.8 26.8-26.8 26.8 12 26.8 26.8zm76.1 27.2c-1.7-35.9-9.9-67.7-36.2-93.9-26.2-26.2-58-34.4-93.9-36.2-37-2.1-147.9-2.1-184.9 0-35.8 1.7-67.6 9.9-93.9 36.1s-34.4 58-36.2 93.9c-2.1 37-2.1 147.9 0 184.9 1.7 35.9 9.9 67.7 36.2 93.9s58 34.4 93.9 36.2c37 2.1 147.9 2.1 184.9 0 35.9-1.7 67.7-9.9 93.9-36.2 26.2-26.2 34.4-58 36.2-93.9 2.1-37 2.1-147.8 0-184.8zM398.8 388c-7.8 19.6-22.9 34.7-42.6 42.6-29.5 11.7-99.5 9-132.1 9s-102.7 2.6-132.1-9c-19.6-7.8-34.7-22.9-42.6-42.6-11.7-29.5-9-99.5-9-132.1s-2.6-102.7 9-132.1c7.8-19.6 22.9-34.7 42.6-42.6 29.5-11.7 99.5-9 132.1-9s102.7-2.6 132.1 9c19.6 7.8 34.7 22.9 42.6 42.6 11.7 29.5 9 99.5 9 132.1s2.7 102.7-9 132.1z\"><\/path><\/svg><\/a>\n<\/div>\n\n\n\n<p class=\"undefined    \"><img loading=\"lazy\" decoding=\"async\" width=\"130\" height=\"17\" class=\"wp-image-4667\" style=\"width: 130px;\" src=\"https:\/\/beursvanberlage.com\/app\/uploads\/2024\/10\/label-I-amsterdam-rood-wit-1.png\" alt=\"\" srcset=\"https:\/\/beursvanberlage.com\/app\/uploads\/2024\/10\/label-I-amsterdam-rood-wit-1.png 888w, https:\/\/beursvanberlage.com\/app\/uploads\/2024\/10\/label-I-amsterdam-rood-wit-1-300x40.png 300w, https:\/\/beursvanberlage.com\/app\/uploads\/2024\/10\/label-I-amsterdam-rood-wit-1-768x103.png 768w\" sizes=\"auto, (max-width: 130px) 100vw, 130px\" \/><\/p>\n\n\n\n<p class=\"undefined    \"><img loading=\"lazy\" decoding=\"async\" width=\"13\" height=\"22\" class=\"wp-image-4654\" style=\"width: 13px;\" src=\"https:\/\/beursvanberlage.com\/app\/uploads\/2024\/10\/pijltje-1.png\" alt=\"\"> <a href=\"#top\" data-type=\"internal\" data-id=\"#top\">Retour en haut de page<\/a><\/p>\n<\/div>\n\n    <\/div>\n<\/footer>","protected":false},"excerpt":{"rendered":"","protected":false},"author":2,"featured_media":17636,"parent":17424,"menu_order":0,"comment_status":"closed","ping_status":"closed","template":"wp-custom-template-page-no-footer","meta":{"content-type":"","footnotes":""},"class_list":["post-17633","page","type-page","status-publish","has-post-thumbnail","hentry"],"_links":{"self":[{"href":"https:\/\/beursvanberlage.com\/fr\/wp-json\/wp\/v2\/pages\/17633","targetHints":{"allow":["GET"]}}],"collection":[{"href":"https:\/\/beursvanberlage.com\/fr\/wp-json\/wp\/v2\/pages"}],"about":[{"href":"https:\/\/beursvanberlage.com\/fr\/wp-json\/wp\/v2\/types\/page"}],"author":[{"embeddable":true,"href":"https:\/\/beursvanberlage.com\/fr\/wp-json\/wp\/v2\/users\/2"}],"replies":[{"embeddable":true,"href":"https:\/\/beursvanberlage.com\/fr\/wp-json\/wp\/v2\/comments?post=17633"}],"version-history":[{"count":8,"href":"https:\/\/beursvanberlage.com\/fr\/wp-json\/wp\/v2\/pages\/17633\/revisions"}],"predecessor-version":[{"id":19907,"href":"https:\/\/beursvanberlage.com\/fr\/wp-json\/wp\/v2\/pages\/17633\/revisions\/19907"}],"up":[{"embeddable":true,"href":"https:\/\/beursvanberlage.com\/fr\/wp-json\/wp\/v2\/pages\/17424"}],"wp:featuredmedia":[{"embeddable":true,"href":"https:\/\/beursvanberlage.com\/fr\/wp-json\/wp\/v2\/media\/17636"}],"wp:attachment":[{"href":"https:\/\/beursvanberlage.com\/fr\/wp-json\/wp\/v2\/media?parent=17633"}],"curies":[{"name":"wp","href":"https:\/\/api.w.org\/{rel}","templated":true}]}}