{"id":17050,"date":"2024-06-18T09:44:59","date_gmt":"2024-06-18T09:44:59","guid":{"rendered":"https:\/\/beursvanberlage.com\/?page_id=17050"},"modified":"2026-02-11T09:36:27","modified_gmt":"2026-02-11T09:36:27","slug":"actualites-blogs-et-telechargements","status":"publish","type":"page","link":"https:\/\/beursvanberlage.com\/fr\/actualites-blogs-et-telechargements\/","title":{"rendered":"Actualit\u00e9s, blogs et t\u00e9l\u00e9chargements"},"content":{"rendered":"<div class=\"wp-block-endeavour-wp-blocks-banner-w-content-card wp-block-endeavour-wp-blocks-banner-w-content-card\">\n    <div class=\"banner-w-content-card__outer-wrapper\">\n        <div class=\"banner-w-content-card__image-wrapper\">\n                            <img decoding=\"async\" class=\"banner-w-content-card__image\" src=\"https:\/\/beursvanberlage.com\/app\/uploads\/2024\/09\/20231011_DPW23_Day1_EwaldGeerdink_44-2.jpg\" alt=\"Banner Image\" \/>\n                    <\/div>\n\n        <div class=\"banner-w-content-card__content-wrapper\">\n            <div class=\"content-wrapper\">\n                <div class=\"banner-w-content-card__text-wrapper\">\n                    \n                                            <h1 class=\"banner-w-content-card__title\">\n                            Actualit\u00e9s, blogs et t\u00e9l\u00e9chargements                        <\/h1>\n                    \n                                            <p class=\"banner-w-content-card__description\">\n                            Vous trouverez ici tous nos articles d\u2019actualit\u00e9, nos blogs, nos entretiens et nos documents utiles, r\u00e9unis en un seul endroit.&lt;br&gt;Restez inform\u00e9 des derniers d\u00e9veloppements, lisez des histoires inspirantes et d\u00e9couvrez des conseils pr\u00e9cieux pour organiser votre \u00e9v\u00e9nement \u00e0 la Beurs van Berlage.&lt;br&gt;Explorez ce qui se passe et laissez-vous inspirer\u2009!                        <\/p>\n                                    <\/div>\n            <\/div>\n        <\/div>\n    <\/div>\n<\/div>\n\n\n\n<div class=\"wp-block-endeavour-wp-blocks-custom-spacer custom-spacer    \"><div style=\"height:1rem\" class=\"custom-spacer__mobile\"><\/div><div style=\"height:3rem\" class=\"custom-spacer__desktop\"><\/div><\/div>\n\n\n\n<section class=\"wp-block-endeavour-wp-blocks-content-container content-container    \"><div class=\"wp-block-endeavour-wp-blocks-content-container content-container__inner content-container__inner--medium    \"><section class=\"custom-post-type-archive wp-block-endeavour-wp-blocks-custom-posts-archives custom-post-type-archive wp-block-endeavour-wp-blocks-custom-posts-archives\" data-attributes=\"{&quot;highlightedPosts&quot;:[717],&quot;buttonText&quot;:&quot;En savoir plus&quot;,&quot;className&quot;:&quot;wp-block-endeavour-wp-blocks-custom-posts-archives custom-post-type-archive&quot;,&quot;postType&quot;:&quot;post&quot;}\">\n<\/section>\n<\/div><\/section>\n","protected":false},"excerpt":{"rendered":"","protected":false},"author":2,"featured_media":17053,"parent":0,"menu_order":0,"comment_status":"closed","ping_status":"closed","template":"","meta":{"content-type":"","footnotes":""},"class_list":["post-17050","page","type-page","status-publish","has-post-thumbnail","hentry"],"_links":{"self":[{"href":"https:\/\/beursvanberlage.com\/fr\/wp-json\/wp\/v2\/pages\/17050","targetHints":{"allow":["GET"]}}],"collection":[{"href":"https:\/\/beursvanberlage.com\/fr\/wp-json\/wp\/v2\/pages"}],"about":[{"href":"https:\/\/beursvanberlage.com\/fr\/wp-json\/wp\/v2\/types\/page"}],"author":[{"embeddable":true,"href":"https:\/\/beursvanberlage.com\/fr\/wp-json\/wp\/v2\/users\/2"}],"replies":[{"embeddable":true,"href":"https:\/\/beursvanberlage.com\/fr\/wp-json\/wp\/v2\/comments?post=17050"}],"version-history":[{"count":2,"href":"https:\/\/beursvanberlage.com\/fr\/wp-json\/wp\/v2\/pages\/17050\/revisions"}],"predecessor-version":[{"id":17055,"href":"https:\/\/beursvanberlage.com\/fr\/wp-json\/wp\/v2\/pages\/17050\/revisions\/17055"}],"wp:featuredmedia":[{"embeddable":true,"href":"https:\/\/beursvanberlage.com\/fr\/wp-json\/wp\/v2\/media\/17053"}],"wp:attachment":[{"href":"https:\/\/beursvanberlage.com\/fr\/wp-json\/wp\/v2\/media?parent=17050"}],"curies":[{"name":"wp","href":"https:\/\/api.w.org\/{rel}","templated":true}]}}