{"id":17043,"date":"2024-10-31T16:37:10","date_gmt":"2024-10-31T16:37:10","guid":{"rendered":"https:\/\/beursvanberlage.com\/?page_id=17043"},"modified":"2025-12-04T10:13:21","modified_gmt":"2025-12-04T10:13:21","slug":"disclaimer","status":"publish","type":"page","link":"https:\/\/beursvanberlage.com\/fr\/home\/conditions-et-directives\/disclaimer\/","title":{"rendered":"Disclaimer"},"content":{"rendered":"<div class=\"wp-block-endeavour-wp-blocks-banner-w-content-card wp-block-endeavour-wp-blocks-banner-w-content-card\">\n    <div class=\"banner-w-content-card__outer-wrapper\">\n        <div class=\"banner-w-content-card__image-wrapper\">\n                            <img decoding=\"async\" class=\"banner-w-content-card__image\" src=\"https:\/\/beursvanberlage.com\/app\/uploads\/2024\/10\/20191017_BeursvanBerlage_001-7260-scaled.jpg\" alt=\"Banner Image\" \/>\n                    <\/div>\n\n        <div class=\"banner-w-content-card__content-wrapper\">\n            <div class=\"content-wrapper\">\n                <div class=\"banner-w-content-card__text-wrapper\">\n                                            <div class=\"banner-w-content-card__breadcrumbs\">\n                                                                                            <a\n                                        href=\"https:\/\/beursvanberlage.com\/fr\/home\/conditions-et-directives\/\"\n                                        class=\"banner-w-content-card__breadcrumb-link \">\n                                    Conditions et directives                                <\/a>\n                                                                    <span class=\"banner-w-content-card__breadcrumb-separator\"> \/ <\/span>\n                                                                                                                            <a\n                                        href=\"#\"\n                                        class=\"banner-w-content-card__breadcrumb-link banner-w-content-card__breadcrumb-link--active\">\n                                    Disclaimer                                <\/a>\n                                                                                    <\/div>\n                    \n                                            <h1 class=\"banner-w-content-card__title\">\n                            Disclaimer                        <\/h1>\n                    \n                                    <\/div>\n            <\/div>\n        <\/div>\n    <\/div>\n<\/div>\n\n\n\n<div class=\"wp-block-endeavour-wp-blocks-custom-spacer custom-spacer    \"><div style=\"height:1rem\" class=\"custom-spacer__mobile\"><\/div><div style=\"height:3rem\" class=\"custom-spacer__desktop\"><\/div><\/div>\n\n\n\n<section class=\"wp-block-endeavour-wp-blocks-content-container content-container    \"><div class=\"wp-block-endeavour-wp-blocks-content-container content-container__inner content-container__inner--medium    \">\n<div class=\"wp-block-endeavour-wp-blocks-image-w-text-cta    \"><div class=\"image-w-text-cta__outer-wrapper\"><div class=\"content-wrapper\"><div class=\"image-w-text-cta__inner-wrapper\"><div class=\"image-w-text-cta__content-wrapper\"><h4 class=\"image-w-text-cta__title\">Beurs van Berlage disclaimer<\/h4><div class=\"image-w-text-cta__text\">Les conditions de la pr\u00e9sente clause de non-responsabilit\u00e9 (ci-apr\u00e8s d\u00e9nomm\u00e9e la \u00ab\u2009Disclaimer\u2009\u00bb) s\u2019appliquent au site web de l\u2019Amsterdam Conference Centre Beurs van Berlage.<br>Nous vous invitons \u00e0 lire attentivement cette clause. En acc\u00e9dant \u00e0 ce site web et\/ou en utilisant les informations fournies sur ou via ce site, vous acceptez la pr\u00e9sente Disclaimer\u2009.<br><\/div><div class=\"wp-block-endeavour-wp-blocks-image-w-text-cta    \"><\/div><\/div><div class=\"image-w-text-cta__image-wrapper\"><img decoding=\"async\" class=\"image-w-text-cta__image\" src=\"https:\/\/beursvanberlage.com\/app\/uploads\/2024\/10\/20241009_11_47_Beurs-van-Berlage-DPW-Michiel-LR.jpg\" alt=\"Uploaded Media\" loading=\"lazy\"\/><\/div><\/div><\/div><\/div><\/div>\n<\/div><\/section>\n\n\n\n<div class=\"wp-block-endeavour-wp-blocks-custom-spacer custom-spacer    \"><div style=\"height:1rem\" class=\"custom-spacer__mobile\"><\/div><div style=\"height:3rem\" class=\"custom-spacer__desktop\"><\/div><\/div>\n\n\n\n<section class=\"wp-block-endeavour-wp-blocks-content-container content-container    \"><div class=\"wp-block-endeavour-wp-blocks-content-container content-container__inner content-container__inner--medium    \">\n<div class=\"wp-block-columns is-layout-flex wp-container-core-columns-is-layout-28f84493 wp-block-columns-is-layout-flex\">\n<div class=\"wp-block-column is-layout-flow wp-block-column-is-layout-flow\">\n<h5 class=\"wp-block-heading    \">Responsabilit\u00e9<\/h5>\n\n\n\n<p class=\"undefined    \">Nous avons \u00e9labor\u00e9 notre site web avec le plus grand soin, mais nous ne pouvons pas garantir que toutes les informations soient enti\u00e8rement exemptes d\u2019erreurs. Les informations de ce site ont un caract\u00e8re g\u00e9n\u00e9ral et ne conf\u00e8rent aucun droit.<br>L\u2019utilisation de ces informations se fait enti\u00e8rement \u00e0 vos propres risques\u2009; nous ne sommes pas responsables des dommages r\u00e9sultant de l\u2019utilisation de notre site ou des informations qui y sont pr\u00e9sent\u00e9es.<\/p>\n\n\n\n<div style=\"height:20px\" aria-hidden=\"true\" class=\"wp-block-spacer    \"><\/div>\n\n\n\n<h5 class=\"wp-block-heading    \">Perturbations techniques<\/h5>\n\n\n\n<p class=\"undefined    \">Lors de votre visite sur notre site web, des probl\u00e8mes techniques (notamment des virus) peuvent survenir. Nous ne sommes pas responsables des perturbations ou d\u00e9fauts susceptibles de se produire lors de votre visite sur ce site ou sur des sites li\u00e9s.<\/p>\n\n\n\n<div style=\"height:20px\" aria-hidden=\"true\" class=\"wp-block-spacer    \"><\/div>\n\n\n\n<h5 class=\"wp-block-heading    \">Liens vers d\u2019autres sites web<\/h5>\n\n\n\n<p class=\"undefined    \">Notre site peut contenir des liens vers des sites externes qui ne sont pas sous notre contr\u00f4le. Ces liens sont fournis \u00e0 titre de service et n\u2019impliquent aucune approbation de leur contenu. Nous n\u2019assumons aucune responsabilit\u00e9 quant au contenu ou \u00e0 la disponibilit\u00e9 de ces sites externes.<\/p>\n<\/div>\n\n\n\n<div class=\"wp-block-column is-layout-flow wp-block-column-is-layout-flow\">\n<h5 class=\"wp-block-heading    \">Droits d\u2019auteur<\/h5>\n\n\n\n<p class=\"undefined    \">Toutes les informations pr\u00e9sentes sur ce site web (telles que textes, images et logos) sont prot\u00e9g\u00e9es par des droits de propri\u00e9t\u00e9 intellectuelle appartenant \u00e0 la Beurs van Berlage ou \u00e0 nos partenaires.<br>Ces informations ne peuvent \u00eatre copi\u00e9es, t\u00e9l\u00e9charg\u00e9es, publi\u00e9es ou distribu\u00e9es sans autorisation \u00e9crite pr\u00e9alable, sauf pour un usage strictement personnel.<\/p>\n\n\n\n<div style=\"height:20px\" aria-hidden=\"true\" class=\"wp-block-spacer    \"><\/div>\n\n\n\n<h5 class=\"wp-block-heading    \">Droit applicable<\/h5>\n\n\n\n<p class=\"undefined    \">Ce site web et la pr\u00e9sente Disclaimer sont r\u00e9gis par le droit n\u00e9erlandais.<br>Tout litige sera soumis au tribunal comp\u00e9tent aux Pays-Bas.<\/p>\n\n\n\n<div style=\"height:20px\" aria-hidden=\"true\" class=\"wp-block-spacer    \"><\/div>\n\n\n\n<h5 class=\"wp-block-heading    \">Modifications<\/h5>\n\n\n\n<p class=\"undefined    \">Nous nous r\u00e9servons le droit de modifier \u00e0 tout moment les informations figurant sur ce site web, y compris la pr\u00e9sente Disclaimer de non-responsabilit\u00e9.<\/p>\n<\/div>\n<\/div>\n<\/div><\/section>\n","protected":false},"excerpt":{"rendered":"","protected":false},"author":2,"featured_media":15803,"parent":17022,"menu_order":0,"comment_status":"closed","ping_status":"closed","template":"","meta":{"content-type":"","footnotes":""},"class_list":["post-17043","page","type-page","status-publish","has-post-thumbnail","hentry"],"_links":{"self":[{"href":"https:\/\/beursvanberlage.com\/fr\/wp-json\/wp\/v2\/pages\/17043","targetHints":{"allow":["GET"]}}],"collection":[{"href":"https:\/\/beursvanberlage.com\/fr\/wp-json\/wp\/v2\/pages"}],"about":[{"href":"https:\/\/beursvanberlage.com\/fr\/wp-json\/wp\/v2\/types\/page"}],"author":[{"embeddable":true,"href":"https:\/\/beursvanberlage.com\/fr\/wp-json\/wp\/v2\/users\/2"}],"replies":[{"embeddable":true,"href":"https:\/\/beursvanberlage.com\/fr\/wp-json\/wp\/v2\/comments?post=17043"}],"version-history":[{"count":3,"href":"https:\/\/beursvanberlage.com\/fr\/wp-json\/wp\/v2\/pages\/17043\/revisions"}],"predecessor-version":[{"id":17047,"href":"https:\/\/beursvanberlage.com\/fr\/wp-json\/wp\/v2\/pages\/17043\/revisions\/17047"}],"up":[{"embeddable":true,"href":"https:\/\/beursvanberlage.com\/fr\/wp-json\/wp\/v2\/pages\/17022"}],"wp:featuredmedia":[{"embeddable":true,"href":"https:\/\/beursvanberlage.com\/fr\/wp-json\/wp\/v2\/media\/15803"}],"wp:attachment":[{"href":"https:\/\/beursvanberlage.com\/fr\/wp-json\/wp\/v2\/media?parent=17043"}],"curies":[{"name":"wp","href":"https:\/\/api.w.org\/{rel}","templated":true}]}}