{"id":17038,"date":"2024-11-05T15:32:17","date_gmt":"2024-11-05T15:32:17","guid":{"rendered":"https:\/\/beursvanberlage.com\/?page_id=17038"},"modified":"2025-12-04T10:06:33","modified_gmt":"2025-12-04T10:06:33","slug":"politique-en-matiere-de-cookies","status":"publish","type":"page","link":"https:\/\/beursvanberlage.com\/fr\/home\/conditions-et-directives\/politique-en-matiere-de-cookies\/","title":{"rendered":"Politique en mati\u00e8re de cookies"},"content":{"rendered":"<div class=\"wp-block-endeavour-wp-blocks-banner-w-content-card wp-block-endeavour-wp-blocks-banner-w-content-card\">\n    <div class=\"banner-w-content-card__outer-wrapper\">\n        <div class=\"banner-w-content-card__image-wrapper\">\n                            <img decoding=\"async\" class=\"banner-w-content-card__image\" src=\"https:\/\/beursvanberlage.com\/app\/uploads\/2024\/10\/20151120_BeursvanBerlage_001-6961lr.jpg\" alt=\"Banner Image\" \/>\n                    <\/div>\n\n        <div class=\"banner-w-content-card__content-wrapper\">\n            <div class=\"content-wrapper\">\n                <div class=\"banner-w-content-card__text-wrapper\">\n                                            <div class=\"banner-w-content-card__breadcrumbs\">\n                                                                                            <a\n                                        href=\"https:\/\/beursvanberlage.com\/fr\/home\/conditions-et-directives\/\"\n                                        class=\"banner-w-content-card__breadcrumb-link \">\n                                    Conditions et directives                                <\/a>\n                                                                    <span class=\"banner-w-content-card__breadcrumb-separator\"> \/ <\/span>\n                                                                                                                            <a\n                                        href=\"#\"\n                                        class=\"banner-w-content-card__breadcrumb-link banner-w-content-card__breadcrumb-link--active\">\n                                    Politique en mati\u00e8re de cookies                                <\/a>\n                                                                                    <\/div>\n                    \n                                            <h1 class=\"banner-w-content-card__title\">\n                            Politique en mati\u00e8re de cookies                        <\/h1>\n                    \n                                    <\/div>\n            <\/div>\n        <\/div>\n    <\/div>\n<\/div>\n\n\n\n<div class=\"wp-block-endeavour-wp-blocks-custom-spacer custom-spacer    \"><div style=\"height:1rem\" class=\"custom-spacer__mobile\"><\/div><div style=\"height:3rem\" class=\"custom-spacer__desktop\"><\/div><\/div>\n\n\n\n<section class=\"wp-block-endeavour-wp-blocks-content-container content-container    \"><div class=\"wp-block-endeavour-wp-blocks-content-container content-container__inner content-container__inner--medium    \">\n<div class=\"wp-block-endeavour-wp-blocks-image-w-text-cta    \"><div class=\"image-w-text-cta__outer-wrapper\"><div class=\"content-wrapper\"><div class=\"image-w-text-cta__inner-wrapper\"><div class=\"image-w-text-cta__content-wrapper\"><h4 class=\"image-w-text-cta__title\">Politique en mati\u00e8re de cookies de la Beurs van Berlage<\/h4><div class=\"image-w-text-cta__text\">Nous utilisons des cookies et des technologies similaires sur ce site web. Nous le faisons pour garantir le bon fonctionnement du site, pour obtenir des informations sur son utilisation et \u2014 avec votre consentement \u2014 pour proposer un contenu et des publicit\u00e9s personnalis\u00e9s.<br><br>Que sont les cookies ?<br>Les cookies sont de petits fichiers texte plac\u00e9s sur votre ordinateur, tablette ou smartphone lorsque vous visitez notre site web. Ils contribuent \u00e0 am\u00e9liorer votre exp\u00e9rience utilisateur.<\/div><div class=\"wp-block-endeavour-wp-blocks-image-w-text-cta    \">\n<p class=\"undefined    \"><\/p>\n<\/div><\/div><div class=\"image-w-text-cta__image-wrapper\"><img decoding=\"async\" class=\"image-w-text-cta__image\" src=\"https:\/\/beursvanberlage.com\/app\/uploads\/2024\/10\/ETH-GLOBAL_AMS_WEB-READY_32-scaled.jpg\" alt=\"Uploaded Media\" loading=\"lazy\"\/><\/div><\/div><\/div><\/div><\/div>\n<\/div><\/section>\n\n\n\n<div class=\"wp-block-endeavour-wp-blocks-custom-spacer custom-spacer    \"><div style=\"height:1rem\" class=\"custom-spacer__mobile\"><\/div><div style=\"height:3rem\" class=\"custom-spacer__desktop\"><\/div><\/div>\n\n\n\n<section class=\"wp-block-endeavour-wp-blocks-content-container content-container    \"><div class=\"wp-block-endeavour-wp-blocks-content-container content-container__inner content-container__inner--medium    \">\n<div class=\"wp-block-columns is-layout-flex wp-container-core-columns-is-layout-28f84493 wp-block-columns-is-layout-flex\">\n<div class=\"wp-block-column is-layout-flow wp-block-column-is-layout-flow\">\n<h5 class=\"wp-block-heading    \">Quels cookies utilisons-nous ?<\/h5>\n\n\n\n<p class=\"undefined    \"><strong>Cookies fonctionnels (cookies internes de session)<\/strong> :<br>Indispensables au fonctionnement du site (par exemple : pr\u00e9f\u00e9rence linguistique, connexion).<br>Dur\u00e9e de conservation : expire \u00e0 la fin de la session.<\/p>\n\n\n\n<p class=\"undefined    \"><strong>Cookies analytiques (Google Analytics, Matomo)<\/strong> <strong>:<\/strong> <br>Nous aident \u00e0 comprendre et \u00e0 am\u00e9liorer l\u2019utilisation du site.<br>Dur\u00e9e de conservation : maximum 24 mois<\/p>\n\n\n\n<p class=\"undefined    \"><strong>Cookies de suivi (HubSpot, Facebook Pixel) :<\/strong> <br>Suivent votre comportement de navigation pour proposer des publicit\u00e9s personnalis\u00e9es.<br>Dur\u00e9e de conservation : maximum 12 mois.<\/p>\n\n\n\n<p class=\"undefined    \"><strong>Cookies de r\u00e9seaux sociaux (LinkedIn, YouTube) :<\/strong><br>Permettent l\u2019interaction avec des plateformes de r\u00e9seaux sociaux.<br>Dur\u00e9e de conservation : variable selon le tiers concern\u00e9<\/p>\n\n\n\n<div style=\"height:20px\" aria-hidden=\"true\" class=\"wp-block-spacer    \"><\/div>\n\n\n\n<h5 class=\"wp-block-heading    \">Consentement<\/h5>\n\n\n\n<p class=\"undefined    \">Lors de votre premi\u00e8re visite, une banni\u00e8re de cookies appara\u00eet et vous permet d\u2019indiquer vos pr\u00e9f\u00e9rences par cat\u00e9gorie.<br>Vous pouvez modifier vos pr\u00e9f\u00e9rences \u00e0 tout moment via notre tableau de gestion des cookies.<\/p>\n<\/div>\n\n\n\n<div class=\"wp-block-column is-layout-flow wp-block-column-is-layout-flow\">\n<h5 class=\"wp-block-heading    \">Partage de donn\u00e9es avec des tiers<\/h5>\n\n\n\n<p class=\"undefined    \">Certains cookies sont plac\u00e9s par des parties situ\u00e9es hors de l\u2019UE, telles que Google ou Meta.<br>Ces parties respectent le EU-US Data Privacy Framework ou d\u2019autres garanties appropri\u00e9es.<\/p>\n\n\n\n<div style=\"height:0px\" aria-hidden=\"true\" class=\"wp-block-spacer    \"><\/div>\n\n\n\n<h5 class=\"wp-block-heading    \">Gestion des cookies<\/h5>\n\n\n\n<p class=\"undefined    \">Vous pouvez supprimer ou bloquer les cookies via les param\u00e8tres de votre navigateur.<br>Veuillez noter que certaines fonctionnalit\u00e9s du site pourraient ne plus fonctionner correctement.<\/p>\n\n\n\n<div style=\"height:20px\" aria-hidden=\"true\" class=\"wp-block-spacer    \"><\/div>\n\n\n\n<h5 class=\"wp-block-heading    \">Modifications<\/h5>\n\n\n\n<p class=\"undefined    \">Cette politique peut \u00eatre mise \u00e0 jour p\u00e9riodiquement. Nous vous recommandons de la consulter r\u00e9guli\u00e8rement.<\/p>\n\n\n\n<p class=\"undefined    \">Derni\u00e8re mise \u00e0 jour : avril 2025.<\/p>\n\n\n\n<p class=\"undefined    \">Pour toute question concernant notre politique en mati\u00e8re de cookies, veuillez contacter <a href=\"mailto:marketing@beursvanberlage.com\">marketing@beursvanberlage.com<\/a>.<\/p>\n<\/div>\n<\/div>\n<\/div><\/section>\n","protected":false},"excerpt":{"rendered":"","protected":false},"author":2,"featured_media":17040,"parent":17022,"menu_order":0,"comment_status":"closed","ping_status":"closed","template":"","meta":{"content-type":"","footnotes":""},"class_list":["post-17038","page","type-page","status-publish","has-post-thumbnail","hentry"],"_links":{"self":[{"href":"https:\/\/beursvanberlage.com\/fr\/wp-json\/wp\/v2\/pages\/17038","targetHints":{"allow":["GET"]}}],"collection":[{"href":"https:\/\/beursvanberlage.com\/fr\/wp-json\/wp\/v2\/pages"}],"about":[{"href":"https:\/\/beursvanberlage.com\/fr\/wp-json\/wp\/v2\/types\/page"}],"author":[{"embeddable":true,"href":"https:\/\/beursvanberlage.com\/fr\/wp-json\/wp\/v2\/users\/2"}],"replies":[{"embeddable":true,"href":"https:\/\/beursvanberlage.com\/fr\/wp-json\/wp\/v2\/comments?post=17038"}],"version-history":[{"count":3,"href":"https:\/\/beursvanberlage.com\/fr\/wp-json\/wp\/v2\/pages\/17038\/revisions"}],"predecessor-version":[{"id":17042,"href":"https:\/\/beursvanberlage.com\/fr\/wp-json\/wp\/v2\/pages\/17038\/revisions\/17042"}],"up":[{"embeddable":true,"href":"https:\/\/beursvanberlage.com\/fr\/wp-json\/wp\/v2\/pages\/17022"}],"wp:featuredmedia":[{"embeddable":true,"href":"https:\/\/beursvanberlage.com\/fr\/wp-json\/wp\/v2\/media\/17040"}],"wp:attachment":[{"href":"https:\/\/beursvanberlage.com\/fr\/wp-json\/wp\/v2\/media?parent=17038"}],"curies":[{"name":"wp","href":"https:\/\/api.w.org\/{rel}","templated":true}]}}