{"id":17032,"date":"2024-11-15T09:51:22","date_gmt":"2024-11-15T09:51:22","guid":{"rendered":"https:\/\/beursvanberlage.com\/?page_id=17032"},"modified":"2025-12-04T09:59:53","modified_gmt":"2025-12-04T09:59:53","slug":"code-de-conduite","status":"publish","type":"page","link":"https:\/\/beursvanberlage.com\/fr\/home\/conditions-et-directives\/code-de-conduite\/","title":{"rendered":"Code de conduite"},"content":{"rendered":"<div class=\"wp-block-endeavour-wp-blocks-banner-w-content-card wp-block-endeavour-wp-blocks-banner-w-content-card\">\n    <div class=\"banner-w-content-card__outer-wrapper\">\n        <div class=\"banner-w-content-card__image-wrapper\">\n                            <img decoding=\"async\" class=\"banner-w-content-card__image\" src=\"https:\/\/beursvanberlage.com\/app\/uploads\/2024\/11\/20241009_08_35_Beurs-van-Berlage-DPW-Michiel-LR.jpg\" alt=\"Banner Image\" \/>\n                    <\/div>\n\n        <div class=\"banner-w-content-card__content-wrapper\">\n            <div class=\"content-wrapper\">\n                <div class=\"banner-w-content-card__text-wrapper\">\n                                            <div class=\"banner-w-content-card__breadcrumbs\">\n                                                                                            <a\n                                        href=\"https:\/\/beursvanberlage.com\/fr\/home\/conditions-et-directives\/\"\n                                        class=\"banner-w-content-card__breadcrumb-link \">\n                                    Conditions et directives                                <\/a>\n                                                                    <span class=\"banner-w-content-card__breadcrumb-separator\"> \/ <\/span>\n                                                                                                                            <a\n                                        href=\"#\"\n                                        class=\"banner-w-content-card__breadcrumb-link banner-w-content-card__breadcrumb-link--active\">\n                                    Code de conduite                                <\/a>\n                                                                                    <\/div>\n                    \n                                            <h1 class=\"banner-w-content-card__title\">\n                            Code de conduite                        <\/h1>\n                    \n                                    <\/div>\n            <\/div>\n        <\/div>\n    <\/div>\n<\/div>\n\n\n\n<div class=\"wp-block-endeavour-wp-blocks-custom-spacer custom-spacer    \"><div style=\"height:1rem\" class=\"custom-spacer__mobile\"><\/div><div style=\"height:3rem\" class=\"custom-spacer__desktop\"><\/div><\/div>\n\n\n\n<section class=\"wp-block-endeavour-wp-blocks-content-container content-container    \"><div class=\"wp-block-endeavour-wp-blocks-content-container content-container__inner content-container__inner--medium    \">\n<div class=\"wp-block-endeavour-wp-blocks-image-w-text-cta    \"><div class=\"image-w-text-cta__outer-wrapper\"><div class=\"content-wrapper\"><div class=\"image-w-text-cta__inner-wrapper\"><div class=\"image-w-text-cta__content-wrapper\"><h4 class=\"image-w-text-cta__title\">Code de conduite de la Beurs van Berlage<\/h4><div class=\"image-w-text-cta__text\">La Beurs van Berlage, en tant que centre de congr\u00e8s et d\u2019\u00e9v\u00e9nements, est un lieu de rencontre ouvert \u00e0 toutes et \u00e0 tous. Nous accueillons chaleureusement des personnes de toutes nationalit\u00e9s, origines ethniques, identit\u00e9s de genre, orientations sexuelles, convictions politiques et bien plus encore. Cette inclusivit\u00e9 s\u2019applique \u00e0 nos clients et visiteurs, mais aussi \u00e0 nos talents et aux entreprises avec lesquelles nous collaborons.<br><\/div><div class=\"wp-block-endeavour-wp-blocks-image-w-text-cta    \"><\/div><\/div><div class=\"image-w-text-cta__image-wrapper\"><img decoding=\"async\" class=\"image-w-text-cta__image\" src=\"https:\/\/beursvanberlage.com\/app\/uploads\/2024\/11\/ElasticOn-EBZ2.jpg\" alt=\"Uploaded Media\" loading=\"lazy\"\/><\/div><\/div><\/div><\/div><\/div>\n<\/div><\/section>\n\n\n\n<div class=\"wp-block-endeavour-wp-blocks-custom-spacer custom-spacer    \"><div style=\"height:1rem\" class=\"custom-spacer__mobile\"><\/div><div style=\"height:3rem\" class=\"custom-spacer__desktop\"><\/div><\/div>\n\n\n\n<section class=\"wp-block-endeavour-wp-blocks-content-container content-container    \"><div class=\"wp-block-endeavour-wp-blocks-content-container content-container__inner content-container__inner--medium    \">\n<div class=\"wp-block-columns is-layout-flex wp-container-core-columns-is-layout-28f84493 wp-block-columns-is-layout-flex\">\n<div class=\"wp-block-column is-layout-flow wp-block-column-is-layout-flow\">\n<p class=\"undefined    \">Nous croyons fermement \u00e0 l\u2019\u00e9galit\u00e9 entre toutes les personnes, et cette conviction guide chacune de nos interactions. L\u2019\u00e9galit\u00e9 ne signifie pas uniformit\u00e9 : au contraire, nous consid\u00e9rons la diversit\u00e9 comme une valeur essentielle.<\/p>\n\n\n\n<div style=\"height:20px\" aria-hidden=\"true\" class=\"wp-block-spacer    \"><\/div>\n\n\n\n<p class=\"undefined    \">Les droits humains, tels que d\u00e9finis dans la D\u00e9claration universelle des droits de l\u2019homme, sont toujours respect\u00e9s, y compris dans l\u2019ensemble de notre cha\u00eene d\u2019approvisionnement en biens et services. \u00c0 cet \u00e9gard, nous faisons appel \u00e0 de nombreux partenaires externes. Nous tenons nos partenaires et fournisseurs responsables gr\u00e2ce \u00e0 des clauses contractuelles. Si nous constatons des \u00e9carts, nous n\u2019h\u00e9sitons pas \u00e0 intervenir et, si n\u00e9cessaire, \u00e0 mettre fin \u00e0 la collaboration.<\/p>\n<\/div>\n\n\n\n<div class=\"wp-block-column is-layout-flow wp-block-column-is-layout-flow\">\n<p class=\"undefined    \">Nous ne tol\u00e9rons aucune violation des droits humains au sein de notre organisation \u2014 que cela concerne un client, un visiteur, un fournisseur ou un partenaire. Nous respectons la l\u00e9gislation en vigueur, tout en reconnaissant que les ant\u00e9c\u00e9dents complets de ces parties ne sont pas toujours pleinement transparents et peuvent parfois entrer en conflit avec notre objectif premier : \u00eatre un lieu de rencontre pour toutes et tous.<\/p>\n\n\n\n<div style=\"height:20px\" aria-hidden=\"true\" class=\"wp-block-spacer    \"><\/div>\n\n\n\n<p class=\"undefined    \">Nous appliquons une politique stricte de lutte contre la corruption et la fraude. L\u2019acceptation ou la tol\u00e9rance de tentatives de corruption est strictement interdite.<\/p>\n<\/div>\n<\/div>\n<\/div><\/section>\n","protected":false},"excerpt":{"rendered":"","protected":false},"author":2,"featured_media":16402,"parent":17022,"menu_order":0,"comment_status":"closed","ping_status":"closed","template":"","meta":{"content-type":"","footnotes":""},"class_list":["post-17032","page","type-page","status-publish","has-post-thumbnail","hentry"],"_links":{"self":[{"href":"https:\/\/beursvanberlage.com\/fr\/wp-json\/wp\/v2\/pages\/17032","targetHints":{"allow":["GET"]}}],"collection":[{"href":"https:\/\/beursvanberlage.com\/fr\/wp-json\/wp\/v2\/pages"}],"about":[{"href":"https:\/\/beursvanberlage.com\/fr\/wp-json\/wp\/v2\/types\/page"}],"author":[{"embeddable":true,"href":"https:\/\/beursvanberlage.com\/fr\/wp-json\/wp\/v2\/users\/2"}],"replies":[{"embeddable":true,"href":"https:\/\/beursvanberlage.com\/fr\/wp-json\/wp\/v2\/comments?post=17032"}],"version-history":[{"count":4,"href":"https:\/\/beursvanberlage.com\/fr\/wp-json\/wp\/v2\/pages\/17032\/revisions"}],"predecessor-version":[{"id":17037,"href":"https:\/\/beursvanberlage.com\/fr\/wp-json\/wp\/v2\/pages\/17032\/revisions\/17037"}],"up":[{"embeddable":true,"href":"https:\/\/beursvanberlage.com\/fr\/wp-json\/wp\/v2\/pages\/17022"}],"wp:featuredmedia":[{"embeddable":true,"href":"https:\/\/beursvanberlage.com\/fr\/wp-json\/wp\/v2\/media\/16402"}],"wp:attachment":[{"href":"https:\/\/beursvanberlage.com\/fr\/wp-json\/wp\/v2\/media?parent=17032"}],"curies":[{"name":"wp","href":"https:\/\/api.w.org\/{rel}","templated":true}]}}