{"id":17022,"date":"2024-10-29T14:41:12","date_gmt":"2024-10-29T14:41:12","guid":{"rendered":"https:\/\/beursvanberlage.com\/?page_id=17022"},"modified":"2025-12-04T10:15:22","modified_gmt":"2025-12-04T10:15:22","slug":"conditions-et-directives","status":"publish","type":"page","link":"https:\/\/beursvanberlage.com\/fr\/home\/conditions-et-directives\/","title":{"rendered":"Conditions et directives"},"content":{"rendered":"<div class=\"wp-block-endeavour-wp-blocks-banner-w-content-card wp-block-endeavour-wp-blocks-banner-w-content-card\">\n    <div class=\"banner-w-content-card__outer-wrapper\">\n        <div class=\"banner-w-content-card__image-wrapper\">\n                            <img decoding=\"async\" class=\"banner-w-content-card__image\" src=\"https:\/\/beursvanberlage.com\/app\/uploads\/2024\/10\/1-BvB-Administratiezaal.jpg\" alt=\"Banner Image\" \/>\n                    <\/div>\n\n        <div class=\"banner-w-content-card__content-wrapper\">\n            <div class=\"content-wrapper\">\n                <div class=\"banner-w-content-card__text-wrapper\">\n                    \n                                            <h1 class=\"banner-w-content-card__title\">\n                            Conditions et directives                        <\/h1>\n                    \n                                    <\/div>\n            <\/div>\n        <\/div>\n    <\/div>\n<\/div>\n\n\n\n<div class=\"wp-block-endeavour-wp-blocks-custom-spacer custom-spacer    \"><div style=\"height:1rem\" class=\"custom-spacer__mobile\"><\/div><div style=\"height:3rem\" class=\"custom-spacer__desktop\"><\/div><\/div>\n\n\n\n<section class=\"wp-block-endeavour-wp-blocks-content-container content-container    \"><div class=\"wp-block-endeavour-wp-blocks-content-container content-container__inner content-container__inner--medium    \">\n<div class=\"wp-block-endeavour-wp-blocks-image-w-text-cta    \"><div class=\"image-w-text-cta__outer-wrapper\"><div class=\"content-wrapper\"><div class=\"image-w-text-cta__inner-wrapper\"><div class=\"image-w-text-cta__content-wrapper\"><h4 class=\"image-w-text-cta__title\">Documents importants<\/h4><div class=\"image-w-text-cta__text\">Pour les organisateurs, participants, fournisseurs, locataires et visiteurs de la Beurs van Berlage, nous mettons \u00e0 disposition un ensemble de documents essentiels.<br>Vous y trouverez nos conditions g\u00e9n\u00e9rales, notre d\u00e9claration de confidentialit\u00e9 ainsi que d\u2019autres documents de politique interne n\u00e9cessaires pour garantir une exp\u00e9rience fluide dans notre monument historique.<br>Nous vous recommandons de consulter ces documents afin d\u2019\u00eatre pleinement inform\u00e9 de nos directives et de nos politiques.<\/div><div class=\"wp-block-endeavour-wp-blocks-image-w-text-cta    \">\n<ul class=\"wp-block-list    \">\n<li class=\"undefined    \"><a href=\"https:\/\/beursvanberlage.com\/app\/uploads\/2025\/02\/General-Terms-Conditions-Amsterdam-Conference-Centre-Beurs-van-Berlage-ENG-February-2025.pdf\" target=\"_blank\" rel=\"noreferrer noopener\">Conditions g\u00e9n\u00e9rales \u00bb<\/a><\/li>\n\n\n\n<li class=\"undefined    \"><a href=\"https:\/\/beursvanberlage.com\/app\/uploads\/2024\/10\/General-purchase-conditions-Beurs-van-Berlage-def-3.0-september-2023.pdf\">Conditions g\u00e9n\u00e9rales d\u2019achat \u00bb<\/a><\/li>\n\n\n\n<li class=\"undefined    \"><a href=\"https:\/\/beursvanberlage.com\/fr\/home\/conditions-et-directives\/politique-en-matiere-de-cookies\/\" data-type=\"page\" data-id=\"17038\">Politique en mati\u00e8re de cookies \u00bb<\/a><\/li>\n\n\n\n<li class=\"undefined    \"><a href=\"https:\/\/beursvanberlage.com\/fr\/home\/conditions-et-directives\/disclaimer\/\" data-type=\"page\" data-id=\"17043\">Clause de non-responsabilit\u00e9 (Disclaimer) \u00bb<\/a><\/li>\n\n\n\n<li class=\"undefined    \"><a href=\"https:\/\/beursvanberlage.com\/fr\/home\/conditions-et-directives\/code-de-conduite\/\" data-type=\"page\" data-id=\"17032\">Code de conduite \u00bb<\/a><\/li>\n\n\n\n<li class=\"undefined    \"><a href=\"https:\/\/indd.adobe.com\/view\/0c8468b4-5c29-465e-9c6e-5f78df3f2d91\" target=\"_blank\" rel=\"noreferrer noopener\">R\u00e8glement int\u00e9rieur \u00bb<\/a><\/li>\n\n\n\n<li class=\"undefined    \"><a href=\"https:\/\/beursvanberlage.com\/app\/uploads\/2025\/04\/Privacy-Statement-Beurs-van-Berlage-CV_20250422_EN.pdf\">D\u00e9claration de confidentialit\u00e9 \u00bb<\/a><\/li>\n<\/ul>\n<\/div><\/div><div class=\"image-w-text-cta__image-wrapper\"><img decoding=\"async\" class=\"image-w-text-cta__image\" src=\"https:\/\/beursvanberlage.com\/app\/uploads\/2024\/10\/20241009_09_18_Beurs-van-Berlage-DPW-Michiel-LR-1.jpg\" alt=\"Uploaded Media\" loading=\"lazy\"\/><\/div><\/div><\/div><\/div><\/div>\n<\/div><\/section>\n\n\n\n<div class=\"wp-block-endeavour-wp-blocks-custom-spacer custom-spacer    \"><div style=\"height:1rem\" class=\"custom-spacer__mobile\"><\/div><div style=\"height:3rem\" class=\"custom-spacer__desktop\"><\/div><\/div>\n\n\n\n<section class=\"wp-block-endeavour-wp-blocks-content-container content-container    \"><div class=\"wp-block-endeavour-wp-blocks-content-container content-container__inner content-container__inner--full    \">\n<div class=\"wp-block-endeavour-wp-blocks-contact-form     contact-form\"><div class=\"contact-form__outer-wrapper \"><div class=\"content-wrapper\"><div class=\"contact-form__inner-wrapper\"><div class=\"contact-form__content-wrapper\"><div class=\"contact-form__text-wrapper\"><h4 class=\"contact-form__title\">Get in touch<\/h4><p class=\"contact-form__description\">Fill in your details, and we\u2019ll get back to you as soon as possible to answer your questions or discuss your plans. <br><br>Please note that, due to the scale and nature of our venue, we only process event enquiries for <strong>groups of 200 guests or more<\/strong>.<br><br><strong>Prefer direct contact? <\/strong><br>Call us at <strong><a href=\"tel:+31205313355\">+31 (0)20 &#8211; 531 33 55<\/a><\/strong> or email us at <a href=\"mailto:events@beursvanberlage.com\">events@beursvanberlage.com<\/a>. <br><br>We look forward to helping you!<\/p><\/div><\/div><div class=\"contact-form__form-wrapper\"><script charset=\"utf-8\" type=\"text\/javascript\" src=\"\/\/js.hsforms.net\/forms\/embed\/v2.js\"><\/script>\n<script>\n  hbspt.forms.create({\n    portalId: \"5233325\",\n    formId: \"842075d2-7f66-41e1-81cd-7fcf93e418bc\"\n  });\n<\/script><\/div><\/div><\/div><\/div><\/div>\n<\/div><\/section>\n","protected":false},"excerpt":{"rendered":"","protected":false},"author":2,"featured_media":17024,"parent":16997,"menu_order":0,"comment_status":"closed","ping_status":"closed","template":"","meta":{"content-type":"","footnotes":""},"class_list":["post-17022","page","type-page","status-publish","has-post-thumbnail","hentry"],"_links":{"self":[{"href":"https:\/\/beursvanberlage.com\/fr\/wp-json\/wp\/v2\/pages\/17022","targetHints":{"allow":["GET"]}}],"collection":[{"href":"https:\/\/beursvanberlage.com\/fr\/wp-json\/wp\/v2\/pages"}],"about":[{"href":"https:\/\/beursvanberlage.com\/fr\/wp-json\/wp\/v2\/types\/page"}],"author":[{"embeddable":true,"href":"https:\/\/beursvanberlage.com\/fr\/wp-json\/wp\/v2\/users\/2"}],"replies":[{"embeddable":true,"href":"https:\/\/beursvanberlage.com\/fr\/wp-json\/wp\/v2\/comments?post=17022"}],"version-history":[{"count":4,"href":"https:\/\/beursvanberlage.com\/fr\/wp-json\/wp\/v2\/pages\/17022\/revisions"}],"predecessor-version":[{"id":17049,"href":"https:\/\/beursvanberlage.com\/fr\/wp-json\/wp\/v2\/pages\/17022\/revisions\/17049"}],"up":[{"embeddable":true,"href":"https:\/\/beursvanberlage.com\/fr\/wp-json\/wp\/v2\/pages\/16997"}],"wp:featuredmedia":[{"embeddable":true,"href":"https:\/\/beursvanberlage.com\/fr\/wp-json\/wp\/v2\/media\/17024"}],"wp:attachment":[{"href":"https:\/\/beursvanberlage.com\/fr\/wp-json\/wp\/v2\/media?parent=17022"}],"curies":[{"name":"wp","href":"https:\/\/api.w.org\/{rel}","templated":true}]}}