{"id":16458,"date":"2024-10-16T17:45:48","date_gmt":"2024-10-16T17:45:48","guid":{"rendered":"https:\/\/beursvanberlage.com\/?page_id=16458"},"modified":"2025-11-26T15:16:18","modified_gmt":"2025-11-26T15:16:18","slug":"decorations","status":"publish","type":"page","link":"https:\/\/beursvanberlage.com\/fr\/a-propos-de-la-beurs\/decorations\/","title":{"rendered":"D\u00e9corations"},"content":{"rendered":"<div class=\"wp-block-endeavour-wp-blocks-banner-w-content-card wp-block-endeavour-wp-blocks-banner-w-content-card\">\n    <div class=\"banner-w-content-card__outer-wrapper\">\n        <div class=\"banner-w-content-card__image-wrapper\">\n                            <img decoding=\"async\" class=\"banner-w-content-card__image\" src=\"https:\/\/beursvanberlage.com\/app\/uploads\/2024\/10\/Hoofdentree-1024x531-1.jpg\" alt=\"Banner Image\" \/>\n                    <\/div>\n\n        <div class=\"banner-w-content-card__content-wrapper\">\n            <div class=\"content-wrapper\">\n                <div class=\"banner-w-content-card__text-wrapper\">\n                                            <div class=\"banner-w-content-card__breadcrumbs\">\n                                                                                            <a\n                                        href=\"https:\/\/beursvanberlage.com\/fr\/?page_id=16458\"\n                                        class=\"banner-w-content-card__breadcrumb-link \">\n                                    D\u00e9corations                                <\/a>\n                                                                                    <\/div>\n                    \n                                            <h1 class=\"banner-w-content-card__title\">\n                            D\u00e9corations                        <\/h1>\n                    \n                                            <p class=\"banner-w-content-card__description\">\n                            Depuis plus d\u2019un si\u00e8cle, la Beurs van Berlage est un rep\u00e8re embl\u00e9matique au c\u0153ur d\u2019Amsterdam. Ce monument national, construit en 1903 par l\u2019architecte Hendrik Pieter Berlage, est consid\u00e9r\u00e9 comme le premier exemple d\u2019architecture moderne aux Pays-Bas.                        <\/p>\n                                    <\/div>\n            <\/div>\n        <\/div>\n    <\/div>\n<\/div>\n\n\n\n<div class=\"wp-block-endeavour-wp-blocks-custom-spacer custom-spacer    \"><div style=\"height:1rem\" class=\"custom-spacer__mobile\"><\/div><div style=\"height:3rem\" class=\"custom-spacer__desktop\"><\/div><\/div>\n\n\n\n<section class=\"wp-block-endeavour-wp-blocks-content-container content-container    \"><div class=\"wp-block-endeavour-wp-blocks-content-container content-container__inner content-container__inner--medium    \">\n<p class=\"undefined    \">Pour Berlage, la Bourse \u00e9tait un v\u00e9ritable laboratoire, un projet dans lequel il pouvait non seulement concr\u00e9tiser ses id\u00e9es sur un nouveau style architectural, mais aussi donner forme \u00e0 sa vision d\u2019une soci\u00e9t\u00e9 plus juste. Dans cette perspective collectiviste, il souhaitait que la nouvelle Bourse devienne une \u0153uvre dans laquelle diff\u00e9rentes disciplines artistiques formeraient un ensemble \u00e9galitaire et coh\u00e9rent. Cette <em>Gesamtkunstwerk<\/em> devait stimuler le d\u00e9veloppement intellectuel du public et devenir une cr\u00e9ation communautaire d\u2019une grande richesse.<\/p>\n\n\n\n<div style=\"height:18px\" aria-hidden=\"true\" class=\"wp-block-spacer    \"><\/div>\n\n\n\n<p class=\"undefined    \">Son ami et esprit apparent\u00e9 Albert Verwey (1865\u20131937) fut charg\u00e9 de concevoir les d\u00e9corations murales, sculptures et reliefs du b\u00e2timent. Cet \u00e9rudit autodidacte, \u00e0 la fois \u00e9crivain, historien et philosophe, a aid\u00e9 Berlage \u00e0 unir sculptures et fondements po\u00e9tiques \u00e0 l\u2019architecture, cr\u00e9ant ainsi un ensemble parfaitement harmonieux.<\/p>\n<\/div><\/section>\n\n\n\n<div class=\"wp-block-endeavour-wp-blocks-custom-spacer custom-spacer    \"><div style=\"height:1rem\" class=\"custom-spacer__mobile\"><\/div><div style=\"height:3rem\" class=\"custom-spacer__desktop\"><\/div><\/div>\n\n\n\n<div class=\"wp-block-endeavour-wp-blocks-banner-three-media    \"><div class=\"banner-w-medias__wrapper\"><div class=\"banner-w-medias__top-wrapper\"><div class=\"banner-w-medias__media-wrapper banner-w-medias__media-wrapper--first-media\"><img decoding=\"async\" class=\"banner-w-medias__first-media\" src=\"https:\/\/beursvanberlage.com\/app\/uploads\/2024\/10\/GBZ-scaled.jpg\" alt=\"Uploaded Media 1\"\/><\/div><\/div><div class=\"banner-w-medias__bottom-wrapper\"><div class=\"banner-w-medias__media-wrapper banner-w-medias__media-wrapper--second-media\"><img decoding=\"async\" class=\"banner-w-medias__second-media\" src=\"https:\/\/beursvanberlage.com\/app\/uploads\/2024\/10\/Abert-Verwey.gif\" alt=\"Uploaded Media 2\"\/><\/div><div class=\"banner-w-medias__media-wrapper banner-w-medias__media-wrapper--third-media\"><img decoding=\"async\" class=\"banner-w-medias__third-media\" src=\"https:\/\/beursvanberlage.com\/app\/uploads\/2024\/10\/Olifant-GZ-scaled.jpg\" alt=\"Uploaded Media 3\"\/><\/div><\/div><\/div><\/div>\n\n\n\n<div class=\"wp-block-endeavour-wp-blocks-custom-spacer custom-spacer    \"><div style=\"height:1rem\" class=\"custom-spacer__mobile\"><\/div><div style=\"height:3rem\" class=\"custom-spacer__desktop\"><\/div><\/div>\n\n\n\n<section class=\"wp-block-endeavour-wp-blocks-content-container content-container    \"><div class=\"wp-block-endeavour-wp-blocks-content-container content-container__inner content-container__inner--medium    \">\n<div class=\"wp-block-endeavour-wp-blocks-timeline    \"><div class=\"content-wrapper\"><div class=\"timeline__wrapper\"><h4 class=\"timeline__title\">Les d\u00e9corations<\/h4><div class=\"timeline__timeline-cards-wrapper\">\n<div class=\"wp-block-endeavour-wp-blocks-timeline-card     timeline-card\"><div class=\"timeline-card__outer-wrapper\"><div class=\"timeline-card__left-wrapper\"><div class=\"timeline-card__marker\"><\/div><div class=\"timeline-card__line\"><\/div><\/div><div class=\"timeline-card__inner-wrapper\"><div class=\"timeline-card__content-wrapper\"><h4 class=\"timeline-card__title\">Lesquatrains<\/h4><div class=\"timeline-card__description-wrapper\"><p class=\"timeline-card__description timeline-card__description--clamped\">Dans dix-huit quatrains empreints de profondeur, le po\u00e8te et \u00e9crivain Albert Verwey a exprim\u00e9 la pens\u00e9e de Berlage sur le b\u00e2timent de la Bourse. Ces po\u00e8mes ont servi de guide pour les d\u00e9corations int\u00e9rieures et ext\u00e9rieures. Les artistes r\u00e9alisant sculptures, reliefs, frises et vitraux ont chacun bas\u00e9 leur \u0153uvre sur l\u2019un des quatrains. Ensemble, ils forment un <a href=\"https:\/\/indd.adobe.com\/view\/1d13ea89-21da-48a2-925c-328aa33b9f29\" target=\"_blank\" rel=\"noreferrer noopener\">po\u00e8me remarquable<\/a> (en n\u00e9erlandais uniquement). <\/p><div class=\"timeline-card__read-more\"><div class=\"timeline-card__read-more-text\"><span class=\"timeline-card__read-more-toggle timeline-card__read-more-toggle--active\">En savoir plus<\/span><span class=\"timeline-card__read-more-toggle\">R\u00e9duire<\/span><\/div><div class=\"timeline-card__icon-wrapper\"><svg width=\"14\" height=\"8\" viewBox=\"0 0 14 8\" fill=\"none\" xmlns=\"http:\/\/www.w3.org\/2000\/svg\"><path d=\"M6.46875 7.53125L0.46875 1.53125C0.15625 1.25 0.15625 0.78125 0.46875 0.46875C0.75 0.1875 1.21875 0.1875 1.53125 0.46875L7 5.96875L12.4688 0.5C12.75 0.1875 13.2188 0.1875 13.5312 0.5C13.8125 0.78125 13.8125 1.25 13.5312 1.53125L7.5 7.53125C7.21875 7.84375 6.75 7.84375 6.46875 7.53125Z\" fill=\"currentColor\"><\/path><\/svg><\/div><\/div><\/div><\/div><div class=\"timeline-card__image-wrapper\"><img decoding=\"async\" class=\"timeline-card__image\" src=\"https:\/\/beursvanberlage.com\/app\/uploads\/2024\/10\/0urn-gvn-VERW01-UBAHSXLI-A45-20-large-18.jpeg\" alt=\"Uploaded Media\" loading=\"lazy\"\/><\/div><\/div><\/div><\/div>\n\n\n\n<div class=\"wp-block-endeavour-wp-blocks-timeline-card     timeline-card\"><div class=\"timeline-card__outer-wrapper\"><div class=\"timeline-card__left-wrapper\"><div class=\"timeline-card__marker\"><\/div><div class=\"timeline-card__line\"><\/div><\/div><div class=\"timeline-card__inner-wrapper\"><div class=\"timeline-card__content-wrapper\"><h4 class=\"timeline-card__title\">Le relief de l\u2019entr\u00e9e principale<\/h4><div class=\"timeline-card__description-wrapper\"><p class=\"timeline-card__description timeline-card__description--clamped\">L\u2019entr\u00e9e principale actuelle servait autrefois d\u2019acc\u00e8s \u00e0 la Bourse des Bateliers et au Coffee House. Le relief illustre comment le commerce international \u2014 symbolis\u00e9 par des bateaux, des marchandises et des animaux de b\u00e2t venant de toutes les directions, tels que chevaux, taureaux et chameaux \u2014 favorise la fraternit\u00e9 entre les peuples du monde, qu\u2019ils soient chinois, arabes ou occidentaux. Comme l\u2019indique le quatrain, cet \u00e9change m\u00e8nerait \u00e0 une Europe unie, voire \u00e0 un monde uni, \u00e9quitable et juste.<br>Les clefs de vo\u00fbte repr\u00e9sentant une charrette et un navire symbolisent le transport reliant ces cultures et peuples..<br>\u201c<em>La terre bient\u00f4t ne fera qu\u2019un : les peuples semblent appel\u00e9s<br>\u00c0 se rassembler sous un lien qui embrasse tout le globe.<br>Par terre, par mer, s\u2019efforcent train et flotte<br>Vers le but changeant auquel ils se conviennent d\u2019avancer<\/em>.<em>&#8220;<\/em><\/p><div class=\"timeline-card__read-more\"><div class=\"timeline-card__read-more-text\"><span class=\"timeline-card__read-more-toggle timeline-card__read-more-toggle--active\">En savoir plus<\/span><span class=\"timeline-card__read-more-toggle\">R\u00e9duire<\/span><\/div><div class=\"timeline-card__icon-wrapper\"><svg width=\"14\" height=\"8\" viewBox=\"0 0 14 8\" fill=\"none\" xmlns=\"http:\/\/www.w3.org\/2000\/svg\"><path d=\"M6.46875 7.53125L0.46875 1.53125C0.15625 1.25 0.15625 0.78125 0.46875 0.46875C0.75 0.1875 1.21875 0.1875 1.53125 0.46875L7 5.96875L12.4688 0.5C12.75 0.1875 13.2188 0.1875 13.5312 0.5C13.8125 0.78125 13.8125 1.25 13.5312 1.53125L7.5 7.53125C7.21875 7.84375 6.75 7.84375 6.46875 7.53125Z\" fill=\"currentColor\"><\/path><\/svg><\/div><\/div><\/div><\/div><div class=\"timeline-card__image-wrapper\"><img decoding=\"async\" class=\"timeline-card__image\" src=\"https:\/\/beursvanberlage.com\/app\/uploads\/2024\/10\/Hoofdentree-1024x531-1.jpg\" alt=\"Uploaded Media\" loading=\"lazy\"\/><\/div><\/div><\/div><\/div>\n\n\n\n<div class=\"wp-block-endeavour-wp-blocks-timeline-card     timeline-card\"><div class=\"timeline-card__outer-wrapper\"><div class=\"timeline-card__left-wrapper\"><div class=\"timeline-card__marker\"><\/div><div class=\"timeline-card__line\"><\/div><\/div><div class=\"timeline-card__inner-wrapper\"><div class=\"timeline-card__content-wrapper\"><h4 class=\"timeline-card__title\">Les clefs de vo\u00fbte<\/h4><div class=\"timeline-card__description-wrapper\"><p class=\"timeline-card__description timeline-card__description--clamped\">\u201c<em>La clef qui unit les arches<br>Portera comme signe au-dessus de nos t\u00eates<br>Filet d\u2019arc et charrue, navire et feu : ne furent-ils<br>Pas ces quelques choses qui b\u00e2tirent le monde entier ?<\/em>&#8220;<br><br>Les clefs de vo\u00fbte de la Beurs van Berlage sont \u00e9galement l\u2019\u0153uvre de Lambertus Zijl, chacune portant une signification propre. Par exemple, la clef situ\u00e9e sur la fa\u00e7ade sud rappelle aux travailleurs d\u2019aujourd\u2019hui l\u2019importance de la confiance et de la collaboration. Les images sculpt\u00e9es au-dessus des arcades indiquent aussi les fonctions des espaces situ\u00e9s derri\u00e8re elles.<\/p><div class=\"timeline-card__read-more\"><div class=\"timeline-card__read-more-text\"><span class=\"timeline-card__read-more-toggle timeline-card__read-more-toggle--active\">En savoir plus<\/span><span class=\"timeline-card__read-more-toggle\">R\u00e9duire<\/span><\/div><div class=\"timeline-card__icon-wrapper\"><svg width=\"14\" height=\"8\" viewBox=\"0 0 14 8\" fill=\"none\" xmlns=\"http:\/\/www.w3.org\/2000\/svg\"><path d=\"M6.46875 7.53125L0.46875 1.53125C0.15625 1.25 0.15625 0.78125 0.46875 0.46875C0.75 0.1875 1.21875 0.1875 1.53125 0.46875L7 5.96875L12.4688 0.5C12.75 0.1875 13.2188 0.1875 13.5312 0.5C13.8125 0.78125 13.8125 1.25 13.5312 1.53125L7.5 7.53125C7.21875 7.84375 6.75 7.84375 6.46875 7.53125Z\" fill=\"currentColor\"><\/path><\/svg><\/div><\/div><\/div><\/div><div class=\"timeline-card__image-wrapper\"><img decoding=\"async\" class=\"timeline-card__image\" src=\"https:\/\/beursvanberlage.com\/app\/uploads\/2024\/10\/Sluitsteen_Lambertus-scaled.jpg\" alt=\"Uploaded Media\" loading=\"lazy\"\/><\/div><\/div><\/div><\/div>\n\n\n\n<div class=\"wp-block-endeavour-wp-blocks-timeline-card     timeline-card\"><div class=\"timeline-card__outer-wrapper\"><div class=\"timeline-card__left-wrapper\"><div class=\"timeline-card__marker\"><\/div><div class=\"timeline-card__line\"><\/div><\/div><div class=\"timeline-card__inner-wrapper\"><div class=\"timeline-card__content-wrapper\"><h4 class=\"timeline-card__title\">Les statues<\/h4><div class=\"timeline-card__description-wrapper\"><p class=\"timeline-card__description timeline-card__description--clamped\">\u201c<em>Un coin vers la ville, deux vers l\u2019IJ ouverts :<br>Une tour o\u00f9 se dresse le chevalier Gijsbrecht ;<br>Une digue qu\u2019il posa dans l\u2019Amstel ;<br>Coen b\u00e2tit l\u2019empire maritime, Grotius donna espoir \u00e0 la loi des mers<\/em>&#8221; Ainsi s\u2019ouvre le po\u00e8me d\u2019Albert Verwey sur les statues situ\u00e9es aux trois angles de la Beurs van Berlage.<br><br>R\u00e9alis\u00e9es par Lambertus Zijl, membre de l\u2019\u00e9quipe artistique r\u00e9guli\u00e8re de Berlage, les statues s\u2019int\u00e8grent \u00e0 la philosophie architecturale de ce dernier : des fa\u00e7ades plates, mais enrichies de d\u00e9corations int\u00e9gr\u00e9es \u00e0 la structure.<br>La statue de Gijsbrecht van Amstel, sculpt\u00e9e \u00e0 l\u2019angle des fa\u00e7ades sud et ouest, rappelle que c\u2019est lui qui, en 1240, d\u00e9termina l\u2019emplacement du Dam dans l\u2019Amstel, marquant ainsi la fondation d\u2019Amsterdam.<br><br>Hugo de Groot (Grotius), juriste et \u00e9crivain du XVIIe si\u00e8cle, plaidait pour la libert\u00e9 des mers et du commerce, et proposa l\u2019id\u00e9e d\u2019une ligue des nations. Ces id\u00e9es progressistes furent publi\u00e9es dans son ouvrage <em>Mare Liberum<\/em>, qu\u2019il tient sous le bras dans la statue.<br>Au nord, la Beurs s\u2019ouvre vers le port, la gare et le monde. On y trouve la statue de <a href=\"https:\/\/indd.adobe.com\/view\/77687142-9b4e-40f2-b717-1d8a583a0afc\" target=\"_blank\" rel=\"noreferrer noopener\">Jan Pieterszoon Coen<\/a>, figure historiquement controvers\u00e9e.<\/p><div class=\"timeline-card__read-more\"><div class=\"timeline-card__read-more-text\"><span class=\"timeline-card__read-more-toggle timeline-card__read-more-toggle--active\">En savoir plus<\/span><span class=\"timeline-card__read-more-toggle\">R\u00e9duire<\/span><\/div><div class=\"timeline-card__icon-wrapper\"><svg width=\"14\" height=\"8\" viewBox=\"0 0 14 8\" fill=\"none\" xmlns=\"http:\/\/www.w3.org\/2000\/svg\"><path d=\"M6.46875 7.53125L0.46875 1.53125C0.15625 1.25 0.15625 0.78125 0.46875 0.46875C0.75 0.1875 1.21875 0.1875 1.53125 0.46875L7 5.96875L12.4688 0.5C12.75 0.1875 13.2188 0.1875 13.5312 0.5C13.8125 0.78125 13.8125 1.25 13.5312 1.53125L7.5 7.53125C7.21875 7.84375 6.75 7.84375 6.46875 7.53125Z\" fill=\"currentColor\"><\/path><\/svg><\/div><\/div><\/div><\/div><div class=\"timeline-card__image-wrapper\"><img decoding=\"async\" class=\"timeline-card__image\" src=\"https:\/\/beursvanberlage.com\/app\/uploads\/2024\/10\/Hoekbeelden.jpg\" alt=\"Uploaded Media\" loading=\"lazy\"\/><\/div><\/div><\/div><\/div>\n<\/div><\/div><\/div><\/div>\n<\/div><\/section>\n\n\n\n<div class=\"wp-block-endeavour-wp-blocks-custom-spacer custom-spacer    \"><div style=\"height:1rem\" class=\"custom-spacer__mobile\"><\/div><div style=\"height:3rem\" class=\"custom-spacer__desktop\"><\/div><\/div>\n\n\n\n<footer class=\"custom-footer custom-footer--spacing-enabled custom-footer custom-footer--spacing-enabled wp-block-endeavour-wp-blocks-custom-footer\">\n    <div class=\"custom-footer__float-content custom-footer__float-content--image\">\n                                    <img decoding=\"async\" class=\"custom-footer__float-content-image\" src=\"https:\/\/beursvanberlage.com\/app\/uploads\/2024\/06\/1735f9d2f2939347ba44dfaa3057b1ba.jpeg\" \/>\n                        <\/div>\n    <div class=\"custom-footer__inner-columns\">\n        \n\n<div class=\"wp-block-endeavour-wp-blocks-custom-footer-column custom-footer-column custom-footer-column--column    \">\n<h5 class=\"wp-block-heading    \">Contact<\/h5>\n\n\n\n<p class=\"undefined    \">T: <a href=\"tel:+31205304141\">+31 (0)20 &#8211; 530 41 41<\/a><\/p>\n\n\n\n<p class=\"undefined    \">E: <a href=\"mailto:info@beursvanberlage.com\">info@beursvanberlage.com<\/a><\/p>\n\n\n\n<div style=\"height:16px\" aria-hidden=\"true\" class=\"wp-block-spacer    \"><\/div>\n\n\n\n<p class=\"undefined    \"><strong>Beurs van Berlage<\/strong><\/p>\n\n\n\n<p class=\"undefined    \">Damrak 243<\/p>\n\n\n\n<p class=\"undefined    \">1012 ZJ Amsterdam<\/p>\n\n\n\n<p class=\"undefined    \">The Netherlands<\/p>\n<\/div>\n\n\n\n<div class=\"wp-block-endeavour-wp-blocks-custom-footer-column custom-footer-column custom-footer-column--column    \">\n<h5 class=\"wp-block-heading    \">Visit<\/h5>\n\n\n\n<ul class=\"wp-block-endeavour-wp-blocks-footer-link-list footer-link-list    \"><li class=\" wp-block-navigation-item wp-block-navigation-link\"><a class=\"wp-block-navigation-item__content\" href=\"https:\/\/beursvanberlage.com\/visit\/\"><span class=\"wp-block-navigation-item__label\">Discover the Beurs<\/span><\/a><\/li>\n\n<li class=\" wp-block-navigation-item wp-block-navigation-link\"><a class=\"wp-block-navigation-item__content\" href=\"https:\/\/beursvanberlage.com\/news-blogs-and-downloads\/\"><span class=\"wp-block-navigation-item__label\">News and blogs<\/span><\/a><\/li>\n\n<li class=\" wp-block-navigation-item wp-block-navigation-link\"><a class=\"wp-block-navigation-item__content\" href=\"https:\/\/beursvanberlage.com\/about-the-beurs\/beurs-van-berlage-history\/\"><span class=\"wp-block-navigation-item__label\">History<\/span><\/a><\/li>\n\n<li class=\" wp-block-navigation-item wp-block-navigation-link\"><a class=\"wp-block-navigation-item__content\" href=\"https:\/\/beursvanberlage.com\/whats-on\/\"><span class=\"wp-block-navigation-item__label\">Events<\/span><\/a><\/li><\/ul>\n<\/div>\n\n\n\n<div class=\"wp-block-endeavour-wp-blocks-custom-footer-column custom-footer-column custom-footer-column--column    \">\n<h5 class=\"wp-block-heading    \">Popular searches<\/h5>\n\n\n\n<ul class=\"wp-block-endeavour-wp-blocks-footer-link-list footer-link-list    \"><li class=\" wp-block-navigation-item wp-block-navigation-link\"><a class=\"wp-block-navigation-item__content\" href=\"https:\/\/beursvanberlage.com\/vacancies\/\"><span class=\"wp-block-navigation-item__label\">Vacancies<\/span><\/a><\/li>\n\n<li class=\" wp-block-navigation-item wp-block-navigation-link\"><a class=\"wp-block-navigation-item__content\" href=\"https:\/\/beursvanberlage.com\/visit\/accessibility\/\"><span class=\"wp-block-navigation-item__label\">Accessibility<\/span><\/a><\/li>\n\n<li class=\" wp-block-navigation-item wp-block-navigation-link\"><a class=\"wp-block-navigation-item__content\" href=\"https:\/\/beursvanberlage.com\/about-the-beurs\/sustainability\/\"><span class=\"wp-block-navigation-item__label\">Sustainability<\/span><\/a><\/li>\n\n<li class=\" wp-block-navigation-item wp-block-navigation-link\"><a class=\"wp-block-navigation-item__content\" href=\"https:\/\/beursvanberlage.com\/faq-beurs-van-berlage-visitors\/\"><span class=\"wp-block-navigation-item__label\">FAQ<\/span><\/a><\/li><\/ul>\n<\/div>\n\n\n\n<div class=\"wp-block-endeavour-wp-blocks-custom-footer-column custom-footer-column custom-footer-column--column    \">\n<h5 class=\"wp-block-heading    \">Newsletter<\/h5>\n\n\n\n<p class=\"undefined    \">Stay updated with our latest news.<\/p>\n\n\n\n<div style=\"height:16px\" aria-hidden=\"true\" class=\"wp-block-spacer    \"><\/div>\n\n\n\n<script charset=\"utf-8\" type=\"text\/javascript\" src=\"\/\/js.hsforms.net\/forms\/embed\/v2.js\"><\/script>\n<script>\n  hbspt.forms.create({\n    portalId: \"5233325\",\n    formId: \"3d796647-f5d9-4a83-8ad0-76308e1bad17\"\n  });\n<\/script>\n<\/div>\n\n\n\n<div class=\"wp-block-endeavour-wp-blocks-custom-footer-column custom-footer-column custom-footer-column--row    \">\n<p class=\"undefined    \">@ 2024 Beurs van Berlage<\/p>\n\n\n\n<ul class=\"wp-block-endeavour-wp-blocks-footer-link-list footer-link-list    \"><li class=\" wp-block-navigation-item wp-block-navigation-link\"><a class=\"wp-block-navigation-item__content\" href=\"https:\/\/beursvanberlage.com\/home\/terms-and-guidelines\/disclaimer\/\"><span class=\"wp-block-navigation-item__label\">Disclaimer <\/span><\/a><\/li>\n\n<li class=\" wp-block-navigation-item wp-block-navigation-link\"><a class=\"wp-block-navigation-item__content\" href=\"https:\/\/beursvanberlage.com\/home\/terms-and-guidelines\/\"><span class=\"wp-block-navigation-item__label\">Terms and guidelines<\/span><\/a><\/li><\/ul>\n\n\n\n<div class=\"wp-block-endeavour-wp-blocks-icon-buttons icon-buttons    \">\n<a class=\"wp-block-endeavour-wp-blocks-icon-button icon-button    \" href=\"https:\/\/www.linkedin.com\/company\/662507\" target=\"_blank\" rel=\"noopener\"><svg viewBox=\"0 0 448 512\"><path d=\"M416 32H31.9C14.3 32 0 46.5 0 64.3v383.4C0 465.5 14.3 480 31.9 480H416c17.6 0 32-14.5 32-32.3V64.3c0-17.8-14.4-32.3-32-32.3zM135.4 416H69V202.2h66.5V416zm-33.2-243c-21.3 0-38.5-17.3-38.5-38.5S80.9 96 102.2 96c21.2 0 38.5 17.3 38.5 38.5 0 21.3-17.2 38.5-38.5 38.5zm282.1 243h-66.4V312c0-24.8-.5-56.7-34.5-56.7-34.6 0-39.9 27-39.9 54.9V416h-66.4V202.2h63.7v29.2h.9c8.9-16.8 30.6-34.5 62.9-34.5 67.2 0 79.7 44.3 79.7 101.9V416z\"><\/path><\/svg><\/a>\n\n\n\n<a class=\"wp-block-endeavour-wp-blocks-icon-button icon-button    \" href=\"https:\/\/www.facebook.com\/BeursvanBerlageAmsterdam\/\" target=\"_blank\" rel=\"noopener\"><svg xmlns=\"http:\/\/www.w3.org\/2000\/svg\" viewBox=\"0 0 320 512\"><path d=\"M80 299.3V512H196V299.3h86.5l18-97.8H196V166.9c0-51.7 20.3-71.5 72.7-71.5c16.3 0 29.4 .4 37 1.2V7.9C291.4 4 256.4 0 236.2 0C129.3 0 80 50.5 80 159.4v42.1H14v97.8H80z\"><\/path><\/svg><\/a>\n\n\n\n<a class=\"wp-block-endeavour-wp-blocks-icon-button icon-button    \" href=\"https:\/\/www.instagram.com\/beursvanberlageofficial\/\" target=\"_blank\" rel=\"noopener\"><svg viewBox=\"0 0 448 512\"><path d=\"M224.1 141c-63.6 0-114.9 51.3-114.9 114.9s51.3 114.9 114.9 114.9S339 319.5 339 255.9 287.7 141 224.1 141zm0 189.6c-41.1 0-74.7-33.5-74.7-74.7s33.5-74.7 74.7-74.7 74.7 33.5 74.7 74.7-33.6 74.7-74.7 74.7zm146.4-194.3c0 14.9-12 26.8-26.8 26.8-14.9 0-26.8-12-26.8-26.8s12-26.8 26.8-26.8 26.8 12 26.8 26.8zm76.1 27.2c-1.7-35.9-9.9-67.7-36.2-93.9-26.2-26.2-58-34.4-93.9-36.2-37-2.1-147.9-2.1-184.9 0-35.8 1.7-67.6 9.9-93.9 36.1s-34.4 58-36.2 93.9c-2.1 37-2.1 147.9 0 184.9 1.7 35.9 9.9 67.7 36.2 93.9s58 34.4 93.9 36.2c37 2.1 147.9 2.1 184.9 0 35.9-1.7 67.7-9.9 93.9-36.2 26.2-26.2 34.4-58 36.2-93.9 2.1-37 2.1-147.8 0-184.8zM398.8 388c-7.8 19.6-22.9 34.7-42.6 42.6-29.5 11.7-99.5 9-132.1 9s-102.7 2.6-132.1-9c-19.6-7.8-34.7-22.9-42.6-42.6-11.7-29.5-9-99.5-9-132.1s-2.6-102.7 9-132.1c7.8-19.6 22.9-34.7 42.6-42.6 29.5-11.7 99.5-9 132.1-9s102.7-2.6 132.1 9c19.6 7.8 34.7 22.9 42.6 42.6 11.7 29.5 9 99.5 9 132.1s2.7 102.7-9 132.1z\"><\/path><\/svg><\/a>\n<\/div>\n\n\n\n<p class=\"undefined    \"><img loading=\"lazy\" decoding=\"async\" width=\"130\" height=\"17\" class=\"wp-image-4667\" style=\"width: 130px;\" src=\"https:\/\/beursvanberlage.com\/app\/uploads\/2024\/10\/label-I-amsterdam-rood-wit-1.png\" alt=\"\" srcset=\"https:\/\/beursvanberlage.com\/app\/uploads\/2024\/10\/label-I-amsterdam-rood-wit-1.png 888w, https:\/\/beursvanberlage.com\/app\/uploads\/2024\/10\/label-I-amsterdam-rood-wit-1-300x40.png 300w, https:\/\/beursvanberlage.com\/app\/uploads\/2024\/10\/label-I-amsterdam-rood-wit-1-768x103.png 768w\" sizes=\"auto, (max-width: 130px) 100vw, 130px\" \/><\/p>\n\n\n\n<p class=\"undefined    \"><img loading=\"lazy\" decoding=\"async\" width=\"13\" height=\"22\" class=\"wp-image-4654\" style=\"width: 13px;\" src=\"https:\/\/beursvanberlage.com\/app\/uploads\/2024\/10\/pijltje-1.png\" alt=\"\"> <a data-type=\"internal\" data-id=\"#top\" href=\"#top\">Back to the top<\/a><\/p>\n<\/div>\n\n    <\/div>\n<\/footer>","protected":false},"excerpt":{"rendered":"","protected":false},"author":2,"featured_media":16459,"parent":15780,"menu_order":0,"comment_status":"closed","ping_status":"closed","template":"wp-custom-template-page-no-footer","meta":{"content-type":"","footnotes":""},"class_list":["post-16458","page","type-page","status-publish","has-post-thumbnail","hentry"],"_links":{"self":[{"href":"https:\/\/beursvanberlage.com\/fr\/wp-json\/wp\/v2\/pages\/16458","targetHints":{"allow":["GET"]}}],"collection":[{"href":"https:\/\/beursvanberlage.com\/fr\/wp-json\/wp\/v2\/pages"}],"about":[{"href":"https:\/\/beursvanberlage.com\/fr\/wp-json\/wp\/v2\/types\/page"}],"author":[{"embeddable":true,"href":"https:\/\/beursvanberlage.com\/fr\/wp-json\/wp\/v2\/users\/2"}],"replies":[{"embeddable":true,"href":"https:\/\/beursvanberlage.com\/fr\/wp-json\/wp\/v2\/comments?post=16458"}],"version-history":[{"count":3,"href":"https:\/\/beursvanberlage.com\/fr\/wp-json\/wp\/v2\/pages\/16458\/revisions"}],"predecessor-version":[{"id":16494,"href":"https:\/\/beursvanberlage.com\/fr\/wp-json\/wp\/v2\/pages\/16458\/revisions\/16494"}],"up":[{"embeddable":true,"href":"https:\/\/beursvanberlage.com\/fr\/wp-json\/wp\/v2\/pages\/15780"}],"wp:featuredmedia":[{"embeddable":true,"href":"https:\/\/beursvanberlage.com\/fr\/wp-json\/wp\/v2\/media\/16459"}],"wp:attachment":[{"href":"https:\/\/beursvanberlage.com\/fr\/wp-json\/wp\/v2\/media?parent=16458"}],"curies":[{"name":"wp","href":"https:\/\/api.w.org\/{rel}","templated":true}]}}