{"id":16386,"date":"2024-10-31T19:14:35","date_gmt":"2024-10-31T19:14:35","guid":{"rendered":"https:\/\/beursvanberlage.com\/?page_id=16386"},"modified":"2025-11-26T14:07:05","modified_gmt":"2025-11-26T14:07:05","slug":"martijn-willemsen","status":"publish","type":"page","link":"https:\/\/beursvanberlage.com\/fr\/a-propos-de-la-beurs\/ambassadeurs\/martijn-willemsen\/","title":{"rendered":"Martijn Willemsen"},"content":{"rendered":"<div class=\"wp-block-endeavour-wp-blocks-banner-w-content-card wp-block-endeavour-wp-blocks-banner-w-content-card\">\n    <div class=\"banner-w-content-card__outer-wrapper\">\n        <div class=\"banner-w-content-card__image-wrapper\">\n                            <img decoding=\"async\" class=\"banner-w-content-card__image\" src=\"https:\/\/beursvanberlage.com\/app\/uploads\/2024\/10\/20190402_Daimler_038-1252-kopie.jpg\" alt=\"Banner Image\" \/>\n                    <\/div>\n\n        <div class=\"banner-w-content-card__content-wrapper\">\n            <div class=\"content-wrapper\">\n                <div class=\"banner-w-content-card__text-wrapper\">\n                                            <div class=\"banner-w-content-card__breadcrumbs\">\n                                                                                            <a\n                                        href=\"https:\/\/beursvanberlage.com\/fr\/ambassadeurs\/\"\n                                        class=\"banner-w-content-card__breadcrumb-link \">\n                                    Ambassadeurs                                <\/a>\n                                                                    <span class=\"banner-w-content-card__breadcrumb-separator\"> \/ <\/span>\n                                                                                                                            <a\n                                        href=\"#\"\n                                        class=\"banner-w-content-card__breadcrumb-link banner-w-content-card__breadcrumb-link--active\">\n                                    Martijn Willemsen                                <\/a>\n                                                                                    <\/div>\n                    \n                                            <h1 class=\"banner-w-content-card__title\">\n                            Martijn Willemsen                        <\/h1>\n                    \n                                            <p class=\"banner-w-content-card__description\">\n                            \u201cLa Beurs van Berlage est le lieu id\u00e9al pour un v\u00e9ritable \u201c\u00e9change\u201d. Ce magnifique b\u00e2timent historique a \u00e9t\u00e9 con\u00e7u pour accueillir des rencontres et des discussions, gr\u00e2ce \u00e0 une vari\u00e9t\u00e9 d\u2019espaces plus ou moins grands, chaleureux et adapt\u00e9s. C\u2019est pr\u00e9cis\u00e9ment cela qui en fait un endroit si appropri\u00e9 pour organiser une conf\u00e9rence scientifique.&quot;                        <\/p>\n                                    <\/div>\n            <\/div>\n        <\/div>\n    <\/div>\n<\/div>\n\n\n\n<div class=\"wp-block-endeavour-wp-blocks-custom-spacer custom-spacer    \"><div style=\"height:1rem\" class=\"custom-spacer__mobile\"><\/div><div style=\"height:3rem\" class=\"custom-spacer__desktop\"><\/div><\/div>\n\n\n\n<div class=\"wp-block-endeavour-wp-blocks-site-side-bar side-bar-block alignfull    \" style=\"position:sticky\"><div class=\"side-bar-block__swiper swiper\"><ul class=\"side-bar-block__anchor-list side-bar-block__anchor-list--slider  swiper-wrapper\"><li class=\"side-bar-block__anchor-item swiper-slide\"><a href=\"#Kennismaking\" class=\"side-bar-block__anchor-link\">Introduction<\/a><\/li><li class=\"side-bar-block__anchor-item swiper-slide\"><a href=\"#Impressie\" class=\"side-bar-block__anchor-link\">Showcase<\/a><\/li><\/ul><\/div><ul class=\"side-bar-block__anchor-list side-bar-block__anchor-list--desktop\"><li class=\"side-bar-block__anchor-item\"><a href=\"#Kennismaking\" class=\"side-bar-block__anchor-link side-bar-block__anchor-link--desktop\">Introduction<\/a><\/li><li class=\"side-bar-block__anchor-item\"><a href=\"#Impressie\" class=\"side-bar-block__anchor-link side-bar-block__anchor-link--desktop\">Showcase<\/a><\/li><\/ul><\/div>\n\n\n\n<section class=\"wp-block-endeavour-wp-blocks-content-container content-container    \" id=\"Kennismaking\"><div class=\"wp-block-endeavour-wp-blocks-content-container content-container__inner content-container__inner--medium    \" id=\"Kennismaking\">\n<div class=\"wp-block-endeavour-wp-blocks-image-w-text-cta    \"><div class=\"image-w-text-cta__outer-wrapper\"><div class=\"content-wrapper\"><div class=\"image-w-text-cta__inner-wrapper\"><div class=\"image-w-text-cta__content-wrapper\"><h4 class=\"image-w-text-cta__title\">Introduction<\/h4><div class=\"image-w-text-cta__text\">Martijn Willemsen est professeur associ\u00e9 \u00e0 l\u2019Universit\u00e9 de Technologie d\u2019Eindhoven (TU\/e) et \u00e0 la Jheronimus Academy of Data Science \u00e0 Den Bosch. Il m\u00e8ne des recherches sur les syst\u00e8mes de recommandation et l\u2019intelligence artificielle explicable, avec pour objectif d\u2019int\u00e9grer ses connaissances sur les processus d\u00e9cisionnels humains dans le d\u00e9veloppement d\u2019une IA plus centr\u00e9e sur l\u2019utilisateur. Il a obtenu son doctorat cum laude \u00e0 la TU\/e et a ensuite re\u00e7u une bourse NWO Veni, qui lui a permis de passer un an \u00e0 l\u2019Universit\u00e9 Columbia (New York) pour d\u00e9velopper un outil de tra\u00e7age des processus d\u00e9cisionnels en ligne.<br><br>Son int\u00e9r\u00eat pour l\u2019analyse de donn\u00e9es et le soutien \u00e0 la d\u00e9cision l\u2019a conduit vers les domaines de la data science et de l\u2019intelligence artificielle. Il est activement impliqu\u00e9 dans plusieurs conf\u00e9rences de l\u2019ACM dans ce domaine, telles que RecSys, IUI et UMAP.<br><br>En tant que membre senior de la communaut\u00e9 des syst\u00e8mes de recommandation, il a \u00e9t\u00e9 l\u2019un des organisateurs principaux de l\u2019ACM RecSys 2021, qui s\u2019est tenue au plus fort de la pand\u00e9mie de COVID \u00e0 la Beurs van Berlage. La conf\u00e9rence, avec 300 participants sur place et 800 participants en ligne, a \u00e9t\u00e9 un grand succ\u00e8s gr\u00e2ce \u00e0 l\u2019excellente configuration hybride d\u00e9velopp\u00e9e en collaboration avec l\u2019\u00e9quipe audiovisuelle professionnelle de la Beurs.<\/div><div class=\"wp-block-endeavour-wp-blocks-image-w-text-cta    \">\n<div class=\"wp-block-endeavour-wp-blocks-buttons-wrapper    \"><div class=\"wp-block-endeavour-wp-blocks-buttons-wrapper     buttons-wrapper__wrapper\">\n<div class=\"wp-block-endeavour-wp-blocks-main-button     main-button\"><a class=\"main-button__wrapper main-button__wrapper--is-primary\" href=\"https:\/\/beursvanberlage.com\/showcases\/acm-recsys\/\" target=\"_self\" rel=\"noopener\">Lire plus sur la conf\u00e9rence <\/a><\/div>\n<\/div><\/div>\n<\/div><\/div><div class=\"image-w-text-cta__image-wrapper\"><img decoding=\"async\" class=\"image-w-text-cta__image\" src=\"https:\/\/beursvanberlage.com\/app\/uploads\/2024\/10\/martijn-willemsen-1.png\" alt=\"Uploaded Media\" loading=\"lazy\"\/><\/div><\/div><\/div><\/div><\/div>\n<\/div><\/section>\n\n\n\n<section class=\"wp-block-endeavour-wp-blocks-content-container content-container    \" id=\"Impressie\"><div class=\"wp-block-endeavour-wp-blocks-content-container content-container__inner content-container__inner--full    \" id=\"Impressie\">\n<figure class=\"wp-block-embed is-type-video is-provider-youtube wp-block-embed-youtube wp-embed-aspect-16-9 wp-has-aspect-ratio    \"><div class=\"wp-block-embed__wrapper\">\n<iframe loading=\"lazy\" title=\"15th ACM Conference on Recommender Systems in the Beurs van Berlage\" width=\"500\" height=\"281\" src=\"https:\/\/www.youtube.com\/embed\/QliBiEh0A-M?start=60&#038;feature=oembed&#038;enablejsapi=1&#038;origin=https:\/\/beursvanberlage.com\" frameborder=\"0\" allow=\"accelerometer; autoplay; clipboard-write; encrypted-media; gyroscope; picture-in-picture; web-share\" referrerpolicy=\"strict-origin-when-cross-origin\" allowfullscreen><\/iframe>\n<\/div><\/figure>\n<\/div><\/section>\n\n\n\n<div class=\"wp-block-endeavour-wp-blocks-custom-spacer custom-spacer    \"><div style=\"height:1rem\" class=\"custom-spacer__mobile\"><\/div><div style=\"height:3rem\" class=\"custom-spacer__desktop\"><\/div><\/div>\n\n\n\n<div class=\"wp-block-endeavour-wp-blocks-cards-grid    \"><div class=\"content-wrapper\"><div class=\"cards-grid__wrapper\"><h4 class=\"cards-grid__title\">Nos ambassadeurs<\/h4><div class=\"cards-grid__cards-wrapper\">\n<div class=\"wp-block-endeavour-wp-blocks-card    \"><div class=\"card__outer-wrapper\"><div class=\"card__inner-wrapper\"><div class=\"card__overlay-wrapper\"><img decoding=\"async\" class=\"card__image\" src=\"https:\/\/beursvanberlage.com\/app\/uploads\/2024\/10\/Frank-Leferink3-1.jpg\" alt=\"Card Image\"\/><div class=\"card__content-wrapper\"><h5 class=\"card__card-title\"><\/h5><p><\/p><\/div><\/div><a class=\"card__button-wrapper\" target=\"_self\" rel=\"noopener\" href=\"https:\/\/beursvanberlage.com\/fr\/ambassadeurs\/frank-leferink\/\">Frank Leferink<\/a><\/div><\/div><\/div>\n\n\n\n<div class=\"wp-block-endeavour-wp-blocks-card    \"><div class=\"card__outer-wrapper\"><div class=\"card__inner-wrapper\"><div class=\"card__overlay-wrapper\"><img decoding=\"async\" class=\"card__image\" src=\"https:\/\/beursvanberlage.com\/app\/uploads\/2024\/10\/moniek-1.jpg\" alt=\"Card Image\"\/><div class=\"card__content-wrapper\"><h5 class=\"card__card-title\"><\/h5><p><\/p><\/div><\/div><a class=\"card__button-wrapper\" target=\"_self\" rel=\"noopener\" href=\"https:\/\/beursvanberlage.com\/fr\/ambassadeurs\/moniek-tromp\/\">Moniek Tromp<\/a><\/div><\/div><\/div>\n\n\n\n<div class=\"wp-block-endeavour-wp-blocks-card    \"><div class=\"card__outer-wrapper\"><div class=\"card__inner-wrapper\"><div class=\"card__overlay-wrapper\"><img decoding=\"async\" class=\"card__image\" src=\"https:\/\/beursvanberlage.com\/app\/uploads\/2024\/10\/Peter-Schwabe-3.jpg\" alt=\"Card Image\"\/><div class=\"card__content-wrapper\"><h5 class=\"card__card-title\"><\/h5><p><\/p><\/div><\/div><a class=\"card__button-wrapper\" target=\"_self\" rel=\"noopener\" href=\"https:\/\/beursvanberlage.com\/fr\/ambassadeurs\/peter-schwabe\/\">Peter Schwabe<\/a><\/div><\/div><\/div>\n\n\n\n<div class=\"wp-block-endeavour-wp-blocks-card    \"><div class=\"card__outer-wrapper\"><div class=\"card__inner-wrapper\"><div class=\"card__overlay-wrapper\"><img decoding=\"async\" class=\"card__image\" src=\"https:\/\/beursvanberlage.com\/app\/uploads\/2024\/10\/Jaap-van-Buul2-1.jpg\" alt=\"Card Image\"\/><div class=\"card__content-wrapper\"><h5 class=\"card__card-title\"><\/h5><p><\/p><\/div><\/div><a class=\"card__button-wrapper\" target=\"_self\" rel=\"noopener\" href=\"https:\/\/beursvanberlage.com\/fr\/ambassadeurs\/jaap-van-buul\/\">Jaap van Buul<\/a><\/div><\/div><\/div>\n\n\n\n<div class=\"wp-block-endeavour-wp-blocks-card    \"><div class=\"card__outer-wrapper\"><div class=\"card__inner-wrapper\"><div class=\"card__overlay-wrapper\"><img decoding=\"async\" class=\"card__image\" src=\"https:\/\/beursvanberlage.com\/app\/uploads\/2024\/10\/Benedikt-van-Loo-3.jpg\" alt=\"Card Image\"\/><div class=\"card__content-wrapper\"><h5 class=\"card__card-title\"><\/h5><p><\/p><\/div><\/div><a class=\"card__button-wrapper\" target=\"_self\" rel=\"noopener\" href=\"https:\/\/beursvanberlage.com\/fr\/ambassadeurs\/benedikt-van-loo\/\">Benedikt van Loo<\/a><\/div><\/div><\/div>\n\n\n\n<div class=\"wp-block-endeavour-wp-blocks-card    \"><div class=\"card__outer-wrapper\"><div class=\"card__inner-wrapper\"><div class=\"card__overlay-wrapper\"><img decoding=\"async\" class=\"card__image\" src=\"https:\/\/beursvanberlage.com\/app\/uploads\/2024\/10\/Hans-Huitink2-1.jpg\" alt=\"Card Image\"\/><div class=\"card__content-wrapper\"><h5 class=\"card__card-title\"><\/h5><p><\/p><\/div><\/div><a class=\"card__button-wrapper\" target=\"_self\" rel=\"noopener\" href=\"https:\/\/beursvanberlage.com\/fr\/ambassadeurs\/hans-huitink\/\">Hans Huitink<\/a><\/div><\/div><\/div>\n\n\n\n<div class=\"wp-block-endeavour-wp-blocks-card    \"><div class=\"card__outer-wrapper\"><div class=\"card__inner-wrapper\"><div class=\"card__overlay-wrapper\"><img decoding=\"async\" class=\"card__image\" src=\"https:\/\/beursvanberlage.com\/app\/uploads\/2024\/10\/Michiel-Kolman-landscape-6-1024x668-2.jpg\" alt=\"Card Image\"\/><div class=\"card__content-wrapper\"><h5 class=\"card__card-title\"><\/h5><p><\/p><\/div><\/div><a class=\"card__button-wrapper\" target=\"_self\" rel=\"noopener\" href=\"https:\/\/beursvanberlage.com\/fr\/ambassadeurs\/michiel-kolman\/\">Michiel Kolman<\/a><\/div><\/div><\/div>\n\n\n\n<div class=\"wp-block-endeavour-wp-blocks-card    \"><div class=\"card__outer-wrapper\"><div class=\"card__inner-wrapper\"><div class=\"card__overlay-wrapper\"><img decoding=\"async\" class=\"card__image\" src=\"https:\/\/beursvanberlage.com\/app\/uploads\/2024\/10\/Fernando-2-1.jpg\" alt=\"Card Image\"\/><div class=\"card__content-wrapper\"><h5 class=\"card__card-title\"><\/h5><p><\/p><\/div><\/div><a class=\"card__button-wrapper\" target=\"_self\" rel=\"noopener\" href=\"https:\/\/beursvanberlage.com\/fr\/ambassadeurs\/fernando-kuipers\/\">Fernando Kuipers<\/a><\/div><\/div><\/div>\n\n\n\n<div class=\"wp-block-endeavour-wp-blocks-card    \"><div class=\"card__outer-wrapper\"><div class=\"card__inner-wrapper\"><div class=\"card__overlay-wrapper\"><img decoding=\"async\" class=\"card__image\" src=\"https:\/\/beursvanberlage.com\/app\/uploads\/2024\/10\/Rene-leemans2-1.jpg\" alt=\"Card Image\"\/><div class=\"card__content-wrapper\"><h5 class=\"card__card-title\"><\/h5><p><\/p><\/div><\/div><a class=\"card__button-wrapper\" target=\"_self\" rel=\"noopener\" href=\"https:\/\/beursvanberlage.com\/fr\/ambassadeurs\/rene-leemans\/\">Ren\u00e9 Leemans<\/a><\/div><\/div><\/div>\n\n\n\n<div class=\"wp-block-endeavour-wp-blocks-card    \"><div class=\"card__outer-wrapper\"><div class=\"card__inner-wrapper\"><div class=\"card__overlay-wrapper\"><img decoding=\"async\" class=\"card__image\" src=\"https:\/\/beursvanberlage.com\/app\/uploads\/2024\/10\/martijn-willemsen-1.png\" alt=\"Card Image\"\/><div class=\"card__content-wrapper\"><h5 class=\"card__card-title\"><\/h5><p><\/p><\/div><\/div><a class=\"card__button-wrapper\" target=\"_self\" rel=\"noopener\" href=\"https:\/\/beursvanberlage.com\/fr\/ambassadeurs\/martijn-willemsen\/\">Martijn Willemsen<\/a><\/div><\/div><\/div>\n\n\n\n<div class=\"wp-block-endeavour-wp-blocks-card    \"><div class=\"card__outer-wrapper\"><div class=\"card__inner-wrapper\"><div class=\"card__overlay-wrapper\"><img decoding=\"async\" class=\"card__image\" src=\"https:\/\/beursvanberlage.com\/app\/uploads\/2025\/09\/Hessel-Kokke.jpg\" alt=\"Card Image\"\/><div class=\"card__content-wrapper\"><h5 class=\"card__card-title\"><\/h5><p><\/p><\/div><\/div><a class=\"card__button-wrapper\" target=\"_self\" rel=\"noopener\" href=\"https:\/\/beursvanberlage.com\/fr\/ambassadeurs\/hessel-kokke\/\">Hessel Kokke<\/a><\/div><\/div><\/div>\n<\/div><\/div><\/div><\/div>\n\n\n\n<footer class=\"custom-footer custom-footer--spacing-enabled custom-footer custom-footer--spacing-enabled wp-block-endeavour-wp-blocks-custom-footer\">\n    <div class=\"custom-footer__float-content custom-footer__float-content--image\">\n                                    <img decoding=\"async\" class=\"custom-footer__float-content-image\" src=\"https:\/\/beursvanberlage.com\/app\/uploads\/2025\/02\/Beurs-van-Berlage-Amsterdam.jpg\" \/>\n                        <\/div>\n    <div class=\"custom-footer__inner-columns\">\n        \n\n<div class=\"wp-block-endeavour-wp-blocks-custom-footer-column custom-footer-column custom-footer-column--column    \">\n<h5 class=\"wp-block-heading    \">Contact sales<\/h5>\n\n\n\n<p class=\"undefined    \">T: <a href=\"tel:+31205313355\">020 &#8211; 531 33 55<\/a><\/p>\n\n\n\n<p class=\"undefined    \">E: <a href=\"mailto:events@beursvanberlage.com\">events@beursvanberlage.com<\/a><\/p>\n\n\n\n<div style=\"height:16px\" aria-hidden=\"true\" class=\"wp-block-spacer    \"><\/div>\n\n\n\n<p class=\"undefined    \"><strong>Beurs van Berlage<\/strong><\/p>\n\n\n\n<p class=\"undefined    \">Damrak 243<\/p>\n\n\n\n<p class=\"undefined    \">1012 ZJ Amsterdam<\/p>\n\n\n\n<p class=\"undefined    \">The Netherlands<\/p>\n<\/div>\n\n\n\n<div class=\"wp-block-endeavour-wp-blocks-custom-footer-column custom-footer-column custom-footer-column--column    \">\n<h5 class=\"wp-block-heading    \">Organise<\/h5>\n\n\n\n<ul class=\"wp-block-endeavour-wp-blocks-footer-link-list footer-link-list    \"><li class=\" wp-block-navigation-item wp-block-navigation-link\"><a class=\"wp-block-navigation-item__content\"  href=\"https:\/\/beursvanberlage.com\/about-the-beurs\/our-people\/\"><span class=\"wp-block-navigation-item__label\">Our team<\/span><\/a><\/li>\n\n<li class=\" wp-block-navigation-item wp-block-navigation-link\"><a class=\"wp-block-navigation-item__content\"  href=\"https:\/\/beursvanberlage.com\/organise\/our-services\/conference-and-hotel-services\/\"><span class=\"wp-block-navigation-item__label\">Hotel services<\/span><\/a><\/li>\n\n<li class=\" wp-block-navigation-item wp-block-navigation-link\"><a class=\"wp-block-navigation-item__content\"  href=\"https:\/\/beursvanberlage.com\/organise\/our-services\/catering\/\"><span class=\"wp-block-navigation-item__label\">Catering<\/span><\/a><\/li>\n\n<li class=\" wp-block-navigation-item wp-block-navigation-link\"><a class=\"wp-block-navigation-item__content\"  href=\"https:\/\/beursvanberlage.com\/organise\/our-services\/audiovisual-and-technological-support\/\"><span class=\"wp-block-navigation-item__label\">AV support<\/span><\/a><\/li><\/ul>\n<\/div>\n\n\n\n<div class=\"wp-block-endeavour-wp-blocks-custom-footer-column custom-footer-column custom-footer-column--column    \">\n<h5 class=\"wp-block-heading    \">Popular searches<\/h5>\n\n\n\n<ul class=\"wp-block-endeavour-wp-blocks-footer-link-list footer-link-list    \"><li class=\" wp-block-navigation-item wp-block-navigation-link\"><a class=\"wp-block-navigation-item__content\"  href=\"https:\/\/beursvanberlage.com\/vacancies\/\"><span class=\"wp-block-navigation-item__label\">Vacancies<\/span><\/a><\/li>\n\n<li class=\" wp-block-navigation-item wp-block-navigation-link\"><a class=\"wp-block-navigation-item__content\"  href=\"https:\/\/beursvanberlage.com\/organise\/showcases\/\"><span class=\"wp-block-navigation-item__label\">Showcases<\/span><\/a><\/li>\n\n<li class=\" wp-block-navigation-item wp-block-navigation-link\"><a class=\"wp-block-navigation-item__content\"  href=\"https:\/\/beursvanberlage.com\/about-the-beurs\/sustainability\/\"><span class=\"wp-block-navigation-item__label\">Sustainability<\/span><\/a><\/li>\n\n<li class=\" wp-block-navigation-item wp-block-navigation-link\"><a class=\"wp-block-navigation-item__content\"  href=\"https:\/\/beursvanberlage.com\/contact\/\"><span class=\"wp-block-navigation-item__label\">FAQ<\/span><\/a><\/li><\/ul>\n<\/div>\n\n\n\n<div class=\"wp-block-endeavour-wp-blocks-custom-footer-column custom-footer-column custom-footer-column--column    \">\n<h5 class=\"wp-block-heading    \">Newsletter<\/h5>\n\n\n\n<p class=\"undefined    \">Stay updated with our latest news<\/p>\n\n\n\n<div style=\"height:16px\" aria-hidden=\"true\" class=\"wp-block-spacer    \"><\/div>\n\n\n\n<script charset=\"utf-8\" type=\"text\/javascript\" src=\"\/\/js.hsforms.net\/forms\/embed\/v2.js\"><\/script>\n<script>\n  hbspt.forms.create({\n    portalId: \"5233325\",\n    formId: \"3d796647-f5d9-4a83-8ad0-76308e1bad17\"\n  });\n<\/script>\n<\/div>\n\n\n\n<div class=\"wp-block-endeavour-wp-blocks-custom-footer-column custom-footer-column custom-footer-column--row    \">\n<p class=\"undefined    \">@ 2024 Beurs van Berlage<\/p>\n\n\n\n<ul class=\"wp-block-endeavour-wp-blocks-footer-link-list footer-link-list    \"><li class=\" wp-block-navigation-item wp-block-navigation-link\"><a class=\"wp-block-navigation-item__content\"  href=\"https:\/\/beursvanberlage.com\/home\/terms-and-guidelines\/disclaimer\/\"><span class=\"wp-block-navigation-item__label\">Disclaimer <\/span><\/a><\/li>\n\n<li class=\" wp-block-navigation-item wp-block-navigation-link\"><a class=\"wp-block-navigation-item__content\"  href=\"https:\/\/beursvanberlage.com\/home\/terms-and-guidelines\/\"><span class=\"wp-block-navigation-item__label\">Terms and guidelines<\/span><\/a><\/li><\/ul>\n\n\n\n<div class=\"wp-block-endeavour-wp-blocks-icon-buttons icon-buttons    \">\n<a class=\"wp-block-endeavour-wp-blocks-icon-button icon-button    \" href=\"https:\/\/www.linkedin.com\/company\/662507\" target=\"_blank\" rel=\"noopener\"><svg viewBox=\"0 0 448 512\"><path d=\"M416 32H31.9C14.3 32 0 46.5 0 64.3v383.4C0 465.5 14.3 480 31.9 480H416c17.6 0 32-14.5 32-32.3V64.3c0-17.8-14.4-32.3-32-32.3zM135.4 416H69V202.2h66.5V416zm-33.2-243c-21.3 0-38.5-17.3-38.5-38.5S80.9 96 102.2 96c21.2 0 38.5 17.3 38.5 38.5 0 21.3-17.2 38.5-38.5 38.5zm282.1 243h-66.4V312c0-24.8-.5-56.7-34.5-56.7-34.6 0-39.9 27-39.9 54.9V416h-66.4V202.2h63.7v29.2h.9c8.9-16.8 30.6-34.5 62.9-34.5 67.2 0 79.7 44.3 79.7 101.9V416z\"><\/path><\/svg><\/a>\n\n\n\n<a class=\"wp-block-endeavour-wp-blocks-icon-button icon-button    \" href=\"https:\/\/www.facebook.com\/BeursvanBerlageAmsterdam\/\" target=\"_blank\" rel=\"noopener\"><svg xmlns=\"http:\/\/www.w3.org\/2000\/svg\" viewBox=\"0 0 320 512\"><path d=\"M80 299.3V512H196V299.3h86.5l18-97.8H196V166.9c0-51.7 20.3-71.5 72.7-71.5c16.3 0 29.4 .4 37 1.2V7.9C291.4 4 256.4 0 236.2 0C129.3 0 80 50.5 80 159.4v42.1H14v97.8H80z\"><\/path><\/svg><\/a>\n\n\n\n<a class=\"wp-block-endeavour-wp-blocks-icon-button icon-button    \" href=\"https:\/\/www.instagram.com\/beursvanberlageofficial\/\" target=\"_blank\" rel=\"noopener\"><svg viewBox=\"0 0 448 512\"><path d=\"M224.1 141c-63.6 0-114.9 51.3-114.9 114.9s51.3 114.9 114.9 114.9S339 319.5 339 255.9 287.7 141 224.1 141zm0 189.6c-41.1 0-74.7-33.5-74.7-74.7s33.5-74.7 74.7-74.7 74.7 33.5 74.7 74.7-33.6 74.7-74.7 74.7zm146.4-194.3c0 14.9-12 26.8-26.8 26.8-14.9 0-26.8-12-26.8-26.8s12-26.8 26.8-26.8 26.8 12 26.8 26.8zm76.1 27.2c-1.7-35.9-9.9-67.7-36.2-93.9-26.2-26.2-58-34.4-93.9-36.2-37-2.1-147.9-2.1-184.9 0-35.8 1.7-67.6 9.9-93.9 36.1s-34.4 58-36.2 93.9c-2.1 37-2.1 147.9 0 184.9 1.7 35.9 9.9 67.7 36.2 93.9s58 34.4 93.9 36.2c37 2.1 147.9 2.1 184.9 0 35.9-1.7 67.7-9.9 93.9-36.2 26.2-26.2 34.4-58 36.2-93.9 2.1-37 2.1-147.8 0-184.8zM398.8 388c-7.8 19.6-22.9 34.7-42.6 42.6-29.5 11.7-99.5 9-132.1 9s-102.7 2.6-132.1-9c-19.6-7.8-34.7-22.9-42.6-42.6-11.7-29.5-9-99.5-9-132.1s-2.6-102.7 9-132.1c7.8-19.6 22.9-34.7 42.6-42.6 29.5-11.7 99.5-9 132.1-9s102.7-2.6 132.1 9c19.6 7.8 34.7 22.9 42.6 42.6 11.7 29.5 9 99.5 9 132.1s2.7 102.7-9 132.1z\"><\/path><\/svg><\/a>\n<\/div>\n\n\n\n<p class=\"undefined    \"><img loading=\"lazy\" decoding=\"async\" width=\"130\" height=\"17\" class=\"wp-image-4667\" style=\"width: 130px;\" src=\"https:\/\/beursvanberlage.com\/app\/uploads\/2024\/10\/label-I-amsterdam-rood-wit-1.png\" alt=\"\" srcset=\"https:\/\/beursvanberlage.com\/app\/uploads\/2024\/10\/label-I-amsterdam-rood-wit-1.png 888w, https:\/\/beursvanberlage.com\/app\/uploads\/2024\/10\/label-I-amsterdam-rood-wit-1-300x40.png 300w, https:\/\/beursvanberlage.com\/app\/uploads\/2024\/10\/label-I-amsterdam-rood-wit-1-768x103.png 768w\" sizes=\"auto, (max-width: 130px) 100vw, 130px\" \/><\/p>\n\n\n\n<p class=\"undefined    \"><img loading=\"lazy\" decoding=\"async\" width=\"13\" height=\"22\" class=\"wp-image-4654\" style=\"width: 13px;\" src=\"https:\/\/beursvanberlage.com\/app\/uploads\/2024\/10\/pijltje-1.png\" alt=\"\"> <a data-type=\"internal\" data-id=\"#top\" href=\"#top\">Back to the top<\/a><\/p>\n<\/div>\n\n    <\/div>\n<\/footer>","protected":false},"excerpt":{"rendered":"","protected":false},"author":2,"featured_media":15101,"parent":15801,"menu_order":0,"comment_status":"closed","ping_status":"closed","template":"wp-custom-template-page-no-footer","meta":{"content-type":"","footnotes":""},"class_list":["post-16386","page","type-page","status-publish","has-post-thumbnail","hentry"],"_links":{"self":[{"href":"https:\/\/beursvanberlage.com\/fr\/wp-json\/wp\/v2\/pages\/16386","targetHints":{"allow":["GET"]}}],"collection":[{"href":"https:\/\/beursvanberlage.com\/fr\/wp-json\/wp\/v2\/pages"}],"about":[{"href":"https:\/\/beursvanberlage.com\/fr\/wp-json\/wp\/v2\/types\/page"}],"author":[{"embeddable":true,"href":"https:\/\/beursvanberlage.com\/fr\/wp-json\/wp\/v2\/users\/2"}],"replies":[{"embeddable":true,"href":"https:\/\/beursvanberlage.com\/fr\/wp-json\/wp\/v2\/comments?post=16386"}],"version-history":[{"count":7,"href":"https:\/\/beursvanberlage.com\/fr\/wp-json\/wp\/v2\/pages\/16386\/revisions"}],"predecessor-version":[{"id":16443,"href":"https:\/\/beursvanberlage.com\/fr\/wp-json\/wp\/v2\/pages\/16386\/revisions\/16443"}],"up":[{"embeddable":true,"href":"https:\/\/beursvanberlage.com\/fr\/wp-json\/wp\/v2\/pages\/15801"}],"wp:featuredmedia":[{"embeddable":true,"href":"https:\/\/beursvanberlage.com\/fr\/wp-json\/wp\/v2\/media\/15101"}],"wp:attachment":[{"href":"https:\/\/beursvanberlage.com\/fr\/wp-json\/wp\/v2\/media?parent=16386"}],"curies":[{"name":"wp","href":"https:\/\/api.w.org\/{rel}","templated":true}]}}