{"id":8749,"date":"2024-10-21T12:17:36","date_gmt":"2024-10-21T12:17:36","guid":{"rendered":"https:\/\/beursvanberlage.com\/?page_id=8749"},"modified":"2026-01-22T13:46:03","modified_gmt":"2026-01-22T13:46:03","slug":"renaissance-amsterdam-hotel","status":"publish","type":"page","link":"https:\/\/beursvanberlage.com\/de\/veranstalten\/unsere-services\/kongress-und-hotelservices\/renaissance-amsterdam-hotel\/","title":{"rendered":"Renaissance Amsterdam Hotel"},"content":{"rendered":"<div class=\"wp-block-endeavour-wp-blocks-banner-w-content-card\">\n    <div class=\"banner-w-content-card__outer-wrapper\">\n        <div class=\"banner-w-content-card__image-wrapper\">\n                            <img decoding=\"async\" class=\"banner-w-content-card__image\" src=\"https:\/\/beursvanberlage.com\/app\/uploads\/2024\/10\/3124_renaissance_hotel_c2_022.jpg\" alt=\"Banner Image\" \/>\n                    <\/div>\n\n        <div class=\"banner-w-content-card__content-wrapper\">\n            <div class=\"content-wrapper\">\n                <div class=\"banner-w-content-card__text-wrapper\">\n                                            <div class=\"banner-w-content-card__breadcrumbs\">\n                                                                                            <a\n                                        href=\"https:\/\/beursvanberlage.com\/de\/veranstalten\/unsere-services\/kongress-und-hotelservices\/\"\n                                        class=\"banner-w-content-card__breadcrumb-link \">\n                                    Kongress- und Hotelservices                                <\/a>\n                                                                    <span class=\"banner-w-content-card__breadcrumb-separator\"> \/ <\/span>\n                                                                                                                            <a\n                                        href=\"#\"\n                                        class=\"banner-w-content-card__breadcrumb-link banner-w-content-card__breadcrumb-link--active\">\n                                    Renaissance Amsterdam Hotel                                <\/a>\n                                                                                    <\/div>\n                    \n                                            <h1 class=\"banner-w-content-card__title\">\n                            Renaissance Amsterdam Hotel                        <\/h1>\n                    \n                                    <\/div>\n            <\/div>\n        <\/div>\n    <\/div>\n<\/div>\n\n\n\n<div class=\"wp-block-endeavour-wp-blocks-custom-spacer custom-spacer    \"><div style=\"height:1rem\" class=\"custom-spacer__mobile\"><\/div><div style=\"height:3rem\" class=\"custom-spacer__desktop\"><\/div><\/div>\n\n\n\n<div class=\"wp-block-endeavour-wp-blocks-site-side-bar side-bar-block alignfull    \" style=\"position:sticky\"><div class=\"side-bar-block__swiper swiper\"><ul class=\"side-bar-block__anchor-list side-bar-block__anchor-list--slider  swiper-wrapper\"><li class=\"side-bar-block__anchor-item swiper-slide\"><a href=\"#Proef-het-Amsterdamse-leven\" class=\"side-bar-block__anchor-link\">Das Leben in Amsterdam<\/a><\/li><li class=\"side-bar-block__anchor-item swiper-slide\"><a href=\"#impressie\" class=\"side-bar-block__anchor-link\">Impressionen des Hotels<\/a><\/li><li class=\"side-bar-block__anchor-item swiper-slide\"><a href=\"#Bereikbaarheid\" class=\"side-bar-block__anchor-link\">Erreichbarkeit<\/a><\/li><\/ul><\/div><ul class=\"side-bar-block__anchor-list side-bar-block__anchor-list--desktop\"><li class=\"side-bar-block__anchor-item\"><a href=\"#Proef-het-Amsterdamse-leven\" class=\"side-bar-block__anchor-link side-bar-block__anchor-link--desktop\">Das Leben in Amsterdam<\/a><\/li><li class=\"side-bar-block__anchor-item\"><a href=\"#impressie\" class=\"side-bar-block__anchor-link side-bar-block__anchor-link--desktop\">Impressionen des Hotels<\/a><\/li><li class=\"side-bar-block__anchor-item\"><a href=\"#Bereikbaarheid\" class=\"side-bar-block__anchor-link side-bar-block__anchor-link--desktop\">Erreichbarkeit<\/a><\/li><\/ul><\/div>\n\n\n\n<div class=\"wp-block-endeavour-wp-blocks-custom-spacer custom-spacer    \"><div style=\"height:1rem\" class=\"custom-spacer__mobile\"><\/div><div style=\"height:3rem\" class=\"custom-spacer__desktop\"><\/div><\/div>\n\n\n\n<section class=\"wp-block-endeavour-wp-blocks-content-container content-container    \" id=\"Proef-het-Amsterdamse-leven\"><div class=\"wp-block-endeavour-wp-blocks-content-container content-container__inner content-container__inner--medium    \" id=\"Proef-het-Amsterdamse-leven\">\n<div class=\"wp-block-endeavour-wp-blocks-image-w-text-cta    \"><div class=\"image-w-text-cta__outer-wrapper\"><div class=\"content-wrapper\"><div class=\"image-w-text-cta__inner-wrapper\"><div class=\"image-w-text-cta__content-wrapper\"><h4 class=\"image-w-text-cta__title\">Das Leben in Amsterdam erleben<\/h4><div class=\"image-w-text-cta__text\">Das Hotel bietet stilvolle Zimmer und Suiten, die gestaltet wurden, um den G\u00e4sten einen Einblick in das Leben in Amsterdam zu geben. Die k\u00fcrzlich renovierten R\u00e4ume sind mit kreativen Designs ausgestattet, die von den Werken Rembrandts inspiriert sind. Das Renaissance verk\u00f6rpert niederl\u00e4ndische Reiselust mit mutigen, innovativen, k\u00fcnstlerischen und lokal verbundenen Elementen. G\u00e4ste in Premium-Zimmern sowie Marriott Bonvoy-Mitglieder haben Zugang zur Club Lounge, in der Getr\u00e4nke, Snacks und ein vielf\u00e4ltiges Fr\u00fchst\u00fcck angeboten werden.<br>Alle Zimmer sind mit den neuesten Annehmlichkeiten ausgestattet, darunter High-Speed-Internet, individuell einstellbare Klimaanlage, B\u00fcgeleisen, Kaffee- und Teezubeh\u00f6r, Minibar und Safe. Beenden Sie Ihren Tag im traditionellen niederl\u00e4ndischen Koepelcaf\u00e9, einem gem\u00fctlichen Ort, um sich zu entspannen und Amsterdam zu genie\u00dfen, mit der M\u00f6glichkeit, lokale Gerichte und Getr\u00e4nke zu probieren. Im Sommer l\u00e4dt die sonnige Terrasse zum Verweilen ein, oder Sie machen es sich im einladenden Caf\u00e9 bequem. <\/div><div class=\"wp-block-endeavour-wp-blocks-image-w-text-cta    \"><\/div><\/div><div class=\"image-w-text-cta__image-wrapper\"><img decoding=\"async\" class=\"image-w-text-cta__image\" src=\"https:\/\/beursvanberlage.com\/app\/uploads\/2025\/05\/renaissance-hotelkamer.jpg\" alt=\"Uploaded Media\" loading=\"lazy\"\/><\/div><\/div><\/div><\/div><\/div>\n<\/div><\/section>\n\n\n\n<div class=\"wp-block-endeavour-wp-blocks-custom-spacer custom-spacer    \"><div style=\"height:1rem\" class=\"custom-spacer__mobile\"><\/div><div style=\"height:3rem\" class=\"custom-spacer__desktop\"><\/div><\/div>\n\n\n\n<section class=\"wp-block-endeavour-wp-blocks-content-container content-container    \" id=\"impressie\"><div class=\"wp-block-endeavour-wp-blocks-content-container content-container__inner content-container__inner--full    \" id=\"impressie\"><\/div><\/section>\n\n\n\n<div class=\"wp-block-endeavour-wp-blocks-media-grid    \"><div class=\"content-wrapper\"><h4 class=\"media-grid__title\">Impressionen des Hotels<\/h4><\/div><div class=\"media-grid__outer-wrapper\"><div class=\"content-wrapper\"><div class=\"media-grid__inner-wrapper media-grid__inner-wrapper--mobile\"><div class=\"media-grid__video-modal\"><div class=\"media-grid__video-modal-inner-wrapper\"><div class=\"media-grid__video-close-icon\"><svg width=\"16\" height=\"16\" viewBox=\"0 0 12 12\" fill=\"none\" xmlns=\"http:\/\/www.w3.org\/2000\/svg\"><path d=\"M10.7812 2.28125L7.03125 6.03125L10.75 9.75C11.0625 10.0312 11.0625 10.5 10.75 10.7812C10.4688 11.0938 10 11.0938 9.71875 10.7812L5.96875 7.0625L2.25 10.7812C1.96875 11.0938 1.5 11.0938 1.21875 10.7812C0.90625 10.5 0.90625 10.0312 1.21875 9.71875L4.9375 6L1.21875 2.28125C0.90625 2 0.90625 1.53125 1.21875 1.21875C1.5 0.9375 1.96875 0.9375 2.28125 1.21875L6 4.96875L9.71875 1.25C10 0.9375 10.4688 0.9375 10.7812 1.25C11.0625 1.53125 11.0625 2 10.7812 2.28125Z\" fill=\"#343A40\"><\/path><\/svg><\/div><video class=\"media-grid__video-content\" src=\"\" controls><\/video><\/div><\/div><div class=\"media-grid__media-wrapper media-grid__media-wrapper--first-media\"><div class=\"media-grid__first-media\"><div class=\"media-grid__image-wrapper\"><img decoding=\"async\" class=\"media-grid__image\" src=\"https:\/\/beursvanberlage.com\/app\/uploads\/2025\/05\/renaissance-extra.jpg\" alt=\"Uploaded Media 1\" loading=\"lazy\"\/><\/div><\/div><\/div><div class=\"media-grid__middle-wrapper\"><div class=\"media-grid__media-wrapper media-grid__media-wrapper--second-media\"><div class=\"media-grid__second-media\"><div class=\"media-grid__image-wrapper\"><img decoding=\"async\" class=\"media-grid__image\" src=\"https:\/\/beursvanberlage.com\/app\/uploads\/2024\/10\/3124_renaissance_hotel_e1_01-scaled.jpg\" alt=\"Uploaded Media 2\" loading=\"lazy\"\/><\/div><\/div><\/div><div class=\"media-grid__media-wrapper media-grid__media-wrapper--third-media\"><div class=\"media-grid__third-media\"><div class=\"media-grid__image-wrapper\"><img decoding=\"async\" class=\"media-grid__image\" src=\"https:\/\/beursvanberlage.com\/app\/uploads\/2024\/10\/3124_renaissance_hotel_g1_moestuin_02_aangepast.jpg\" alt=\"Uploaded Media 3\" loading=\"lazy\"\/><\/div><\/div><\/div><\/div><div class=\"media-grid__media-wrapper media-grid__media-wrapper--fourth-media\"><div class=\"media-grid__fourth-media\"><div class=\"media-grid__image-wrapper\"><img decoding=\"async\" class=\"media-grid__image\" src=\"https:\/\/beursvanberlage.com\/app\/uploads\/2025\/05\/binnenkant-renaissance-hotel-1.jpg\" alt=\"Uploaded Media 4\" loading=\"lazy\"\/><\/div><\/div><\/div><\/div><div class=\"media-grid__inner-wrapper media-grid__inner-wrapper--desktop\"><div class=\"media-grid__video-modal\"><div class=\"media-grid__video-modal-inner-wrapper\"><div class=\"media-grid__video-close-icon\"><svg width=\"16\" height=\"16\" viewBox=\"0 0 12 12\" fill=\"none\" xmlns=\"http:\/\/www.w3.org\/2000\/svg\"><path d=\"M10.7812 2.28125L7.03125 6.03125L10.75 9.75C11.0625 10.0312 11.0625 10.5 10.75 10.7812C10.4688 11.0938 10 11.0938 9.71875 10.7812L5.96875 7.0625L2.25 10.7812C1.96875 11.0938 1.5 11.0938 1.21875 10.7812C0.90625 10.5 0.90625 10.0312 1.21875 9.71875L4.9375 6L1.21875 2.28125C0.90625 2 0.90625 1.53125 1.21875 1.21875C1.5 0.9375 1.96875 0.9375 2.28125 1.21875L6 4.96875L9.71875 1.25C10 0.9375 10.4688 0.9375 10.7812 1.25C11.0625 1.53125 11.0625 2 10.7812 2.28125Z\" fill=\"#343A40\"><\/path><\/svg><\/div><video class=\"media-grid__video-content\" src=\"\" controls><\/video><\/div><\/div><div class=\"media-grid__top-wrapper\"><div class=\"media-grid__media-wrapper media-grid__media-wrapper--first-media\"><div class=\"media-grid__first-media\"><div class=\"media-grid__image-wrapper\"><img decoding=\"async\" class=\"media-grid__image\" src=\"https:\/\/beursvanberlage.com\/app\/uploads\/2025\/05\/renaissance-extra.jpg\" alt=\"Uploaded Media 1\" loading=\"lazy\"\/><\/div><\/div><\/div><div class=\"media-grid__media-wrapper media-grid__media-wrapper--second-media\"><div class=\"media-grid__second-media\"><div class=\"media-grid__image-wrapper\"><img decoding=\"async\" class=\"media-grid__image\" src=\"https:\/\/beursvanberlage.com\/app\/uploads\/2024\/10\/3124_renaissance_hotel_e1_01-scaled.jpg\" alt=\"Uploaded Media 2\" loading=\"lazy\"\/><\/div><\/div><\/div><\/div><div class=\"media-grid__top-wrapper\"><div class=\"media-grid__media-wrapper media-grid__media-wrapper--third-media\"><div class=\"media-grid__third-media\"><div class=\"media-grid__image-wrapper\"><img decoding=\"async\" class=\"media-grid__image\" src=\"https:\/\/beursvanberlage.com\/app\/uploads\/2024\/10\/3124_renaissance_hotel_g1_moestuin_02_aangepast.jpg\" alt=\"Uploaded Media 3\" loading=\"lazy\"\/><\/div><\/div><\/div><div class=\"media-grid__media-wrapper media-grid__media-wrapper--fourth-media\"><div class=\"media-grid__fourth-media\"><div class=\"media-grid__image-wrapper\"><img decoding=\"async\" class=\"media-grid__image\" src=\"https:\/\/beursvanberlage.com\/app\/uploads\/2025\/05\/binnenkant-renaissance-hotel-1.jpg\" alt=\"Uploaded Media 4\" loading=\"lazy\"\/><\/div><\/div><\/div><\/div><\/div><\/div><\/div><\/div>\n\n\n\n<div class=\"wp-block-endeavour-wp-blocks-custom-spacer custom-spacer    \"><div style=\"height:1rem\" class=\"custom-spacer__mobile\"><\/div><div style=\"height:3rem\" class=\"custom-spacer__desktop\"><\/div><\/div>\n\n\n\n<section class=\"wp-block-endeavour-wp-blocks-content-container content-container    \" id=\"Bereikbaarheid\"><div class=\"wp-block-endeavour-wp-blocks-content-container content-container__inner content-container__inner--full    \" id=\"Bereikbaarheid\">\n<div class=\"wp-block-endeavour-wp-blocks-map-and-content map-section    \"><div class=\"map-section__background-image-wrapper \"><img decoding=\"async\" src=\"https:\/\/beursvanberlage.com\/app\/uploads\/2024\/09\/20191017_BeursvanBerlage_002-7325-scaled.jpg\" alt=\"\" class=\"map-section__background-image\"\/><\/div><div class=\"map-section__columns content-wrapper\"><div class=\"map-section__map-column map-section__map-column--is-iframe\"><iframe src=\"https:\/\/www.google.com\/maps\/embed?pb=!1m24!1m8!1m3!1d4871.296593411713!2d4.894731!3d52.376797!3m2!1i1024!2i768!4f13.1!4m13!3e2!4m5!1s0x47c609c787f17ca7%3A0xfdc6eede688a772f!2sBeurs%20van%20Berlage%2C%20Damrak%20243%2C%201012%20ZJ%20Amsterdam!3m2!1d52.375062199999995!2d4.8961713!4m5!1s0x47c609c875b11085%3A0x46ac8e5b5d89c087!2sRenaissance%20Amsterdam%20Hotel%2C%20Hekelveld%2017%2C%201012%20SZ%20Amsterdam!3m2!1d52.377579399999995!2d4.894686!5e0!3m2!1snl!2snl!4v1730207070998!5m2!1snl!2snl&quot; width=&quot;600&quot; height=&quot;450&quot; style=&quot;border:0;&quot; allowfullscreen=&quot;&quot; loading=&quot;lazy&quot; referrerpolicy=&quot;no-referrer-when-downgrade\" width=\"100%\" height=\"100%\"><\/iframe><\/div><div class=\"map-section__content-column\">\n<div style=\"height:32px\" aria-hidden=\"true\" class=\"wp-block-spacer    \"><\/div>\n\n\n\n<h4 class=\"wp-block-heading    \" id=\"bereikbaarheid\">Erreichbarkeit<\/h4>\n\n\n\n<div style=\"height:2rem\" aria-hidden=\"true\" class=\"wp-block-spacer    \"><\/div>\n\n\n\n<p class=\"undefined    \">Hekelveld 17, 1012 SZ Amsterdam<\/p>\n\n\n\n<div style=\"height:2rem\" aria-hidden=\"true\" class=\"wp-block-spacer    \"><\/div>\n\n\n\n<div style=\"height:32px\" aria-hidden=\"true\" class=\"wp-block-spacer    \"><\/div>\n\n\n\n<div class=\"wp-block-endeavour-wp-blocks-buttons-wrapper    \"><div class=\"wp-block-endeavour-wp-blocks-buttons-wrapper     buttons-wrapper__wrapper\">\n<div class=\"wp-block-endeavour-wp-blocks-main-button     main-button\"><a class=\"main-button__wrapper main-button__wrapper--is-secondary\" href=\"https:\/\/www.anantara.com\/en\/grand-hotel-krasnapolsky-amsterdam\" target=\"_blank\" rel=\"noopener\">Besuchen Sie die Website<\/a><\/div>\n<\/div><\/div>\n<\/div><\/div><\/div>\n<\/div><\/section>\n\n\n\n<div class=\"wp-block-endeavour-wp-blocks-custom-spacer custom-spacer    \"><div style=\"height:1rem\" class=\"custom-spacer__mobile\"><\/div><div style=\"height:3rem\" class=\"custom-spacer__desktop\"><\/div><\/div>\n\n\n\n<footer class=\"custom-footer custom-footer--spacing-enabled custom-footer custom-footer--spacing-enabled wp-block-endeavour-wp-blocks-custom-footer\">\n    <div class=\"custom-footer__float-content custom-footer__float-content--image\">\n                                    <img decoding=\"async\" class=\"custom-footer__float-content-image\" src=\"https:\/\/beursvanberlage.com\/app\/uploads\/2024\/10\/3124_renaissance_hotel_c2_02.jpg\" \/>\n                        <\/div>\n    <div class=\"custom-footer__inner-columns\">\n        \n\n<div class=\"wp-block-endeavour-wp-blocks-custom-footer-column custom-footer-column custom-footer-column--column    \">\n<h5 class=\"wp-block-heading    \">Kontakt hotelservices<\/h5>\n\n\n\n<p class=\"undefined    \">T: <a href=\"tel:+31205304147\">+31 (0)20 &#8211; 530 41 47<\/a><\/p>\n\n\n\n<p class=\"undefined    \">E: <a href=\"mailto:services@beursvanberlage.com\">services@beursvanberlage.com<\/a><\/p>\n\n\n\n<div style=\"height:16px\" aria-hidden=\"true\" class=\"wp-block-spacer    \"><\/div>\n\n\n\n<p class=\"undefined    \"><strong>Beurs van Berlage<\/strong><\/p>\n\n\n\n<p class=\"undefined    \">Damrak 243<\/p>\n\n\n\n<p class=\"undefined    \">1012 ZJ Amsterdam<\/p>\n\n\n\n<p class=\"undefined    \">Niederlande<\/p>\n<\/div>\n\n\n\n<div class=\"wp-block-endeavour-wp-blocks-custom-footer-column custom-footer-column custom-footer-column--column    \">\n<h5 class=\"wp-block-heading    \">Hotels<\/h5>\n\n\n\n<ul class=\"wp-block-endeavour-wp-blocks-footer-link-list footer-link-list    \"><li class=\" wp-block-navigation-item wp-block-navigation-link\"><a class=\"wp-block-navigation-item__content\" href=\"https:\/\/beursvanberlage.com\/de\/veranstalten\/unsere-services\/kongress-und-hotelservices\/#onze-5-sterren-parters\"><span class=\"wp-block-navigation-item__label\">5-Sterne-Hotels<\/span><\/a><\/li>\n\n<li class=\" wp-block-navigation-item wp-block-navigation-link\"><a class=\"wp-block-navigation-item__content\" href=\"https:\/\/beursvanberlage.com\/de\/veranstalten\/unsere-services\/kongress-und-hotelservices\/#Onze-4-sterren-partners\"><span class=\"wp-block-navigation-item__label\">4-Sterne-Hotels<\/span><\/a><\/li>\n\n<li class=\" wp-block-navigation-item wp-block-navigation-link\"><a class=\"wp-block-navigation-item__content\" href=\"https:\/\/beursvanberlage.com\/de\/veranstalten\/unsere-services\/kongress-und-hotelservices\/#Onze-3-sterren-partners\"><span class=\"wp-block-navigation-item__label\">3-Sterne-Hotels<\/span><\/a><\/li>\n\n<\/ul>\n<\/div>\n\n\n\n<div class=\"wp-block-endeavour-wp-blocks-custom-footer-column custom-footer-column custom-footer-column--column    \">\n<h5 class=\"wp-block-heading    \">H\u00e4ufig gesucht<\/h5>\n\n\n\n<ul class=\"wp-block-endeavour-wp-blocks-footer-link-list footer-link-list    \"><li class=\" wp-block-navigation-item wp-block-navigation-link\"><a class=\"wp-block-navigation-item__content\" href=\"https:\/\/beursvanberlage.com\/de\/stellenangebote\/\"><span class=\"wp-block-navigation-item__label\">Stellenangebote<\/span><\/a><\/li>\n\n<li class=\" wp-block-navigation-item wp-block-navigation-link\"><a class=\"wp-block-navigation-item__content\" href=\"https:\/\/beursvanberlage.com\/de\/veranstalten\/showcases\/\"><span class=\"wp-block-navigation-item__label\">Showcases<\/span><\/a><\/li>\n\n<li class=\" wp-block-navigation-item wp-block-navigation-link\"><a class=\"wp-block-navigation-item__content\" href=\"https:\/\/beursvanberlage.com\/de\/veranstalten\/praktische-informationen\/nachhaltigkeit\/\"><span class=\"wp-block-navigation-item__label\">Nachhaltigkeit<\/span><\/a><\/li>\n\n<li class=\" wp-block-navigation-item wp-block-navigation-link\"><a class=\"wp-block-navigation-item__content\" href=\"https:\/\/beursvanberlage.com\/de\/kontakt\/\"><span class=\"wp-block-navigation-item__label\">H\u00e4ufig gestellte Fragen<\/span><\/a><\/li><\/ul>\n<\/div>\n\n\n\n<div class=\"wp-block-endeavour-wp-blocks-custom-footer-column custom-footer-column custom-footer-column--column    \">\n<h5 class=\"wp-block-heading    \">Newsletter<\/h5>\n\n\n\n<p class=\"undefined    \">Bleiben Sie auf dem Laufenden \u00fcber unsere neuesten Nachrichten<\/p>\n\n\n\n<div style=\"height:16px\" aria-hidden=\"true\" class=\"wp-block-spacer    \"><\/div>\n\n\n\n<script charset=\"utf-8\" type=\"text\/javascript\" src=\"\/\/js.hsforms.net\/forms\/embed\/v2.js\"><\/script>\n<script>\n  hbspt.forms.create({\n    portalId: \"5233325\",\n    formId: \"3d796647-f5d9-4a83-8ad0-76308e1bad17\"\n  });\n<\/script>\n<\/div>\n\n\n\n<div class=\"wp-block-endeavour-wp-blocks-custom-footer-column custom-footer-column custom-footer-column--row    \">\n<p class=\"undefined    \">@ 2024 Beurs van Berlage<\/p>\n\n\n\n<ul class=\"wp-block-endeavour-wp-blocks-footer-link-list footer-link-list    \"><li class=\" wp-block-navigation-item wp-block-navigation-link\"><a class=\"wp-block-navigation-item__content\" href=\"https:\/\/beursvanberlage.com\/de\/home\/bedingungen-und-richtlinien\/haftungsausschlusses\/\"><span class=\"wp-block-navigation-item__label\">Disclaimer <\/span><\/a><\/li>\n\n<li class=\" wp-block-navigation-item wp-block-navigation-link\"><a class=\"wp-block-navigation-item__content\" href=\"https:\/\/beursvanberlage.com\/de\/home\/bedingungen-und-richtlinien\/\"><span class=\"wp-block-navigation-item__label\">Bedingungen und Richtlinien<\/span><\/a><\/li><\/ul>\n\n\n\n<div class=\"wp-block-endeavour-wp-blocks-icon-buttons icon-buttons    \">\n<a class=\"wp-block-endeavour-wp-blocks-icon-button icon-button    \" href=\"https:\/\/www.linkedin.com\/company\/662507\" target=\"_blank\" rel=\"noopener\"><svg viewBox=\"0 0 448 512\"><path d=\"M416 32H31.9C14.3 32 0 46.5 0 64.3v383.4C0 465.5 14.3 480 31.9 480H416c17.6 0 32-14.5 32-32.3V64.3c0-17.8-14.4-32.3-32-32.3zM135.4 416H69V202.2h66.5V416zm-33.2-243c-21.3 0-38.5-17.3-38.5-38.5S80.9 96 102.2 96c21.2 0 38.5 17.3 38.5 38.5 0 21.3-17.2 38.5-38.5 38.5zm282.1 243h-66.4V312c0-24.8-.5-56.7-34.5-56.7-34.6 0-39.9 27-39.9 54.9V416h-66.4V202.2h63.7v29.2h.9c8.9-16.8 30.6-34.5 62.9-34.5 67.2 0 79.7 44.3 79.7 101.9V416z\"><\/path><\/svg><\/a>\n\n\n\n<a class=\"wp-block-endeavour-wp-blocks-icon-button icon-button    \" href=\"https:\/\/www.facebook.com\/BeursvanBerlageAmsterdam\/\" target=\"_blank\" rel=\"noopener\"><svg xmlns=\"http:\/\/www.w3.org\/2000\/svg\" viewBox=\"0 0 320 512\"><path d=\"M80 299.3V512H196V299.3h86.5l18-97.8H196V166.9c0-51.7 20.3-71.5 72.7-71.5c16.3 0 29.4 .4 37 1.2V7.9C291.4 4 256.4 0 236.2 0C129.3 0 80 50.5 80 159.4v42.1H14v97.8H80z\"><\/path><\/svg><\/a>\n\n\n\n<a class=\"wp-block-endeavour-wp-blocks-icon-button icon-button    \" href=\"https:\/\/www.instagram.com\/beursvanberlageofficial\/\" target=\"_blank\" rel=\"noopener\"><svg viewBox=\"0 0 448 512\"><path d=\"M224.1 141c-63.6 0-114.9 51.3-114.9 114.9s51.3 114.9 114.9 114.9S339 319.5 339 255.9 287.7 141 224.1 141zm0 189.6c-41.1 0-74.7-33.5-74.7-74.7s33.5-74.7 74.7-74.7 74.7 33.5 74.7 74.7-33.6 74.7-74.7 74.7zm146.4-194.3c0 14.9-12 26.8-26.8 26.8-14.9 0-26.8-12-26.8-26.8s12-26.8 26.8-26.8 26.8 12 26.8 26.8zm76.1 27.2c-1.7-35.9-9.9-67.7-36.2-93.9-26.2-26.2-58-34.4-93.9-36.2-37-2.1-147.9-2.1-184.9 0-35.8 1.7-67.6 9.9-93.9 36.1s-34.4 58-36.2 93.9c-2.1 37-2.1 147.9 0 184.9 1.7 35.9 9.9 67.7 36.2 93.9s58 34.4 93.9 36.2c37 2.1 147.9 2.1 184.9 0 35.9-1.7 67.7-9.9 93.9-36.2 26.2-26.2 34.4-58 36.2-93.9 2.1-37 2.1-147.8 0-184.8zM398.8 388c-7.8 19.6-22.9 34.7-42.6 42.6-29.5 11.7-99.5 9-132.1 9s-102.7 2.6-132.1-9c-19.6-7.8-34.7-22.9-42.6-42.6-11.7-29.5-9-99.5-9-132.1s-2.6-102.7 9-132.1c7.8-19.6 22.9-34.7 42.6-42.6 29.5-11.7 99.5-9 132.1-9s102.7-2.6 132.1 9c19.6 7.8 34.7 22.9 42.6 42.6 11.7 29.5 9 99.5 9 132.1s2.7 102.7-9 132.1z\"><\/path><\/svg><\/a>\n<\/div>\n\n\n\n<p class=\"undefined    \"><img loading=\"lazy\" decoding=\"async\" width=\"130\" height=\"17\" class=\"wp-image-4667\" style=\"width: 130px;\" src=\"https:\/\/beursvanberlage.com\/app\/uploads\/2024\/10\/label-I-amsterdam-rood-wit-1.png\" alt=\"\" srcset=\"https:\/\/beursvanberlage.com\/app\/uploads\/2024\/10\/label-I-amsterdam-rood-wit-1.png 888w, https:\/\/beursvanberlage.com\/app\/uploads\/2024\/10\/label-I-amsterdam-rood-wit-1-300x40.png 300w, https:\/\/beursvanberlage.com\/app\/uploads\/2024\/10\/label-I-amsterdam-rood-wit-1-768x103.png 768w\" sizes=\"auto, (max-width: 130px) 100vw, 130px\" \/><\/p>\n\n\n\n<p class=\"undefined    \"><img loading=\"lazy\" decoding=\"async\" width=\"13\" height=\"22\" class=\"wp-image-4654\" style=\"width: 13px;\" src=\"https:\/\/beursvanberlage.com\/app\/uploads\/2024\/10\/pijltje-1.png\" alt=\"\"> <a data-type=\"internal\" data-id=\"#top\" href=\"#top\">Zur\u00fcck nach oben<\/a><\/p>\n<\/div>\n\n    <\/div>\n<\/footer>","protected":false},"excerpt":{"rendered":"","protected":false},"author":2,"featured_media":8742,"parent":7591,"menu_order":0,"comment_status":"closed","ping_status":"closed","template":"wp-custom-template-page-no-footer","meta":{"content-type":"","footnotes":""},"class_list":["post-8749","page","type-page","status-publish","has-post-thumbnail","hentry"],"_links":{"self":[{"href":"https:\/\/beursvanberlage.com\/de\/wp-json\/wp\/v2\/pages\/8749","targetHints":{"allow":["GET"]}}],"collection":[{"href":"https:\/\/beursvanberlage.com\/de\/wp-json\/wp\/v2\/pages"}],"about":[{"href":"https:\/\/beursvanberlage.com\/de\/wp-json\/wp\/v2\/types\/page"}],"author":[{"embeddable":true,"href":"https:\/\/beursvanberlage.com\/de\/wp-json\/wp\/v2\/users\/2"}],"replies":[{"embeddable":true,"href":"https:\/\/beursvanberlage.com\/de\/wp-json\/wp\/v2\/comments?post=8749"}],"version-history":[{"count":5,"href":"https:\/\/beursvanberlage.com\/de\/wp-json\/wp\/v2\/pages\/8749\/revisions"}],"predecessor-version":[{"id":18479,"href":"https:\/\/beursvanberlage.com\/de\/wp-json\/wp\/v2\/pages\/8749\/revisions\/18479"}],"up":[{"embeddable":true,"href":"https:\/\/beursvanberlage.com\/de\/wp-json\/wp\/v2\/pages\/7591"}],"wp:featuredmedia":[{"embeddable":true,"href":"https:\/\/beursvanberlage.com\/de\/wp-json\/wp\/v2\/media\/8742"}],"wp:attachment":[{"href":"https:\/\/beursvanberlage.com\/de\/wp-json\/wp\/v2\/media?parent=8749"}],"curies":[{"name":"wp","href":"https:\/\/api.w.org\/{rel}","templated":true}]}}