{"id":8467,"date":"2024-10-16T17:45:48","date_gmt":"2024-10-16T17:45:48","guid":{"rendered":"https:\/\/beursvanberlage.com\/?page_id=8467"},"modified":"2024-12-20T08:51:32","modified_gmt":"2024-12-20T08:51:32","slug":"dekorationen","status":"publish","type":"page","link":"https:\/\/beursvanberlage.com\/de\/ueber-die-beurs\/dekorationen\/","title":{"rendered":"Dekorationen"},"content":{"rendered":"<div class=\"wp-block-endeavour-wp-blocks-banner-w-content-card\">\n    <div class=\"banner-w-content-card__outer-wrapper\">\n        <div class=\"banner-w-content-card__image-wrapper\">\n                            <img decoding=\"async\" class=\"banner-w-content-card__image\" src=\"https:\/\/beursvanberlage.com\/app\/uploads\/2024\/10\/Hoofdentree-1024x531-1.jpg\" alt=\"Banner Image\" \/>\n                    <\/div>\n\n        <div class=\"banner-w-content-card__content-wrapper\">\n            <div class=\"content-wrapper\">\n                <div class=\"banner-w-content-card__text-wrapper\">\n                                            <div class=\"banner-w-content-card__breadcrumbs\">\n                                                                                            <a\n                                        href=\"https:\/\/beursvanberlage.com\/de\/ueber-die-beurs\/\"\n                                        class=\"banner-w-content-card__breadcrumb-link \">\n                                    \u00dcber die Beurs                                <\/a>\n                                                                    <span class=\"banner-w-content-card__breadcrumb-separator\"> \/ <\/span>\n                                                                                                                            <a\n                                        href=\"#\"\n                                        class=\"banner-w-content-card__breadcrumb-link banner-w-content-card__breadcrumb-link--active\">\n                                    Dekorationen                                <\/a>\n                                                                                    <\/div>\n                    \n                                            <h1 class=\"banner-w-content-card__title\">\n                            Dekorationen                        <\/h1>\n                    \n                                    <\/div>\n            <\/div>\n        <\/div>\n    <\/div>\n<\/div>\n\n\n\n<div class=\"wp-block-endeavour-wp-blocks-custom-spacer custom-spacer    \"><div style=\"height:1rem\" class=\"custom-spacer__mobile\"><\/div><div style=\"height:3rem\" class=\"custom-spacer__desktop\"><\/div><\/div>\n\n\n\n<section class=\"wp-block-endeavour-wp-blocks-content-container content-container    \"><div class=\"wp-block-endeavour-wp-blocks-content-container content-container__inner content-container__inner--medium    \">\n<p class=\"undefined    \">F\u00fcr Berlage war die Beurs ein fantastisches Labor\u2014ein Projekt, in dem er nicht nur seine Ideen \u00fcber einen neuen Baustil umsetzen, sondern auch seine Vision von einer gerechteren Gesellschaft verwirklichen konnte. Aus dieser kollektivistischen Perspektive heraus wollte er, dass die neue Handelsb\u00f6rse ein Werk wird, in dem verschiedene Kunstrichtungen zu einer gleichwertigen Einheit verschmelzen. Dieses <em>\u201eGesamtkunstwerk\u201c<\/em> sollte die geistige Entwicklung der Menschen f\u00f6rdern und ein wundersch\u00f6nes Gemeinschaftswerk werden, so Berlage.<\/p>\n\n\n\n<div style=\"height:18px\" aria-hidden=\"true\" class=\"wp-block-spacer    \"><\/div>\n\n\n\n<p class=\"undefined    \">Sein Freund und Geistesverwandter Albert Verwey (1865\u20131937) erhielt den Auftrag, die Wanddekorationen, Skulpturen und Reliefs f\u00fcr das B\u00f6rsengeb\u00e4ude zu entwerfen. Dieser autodidaktische Literat, Historiker und Philosoph half Berlage, die Bildhauerarbeiten und poetischen Grundlagen der Beurs mit dem architektonischen Design zu vereinen, um ein organisches Ganzes zu schaffen.<\/p>\n<\/div><\/section>\n\n\n\n<div class=\"wp-block-endeavour-wp-blocks-custom-spacer custom-spacer    \"><div style=\"height:1rem\" class=\"custom-spacer__mobile\"><\/div><div style=\"height:3rem\" class=\"custom-spacer__desktop\"><\/div><\/div>\n\n\n\n<div class=\"wp-block-endeavour-wp-blocks-banner-three-media    \"><div class=\"banner-w-medias__wrapper\"><div class=\"banner-w-medias__top-wrapper\"><div class=\"banner-w-medias__media-wrapper banner-w-medias__media-wrapper--first-media\"><img decoding=\"async\" class=\"banner-w-medias__first-media\" src=\"https:\/\/beursvanberlage.com\/app\/uploads\/2024\/10\/GBZ-scaled.jpg\" alt=\"Uploaded Media 1\"\/><\/div><\/div><div class=\"banner-w-medias__bottom-wrapper\"><div class=\"banner-w-medias__media-wrapper banner-w-medias__media-wrapper--second-media\"><img decoding=\"async\" class=\"banner-w-medias__second-media\" src=\"https:\/\/beursvanberlage.com\/app\/uploads\/2024\/10\/Abert-Verwey.gif\" alt=\"Uploaded Media 2\"\/><\/div><div class=\"banner-w-medias__media-wrapper banner-w-medias__media-wrapper--third-media\"><img decoding=\"async\" class=\"banner-w-medias__third-media\" src=\"https:\/\/beursvanberlage.com\/app\/uploads\/2024\/10\/Olifant-GZ-scaled.jpg\" alt=\"Uploaded Media 3\"\/><\/div><\/div><\/div><\/div>\n\n\n\n<div class=\"wp-block-endeavour-wp-blocks-custom-spacer custom-spacer    \"><div style=\"height:1rem\" class=\"custom-spacer__mobile\"><\/div><div style=\"height:3rem\" class=\"custom-spacer__desktop\"><\/div><\/div>\n\n\n\n<section class=\"wp-block-endeavour-wp-blocks-content-container content-container    \"><div class=\"wp-block-endeavour-wp-blocks-content-container content-container__inner content-container__inner--medium    \">\n<div class=\"wp-block-endeavour-wp-blocks-timeline    \"><div class=\"content-wrapper\"><div class=\"timeline__wrapper\"><h4 class=\"timeline__title\">Die Dekorationen<\/h4><div class=\"timeline__timeline-cards-wrapper\">\n<div class=\"wp-block-endeavour-wp-blocks-timeline-card     timeline-card\"><div class=\"timeline-card__outer-wrapper\"><div class=\"timeline-card__left-wrapper\"><div class=\"timeline-card__marker\"><\/div><div class=\"timeline-card__line\"><\/div><\/div><div class=\"timeline-card__inner-wrapper\"><div class=\"timeline-card__content-wrapper\"><h4 class=\"timeline-card__title\">Die Quartette<\/h4><div class=\"timeline-card__description-wrapper\"><p class=\"timeline-card__description timeline-card__description--clamped\">In achtzehn aufschlussreichen Quartetten brachte Dichter\/Schriftsteller Albert Verwey im Auftrag von Berlage dessen tiefere Gedanken \u00fcber das B\u00f6rsengeb\u00e4ude zum Ausdruck. Die Gedichte dienten als Leitfaden f\u00fcr die Dekorationen im und am Geb\u00e4ude. Die K\u00fcnstler, die an den Skulpturen, Reliefs, Friesarbeiten und Glasgestaltungen arbeiteten, lie\u00dfen sich jeweils von einem der Quartette inspirieren. Gemeinsam bilden die Quartette<a href=\"https:\/\/indd.adobe.com\/view\/1d13ea89-21da-48a2-925c-328aa33b9f29\" target=\"_blank\" rel=\"noreferrer noopener\"> ein wundersch\u00f6nes Gedicht<\/a>, (nur auf Niederl\u00e4ndisch). <\/p><div class=\"timeline-card__read-more\"><div class=\"timeline-card__read-more-text\">Lees meer<\/div><div class=\"timeline-card__icon-wrapper\"><svg width=\"14\" height=\"8\" viewBox=\"0 0 14 8\" fill=\"none\" xmlns=\"http:\/\/www.w3.org\/2000\/svg\"><path d=\"M6.46875 7.53125L0.46875 1.53125C0.15625 1.25 0.15625 0.78125 0.46875 0.46875C0.75 0.1875 1.21875 0.1875 1.53125 0.46875L7 5.96875L12.4688 0.5C12.75 0.1875 13.2188 0.1875 13.5312 0.5C13.8125 0.78125 13.8125 1.25 13.5312 1.53125L7.5 7.53125C7.21875 7.84375 6.75 7.84375 6.46875 7.53125Z\" fill=\"currentColor\"><\/path><\/svg><\/div><\/div><\/div><\/div><div class=\"timeline-card__image-wrapper\"><img decoding=\"async\" class=\"timeline-card__image\" src=\"https:\/\/beursvanberlage.com\/app\/uploads\/2024\/10\/0urn-gvn-VERW01-UBAHSXLI-A45-20-large-18.jpeg\" alt=\"Uploaded Media\" loading=\"lazy\"\/><\/div><\/div><\/div><\/div>\n\n\n\n<div class=\"wp-block-endeavour-wp-blocks-timeline-card     timeline-card\"><div class=\"timeline-card__outer-wrapper\"><div class=\"timeline-card__left-wrapper\"><div class=\"timeline-card__marker\"><\/div><div class=\"timeline-card__line\"><\/div><\/div><div class=\"timeline-card__inner-wrapper\"><div class=\"timeline-card__content-wrapper\"><h4 class=\"timeline-card__title\">Relief am Haupteingang<\/h4><div class=\"timeline-card__description-wrapper\"><p class=\"timeline-card__description timeline-card__description--clamped\">Der heutige Haupteingang war fr\u00fcher der Zugang zur Schifferb\u00f6rse und zum Kaffeehaus. Das Relief zeigt, wie der internationale Handel\u2014symbolisiert durch Boote, G\u00fcter und Lasttiere aus allen Himmelsrichtungen wie Pferde, Stiere und Kamele\u2014die Br\u00fcderlichkeit der V\u00f6lker f\u00f6rdert. Dies w\u00fcrde laut dem Quartett letztlich zu einem vereinten Europa und sogar einer vereinten Welt f\u00fchren: gerecht und gleichwertig. Der Wagen und das Schiff, die auf den Schlusssteinen zu sehen sind, symbolisieren den Transport, der all diese Kulturen und V\u00f6lker miteinander verbindet.<br>\u201c<em>Die Erde wird bald eins: die V\u00f6lker scheinen gerufen<br>Zu einem Bund, der die ganze Welt regiert.<br>Durch Land, durch Meer streben Zug, streben Flotte<br>Zum wechselnden Ziel, wohin sie einander rufen<\/em>.<em>&#8220;<\/em><\/p><div class=\"timeline-card__read-more\"><div class=\"timeline-card__read-more-text\">Lees meer<\/div><div class=\"timeline-card__icon-wrapper\"><svg width=\"14\" height=\"8\" viewBox=\"0 0 14 8\" fill=\"none\" xmlns=\"http:\/\/www.w3.org\/2000\/svg\"><path d=\"M6.46875 7.53125L0.46875 1.53125C0.15625 1.25 0.15625 0.78125 0.46875 0.46875C0.75 0.1875 1.21875 0.1875 1.53125 0.46875L7 5.96875L12.4688 0.5C12.75 0.1875 13.2188 0.1875 13.5312 0.5C13.8125 0.78125 13.8125 1.25 13.5312 1.53125L7.5 7.53125C7.21875 7.84375 6.75 7.84375 6.46875 7.53125Z\" fill=\"currentColor\"><\/path><\/svg><\/div><\/div><\/div><\/div><div class=\"timeline-card__image-wrapper\"><img decoding=\"async\" class=\"timeline-card__image\" src=\"https:\/\/beursvanberlage.com\/app\/uploads\/2024\/10\/Hoofdentree-1024x531-1.jpg\" alt=\"Uploaded Media\" loading=\"lazy\"\/><\/div><\/div><\/div><\/div>\n\n\n\n<div class=\"wp-block-endeavour-wp-blocks-timeline-card     timeline-card\"><div class=\"timeline-card__outer-wrapper\"><div class=\"timeline-card__left-wrapper\"><div class=\"timeline-card__marker\"><\/div><div class=\"timeline-card__line\"><\/div><\/div><div class=\"timeline-card__inner-wrapper\"><div class=\"timeline-card__content-wrapper\"><h4 class=\"timeline-card__title\">Die Schlusssteine<\/h4><div class=\"timeline-card__description-wrapper\"><p class=\"timeline-card__description timeline-card__description--clamped\">\u201c<em>Der Schlussstein, der die B\u00f6gen zusammenh\u00e4lt,<br>Trage als Zeichen \u00fcber unseren K\u00f6pfen<br>Bogen, Netz, Pflug, Schiff, Feuergeschirr: sie versprachen<br>Nicht jene wenigen Dinge, was eine ganze Welt baut?<\/em>&#8220;<br><br>Die Schlusssteine der Beurs van Berlage stammen ebenfalls von Lambertus Zijl, jeder mit einer eigenen Bedeutung. Zum Beispiel erinnert der Schlussstein an der S\u00fcdseite des Geb\u00e4udes die heutigen B\u00fcromitarbeiter an die Bedeutung von Vertrauen und Zusammenarbeit. Die Bilder auf den Schlusssteinen \u00fcber den Eingangsb\u00f6gen geben einen Hinweis auf die dahinterliegenden R\u00e4ume.<\/p><div class=\"timeline-card__read-more\"><div class=\"timeline-card__read-more-text\">Lees meer<\/div><div class=\"timeline-card__icon-wrapper\"><svg width=\"14\" height=\"8\" viewBox=\"0 0 14 8\" fill=\"none\" xmlns=\"http:\/\/www.w3.org\/2000\/svg\"><path d=\"M6.46875 7.53125L0.46875 1.53125C0.15625 1.25 0.15625 0.78125 0.46875 0.46875C0.75 0.1875 1.21875 0.1875 1.53125 0.46875L7 5.96875L12.4688 0.5C12.75 0.1875 13.2188 0.1875 13.5312 0.5C13.8125 0.78125 13.8125 1.25 13.5312 1.53125L7.5 7.53125C7.21875 7.84375 6.75 7.84375 6.46875 7.53125Z\" fill=\"currentColor\"><\/path><\/svg><\/div><\/div><\/div><\/div><div class=\"timeline-card__image-wrapper\"><img decoding=\"async\" class=\"timeline-card__image\" src=\"https:\/\/beursvanberlage.com\/app\/uploads\/2024\/10\/Sluitsteen_Lambertus-scaled.jpg\" alt=\"Uploaded Media\" loading=\"lazy\"\/><\/div><\/div><\/div><\/div>\n\n\n\n<div class=\"wp-block-endeavour-wp-blocks-timeline-card     timeline-card\"><div class=\"timeline-card__outer-wrapper\"><div class=\"timeline-card__left-wrapper\"><div class=\"timeline-card__marker\"><\/div><div class=\"timeline-card__line\"><\/div><\/div><div class=\"timeline-card__inner-wrapper\"><div class=\"timeline-card__content-wrapper\"><h4 class=\"timeline-card__title\">The statues<\/h4><div class=\"timeline-card__description-wrapper\"><p class=\"timeline-card__description timeline-card__description--clamped\">\u201c<em>Eine Ecke zur Stadt, zwei zum IJ ge\u00f6ffnet:<br>Ein Turm der eine, wo Ritter Gijsbrecht steht;<br>Ein Damm, sein Damm in der Amstel, die er schl\u00e4gt:<br>Coen baute das Meeresreich, Grotius gab dem Seerecht Hoffnung<\/em>&#8221; So lauten die Verse von Albert Verwey \u00fcber die Statuen an den drei Ecken der Beurs van Berlage.<br><br>Die Statuen, geschaffen von Lambertus Zijl, geh\u00f6rten zu Berlage&#8217;s festem Team. Nach Berlage&#8217;s architektonischer Philosophie mussten Fassaden flach sein, aber Verzierungen waren erlaubt, solange sie in die Wand integriert waren. Die Statue von Gijsbrecht van Amstel ist in die Ecke der S\u00fcd- und Westfassade gehauen. Van Amstel legte 1240 den Standort des Damms in der Amstel fest und legte damit den Grundstein f\u00fcr die Gr\u00fcndung von Amsterdam.<br><br>Der Jurist und Schriftsteller Hugo de Groot (Grotius) setzte sich im 17. Jahrhundert f\u00fcr freien Zugang zu den Meeren und freien Handel ein und schlug die Idee eines V\u00f6lkerbundes vor. Diese fortschrittlichen Gedanken seiner Zeit ver\u00f6ffentlichte er in seinem Buch <em>Mare Liberum<\/em>, das er in der Statue unter seinem Arm tr\u00e4gt.<br>Vom Norden her \u00f6ffnet sich die Beurs zum Hafen, zum Bahnhof und zur Welt. In dieser Ecke steht die umstrittene Statue von <a href=\"https:\/\/indd.adobe.com\/view\/77687142-9b4e-40f2-b717-1d8a583a0afc\" target=\"_blank\" rel=\"noreferrer noopener\">Jan Pieterszoon Coen<\/a>.<\/p><div class=\"timeline-card__read-more\"><div class=\"timeline-card__read-more-text\">Lees meer<\/div><div class=\"timeline-card__icon-wrapper\"><svg width=\"14\" height=\"8\" viewBox=\"0 0 14 8\" fill=\"none\" xmlns=\"http:\/\/www.w3.org\/2000\/svg\"><path d=\"M6.46875 7.53125L0.46875 1.53125C0.15625 1.25 0.15625 0.78125 0.46875 0.46875C0.75 0.1875 1.21875 0.1875 1.53125 0.46875L7 5.96875L12.4688 0.5C12.75 0.1875 13.2188 0.1875 13.5312 0.5C13.8125 0.78125 13.8125 1.25 13.5312 1.53125L7.5 7.53125C7.21875 7.84375 6.75 7.84375 6.46875 7.53125Z\" fill=\"currentColor\"><\/path><\/svg><\/div><\/div><\/div><\/div><div class=\"timeline-card__image-wrapper\"><img decoding=\"async\" class=\"timeline-card__image\" src=\"https:\/\/beursvanberlage.com\/app\/uploads\/2024\/10\/Hoekbeelden.jpg\" alt=\"Uploaded Media\" loading=\"lazy\"\/><\/div><\/div><\/div><\/div>\n<\/div><\/div><\/div><\/div>\n<\/div><\/section>\n\n\n\n<div class=\"wp-block-endeavour-wp-blocks-custom-spacer custom-spacer    \"><div style=\"height:1rem\" class=\"custom-spacer__mobile\"><\/div><div style=\"height:3rem\" class=\"custom-spacer__desktop\"><\/div><\/div>\n\n\n\n<footer class=\"custom-footer custom-footer--spacing-enabled custom-footer custom-footer--spacing-enabled wp-block-endeavour-wp-blocks-custom-footer\">\n    <div class=\"custom-footer__float-content custom-footer__float-content--image\">\n                                    <img decoding=\"async\" class=\"custom-footer__float-content-image\" src=\"https:\/\/beursvanberlage.com\/app\/uploads\/2024\/10\/Hoofdentree-1024x531-1.jpg\" \/>\n                        <\/div>\n    <div class=\"custom-footer__inner-columns\">\n        \n\n<div class=\"wp-block-endeavour-wp-blocks-custom-footer-column custom-footer-column custom-footer-column--column    \">\n<h5 class=\"wp-block-heading    \">Kontakt<\/h5>\n\n\n\n<p class=\"undefined    \">T: <a href=\"tel:+31205304141\">+31 (0)20 &#8211; 530 41 41<\/a><\/p>\n\n\n\n<p class=\"undefined    \">E: <a href=\"mailto:info@beursvanberlage.com\">info@beursvanberlage.com<\/a><\/p>\n\n\n\n<div style=\"height:16px\" aria-hidden=\"true\" class=\"wp-block-spacer    \"><\/div>\n\n\n\n<p class=\"undefined    \"><strong>Beurs van Berlage<\/strong><\/p>\n\n\n\n<p class=\"undefined    \">Damrak 243<\/p>\n\n\n\n<p class=\"undefined    \">1012 ZJ Amsterdam<\/p>\n\n\n\n<p class=\"undefined    \">Niederlande<\/p>\n<\/div>\n\n\n\n<div class=\"wp-block-endeavour-wp-blocks-custom-footer-column custom-footer-column custom-footer-column--column    \">\n<h5 class=\"wp-block-heading    \">Besuchen<\/h5>\n\n\n\n<ul class=\"wp-block-endeavour-wp-blocks-footer-link-list footer-link-list    \"><li class=\" wp-block-navigation-item wp-block-navigation-link\"><a class=\"wp-block-navigation-item__content\" href=\"https:\/\/beursvanberlage.com\/de\/besuchen\/\"><span class=\"wp-block-navigation-item__label\">Entdecken Sie die Beurs<\/span><\/a><\/li>\n\n<li class=\" wp-block-navigation-item wp-block-navigation-link\"><a class=\"wp-block-navigation-item__content\" href=\"https:\/\/beursvanberlage.com\/de\/nachrichten-blogs-und-downloads\/\"><span class=\"wp-block-navigation-item__label\">Nachrichten und Blogs<\/span><\/a><\/li>\n\n<li class=\" wp-block-navigation-item wp-block-navigation-link\"><a class=\"wp-block-navigation-item__content\" href=\"https:\/\/beursvanberlage.com\/de\/ueber-die-beurs\/geschichte-der-beurs-van-berlage\/\"><span class=\"wp-block-navigation-item__label\">Geschichte<\/span><\/a><\/li>\n\n<li class=\" wp-block-navigation-item wp-block-navigation-link\"><a class=\"wp-block-navigation-item__content\" href=\"https:\/\/beursvanberlage.com\/de\/veranstalten\/inspirierende-veranstaltung\/\"><span class=\"wp-block-navigation-item__label\">Veranstaltungen<\/span><\/a><\/li><\/ul>\n<\/div>\n\n\n\n<div class=\"wp-block-endeavour-wp-blocks-custom-footer-column custom-footer-column custom-footer-column--column    \">\n<h5 class=\"wp-block-heading    \">H\u00e4ufig gesucht<\/h5>\n\n\n\n<ul class=\"wp-block-endeavour-wp-blocks-footer-link-list footer-link-list    \"><li class=\" wp-block-navigation-item wp-block-navigation-link\"><a class=\"wp-block-navigation-item__content\" href=\"https:\/\/beursvanberlage.com\/de\/stellenangebote\/\"><span class=\"wp-block-navigation-item__label\">Stellenangebote<\/span><\/a><\/li>\n\n<li class=\" wp-block-navigation-item wp-block-navigation-link\"><a class=\"wp-block-navigation-item__content\" href=\"https:\/\/beursvanberlage.com\/de\/besuchen\/erreichbarkeit\/\"><span class=\"wp-block-navigation-item__label\">Erreichbarkeit<\/span><\/a><\/li>\n\n<li class=\" wp-block-navigation-item wp-block-navigation-link\"><a class=\"wp-block-navigation-item__content\" href=\"https:\/\/beursvanberlage.com\/de\/ueber-die-beurs\/nachhaltigkeit\/\"><span class=\"wp-block-navigation-item__label\">Nachhaltigkeit<\/span><\/a><\/li>\n\n<li class=\" wp-block-navigation-item wp-block-navigation-link\"><a class=\"wp-block-navigation-item__content\" href=\"https:\/\/beursvanberlage.com\/de\/kontakt\/\"><span class=\"wp-block-navigation-item__label\">H\u00e4ufig gestellte Fragen<\/span><\/a><\/li><\/ul>\n<\/div>\n\n\n\n<div class=\"wp-block-endeavour-wp-blocks-custom-footer-column custom-footer-column custom-footer-column--column    \">\n<h5 class=\"wp-block-heading    \">Newsletter<\/h5>\n\n\n\n<p class=\"undefined    \">Bleiben Sie auf dem Laufenden \u00fcber unsere neuesten Nachrichten<\/p>\n\n\n\n<div style=\"height:16px\" aria-hidden=\"true\" class=\"wp-block-spacer    \"><\/div>\n\n\n\n<script charset=\"utf-8\" type=\"text\/javascript\" src=\"\/\/js.hsforms.net\/forms\/embed\/v2.js\"><\/script>\n<script>\n  hbspt.forms.create({\n    portalId: \"5233325\",\n    formId: \"3d796647-f5d9-4a83-8ad0-76308e1bad17\"\n  });\n<\/script>\n<\/div>\n\n\n\n<div class=\"wp-block-endeavour-wp-blocks-custom-footer-column custom-footer-column custom-footer-column--row    \">\n<p class=\"undefined    \">@ 2024 Beurs van Berlage<\/p>\n\n\n\n<ul class=\"wp-block-endeavour-wp-blocks-footer-link-list footer-link-list    \"><li class=\" wp-block-navigation-item wp-block-navigation-link\"><a class=\"wp-block-navigation-item__content\" href=\"https:\/\/beursvanberlage.com\/de\/home\/bedingungen-und-richtlinien\/haftungsausschlusses\/\"><span class=\"wp-block-navigation-item__label\">Disclaimer <\/span><\/a><\/li>\n\n<li class=\" wp-block-navigation-item wp-block-navigation-link\"><a class=\"wp-block-navigation-item__content\" href=\"https:\/\/beursvanberlage.com\/de\/home\/bedingungen-und-richtlinien\/\"><span class=\"wp-block-navigation-item__label\">Bedingungen und Richtlinien<\/span><\/a><\/li><\/ul>\n\n\n\n<div class=\"wp-block-endeavour-wp-blocks-icon-buttons icon-buttons    \">\n<a class=\"wp-block-endeavour-wp-blocks-icon-button icon-button    \" href=\"https:\/\/www.linkedin.com\/company\/662507\" target=\"_blank\" rel=\"noopener\"><svg viewBox=\"0 0 448 512\"><path d=\"M416 32H31.9C14.3 32 0 46.5 0 64.3v383.4C0 465.5 14.3 480 31.9 480H416c17.6 0 32-14.5 32-32.3V64.3c0-17.8-14.4-32.3-32-32.3zM135.4 416H69V202.2h66.5V416zm-33.2-243c-21.3 0-38.5-17.3-38.5-38.5S80.9 96 102.2 96c21.2 0 38.5 17.3 38.5 38.5 0 21.3-17.2 38.5-38.5 38.5zm282.1 243h-66.4V312c0-24.8-.5-56.7-34.5-56.7-34.6 0-39.9 27-39.9 54.9V416h-66.4V202.2h63.7v29.2h.9c8.9-16.8 30.6-34.5 62.9-34.5 67.2 0 79.7 44.3 79.7 101.9V416z\"><\/path><\/svg><\/a>\n\n\n\n<a class=\"wp-block-endeavour-wp-blocks-icon-button icon-button    \" href=\"https:\/\/www.facebook.com\/BeursvanBerlageAmsterdam\/\" target=\"_blank\" rel=\"noopener\"><svg xmlns=\"http:\/\/www.w3.org\/2000\/svg\" viewBox=\"0 0 320 512\"><path d=\"M80 299.3V512H196V299.3h86.5l18-97.8H196V166.9c0-51.7 20.3-71.5 72.7-71.5c16.3 0 29.4 .4 37 1.2V7.9C291.4 4 256.4 0 236.2 0C129.3 0 80 50.5 80 159.4v42.1H14v97.8H80z\"><\/path><\/svg><\/a>\n\n\n\n<a class=\"wp-block-endeavour-wp-blocks-icon-button icon-button    \" href=\"https:\/\/www.instagram.com\/beursvanberlageofficial\/\" target=\"_blank\" rel=\"noopener\"><svg viewBox=\"0 0 448 512\"><path d=\"M224.1 141c-63.6 0-114.9 51.3-114.9 114.9s51.3 114.9 114.9 114.9S339 319.5 339 255.9 287.7 141 224.1 141zm0 189.6c-41.1 0-74.7-33.5-74.7-74.7s33.5-74.7 74.7-74.7 74.7 33.5 74.7 74.7-33.6 74.7-74.7 74.7zm146.4-194.3c0 14.9-12 26.8-26.8 26.8-14.9 0-26.8-12-26.8-26.8s12-26.8 26.8-26.8 26.8 12 26.8 26.8zm76.1 27.2c-1.7-35.9-9.9-67.7-36.2-93.9-26.2-26.2-58-34.4-93.9-36.2-37-2.1-147.9-2.1-184.9 0-35.8 1.7-67.6 9.9-93.9 36.1s-34.4 58-36.2 93.9c-2.1 37-2.1 147.9 0 184.9 1.7 35.9 9.9 67.7 36.2 93.9s58 34.4 93.9 36.2c37 2.1 147.9 2.1 184.9 0 35.9-1.7 67.7-9.9 93.9-36.2 26.2-26.2 34.4-58 36.2-93.9 2.1-37 2.1-147.8 0-184.8zM398.8 388c-7.8 19.6-22.9 34.7-42.6 42.6-29.5 11.7-99.5 9-132.1 9s-102.7 2.6-132.1-9c-19.6-7.8-34.7-22.9-42.6-42.6-11.7-29.5-9-99.5-9-132.1s-2.6-102.7 9-132.1c7.8-19.6 22.9-34.7 42.6-42.6 29.5-11.7 99.5-9 132.1-9s102.7-2.6 132.1 9c19.6 7.8 34.7 22.9 42.6 42.6 11.7 29.5 9 99.5 9 132.1s2.7 102.7-9 132.1z\"><\/path><\/svg><\/a>\n<\/div>\n\n\n\n<p class=\"undefined    \"><img loading=\"lazy\" decoding=\"async\" width=\"130\" height=\"17\" class=\"wp-image-4667\" style=\"width: 130px;\" src=\"https:\/\/beursvanberlage.com\/app\/uploads\/2024\/10\/label-I-amsterdam-rood-wit-1.png\" alt=\"\" srcset=\"https:\/\/beursvanberlage.com\/app\/uploads\/2024\/10\/label-I-amsterdam-rood-wit-1.png 888w, https:\/\/beursvanberlage.com\/app\/uploads\/2024\/10\/label-I-amsterdam-rood-wit-1-300x40.png 300w, https:\/\/beursvanberlage.com\/app\/uploads\/2024\/10\/label-I-amsterdam-rood-wit-1-768x103.png 768w\" sizes=\"auto, (max-width: 130px) 100vw, 130px\" \/><\/p>\n\n\n\n<p class=\"undefined    \"><img loading=\"lazy\" decoding=\"async\" width=\"13\" height=\"22\" class=\"wp-image-4654\" style=\"width: 13px;\" src=\"https:\/\/beursvanberlage.com\/app\/uploads\/2024\/10\/pijltje-1.png\" alt=\"\"> <a data-type=\"internal\" data-id=\"#top\" href=\"#top\">Zur\u00fcck nach oben<\/a><\/p>\n<\/div>\n\n    <\/div>\n<\/footer>","protected":false},"excerpt":{"rendered":"","protected":false},"author":2,"featured_media":8457,"parent":7800,"menu_order":0,"comment_status":"closed","ping_status":"closed","template":"wp-custom-template-page-no-footer","meta":{"content-type":"","footnotes":""},"class_list":["post-8467","page","type-page","status-publish","has-post-thumbnail","hentry"],"_links":{"self":[{"href":"https:\/\/beursvanberlage.com\/de\/wp-json\/wp\/v2\/pages\/8467","targetHints":{"allow":["GET"]}}],"collection":[{"href":"https:\/\/beursvanberlage.com\/de\/wp-json\/wp\/v2\/pages"}],"about":[{"href":"https:\/\/beursvanberlage.com\/de\/wp-json\/wp\/v2\/types\/page"}],"author":[{"embeddable":true,"href":"https:\/\/beursvanberlage.com\/de\/wp-json\/wp\/v2\/users\/2"}],"replies":[{"embeddable":true,"href":"https:\/\/beursvanberlage.com\/de\/wp-json\/wp\/v2\/comments?post=8467"}],"version-history":[{"count":4,"href":"https:\/\/beursvanberlage.com\/de\/wp-json\/wp\/v2\/pages\/8467\/revisions"}],"predecessor-version":[{"id":9374,"href":"https:\/\/beursvanberlage.com\/de\/wp-json\/wp\/v2\/pages\/8467\/revisions\/9374"}],"up":[{"embeddable":true,"href":"https:\/\/beursvanberlage.com\/de\/wp-json\/wp\/v2\/pages\/7800"}],"wp:featuredmedia":[{"embeddable":true,"href":"https:\/\/beursvanberlage.com\/de\/wp-json\/wp\/v2\/media\/8457"}],"wp:attachment":[{"href":"https:\/\/beursvanberlage.com\/de\/wp-json\/wp\/v2\/media?parent=8467"}],"curies":[{"name":"wp","href":"https:\/\/api.w.org\/{rel}","templated":true}]}}