{"id":8380,"date":"2024-10-31T18:38:16","date_gmt":"2024-10-31T18:38:16","guid":{"rendered":"https:\/\/beursvanberlage.com\/?page_id=8380"},"modified":"2024-12-12T15:59:48","modified_gmt":"2024-12-12T15:59:48","slug":"hans-huitink","status":"publish","type":"page","link":"https:\/\/beursvanberlage.com\/de\/ueber-die-beurs\/botschafter\/hans-huitink\/","title":{"rendered":"Hans Huitink"},"content":{"rendered":"<div class=\"wp-block-endeavour-wp-blocks-banner-w-content-card\">\n    <div class=\"banner-w-content-card__outer-wrapper\">\n        <div class=\"banner-w-content-card__image-wrapper\">\n                            <img decoding=\"async\" class=\"banner-w-content-card__image\" src=\"https:\/\/beursvanberlage.com\/app\/uploads\/2024\/10\/3WAMM-2019-Day3-145-2048x1365-1.jpg\" alt=\"Banner Image\" \/>\n                    <\/div>\n\n        <div class=\"banner-w-content-card__content-wrapper\">\n            <div class=\"content-wrapper\">\n                <div class=\"banner-w-content-card__text-wrapper\">\n                                            <div class=\"banner-w-content-card__breadcrumbs\">\n                                                                                            <a\n                                        href=\"https:\/\/beursvanberlage.com\/de\/ueber-die-beurs\/botschafter\/\"\n                                        class=\"banner-w-content-card__breadcrumb-link \">\n                                    Botschafter                                <\/a>\n                                                                    <span class=\"banner-w-content-card__breadcrumb-separator\"> \/ <\/span>\n                                                                                                                            <a\n                                        href=\"#\"\n                                        class=\"banner-w-content-card__breadcrumb-link banner-w-content-card__breadcrumb-link--active\">\n                                    Hans Huitink                                <\/a>\n                                                                                    <\/div>\n                    \n                                            <h1 class=\"banner-w-content-card__title\">\n                            Hans Huitink                        <\/h1>\n                    \n                                    <\/div>\n            <\/div>\n        <\/div>\n    <\/div>\n<\/div>\n\n\n\n<div class=\"wp-block-endeavour-wp-blocks-custom-spacer custom-spacer    \"><div style=\"height:1rem\" class=\"custom-spacer__mobile\"><\/div><div style=\"height:3rem\" class=\"custom-spacer__desktop\"><\/div><\/div>\n\n\n\n<section class=\"wp-block-endeavour-wp-blocks-content-container content-container    \" id=\"Kennismaking\"><div class=\"wp-block-endeavour-wp-blocks-content-container content-container__inner content-container__inner--medium    \" id=\"Kennismaking\">\n<div class=\"wp-block-endeavour-wp-blocks-image-w-text-cta    \"><div class=\"image-w-text-cta__outer-wrapper\"><div class=\"content-wrapper\"><div class=\"image-w-text-cta__inner-wrapper\"><div class=\"image-w-text-cta__content-wrapper\"><h4 class=\"image-w-text-cta__title\">Einf\u00fchrung<\/h4><div class=\"image-w-text-cta__text\">Hans Huitink arbeitet derzeit in verschiedenen Krankenh\u00e4usern und kombiniert dies mit Lehr- und Beratert\u00e4tigkeiten im medizinischen Bereich. Er hat zahlreiche Artikel ver\u00f6ffentlicht und ist (Mit-)Autor medizinischer Fachb\u00fccher in seinen Interessengebieten. Von seinen Kollegen wird er als Experte f\u00fcr fortgeschrittenes Atemwegsmanagement, Neuroan\u00e4sthesie und High-Fidelity-Medizinsimulation gesch\u00e4tzt. Hans ist Gr\u00fcnder und Direktor der <em>Airway Management Academy<\/em> sowie Mitglied des International Advisory Panel des <em>Anesthesia Journal<\/em>.<br><br>Er war lokaler Vorsitzender des zweiten <em>World Airway Management Meeting 2019<\/em>, das in der Beurs van Berlage in Amsterdam stattfand. R\u00fcckblickend sagt er: \u201eEs war ein gro\u00dfer Erfolg. Es gab 1.800 Teilnehmer aus mehr als 75 L\u00e4ndern. Die Anordnung der Sitzpl\u00e4tze, die R\u00e4ume und die audiovisuelle Ausstattung waren perfekt. Es verlief reibungslos, obwohl wir uns Sorgen gemacht hatten, ob so viele Menschen in das Geb\u00e4ude passen w\u00fcrden.\u201c<br><br>Seine Ansichten k\u00f6nnen Sie rund um die Uhr auf <a href=\"https:\/\/twitter.com\/airwaymxacademy\" target=\"_blank\" rel=\"noopener\">Twitter<\/a> verfolgen.<\/div><div class=\"wp-block-endeavour-wp-blocks-image-w-text-cta    \"><\/div><\/div><div class=\"image-w-text-cta__image-wrapper\"><img decoding=\"async\" class=\"image-w-text-cta__image\" src=\"https:\/\/beursvanberlage.com\/app\/uploads\/2024\/10\/Hans-Huitink2-1.jpg\" alt=\"Uploaded Media\" loading=\"lazy\"\/><\/div><\/div><\/div><\/div><\/div>\n<\/div><\/section>\n\n\n\n<div class=\"wp-block-endeavour-wp-blocks-custom-spacer custom-spacer    \"><div style=\"height:1rem\" class=\"custom-spacer__mobile\"><\/div><div style=\"height:3rem\" class=\"custom-spacer__desktop\"><\/div><\/div>\n\n\n\n<div class=\"wp-block-endeavour-wp-blocks-cards-grid    \"><div class=\"content-wrapper\"><div class=\"cards-grid__wrapper\"><h4 class=\"cards-grid__title\">Unsere Botschafter<\/h4><div class=\"cards-grid__cards-wrapper\">\n<div class=\"wp-block-endeavour-wp-blocks-card    \"><div class=\"card__outer-wrapper\"><div class=\"card__inner-wrapper\"><div class=\"card__overlay-wrapper\"><img decoding=\"async\" class=\"card__image\" src=\"https:\/\/beursvanberlage.com\/app\/uploads\/2024\/10\/Frank-Leferink3-1.jpg\" alt=\"Card Image\"\/><div class=\"card__content-wrapper\"><h5 class=\"card__card-title\"><\/h5><p><\/p><\/div><\/div><a class=\"card__button-wrapper\" target=\"_self\" rel=\"noopener\" href=\"https:\/\/beursvanberlage.com\/de\/ueber-die-beurs\/botschafter\/frank-leferink\/\">Frank Leferink<\/a><\/div><\/div><\/div>\n\n\n\n<div class=\"wp-block-endeavour-wp-blocks-card    \"><div class=\"card__outer-wrapper\"><div class=\"card__inner-wrapper\"><div class=\"card__overlay-wrapper\"><img decoding=\"async\" class=\"card__image\" src=\"https:\/\/beursvanberlage.com\/app\/uploads\/2024\/10\/moniek-1.jpg\" alt=\"Card Image\"\/><div class=\"card__content-wrapper\"><h5 class=\"card__card-title\"><\/h5><p><\/p><\/div><\/div><a class=\"card__button-wrapper\" target=\"_self\" rel=\"noopener\" href=\"https:\/\/beursvanberlage.com\/de\/ueber-die-beurs\/botschafter\/moniek-tromp\/\">Moniek Tromp<\/a><\/div><\/div><\/div>\n\n\n\n<div class=\"wp-block-endeavour-wp-blocks-card    \"><div class=\"card__outer-wrapper\"><div class=\"card__inner-wrapper\"><div class=\"card__overlay-wrapper\"><img decoding=\"async\" class=\"card__image\" src=\"https:\/\/beursvanberlage.com\/app\/uploads\/2024\/10\/Peter-Schwabe-3.jpg\" alt=\"Card Image\"\/><div class=\"card__content-wrapper\"><h5 class=\"card__card-title\"><\/h5><p><\/p><\/div><\/div><a class=\"card__button-wrapper\" target=\"_self\" rel=\"noopener\" href=\"https:\/\/beursvanberlage.com\/de\/ueber-die-beurs\/botschafter\/peter-schwabe\/\">Peter Schwabe<\/a><\/div><\/div><\/div>\n\n\n\n<div class=\"wp-block-endeavour-wp-blocks-card    \"><div class=\"card__outer-wrapper\"><div class=\"card__inner-wrapper\"><div class=\"card__overlay-wrapper\"><img decoding=\"async\" class=\"card__image\" src=\"https:\/\/beursvanberlage.com\/app\/uploads\/2024\/10\/Jaap-van-Buul2-1.jpg\" alt=\"Card Image\"\/><div class=\"card__content-wrapper\"><h5 class=\"card__card-title\"><\/h5><p><\/p><\/div><\/div><a class=\"card__button-wrapper\" target=\"_self\" rel=\"noopener\" href=\"https:\/\/beursvanberlage.com\/de\/ueber-die-beurs\/botschafter\/jaap-van-buul\/\">Jaap van Buul<\/a><\/div><\/div><\/div>\n\n\n\n<div class=\"wp-block-endeavour-wp-blocks-card    \"><div class=\"card__outer-wrapper\"><div class=\"card__inner-wrapper\"><div class=\"card__overlay-wrapper\"><img decoding=\"async\" class=\"card__image\" src=\"https:\/\/beursvanberlage.com\/app\/uploads\/2024\/10\/Benedikt-van-Loo-3.jpg\" alt=\"Card Image\"\/><div class=\"card__content-wrapper\"><h5 class=\"card__card-title\"><\/h5><p><\/p><\/div><\/div><a class=\"card__button-wrapper\" target=\"_self\" rel=\"noopener\" href=\"https:\/\/beursvanberlage.com\/de\/ueber-die-beurs\/botschafter\/benedikt-van-loo\/\">Benedikt van Loo<\/a><\/div><\/div><\/div>\n\n\n\n<div class=\"wp-block-endeavour-wp-blocks-card    \"><div class=\"card__outer-wrapper\"><div class=\"card__inner-wrapper\"><div class=\"card__overlay-wrapper\"><img decoding=\"async\" class=\"card__image\" src=\"https:\/\/beursvanberlage.com\/app\/uploads\/2024\/10\/Hans-Huitink2-1.jpg\" alt=\"Card Image\"\/><div class=\"card__content-wrapper\"><h5 class=\"card__card-title\"><\/h5><p><\/p><\/div><\/div><a class=\"card__button-wrapper\" target=\"_self\" rel=\"noopener\" href=\"https:\/\/beursvanberlage.com\/de\/ueber-die-beurs\/botschafter\/hans-huitink\/\">Hans Huitink<\/a><\/div><\/div><\/div>\n\n\n\n<div class=\"wp-block-endeavour-wp-blocks-card    \"><div class=\"card__outer-wrapper\"><div class=\"card__inner-wrapper\"><div class=\"card__overlay-wrapper\"><img decoding=\"async\" class=\"card__image\" src=\"https:\/\/beursvanberlage.com\/app\/uploads\/2024\/10\/Michiel-Kolman-landscape-6-1024x668-2.jpg\" alt=\"Card Image\"\/><div class=\"card__content-wrapper\"><h5 class=\"card__card-title\"><\/h5><p><\/p><\/div><\/div><a class=\"card__button-wrapper\" target=\"_self\" rel=\"noopener\" href=\"https:\/\/beursvanberlage.com\/de\/ueber-die-beurs\/botschafter\/michiel-kolman\/\">Michiel Kolman<\/a><\/div><\/div><\/div>\n\n\n\n<div class=\"wp-block-endeavour-wp-blocks-card    \"><div class=\"card__outer-wrapper\"><div class=\"card__inner-wrapper\"><div class=\"card__overlay-wrapper\"><img decoding=\"async\" class=\"card__image\" src=\"https:\/\/beursvanberlage.com\/app\/uploads\/2024\/10\/martijn-willemsen-1.png\" alt=\"Card Image\"\/><div class=\"card__content-wrapper\"><h5 class=\"card__card-title\"><\/h5><p><\/p><\/div><\/div><a class=\"card__button-wrapper\" target=\"_self\" rel=\"noopener\" href=\"https:\/\/beursvanberlage.com\/de\/ueber-die-beurs\/botschafter\/martijn-willemsen\/\">Martijn Willemsen<\/a><\/div><\/div><\/div>\n\n\n\n<div class=\"wp-block-endeavour-wp-blocks-card    \"><div class=\"card__outer-wrapper\"><div class=\"card__inner-wrapper\"><div class=\"card__overlay-wrapper\"><img decoding=\"async\" class=\"card__image\" src=\"https:\/\/beursvanberlage.com\/app\/uploads\/2024\/10\/Rene-leemans2-1.jpg\" alt=\"Card Image\"\/><div class=\"card__content-wrapper\"><h5 class=\"card__card-title\"><\/h5><p><\/p><\/div><\/div><a class=\"card__button-wrapper\" target=\"_self\" rel=\"noopener\" href=\"https:\/\/beursvanberlage.com\/de\/ueber-die-beurs\/botschafter\/rene-leemans\/\">Ren\u00e9 Leemans<\/a><\/div><\/div><\/div>\n\n\n\n<div class=\"wp-block-endeavour-wp-blocks-card    \"><div class=\"card__outer-wrapper\"><div class=\"card__inner-wrapper\"><div class=\"card__overlay-wrapper\"><img decoding=\"async\" class=\"card__image\" src=\"https:\/\/beursvanberlage.com\/app\/uploads\/2024\/10\/Fernando-2-1.jpg\" alt=\"Card Image\"\/><div class=\"card__content-wrapper\"><h5 class=\"card__card-title\"><\/h5><p><\/p><\/div><\/div><a class=\"card__button-wrapper\" target=\"_self\" rel=\"noopener\" href=\"https:\/\/beursvanberlage.com\/de\/ueber-die-beurs\/botschafter\/fernando-kuipers\/\">Fernando Kuipers<\/a><\/div><\/div><\/div>\n<\/div><\/div><\/div><\/div>\n\n\n\n<footer class=\"custom-footer custom-footer--spacing-enabled custom-footer custom-footer--spacing-enabled wp-block-endeavour-wp-blocks-custom-footer\">\n    <div class=\"custom-footer__float-content custom-footer__float-content--image\">\n                                    <img decoding=\"async\" class=\"custom-footer__float-content-image\" src=\"https:\/\/beursvanberlage.com\/app\/uploads\/2024\/06\/1735f9d2f2939347ba44dfaa3057b1ba.jpeg\" \/>\n                        <\/div>\n    <div class=\"custom-footer__inner-columns\">\n        \n\n<div class=\"wp-block-endeavour-wp-blocks-custom-footer-column custom-footer-column custom-footer-column--column    \">\n<h5 class=\"wp-block-heading    \">Kontakt sales<\/h5>\n\n\n\n<p class=\"undefined    \">T: <a href=\"tel:+31205313355\">+31 (0)20 &#8211; 531 33 55<\/a><\/p>\n\n\n\n<p class=\"undefined    \">E: <a href=\"mailto:events@beursvanberlage.com\">events@beursvanberlage.com<\/a><\/p>\n\n\n\n<div style=\"height:16px\" aria-hidden=\"true\" class=\"wp-block-spacer    \"><\/div>\n\n\n\n<p class=\"undefined    \"><strong>Beurs van Berlage<\/strong><\/p>\n\n\n\n<p class=\"undefined    \">Damrak 243<\/p>\n\n\n\n<p class=\"undefined    \">1012 ZJ Amsterdam<\/p>\n\n\n\n<p class=\"undefined    \">Niederlande<\/p>\n<\/div>\n\n\n\n<div class=\"wp-block-endeavour-wp-blocks-custom-footer-column custom-footer-column custom-footer-column--column    \">\n<h5 class=\"wp-block-heading    \">Organisieren<\/h5>\n\n\n\n<ul class=\"wp-block-endeavour-wp-blocks-footer-link-list footer-link-list    \"><li class=\" wp-block-navigation-item wp-block-navigation-link\"><a class=\"wp-block-navigation-item__content\" href=\"https:\/\/beursvanberlage.com\/de\/ueber-die-beurs\/unsere-menschen\/\"><span class=\"wp-block-navigation-item__label\">Unser Team<\/span><\/a><\/li>\n\n<li class=\" wp-block-navigation-item wp-block-navigation-link\"><a class=\"wp-block-navigation-item__content\" href=\"https:\/\/beursvanberlage.com\/de\/veranstalten\/unsere-services\/kongress-und-hotelservices\/\"><span class=\"wp-block-navigation-item__label\">Hotelservices<\/span><\/a><\/li>\n\n<li class=\" wp-block-navigation-item wp-block-navigation-link\"><a class=\"wp-block-navigation-item__content\" href=\"https:\/\/beursvanberlage.com\/de\/veranstalten\/unsere-services\/catering\/\"><span class=\"wp-block-navigation-item__label\">Catering<\/span><\/a><\/li>\n\n<li class=\" wp-block-navigation-item wp-block-navigation-link\"><a class=\"wp-block-navigation-item__content\" href=\"https:\/\/beursvanberlage.com\/de\/veranstalten\/unsere-services\/audiovisuelle-und-technologische-unterstuetzung\/\"><span class=\"wp-block-navigation-item__label\">AV-Unterst\u00fctzung<\/span><\/a><\/li><\/ul>\n<\/div>\n\n\n\n<div class=\"wp-block-endeavour-wp-blocks-custom-footer-column custom-footer-column custom-footer-column--column    \">\n<h5 class=\"wp-block-heading    \">H\u00e4ufig gesucht<\/h5>\n\n\n\n<ul class=\"wp-block-endeavour-wp-blocks-footer-link-list footer-link-list    \"><li class=\" wp-block-navigation-item wp-block-navigation-link\"><a class=\"wp-block-navigation-item__content\" href=\"https:\/\/beursvanberlage.com\/de\/stellenangebote\/\"><span class=\"wp-block-navigation-item__label\">Stellenangebote<\/span><\/a><\/li>\n\n<li class=\" wp-block-navigation-item wp-block-navigation-link\"><a class=\"wp-block-navigation-item__content\" href=\"https:\/\/beursvanberlage.com\/de\/veranstalten\/showcases\/\"><span class=\"wp-block-navigation-item__label\">Showcases<\/span><\/a><\/li>\n\n<li class=\" wp-block-navigation-item wp-block-navigation-link\"><a class=\"wp-block-navigation-item__content\" href=\"https:\/\/beursvanberlage.com\/de\/ueber-die-beurs\/nachhaltigkeit\/\"><span class=\"wp-block-navigation-item__label\">Nachhaltigkeit<\/span><\/a><\/li>\n\n<li class=\" wp-block-navigation-item wp-block-navigation-link\"><a class=\"wp-block-navigation-item__content\" href=\"https:\/\/beursvanberlage.com\/de\/kontakt\/\"><span class=\"wp-block-navigation-item__label\">H\u00e4ufig gestellte Fragen<\/span><\/a><\/li><\/ul>\n<\/div>\n\n\n\n<div class=\"wp-block-endeavour-wp-blocks-custom-footer-column custom-footer-column custom-footer-column--column    \">\n<h5 class=\"wp-block-heading    \">Newsletter<\/h5>\n\n\n\n<p class=\"undefined    \">Bleiben Sie auf dem Laufenden \u00fcber unsere neuesten Nachrichten<\/p>\n\n\n\n<div style=\"height:16px\" aria-hidden=\"true\" class=\"wp-block-spacer    \"><\/div>\n\n\n\n<script charset=\"utf-8\" type=\"text\/javascript\" src=\"\/\/js.hsforms.net\/forms\/embed\/v2.js\"><\/script>\n<script>\n  hbspt.forms.create({\n    portalId: \"5233325\",\n    formId: \"3d796647-f5d9-4a83-8ad0-76308e1bad17\"\n  });\n<\/script>\n<\/div>\n\n\n\n<div class=\"wp-block-endeavour-wp-blocks-custom-footer-column custom-footer-column custom-footer-column--row    \">\n<p class=\"undefined    \">@ 2024 Beurs van Berlage<\/p>\n\n\n\n<ul class=\"wp-block-endeavour-wp-blocks-footer-link-list footer-link-list    \"><li class=\" wp-block-navigation-item wp-block-navigation-link\"><a class=\"wp-block-navigation-item__content\" href=\"https:\/\/beursvanberlage.com\/de\/home\/bedingungen-und-richtlinien\/haftungsausschlusses\/\"><span class=\"wp-block-navigation-item__label\">Disclaimer <\/span><\/a><\/li>\n\n<li class=\" wp-block-navigation-item wp-block-navigation-link\"><a class=\"wp-block-navigation-item__content\" href=\"https:\/\/beursvanberlage.com\/de\/home\/bedingungen-und-richtlinien\/\"><span class=\"wp-block-navigation-item__label\">Bedingungen und Richtlinien<\/span><\/a><\/li><\/ul>\n\n\n\n<div class=\"wp-block-endeavour-wp-blocks-icon-buttons icon-buttons    \">\n<a class=\"wp-block-endeavour-wp-blocks-icon-button icon-button    \" href=\"https:\/\/www.linkedin.com\/company\/662507\" target=\"_blank\" rel=\"noopener\"><svg viewBox=\"0 0 448 512\"><path d=\"M416 32H31.9C14.3 32 0 46.5 0 64.3v383.4C0 465.5 14.3 480 31.9 480H416c17.6 0 32-14.5 32-32.3V64.3c0-17.8-14.4-32.3-32-32.3zM135.4 416H69V202.2h66.5V416zm-33.2-243c-21.3 0-38.5-17.3-38.5-38.5S80.9 96 102.2 96c21.2 0 38.5 17.3 38.5 38.5 0 21.3-17.2 38.5-38.5 38.5zm282.1 243h-66.4V312c0-24.8-.5-56.7-34.5-56.7-34.6 0-39.9 27-39.9 54.9V416h-66.4V202.2h63.7v29.2h.9c8.9-16.8 30.6-34.5 62.9-34.5 67.2 0 79.7 44.3 79.7 101.9V416z\"><\/path><\/svg><\/a>\n\n\n\n<a class=\"wp-block-endeavour-wp-blocks-icon-button icon-button    \" href=\"https:\/\/www.facebook.com\/BeursvanBerlageAmsterdam\/\" target=\"_blank\" rel=\"noopener\"><svg xmlns=\"http:\/\/www.w3.org\/2000\/svg\" viewBox=\"0 0 320 512\"><path d=\"M80 299.3V512H196V299.3h86.5l18-97.8H196V166.9c0-51.7 20.3-71.5 72.7-71.5c16.3 0 29.4 .4 37 1.2V7.9C291.4 4 256.4 0 236.2 0C129.3 0 80 50.5 80 159.4v42.1H14v97.8H80z\"><\/path><\/svg><\/a>\n\n\n\n<a class=\"wp-block-endeavour-wp-blocks-icon-button icon-button    \" href=\"https:\/\/www.instagram.com\/beursvanberlageofficial\/\" target=\"_blank\" rel=\"noopener\"><svg viewBox=\"0 0 448 512\"><path d=\"M224.1 141c-63.6 0-114.9 51.3-114.9 114.9s51.3 114.9 114.9 114.9S339 319.5 339 255.9 287.7 141 224.1 141zm0 189.6c-41.1 0-74.7-33.5-74.7-74.7s33.5-74.7 74.7-74.7 74.7 33.5 74.7 74.7-33.6 74.7-74.7 74.7zm146.4-194.3c0 14.9-12 26.8-26.8 26.8-14.9 0-26.8-12-26.8-26.8s12-26.8 26.8-26.8 26.8 12 26.8 26.8zm76.1 27.2c-1.7-35.9-9.9-67.7-36.2-93.9-26.2-26.2-58-34.4-93.9-36.2-37-2.1-147.9-2.1-184.9 0-35.8 1.7-67.6 9.9-93.9 36.1s-34.4 58-36.2 93.9c-2.1 37-2.1 147.9 0 184.9 1.7 35.9 9.9 67.7 36.2 93.9s58 34.4 93.9 36.2c37 2.1 147.9 2.1 184.9 0 35.9-1.7 67.7-9.9 93.9-36.2 26.2-26.2 34.4-58 36.2-93.9 2.1-37 2.1-147.8 0-184.8zM398.8 388c-7.8 19.6-22.9 34.7-42.6 42.6-29.5 11.7-99.5 9-132.1 9s-102.7 2.6-132.1-9c-19.6-7.8-34.7-22.9-42.6-42.6-11.7-29.5-9-99.5-9-132.1s-2.6-102.7 9-132.1c7.8-19.6 22.9-34.7 42.6-42.6 29.5-11.7 99.5-9 132.1-9s102.7-2.6 132.1 9c19.6 7.8 34.7 22.9 42.6 42.6 11.7 29.5 9 99.5 9 132.1s2.7 102.7-9 132.1z\"><\/path><\/svg><\/a>\n<\/div>\n\n\n\n<p class=\"undefined    \"><img loading=\"lazy\" decoding=\"async\" width=\"130\" height=\"17\" class=\"wp-image-4667\" style=\"width: 130px;\" src=\"https:\/\/beursvanberlage.com\/app\/uploads\/2024\/10\/label-I-amsterdam-rood-wit-1.png\" alt=\"\" srcset=\"https:\/\/beursvanberlage.com\/app\/uploads\/2024\/10\/label-I-amsterdam-rood-wit-1.png 888w, https:\/\/beursvanberlage.com\/app\/uploads\/2024\/10\/label-I-amsterdam-rood-wit-1-300x40.png 300w, https:\/\/beursvanberlage.com\/app\/uploads\/2024\/10\/label-I-amsterdam-rood-wit-1-768x103.png 768w\" sizes=\"auto, (max-width: 130px) 100vw, 130px\" \/><\/p>\n\n\n\n<p class=\"undefined    \"><img loading=\"lazy\" decoding=\"async\" width=\"13\" height=\"22\" class=\"wp-image-4654\" style=\"width: 13px;\" src=\"https:\/\/beursvanberlage.com\/app\/uploads\/2024\/10\/pijltje-1.png\" alt=\"\"> <a data-type=\"internal\" data-id=\"#top\" href=\"#top\"><\/a><a href=\"https:\/\/beursvanberlage.com\/de\/besuchen\/#top\">Zur\u00fcck nach oben<\/a><\/p>\n<\/div>\n\n    <\/div>\n<\/footer>","protected":false},"excerpt":{"rendered":"","protected":false},"author":2,"featured_media":8376,"parent":8298,"menu_order":0,"comment_status":"closed","ping_status":"closed","template":"wp-custom-template-page-no-footer","meta":{"content-type":"","footnotes":""},"class_list":["post-8380","page","type-page","status-publish","has-post-thumbnail","hentry"],"_links":{"self":[{"href":"https:\/\/beursvanberlage.com\/de\/wp-json\/wp\/v2\/pages\/8380","targetHints":{"allow":["GET"]}}],"collection":[{"href":"https:\/\/beursvanberlage.com\/de\/wp-json\/wp\/v2\/pages"}],"about":[{"href":"https:\/\/beursvanberlage.com\/de\/wp-json\/wp\/v2\/types\/page"}],"author":[{"embeddable":true,"href":"https:\/\/beursvanberlage.com\/de\/wp-json\/wp\/v2\/users\/2"}],"replies":[{"embeddable":true,"href":"https:\/\/beursvanberlage.com\/de\/wp-json\/wp\/v2\/comments?post=8380"}],"version-history":[{"count":3,"href":"https:\/\/beursvanberlage.com\/de\/wp-json\/wp\/v2\/pages\/8380\/revisions"}],"predecessor-version":[{"id":8383,"href":"https:\/\/beursvanberlage.com\/de\/wp-json\/wp\/v2\/pages\/8380\/revisions\/8383"}],"up":[{"embeddable":true,"href":"https:\/\/beursvanberlage.com\/de\/wp-json\/wp\/v2\/pages\/8298"}],"wp:featuredmedia":[{"embeddable":true,"href":"https:\/\/beursvanberlage.com\/de\/wp-json\/wp\/v2\/media\/8376"}],"wp:attachment":[{"href":"https:\/\/beursvanberlage.com\/de\/wp-json\/wp\/v2\/media?parent=8380"}],"curies":[{"name":"wp","href":"https:\/\/api.w.org\/{rel}","templated":true}]}}