{"id":8254,"date":"2024-11-12T10:51:23","date_gmt":"2024-11-12T10:51:23","guid":{"rendered":"https:\/\/beursvanberlage.com\/?page_id=8254"},"modified":"2025-01-27T09:17:50","modified_gmt":"2025-01-27T09:17:50","slug":"personalisierte-wasserflaschen","status":"publish","type":"page","link":"https:\/\/beursvanberlage.com\/de\/veranstalten\/praktische-informationen\/personalisierte-wasserflaschen\/","title":{"rendered":"Personalisierte Wasserflaschen"},"content":{"rendered":"<div class=\"wp-block-endeavour-wp-blocks-banner-w-content-card\">\n    <div class=\"banner-w-content-card__outer-wrapper\">\n        <div class=\"banner-w-content-card__image-wrapper\">\n                            <img decoding=\"async\" class=\"banner-w-content-card__image\" src=\"https:\/\/beursvanberlage.com\/app\/uploads\/2024\/11\/20241010_09_07_Beurs-van-Berlage-DPW-Michiel-LR.jpg\" alt=\"Banner Image\" \/>\n                    <\/div>\n\n        <div class=\"banner-w-content-card__content-wrapper\">\n            <div class=\"content-wrapper\">\n                <div class=\"banner-w-content-card__text-wrapper\">\n                                            <div class=\"banner-w-content-card__breadcrumbs\">\n                                                                                            <a\n                                        href=\"https:\/\/beursvanberlage.com\/de\/veranstalten\/praktische-informationen\/\"\n                                        class=\"banner-w-content-card__breadcrumb-link \">\n                                    Praktische Informationen                                <\/a>\n                                                                    <span class=\"banner-w-content-card__breadcrumb-separator\"> \/ <\/span>\n                                                                                                                            <a\n                                        href=\"#\"\n                                        class=\"banner-w-content-card__breadcrumb-link banner-w-content-card__breadcrumb-link--active\">\n                                    Personalisierte Wasserflaschen                                <\/a>\n                                                                                    <\/div>\n                    \n                                            <h1 class=\"banner-w-content-card__title\">\n                            Personalisierte Wasserflaschen                        <\/h1>\n                    \n                                    <\/div>\n            <\/div>\n        <\/div>\n    <\/div>\n<\/div>\n\n\n\n<div class=\"wp-block-endeavour-wp-blocks-custom-spacer custom-spacer    \"><div style=\"height:1rem\" class=\"custom-spacer__mobile\"><\/div><div style=\"height:3rem\" class=\"custom-spacer__desktop\"><\/div><\/div>\n\n\n\n<section class=\"wp-block-endeavour-wp-blocks-content-container content-container    \" id=\"Beursstraat-6\"><div class=\"wp-block-endeavour-wp-blocks-content-container content-container__inner content-container__inner--medium    \" id=\"Beursstraat-6\">\n<div class=\"wp-block-endeavour-wp-blocks-image-w-text-cta    \"><div class=\"image-w-text-cta__outer-wrapper\"><div class=\"content-wrapper\"><div class=\"image-w-text-cta__inner-wrapper\"><div class=\"image-w-text-cta__content-wrapper\"><h4 class=\"image-w-text-cta__title\">Eine bleibende Erinnerung <\/h4><div class=\"image-w-text-cta__text\">Um die Umweltbelastung unserer Veranstaltungen zu minimieren, bietet die Beurs van Berlage lokal produziertes, gefiltertes Leitungswasser \u00fcber stilvolle Join the Pipe-Wasserstationen an. Dies macht den Transport von Flaschenwasser \u00fcberfl\u00fcssig und reduziert Plastikabfall sowie Transportemissionen erheblich. Neben Gl\u00e4sern an den Wasserstationen bieten wir wiederverwendbare Amsterdam City-Wasserflaschen aus nachhaltigem Zuckerrohr an. Diese BPA-freien, sp\u00fclmaschinenfesten Flaschen sind f\u00fcr den t\u00e4glichen Gebrauch konzipiert und k\u00f6nnen sogar mit Ihrem eigenen Logo oder Ihrer Marke personalisiert werden. Sie sind ein umweltfreundliches und praktisches Andenken f\u00fcr Konferenzteilnehmer, die ihre Flasche an jeder Wasserstation einfach auff\u00fcllen k\u00f6nnen.<\/div><div class=\"wp-block-endeavour-wp-blocks-image-w-text-cta    \">\n<div class=\"wp-block-endeavour-wp-blocks-buttons-wrapper    \"><div class=\"wp-block-endeavour-wp-blocks-buttons-wrapper     buttons-wrapper__wrapper\">\n<div class=\"wp-block-endeavour-wp-blocks-main-button     main-button\"><a class=\"main-button__wrapper main-button__wrapper--is-primary\" href=\"https:\/\/indd.adobe.com\/view\/3c94be5b-ffee-4daa-96c3-77574d9481e3\" target=\"_blank\" rel=\"noopener\">Infosheet ansehen<\/a><\/div>\n<\/div><\/div>\n<\/div><\/div><div class=\"image-w-text-cta__image-wrapper\"><img decoding=\"async\" class=\"image-w-text-cta__image\" src=\"https:\/\/beursvanberlage.com\/app\/uploads\/2025\/01\/Naamloos-2.png\" alt=\"Uploaded Media\" loading=\"lazy\"\/><\/div><\/div><\/div><\/div><\/div>\n<\/div><\/section>\n\n\n\n<div class=\"wp-block-endeavour-wp-blocks-custom-spacer custom-spacer    \"><div style=\"height:1rem\" class=\"custom-spacer__mobile\"><\/div><div style=\"height:3rem\" class=\"custom-spacer__desktop\"><\/div><\/div>\n\n\n\n<section class=\"wp-block-endeavour-wp-blocks-content-container content-container    \" id=\"aanrijdroutes\"><div class=\"wp-block-endeavour-wp-blocks-content-container content-container__inner content-container__inner--medium    \" id=\"aanrijdroutes\">\n<div class=\"wp-block-endeavour-wp-blocks-image-w-text-cta    \"><div class=\"image-w-text-cta__outer-wrapper\"><div class=\"content-wrapper\"><div class=\"image-w-text-cta__inner-wrapper\"><div class=\"image-w-text-cta__content-wrapper\"><h4 class=\"image-w-text-cta__title\">Wie das f\u00fcr Ihre Veranstaltung funktioniert<\/h4><div class=\"image-w-text-cta__text\">Als Veranstaltungsorganisator haben Sie die M\u00f6glichkeit:<br><strong>Einwegplastik zu eliminieren<\/strong>, indem Sie die Teilnehmer ermutigen, unsere Wasserstationen zu nutzen.<br>Allen Teilnehmern <strong>eine personalisierte Join the Pipe Amsterdam City-Flasche<\/strong> anzubieten, damit sie w\u00e4hrend der Veranstaltung umweltfreundlich hydriert bleiben.<br>Durch Ihren Kauf <strong>globale Wasserinitiativen zu unterst\u00fctzen<\/strong> und zu nachhaltigen Wasserprojekten beizutragen.<br><br>Gemeinsam k\u00f6nnen wir die Umwelt positiv beeinflussen und gleichzeitig die Nachhaltigkeitsziele Ihrer Veranstaltung f\u00f6rdern.<\/div><div class=\"wp-block-endeavour-wp-blocks-image-w-text-cta    \"><\/div><\/div><div class=\"image-w-text-cta__image-wrapper\"><img decoding=\"async\" class=\"image-w-text-cta__image\" src=\"https:\/\/beursvanberlage.com\/app\/uploads\/2024\/11\/Kenia_heart_1100x.webp\" alt=\"Uploaded Media\" loading=\"lazy\"\/><\/div><\/div><\/div><\/div><\/div>\n<\/div><\/section>\n\n\n\n<div class=\"wp-block-endeavour-wp-blocks-custom-spacer custom-spacer    \"><div style=\"height:1rem\" class=\"custom-spacer__mobile\"><\/div><div style=\"height:3rem\" class=\"custom-spacer__desktop\"><\/div><\/div>\n\n\n\n<section class=\"wp-block-endeavour-wp-blocks-content-container content-container    \" id=\"contact\"><div class=\"wp-block-endeavour-wp-blocks-content-container content-container__inner content-container__inner--full    \" id=\"contact\">\n<div class=\"wp-block-endeavour-wp-blocks-contact-form     contact-form\"><div class=\"contact-form__outer-wrapper \"><div class=\"content-wrapper\"><div class=\"contact-form__inner-wrapper\"><div class=\"contact-form__content-wrapper\"><div class=\"contact-form__text-wrapper\"><h4 class=\"contact-form__title\">Kontaktieren Sie uns<\/h4><p class=\"contact-form__description\">Geben Sie Ihre Daten ein, und wir melden uns so schnell wie m\u00f6glich, um Ihre Fragen zu beantworten oder Ihre Pl\u00e4ne zu besprechen. <br><br>Bitte beachten Sie, dass wir aufgrund der Gr\u00f6\u00dfe und des Charakters unserer Location ausschlie\u00dflich Anfragen f\u00fcr Gruppen <strong>ab 200 G\u00e4sten<\/strong> bearbeiten.<br><br><strong>Bevorzugen Sie direkten Kontakt? <\/strong><br>Rufen Sie uns an unter <strong><a href=\"tel:+31205313355\">+31 (0)20 &#8211; 531 33 55<\/a><\/strong> oder schreiben Sie eine E-Mail an <a href=\"mailto:events@beursvanberlage.com\">events@beursvanberlage.com<\/a>. <br><br>Wir freuen uns darauf, Ihnen zu helfen!<\/p><\/div><\/div><div class=\"contact-form__form-wrapper\"><script charset=\"utf-8\" type=\"text\/javascript\" src=\"\/\/js.hsforms.net\/forms\/embed\/v2.js\"><\/script>\n<script>\n  hbspt.forms.create({\n    portalId: \"5233325\",\n    formId: \"8aa3c8b4-a538-4516-a1f5-915aae598d67\"\n  });\n<\/script><\/div><\/div><\/div><\/div><\/div>\n<\/div><\/section>\n","protected":false},"excerpt":{"rendered":"","protected":false},"author":2,"featured_media":6666,"parent":8035,"menu_order":0,"comment_status":"closed","ping_status":"closed","template":"","meta":{"content-type":"","footnotes":""},"class_list":["post-8254","page","type-page","status-publish","has-post-thumbnail","hentry"],"_links":{"self":[{"href":"https:\/\/beursvanberlage.com\/de\/wp-json\/wp\/v2\/pages\/8254","targetHints":{"allow":["GET"]}}],"collection":[{"href":"https:\/\/beursvanberlage.com\/de\/wp-json\/wp\/v2\/pages"}],"about":[{"href":"https:\/\/beursvanberlage.com\/de\/wp-json\/wp\/v2\/types\/page"}],"author":[{"embeddable":true,"href":"https:\/\/beursvanberlage.com\/de\/wp-json\/wp\/v2\/users\/2"}],"replies":[{"embeddable":true,"href":"https:\/\/beursvanberlage.com\/de\/wp-json\/wp\/v2\/comments?post=8254"}],"version-history":[{"count":4,"href":"https:\/\/beursvanberlage.com\/de\/wp-json\/wp\/v2\/pages\/8254\/revisions"}],"predecessor-version":[{"id":9865,"href":"https:\/\/beursvanberlage.com\/de\/wp-json\/wp\/v2\/pages\/8254\/revisions\/9865"}],"up":[{"embeddable":true,"href":"https:\/\/beursvanberlage.com\/de\/wp-json\/wp\/v2\/pages\/8035"}],"wp:featuredmedia":[{"embeddable":true,"href":"https:\/\/beursvanberlage.com\/de\/wp-json\/wp\/v2\/media\/6666"}],"wp:attachment":[{"href":"https:\/\/beursvanberlage.com\/de\/wp-json\/wp\/v2\/media?parent=8254"}],"curies":[{"name":"wp","href":"https:\/\/api.w.org\/{rel}","templated":true}]}}