{"id":8241,"date":"2024-11-12T10:25:34","date_gmt":"2024-11-12T10:25:34","guid":{"rendered":"https:\/\/beursvanberlage.com\/?page_id=8241"},"modified":"2024-12-12T13:17:30","modified_gmt":"2024-12-12T13:17:30","slug":"messebau","status":"publish","type":"page","link":"https:\/\/beursvanberlage.com\/de\/veranstalten\/praktische-informationen\/messebau\/","title":{"rendered":"Messebau"},"content":{"rendered":"<div class=\"wp-block-endeavour-wp-blocks-banner-w-content-card\">\n    <div class=\"banner-w-content-card__outer-wrapper\">\n        <div class=\"banner-w-content-card__image-wrapper\">\n                            <img decoding=\"async\" class=\"banner-w-content-card__image\" src=\"https:\/\/beursvanberlage.com\/app\/uploads\/2024\/10\/20241009_09_18_Beurs-van-Berlage-DPW-Michiel-LR.jpg\" alt=\"Banner Image\" \/>\n                    <\/div>\n\n        <div class=\"banner-w-content-card__content-wrapper\">\n            <div class=\"content-wrapper\">\n                <div class=\"banner-w-content-card__text-wrapper\">\n                                            <div class=\"banner-w-content-card__breadcrumbs\">\n                                                                                            <a\n                                        href=\"https:\/\/beursvanberlage.com\/de\/veranstalten\/praktische-informationen\/\"\n                                        class=\"banner-w-content-card__breadcrumb-link \">\n                                    Praktische Informationen                                <\/a>\n                                                                    <span class=\"banner-w-content-card__breadcrumb-separator\"> \/ <\/span>\n                                                                                                                            <a\n                                        href=\"#\"\n                                        class=\"banner-w-content-card__breadcrumb-link banner-w-content-card__breadcrumb-link--active\">\n                                    Messebau                                <\/a>\n                                                                                    <\/div>\n                    \n                                            <h1 class=\"banner-w-content-card__title\">\n                            Messebau                        <\/h1>\n                    \n                                    <\/div>\n            <\/div>\n        <\/div>\n    <\/div>\n<\/div>\n\n\n\n<div class=\"wp-block-endeavour-wp-blocks-custom-spacer custom-spacer    \"><div style=\"height:1rem\" class=\"custom-spacer__mobile\"><\/div><div style=\"height:3rem\" class=\"custom-spacer__desktop\"><\/div><\/div>\n\n\n\n<section class=\"wp-block-endeavour-wp-blocks-content-container content-container    \" id=\"Beursstraat-6\"><div class=\"wp-block-endeavour-wp-blocks-content-container content-container__inner content-container__inner--medium    \" id=\"Beursstraat-6\">\n<div class=\"wp-block-endeavour-wp-blocks-image-w-text-cta    \"><div class=\"image-w-text-cta__outer-wrapper\"><div class=\"content-wrapper\"><div class=\"image-w-text-cta__inner-wrapper\"><div class=\"image-w-text-cta__content-wrapper\"><h4 class=\"image-w-text-cta__title\">Bevorzugter Partner f\u00fcr Messebau<\/h4><div class=\"image-w-text-cta__text\">Ob es sich um Standardst\u00e4nde, au\u00dfergew\u00f6hnlich gro\u00dfe oder hohe Konstruktionen oder etwas dazwischen handelt \u2013 wir haben alles schon gesehen und teilen gerne unsere Expertise, damit Ihre Veranstaltung reibungslos und effizient abl\u00e4uft.<br>F\u00fcr eine erfolgreiche Veranstaltung arbeiten wir mit einer ausgew\u00e4hlten Gruppe von Partnern in den Bereichen audiovisuelle Technik, Beleuchtung, Catering, Dekoration und Messebau zusammen. F\u00fcr den Messebau haben wir uns f\u00fcr A-booth als unseren vertrauensw\u00fcrdigen Partner entschieden.<\/div><div class=\"wp-block-endeavour-wp-blocks-image-w-text-cta    \">\n<div class=\"wp-block-endeavour-wp-blocks-buttons-wrapper    \"><div class=\"wp-block-endeavour-wp-blocks-buttons-wrapper     buttons-wrapper__wrapper\">\n<div class=\"wp-block-endeavour-wp-blocks-main-button     main-button\"><a class=\"main-button__wrapper main-button__wrapper--is-primary\" href=\"https:\/\/indd.adobe.com\/view\/e70b39c0-b48b-4e9d-b715-5dd652d7d3be\" target=\"_blank\" rel=\"noopener\">Infosheet Messebau ansehen<\/a><\/div>\n<\/div><\/div>\n<\/div><\/div><div class=\"image-w-text-cta__image-wrapper\"><img decoding=\"async\" class=\"image-w-text-cta__image\" src=\"https:\/\/beursvanberlage.com\/app\/uploads\/2024\/10\/20220329_Beurs_van_Berlage_Booking_080_42718.jpg\" alt=\"Uploaded Media\" loading=\"lazy\"\/><\/div><\/div><\/div><\/div><\/div>\n<\/div><\/section>\n\n\n\n<div class=\"wp-block-endeavour-wp-blocks-custom-spacer custom-spacer    \"><div style=\"height:1rem\" class=\"custom-spacer__mobile\"><\/div><div style=\"height:3rem\" class=\"custom-spacer__desktop\"><\/div><\/div>\n\n\n\n<section class=\"wp-block-endeavour-wp-blocks-content-container content-container    \"><div class=\"wp-block-endeavour-wp-blocks-content-container content-container__inner content-container__inner--medium    \"><\/div><\/section>\n\n\n\n<div class=\"wp-block-endeavour-wp-blocks-banner-three-media    \"><div class=\"banner-w-medias__wrapper\"><div class=\"banner-w-medias__top-wrapper\"><div class=\"banner-w-medias__media-wrapper banner-w-medias__media-wrapper--first-media\"><img decoding=\"async\" class=\"banner-w-medias__first-media\" src=\"https:\/\/beursvanberlage.com\/app\/uploads\/2024\/09\/20231011_DPW23_Day1_EwaldGeerdink_77.jpg\" alt=\"Uploaded Media 1\"\/><\/div><\/div><div class=\"banner-w-medias__bottom-wrapper\"><div class=\"banner-w-medias__media-wrapper banner-w-medias__media-wrapper--second-media\"><img decoding=\"async\" class=\"banner-w-medias__second-media\" src=\"https:\/\/beursvanberlage.com\/app\/uploads\/2024\/11\/BvB-Grote-zaal-Stands-04.jpg\" alt=\"Uploaded Media 2\"\/><\/div><div class=\"banner-w-medias__media-wrapper banner-w-medias__media-wrapper--third-media\"><img decoding=\"async\" class=\"banner-w-medias__third-media\" src=\"https:\/\/beursvanberlage.com\/app\/uploads\/2024\/10\/20241009_09_27_Beurs-van-Berlage-DPW-Michiel-LR.jpg\" alt=\"Uploaded Media 3\"\/><\/div><\/div><\/div><\/div>\n\n\n\n<div class=\"wp-block-endeavour-wp-blocks-custom-spacer custom-spacer    \"><div style=\"height:1rem\" class=\"custom-spacer__mobile\"><\/div><div style=\"height:3rem\" class=\"custom-spacer__desktop\"><\/div><\/div>\n\n\n\n<section class=\"wp-block-endeavour-wp-blocks-content-container content-container    \" id=\"contact\"><div class=\"wp-block-endeavour-wp-blocks-content-container content-container__inner content-container__inner--full    \" id=\"contact\">\n<div class=\"wp-block-endeavour-wp-blocks-contact-form     contact-form\"><div class=\"contact-form__outer-wrapper \"><div class=\"content-wrapper\"><div class=\"contact-form__inner-wrapper\"><div class=\"contact-form__content-wrapper\"><div class=\"contact-form__text-wrapper\"><h4 class=\"contact-form__title\">Kontaktieren Sie uns<\/h4><p class=\"contact-form__description\">Geben Sie Ihre Daten ein, und wir melden uns so schnell wie m\u00f6glich, um Ihre Fragen zu beantworten oder Ihre Pl\u00e4ne zu besprechen. <br><br>Bitte beachten Sie, dass wir aufgrund der Gr\u00f6\u00dfe und des Charakters unserer Location ausschlie\u00dflich Anfragen f\u00fcr Gruppen <strong>ab 200 G\u00e4sten<\/strong> bearbeiten.<br><br><strong>Bevorzugen Sie direkten Kontakt? <\/strong><br>Rufen Sie uns an unter <strong><a href=\"tel:+31205313355\">+31 (0)20 &#8211; 531 33 55<\/a><\/strong> oder schreiben Sie eine E-Mail an <a href=\"mailto:events@beursvanberlage.com\">events@beursvanberlage.com<\/a>. <br><br>Wir freuen uns darauf, Ihnen zu helfen!<\/p><\/div><\/div><div class=\"contact-form__form-wrapper\"><script charset=\"utf-8\" type=\"text\/javascript\" src=\"\/\/js.hsforms.net\/forms\/embed\/v2.js\"><\/script>\n<script>\n  hbspt.forms.create({\n    portalId: \"5233325\",\n    formId: \"8aa3c8b4-a538-4516-a1f5-915aae598d67\"\n  });\n<\/script><\/div><\/div><\/div><\/div><\/div>\n<\/div><\/section>\n","protected":false},"excerpt":{"rendered":"","protected":false},"author":2,"featured_media":8243,"parent":8035,"menu_order":0,"comment_status":"closed","ping_status":"closed","template":"","meta":{"content-type":"","footnotes":""},"class_list":["post-8241","page","type-page","status-publish","has-post-thumbnail","hentry"],"_links":{"self":[{"href":"https:\/\/beursvanberlage.com\/de\/wp-json\/wp\/v2\/pages\/8241","targetHints":{"allow":["GET"]}}],"collection":[{"href":"https:\/\/beursvanberlage.com\/de\/wp-json\/wp\/v2\/pages"}],"about":[{"href":"https:\/\/beursvanberlage.com\/de\/wp-json\/wp\/v2\/types\/page"}],"author":[{"embeddable":true,"href":"https:\/\/beursvanberlage.com\/de\/wp-json\/wp\/v2\/users\/2"}],"replies":[{"embeddable":true,"href":"https:\/\/beursvanberlage.com\/de\/wp-json\/wp\/v2\/comments?post=8241"}],"version-history":[{"count":3,"href":"https:\/\/beursvanberlage.com\/de\/wp-json\/wp\/v2\/pages\/8241\/revisions"}],"predecessor-version":[{"id":8245,"href":"https:\/\/beursvanberlage.com\/de\/wp-json\/wp\/v2\/pages\/8241\/revisions\/8245"}],"up":[{"embeddable":true,"href":"https:\/\/beursvanberlage.com\/de\/wp-json\/wp\/v2\/pages\/8035"}],"wp:featuredmedia":[{"embeddable":true,"href":"https:\/\/beursvanberlage.com\/de\/wp-json\/wp\/v2\/media\/8243"}],"wp:attachment":[{"href":"https:\/\/beursvanberlage.com\/de\/wp-json\/wp\/v2\/media?parent=8241"}],"curies":[{"name":"wp","href":"https:\/\/api.w.org\/{rel}","templated":true}]}}