{"id":8203,"date":"2024-11-12T10:29:30","date_gmt":"2024-11-12T10:29:30","guid":{"rendered":"https:\/\/beursvanberlage.com\/?page_id=8203"},"modified":"2025-03-20T12:40:28","modified_gmt":"2025-03-20T12:40:28","slug":"partner","status":"publish","type":"page","link":"https:\/\/beursvanberlage.com\/de\/veranstalten\/praktische-informationen\/partner\/","title":{"rendered":"Partner"},"content":{"rendered":"<div class=\"wp-block-endeavour-wp-blocks-banner-w-content-card wp-block-endeavour-wp-blocks-banner-w-content-card\">\n    <div class=\"banner-w-content-card__outer-wrapper\">\n        <div class=\"banner-w-content-card__image-wrapper\">\n                            <img decoding=\"async\" class=\"banner-w-content-card__image\" src=\"https:\/\/beursvanberlage.com\/app\/uploads\/2024\/10\/20241009_11_13_Beurs-van-Berlage-DPW-Michiel-LR-2.jpg\" alt=\"Banner Image\" \/>\n                    <\/div>\n\n        <div class=\"banner-w-content-card__content-wrapper\">\n            <div class=\"content-wrapper\">\n                <div class=\"banner-w-content-card__text-wrapper\">\n                                            <div class=\"banner-w-content-card__breadcrumbs\">\n                                                                                            <a\n                                        href=\"https:\/\/beursvanberlage.com\/de\/veranstalten\/praktische-informationen\/\"\n                                        class=\"banner-w-content-card__breadcrumb-link \">\n                                    Praktische Informationen                                <\/a>\n                                                                    <span class=\"banner-w-content-card__breadcrumb-separator\"> \/ <\/span>\n                                                                                                                            <a\n                                        href=\"#\"\n                                        class=\"banner-w-content-card__breadcrumb-link banner-w-content-card__breadcrumb-link--active\">\n                                    Partner                                <\/a>\n                                                                                    <\/div>\n                    \n                                            <h1 class=\"banner-w-content-card__title\">\n                            Partner                        <\/h1>\n                    \n                                            <p class=\"banner-w-content-card__description\">\n                            Um den Erfolg Ihrer Veranstaltung sicherzustellen, arbeiten wir mit einer ausgew\u00e4hlten Gruppe von bevorzugten Partnern zusammen.&nbsp;                        <\/p>\n                                    <\/div>\n            <\/div>\n        <\/div>\n    <\/div>\n<\/div>\n\n\n\n<div class=\"wp-block-endeavour-wp-blocks-custom-spacer custom-spacer    \"><div style=\"height:1rem\" class=\"custom-spacer__mobile\"><\/div><div style=\"height:3rem\" class=\"custom-spacer__desktop\"><\/div><\/div>\n\n\n\n<section class=\"wp-block-endeavour-wp-blocks-content-container content-container    \" id=\"Beursstraat-6\"><div class=\"wp-block-endeavour-wp-blocks-content-container content-container__inner content-container__inner--medium    \" id=\"Beursstraat-6\">\n<div class=\"wp-block-endeavour-wp-blocks-image-w-text-cta    \"><div class=\"image-w-text-cta__outer-wrapper\"><div class=\"content-wrapper\"><div class=\"image-w-text-cta__inner-wrapper\"><div class=\"image-w-text-cta__content-wrapper\"><h4 class=\"image-w-text-cta__title\">Unsere Partner<\/h4><div class=\"image-w-text-cta__text\">Aufgrund des denkmalgesch\u00fctzten Charakters unseres Geb\u00e4udes und der komplexen Logistik unserer Produktionen arbeiten wir ausschlie\u00dflich mit bevorzugten Partnern zusammen. Dies garantiert nicht nur h\u00f6chste Qualit\u00e4t und wettbewerbsf\u00e4hige Preisvereinbarungen, sondern sorgt auch f\u00fcr eine nahtlose Zusammenarbeit als ein Team innerhalb der Beurs van Berlage, um Ihre Veranstaltung optimal zu unterst\u00fctzen.<br><br>Die Beauftragung anderer spezialisierter Unternehmen ist daher nicht gestattet. Unsere bevorzugten Partner sind vollst\u00e4ndig in unsere Abl\u00e4ufe integriert und bieten ihre Expertise in den folgenden Bereichen:<br><br><strong>Audiovisuelle Technik:<\/strong> <a href=\"https:\/\/ct-group.com\/nl\/en\/\" target=\"_blank\" rel=\"noreferrer noopener\">Creative Technology<\/a> und <a href=\"https:\/\/www.ampco-flashlight.com\/\" target=\"_blank\" rel=\"noreferrer noopener\">Ampco Flashlight<\/a><br><strong>Event-Branding und Standbau:<\/strong> <a href=\"https:\/\/www.a-booth.nl\/en\/\" target=\"_blank\" rel=\"noreferrer noopener\">A-booth<\/a><br><strong>Event-Styling:<\/strong> <a href=\"https:\/\/www.bloembloem.nl\/\" target=\"_blank\" rel=\"noreferrer noopener\">BloemBloem<\/a> und <a href=\"https:\/\/www.heman.nl\/\" target=\"_blank\" rel=\"noreferrer noopener\">H\u00e9man<\/a><br><strong>ICT-L\u00f6sungen:<\/strong> <a href=\"https:\/\/www.hsnetwerken.nl\/\" target=\"_blank\" rel=\"noreferrer noopener\">H&amp;S Computerservices<\/a><br><strong>Externe Gastronomie:<\/strong> <a href=\"https:\/\/vineyardcatering.nl\/\" target=\"_blank\" rel=\"noreferrer noopener\">Vineyard Premium Catering<\/a><br><strong>Entertainment:<\/strong> <a href=\"https:\/\/thefireflies.live\/\" target=\"_blank\" rel=\"noreferrer noopener\">The Fireflies<\/a><br><strong>Sicherheitsdienst:<\/strong> <a href=\"https:\/\/isg-beveiliging.nl\/en\/\" target=\"_blank\" rel=\"noreferrer noopener\">ISG Security<\/a><\/div><div class=\"wp-block-endeavour-wp-blocks-image-w-text-cta    \"><\/div><\/div><div class=\"image-w-text-cta__image-wrapper\"><img decoding=\"async\" class=\"image-w-text-cta__image\" src=\"https:\/\/beursvanberlage.com\/app\/uploads\/2024\/10\/20241009_17_26_Beurs-van-Berlage-DPW-Michiel-LR.jpg\" alt=\"Uploaded Media\" loading=\"lazy\"\/><\/div><\/div><\/div><\/div><\/div>\n<\/div><\/section>\n\n\n\n<section class=\"wp-block-endeavour-wp-blocks-content-container content-container    \" id=\"contact\"><div class=\"wp-block-endeavour-wp-blocks-content-container content-container__inner content-container__inner--full    \" id=\"contact\">\n<div class=\"wp-block-endeavour-wp-blocks-contact-form     contact-form\"><div class=\"contact-form__outer-wrapper \"><div class=\"content-wrapper\"><div class=\"contact-form__inner-wrapper\"><div class=\"contact-form__content-wrapper\"><div class=\"contact-form__text-wrapper\"><h4 class=\"contact-form__title\">Kontaktieren Sie uns<\/h4><p class=\"contact-form__description\">Geben Sie Ihre Daten ein, und wir melden uns so schnell wie m\u00f6glich, um Ihre Fragen zu beantworten oder Ihre Pl\u00e4ne zu besprechen. <br><br>Bitte beachten Sie, dass wir aufgrund der Gr\u00f6\u00dfe und des Charakters unserer Location ausschlie\u00dflich Anfragen f\u00fcr Gruppen <strong>ab 200 G\u00e4sten<\/strong> bearbeiten.<br><br><strong>Bevorzugen Sie direkten Kontakt? <\/strong><br>Rufen Sie uns an unter <strong><a href=\"tel:+31205313355\">+31 (0)20 &#8211; 531 33 55<\/a><\/strong> oder schreiben Sie eine E-Mail an <a href=\"mailto:events@beursvanberlage.com\">events@beursvanberlage.com<\/a>. <br><br>Wir freuen uns darauf, Ihnen zu helfen!<\/p><\/div><\/div><div class=\"contact-form__form-wrapper\"><script charset=\"utf-8\" type=\"text\/javascript\" src=\"\/\/js.hsforms.net\/forms\/embed\/v2.js\"><\/script>\n<script>\n  hbspt.forms.create({\n    portalId: \"5233325\",\n    formId: \"8aa3c8b4-a538-4516-a1f5-915aae598d67\"\n  });\n<\/script><\/div><\/div><\/div><\/div><\/div>\n<\/div><\/section>\n","protected":false},"excerpt":{"rendered":"","protected":false},"author":2,"featured_media":8062,"parent":8035,"menu_order":0,"comment_status":"closed","ping_status":"closed","template":"","meta":{"content-type":"","footnotes":""},"class_list":["post-8203","page","type-page","status-publish","has-post-thumbnail","hentry"],"_links":{"self":[{"href":"https:\/\/beursvanberlage.com\/de\/wp-json\/wp\/v2\/pages\/8203","targetHints":{"allow":["GET"]}}],"collection":[{"href":"https:\/\/beursvanberlage.com\/de\/wp-json\/wp\/v2\/pages"}],"about":[{"href":"https:\/\/beursvanberlage.com\/de\/wp-json\/wp\/v2\/types\/page"}],"author":[{"embeddable":true,"href":"https:\/\/beursvanberlage.com\/de\/wp-json\/wp\/v2\/users\/2"}],"replies":[{"embeddable":true,"href":"https:\/\/beursvanberlage.com\/de\/wp-json\/wp\/v2\/comments?post=8203"}],"version-history":[{"count":6,"href":"https:\/\/beursvanberlage.com\/de\/wp-json\/wp\/v2\/pages\/8203\/revisions"}],"predecessor-version":[{"id":10872,"href":"https:\/\/beursvanberlage.com\/de\/wp-json\/wp\/v2\/pages\/8203\/revisions\/10872"}],"up":[{"embeddable":true,"href":"https:\/\/beursvanberlage.com\/de\/wp-json\/wp\/v2\/pages\/8035"}],"wp:featuredmedia":[{"embeddable":true,"href":"https:\/\/beursvanberlage.com\/de\/wp-json\/wp\/v2\/media\/8062"}],"wp:attachment":[{"href":"https:\/\/beursvanberlage.com\/de\/wp-json\/wp\/v2\/media?parent=8203"}],"curies":[{"name":"wp","href":"https:\/\/api.w.org\/{rel}","templated":true}]}}