{"id":7944,"date":"2024-11-28T15:03:39","date_gmt":"2024-11-28T15:03:39","guid":{"rendered":"https:\/\/beursvanberlage.com\/?page_id=7944"},"modified":"2026-01-09T10:40:03","modified_gmt":"2026-01-09T10:40:03","slug":"sppa","status":"publish","type":"page","link":"https:\/\/beursvanberlage.com\/de\/sppa\/","title":{"rendered":"SPPA"},"content":{"rendered":"<div class=\"wp-block-endeavour-wp-blocks-banner-w-content-card wp-block-endeavour-wp-blocks-banner-w-content-card\">\n    <div class=\"banner-w-content-card__outer-wrapper\">\n        <div class=\"banner-w-content-card__image-wrapper\">\n                            <img decoding=\"async\" class=\"banner-w-content-card__image\" src=\"https:\/\/beursvanberlage.com\/app\/uploads\/2024\/11\/20241009_08_35_Beurs-van-Berlage-DPW-Michiel-LR.jpg\" alt=\"Banner Image\" \/>\n                    <\/div>\n\n        <div class=\"banner-w-content-card__content-wrapper\">\n            <div class=\"content-wrapper\">\n                <div class=\"banner-w-content-card__text-wrapper\">\n                    \n                                            <h1 class=\"banner-w-content-card__title\">\n                            SPPA                        <\/h1>\n                    \n                                            <p class=\"banner-w-content-card__description\">\n                            Erfahren Sie, wie die Stichting Palazzo Pubblico Amsterdam (SPPA) zur Zug\u00e4nglichkeit und Lebendigkeit der Beurs van Berlage beitr\u00e4gt. Entdecken Sie unsere Mission und Erfolge.                        <\/p>\n                                    <\/div>\n            <\/div>\n        <\/div>\n    <\/div>\n<\/div>\n\n\n\n<div class=\"wp-block-endeavour-wp-blocks-custom-spacer custom-spacer    \"><div style=\"height:1rem\" class=\"custom-spacer__mobile\"><\/div><div style=\"height:3rem\" class=\"custom-spacer__desktop\"><\/div><\/div>\n\n\n\n<div class=\"wp-block-endeavour-wp-blocks-site-side-bar side-bar-block alignfull    \" style=\"position:sticky\"><div class=\"side-bar-block__swiper swiper\"><ul class=\"side-bar-block__anchor-list side-bar-block__anchor-list--slider  swiper-wrapper\"><li class=\"side-bar-block__anchor-item swiper-slide\"><a href=\"#monument-met-een-missie\" class=\"side-bar-block__anchor-link\">Unsere Mission<\/a><\/li><li class=\"side-bar-block__anchor-item swiper-slide\"><a href=\"#onze-successen\" class=\"side-bar-block__anchor-link\">Unsere Erfolge<\/a><\/li><li class=\"side-bar-block__anchor-item swiper-slide\"><a href=\"#Gegevens-Stichting\" class=\"side-bar-block__anchor-link\">Stiftungsdaten<\/a><\/li><li class=\"side-bar-block__anchor-item swiper-slide\"><a href=\"#sponsor\" class=\"side-bar-block__anchor-link\">Werden Sie Sponsor<\/a><\/li><\/ul><\/div><ul class=\"side-bar-block__anchor-list side-bar-block__anchor-list--desktop\"><li class=\"side-bar-block__anchor-item\"><a href=\"#monument-met-een-missie\" class=\"side-bar-block__anchor-link side-bar-block__anchor-link--desktop\">Unsere Mission<\/a><\/li><li class=\"side-bar-block__anchor-item\"><a href=\"#onze-successen\" class=\"side-bar-block__anchor-link side-bar-block__anchor-link--desktop\">Unsere Erfolge<\/a><\/li><li class=\"side-bar-block__anchor-item\"><a href=\"#Gegevens-Stichting\" class=\"side-bar-block__anchor-link side-bar-block__anchor-link--desktop\">Stiftungsdaten<\/a><\/li><li class=\"side-bar-block__anchor-item\"><a href=\"#sponsor\" class=\"side-bar-block__anchor-link side-bar-block__anchor-link--desktop\">Werden Sie Sponsor<\/a><\/li><\/ul><\/div>\n\n\n\n<div class=\"wp-block-endeavour-wp-blocks-custom-spacer custom-spacer    \"><div style=\"height:1rem\" class=\"custom-spacer__mobile\"><\/div><div style=\"height:3rem\" class=\"custom-spacer__desktop\"><\/div><\/div>\n\n\n\n<section class=\"wp-block-endeavour-wp-blocks-content-container content-container    \" id=\"monument-met-een-missie\"><div class=\"wp-block-endeavour-wp-blocks-content-container content-container__inner content-container__inner--medium    \" id=\"monument-met-een-missie\">\n<div class=\"wp-block-endeavour-wp-blocks-image-w-text-cta    \"><div class=\"image-w-text-cta__outer-wrapper\"><div class=\"content-wrapper\"><div class=\"image-w-text-cta__inner-wrapper\"><div class=\"image-w-text-cta__content-wrapper\"><h4 class=\"image-w-text-cta__title\">Ein Denkmal mit einer Mission<\/h4><div class=\"image-w-text-cta__text\">Die Stiftung Palazzo Pubblico Amsterdam (SPPA) setzt sich daf\u00fcr ein, das ikonische nationale Denkmal Beurs van Berlage f\u00fcr ein breites Publikum zug\u00e4nglich zu halten. Durch die Einwerbung von F\u00f6rdermitteln, Sponsorings und Spenden unterst\u00fctzen wir kulturelle, gesellschaftliche und bildungsbezogene Aktivit\u00e4ten und leisten einen Beitrag zum Erhalt dieses historischen Geb\u00e4udes. Unser Ziel ist es, einen Ort zu schaffen, an dem Kunst, Wirtschaft und Gesellschaft zusammenkommen \u2013 im Einklang mit der urspr\u00fcnglichen Vision des Architekten Hendrik Petrus Berlage.<\/div><div class=\"wp-block-endeavour-wp-blocks-image-w-text-cta    \"><\/div><\/div><div class=\"image-w-text-cta__image-wrapper\"><img decoding=\"async\" class=\"image-w-text-cta__image\" src=\"https:\/\/beursvanberlage.com\/app\/uploads\/2024\/10\/berlage_91.jpg\" alt=\"Uploaded Media\" loading=\"lazy\"\/><\/div><\/div><\/div><\/div><\/div>\n<\/div><\/section>\n\n\n\n<div class=\"wp-block-endeavour-wp-blocks-custom-spacer custom-spacer    \"><div style=\"height:1rem\" class=\"custom-spacer__mobile\"><\/div><div style=\"height:3rem\" class=\"custom-spacer__desktop\"><\/div><\/div>\n\n\n\n<div class=\"wp-block-endeavour-wp-blocks-banner-three-media    \"><div class=\"banner-w-medias__wrapper\"><div class=\"banner-w-medias__top-wrapper\"><div class=\"banner-w-medias__media-wrapper banner-w-medias__media-wrapper--first-media\"><img decoding=\"async\" class=\"banner-w-medias__first-media\" src=\"https:\/\/beursvanberlage.com\/app\/uploads\/2024\/11\/WIG0003-scaled.jpg\" alt=\"Uploaded Media 1\"\/><\/div><\/div><div class=\"banner-w-medias__bottom-wrapper\"><div class=\"banner-w-medias__media-wrapper banner-w-medias__media-wrapper--second-media\"><img decoding=\"async\" class=\"banner-w-medias__second-media\" src=\"https:\/\/beursvanberlage.com\/app\/uploads\/2024\/11\/20191031_Opening_Intimate_Audrey_078-0104.jpg\" alt=\"Uploaded Media 2\"\/><\/div><div class=\"banner-w-medias__media-wrapper banner-w-medias__media-wrapper--third-media\"><img decoding=\"async\" class=\"banner-w-medias__third-media\" src=\"https:\/\/beursvanberlage.com\/app\/uploads\/2024\/11\/201809015-feest-van-de-verbinding-het-fotomannetje-6-scaled.jpg\" alt=\"Uploaded Media 3\"\/><\/div><\/div><\/div><\/div>\n\n\n\n<div class=\"wp-block-endeavour-wp-blocks-custom-spacer custom-spacer    \"><div style=\"height:1rem\" class=\"custom-spacer__mobile\"><\/div><div style=\"height:3rem\" class=\"custom-spacer__desktop\"><\/div><\/div>\n\n\n\n<section class=\"wp-block-endeavour-wp-blocks-content-container content-container    \" id=\"onze-successen\"><div class=\"wp-block-endeavour-wp-blocks-content-container content-container__inner content-container__inner--medium    \" id=\"onze-successen\">\n<div class=\"wp-block-endeavour-wp-blocks-image-w-text-cta    \"><div class=\"image-w-text-cta__outer-wrapper\"><div class=\"content-wrapper\"><div class=\"image-w-text-cta__inner-wrapper\"><div class=\"image-w-text-cta__content-wrapper\"><h4 class=\"image-w-text-cta__title\">Erfolge, auf die wir stolz sind<\/h4><div class=\"image-w-text-cta__text\">Seit ihrer Gr\u00fcndung im Jahr 2021 hat die Stiftung ein vielf\u00e4ltiges Programm erm\u00f6glicht, darunter Konzerte, Ausstellungen und Community-Initiativen. Im Jahr 2025 lag der Schwerpunkt auf dem Jubil\u00e4umsjahr <em>Amsterdam 750<\/em>, mit besonderen Programmen wie dem <em>\u201eFest der Verbundenheit\u201c<\/em> f\u00fcr einsame Amsterdamerinnen und Amsterdamer sowie Konzerten, die die reiche Geschichte der Beurs van Berlage beleuchten. Dar\u00fcber hinaus unterst\u00fctzten wir Veranstaltungen wie den SAIL Summit \u2013 ein Treffen, das ganz im Zeichen von Zusammenarbeit, Nachhaltigkeit und Erneuerung steht.<br><br>Mit diesen Aktivit\u00e4ten verfolgen wir das Ziel, nicht nur das Geb\u00e4ude ins Rampenlicht zu r\u00fccken, sondern auch einen nachhaltigen Beitrag f\u00fcr die Stadt und ihre Bewohnerinnen und Bewohner zu leisten.<\/div><div class=\"wp-block-endeavour-wp-blocks-image-w-text-cta    \"><\/div><\/div><div class=\"image-w-text-cta__image-wrapper\"><img decoding=\"async\" class=\"image-w-text-cta__image\" src=\"https:\/\/beursvanberlage.com\/app\/uploads\/2025\/01\/250113204331_Resto_van_Harte_event_JitskeSeckel-2.jpg\" alt=\"Uploaded Media\" loading=\"lazy\"\/><\/div><\/div><\/div><\/div><\/div>\n<\/div><\/section>\n\n\n\n<div class=\"wp-block-endeavour-wp-blocks-custom-spacer custom-spacer    \"><div style=\"height:1rem\" class=\"custom-spacer__mobile\"><\/div><div style=\"height:3rem\" class=\"custom-spacer__desktop\"><\/div><\/div>\n\n\n\n<section class=\"wp-block-endeavour-wp-blocks-full-width-banner full-width-banner    \"><img decoding=\"async\" src=\"https:\/\/beursvanberlage.com\/app\/uploads\/2025\/11\/20250822_BvB_SAIL_Summit_009_9381.jpg\" alt=\"\" class=\"full-width-banner__image\"\/><\/section>\n\n\n\n<div class=\"wp-block-endeavour-wp-blocks-custom-spacer custom-spacer    \"><div style=\"height:1rem\" class=\"custom-spacer__mobile\"><\/div><div style=\"height:3rem\" class=\"custom-spacer__desktop\"><\/div><\/div>\n\n\n\n<section class=\"wp-block-endeavour-wp-blocks-content-container content-container    \" id=\"Gegevens-Stichting\"><div class=\"wp-block-endeavour-wp-blocks-content-container content-container__inner content-container__inner--full    \" id=\"Gegevens-Stichting\">\n<div class=\"wp-block-endeavour-wp-blocks-split-content    \"><div class=\"split-content__wrapper\"><div class=\"content-wrapper\"><div class=\"split-content__inner-wrapper\">\n<div class=\"wp-block-endeavour-wp-blocks-text-w-cta    \"><div class=\"text-w-cta__outer-wrapper\"><div class=\"text-w-cta__inner-wrapper\"><h4 class=\"text-w-cta__title\">Allgemeine Informationen<\/h4><p class=\"text-w-cta__text\">Handelsregisternummer: 81867093<br>RSIN: 862250146<br>Gesetzlicher Name: Stichting Palazzo Pubblico Amsterdam<br>Alternativer Name: SPPA<br>Datum der Gr\u00fcndung: 11-02-2021<br>Besuchsadresse: Damrak 243, 1012 ZJ&nbsp; Amsterdam<br>Telefonnummer: 020- 530 4141<br>Bankkonto: ABNAMRO<br>IBAN : NL 62 ABNA 0108 1597 79<br>E-mail:&nbsp;<a href=\"mailto:stichting@beursvanberlage.com\">stichting@beursvanberlage.com<\/a><br>Webseite: <a href=\"http:\/\/spp.amsterdam\" target=\"_blank\" rel=\"noreferrer noopener\">http:\/\/spp.amsterdam<\/a><\/p><a class=\"text-w-cta__cta-wrapper\" href=\"https:\/\/beursvanberlage.com\/app\/uploads\/2026\/01\/Jaarverslag-2025-SPPA.pdf\">Jahresbericht 2025 (Niederl\u00e4ndisch)<\/a><\/div><\/div><\/div>\n\n\n\n<div class=\"wp-block-endeavour-wp-blocks-text-w-cta    \"><div class=\"text-w-cta__outer-wrapper\"><div class=\"text-w-cta__inner-wrapper\"><h4 class=\"text-w-cta__title\">Vorstand<\/h4><p class=\"text-w-cta__text\">Vorsitzender: Marcel C.B. Schonenberg<br>Sekret\u00e4r: Willemijn de Vet<br><br>Der Vorstand erh\u00e4lt keine Verg\u00fctung, kein Gehalt oder Urlaubsgeld f\u00fcr seine T\u00e4tigkeiten. Alle Arbeiten werden ehrenamtlich durchgef\u00fchrt.<\/p><a class=\"text-w-cta__cta-wrapper\" href=\"https:\/\/beursvanberlage.com\/app\/uploads\/2025\/02\/Anbi-beleidsplan-SPPA-2025.pdf\">ANBI Plan 2025 (Niederl\u00e4ndisch) <\/a><\/div><\/div><\/div>\n<\/div><\/div><\/div><\/div>\n<\/div><\/section>\n\n\n\n<section class=\"wp-block-endeavour-wp-blocks-content-container content-container    \"><div class=\"wp-block-endeavour-wp-blocks-content-container content-container__inner content-container__inner--medium    \">\n<h4 class=\"wp-block-heading    \" id=\"sponsor\">Werden Sie Sponsor<\/h4>\n\n\n\n<p class=\"undefined    \">Um unsere Arbeit fortzusetzen und unsere Wirkung weiter zu steigern, suchen wir Sponsoren, die unsere Mission unterst\u00fctzen. Mit Ihrer Hilfe k\u00f6nnen wir bedeutende Initiativen verwirklichen \u2013 vom Fest der Verbundenheit f\u00fcr einsame Stadtbewohner \u00fcber Bildungsprogramme f\u00fcr Jugendliche bis hin zu kulturellen Veranstaltungen und Tagen der offenen T\u00fcr f\u00fcr Anwohner. Wir laden Sie herzlich ein, Teil dieser Bewegung zu werden.<\/p>\n\n\n\n<div class=\"wp-block-endeavour-wp-blocks-faq-list    \">\n<div class=\"wp-block-endeavour-wp-blocks-faq-item block-faq-item    \"><script type=\"application\/ld+json\">{\"@context\":\"https:\/\/schema.org\",\"@type\":\"Question\",\"name\":\"Bronze-Paket (1.000 \u20ac)\",\"acceptedAnswer\":{\"@type\":\"Answer\",\"text\":\"&lt;p class=\\\"undefined    \\\">Unterst\u00fctzung f\u00fcr eine Veranstaltung oder Aktivit\u00e4t.&lt;\/p>\\n\\n\\n\\n&lt;p class=\\\"undefined    \\\">&lt;strong>Was erhalten Sie daf\u00fcr?&lt;\/strong>&lt;\/p>\\n\\n\\n\\n&lt;ul class=\\\"wp-block-list    \\\">\\n&lt;li class=\\\"undefined    \\\">Nennung Ihres Firmennamens auf unserer Website in der Sponsorenliste.&lt;\/li>\\n\\n\\n\\n&lt;li class=\\\"undefined    \\\">Zwei Eintrittskarten f\u00fcr eine Veranstaltung Ihrer Wahl.&lt;\/li>\\n\\n\\n\\n&lt;li class=\\\"undefined    \\\">Ein Dankesschreiben mit einer \u00dcbersicht \u00fcber Ihre Wirkung.&lt;\/li>\\n&lt;\/ul>\\n\\n\\n\\n&lt;div class=\\\"wp-block-endeavour-wp-blocks-buttons-wrapper    \\\">&lt;div class=\\\"wp-block-endeavour-wp-blocks-buttons-wrapper     buttons-wrapper__wrapper\\\">\\n&lt;div class=\\\"wp-block-endeavour-wp-blocks-main-button     main-button\\\">&lt;a class=\\\"main-button__wrapper main-button__wrapper--is-primary\\\" href=\\\"mailto:stichting@beursvanberlage.com\\\" target=\\\"_blank\\\" rel=\\\"noopener\\\">Ich werde Bronze-Sponsor&lt;\/a>&lt;\/div>\\n&lt;\/div>&lt;\/div>\"}}<\/script><div style=\"display:none\" class=\"faq-answer-for-parsing\">\n<p class=\"undefined    \">Unterst\u00fctzung f\u00fcr eine Veranstaltung oder Aktivit\u00e4t.<\/p>\n\n\n\n<p class=\"undefined    \"><strong>Was erhalten Sie daf\u00fcr?<\/strong><\/p>\n\n\n\n<ul class=\"wp-block-list    \">\n<li class=\"undefined    \">Nennung Ihres Firmennamens auf unserer Website in der Sponsorenliste.<\/li>\n\n\n\n<li class=\"undefined    \">Zwei Eintrittskarten f\u00fcr eine Veranstaltung Ihrer Wahl.<\/li>\n\n\n\n<li class=\"undefined    \">Ein Dankesschreiben mit einer \u00dcbersicht \u00fcber Ihre Wirkung.<\/li>\n<\/ul>\n\n\n\n<div class=\"wp-block-endeavour-wp-blocks-buttons-wrapper    \"><div class=\"wp-block-endeavour-wp-blocks-buttons-wrapper     buttons-wrapper__wrapper\">\n<div class=\"wp-block-endeavour-wp-blocks-main-button     main-button\"><a class=\"main-button__wrapper main-button__wrapper--is-primary\" href=\"mailto:stichting@beursvanberlage.com\" target=\"_blank\" rel=\"noopener\">Ich werde Bronze-Sponsor<\/a><\/div>\n<\/div><\/div>\n<\/div><details class=\"block-faq-item__details\"><summary class=\"block-faq-item__title\"><span>Bronze-Paket (1.000 \u20ac)<\/span><\/summary><div class=\"block-faq-item__content\"><p class=\"undefined    \">Unterst\u00fctzung f\u00fcr eine Veranstaltung oder Aktivit\u00e4t.<\/p>\n\n\n\n<p class=\"undefined    \"><strong>Was erhalten Sie daf\u00fcr?<\/strong><\/p>\n\n\n\n<ul class=\"wp-block-list    \">\n<li class=\"undefined    \">Nennung Ihres Firmennamens auf unserer Website in der Sponsorenliste.<\/li>\n\n\n\n<li class=\"undefined    \">Zwei Eintrittskarten f\u00fcr eine Veranstaltung Ihrer Wahl.<\/li>\n\n\n\n<li class=\"undefined    \">Ein Dankesschreiben mit einer \u00dcbersicht \u00fcber Ihre Wirkung.<\/li>\n<\/ul>\n\n\n\n<div class=\"wp-block-endeavour-wp-blocks-buttons-wrapper    \"><div class=\"wp-block-endeavour-wp-blocks-buttons-wrapper     buttons-wrapper__wrapper\">\n<div class=\"wp-block-endeavour-wp-blocks-main-button     main-button\"><a class=\"main-button__wrapper main-button__wrapper--is-primary\" href=\"mailto:stichting@beursvanberlage.com\" target=\"_blank\" rel=\"noopener\">Ich werde Bronze-Sponsor<\/a><\/div>\n<\/div><\/div><\/div><\/details><\/div>\n<\/div>\n\n\n\n<div class=\"wp-block-endeavour-wp-blocks-faq-list    \">\n<div class=\"wp-block-endeavour-wp-blocks-faq-item block-faq-item    \"><script type=\"application\/ld+json\">{\"@context\":\"https:\/\/schema.org\",\"@type\":\"Question\",\"name\":\"Silber-Paket (2.000 \u20ac)\",\"acceptedAnswer\":{\"@type\":\"Answer\",\"text\":\"&lt;p class=\\\"undefined    \\\">Engagement bei mehreren Aktivit\u00e4ten oder einem gr\u00f6\u00dferen Projekt.&lt;\/p>\\n\\n\\n\\n&lt;p class=\\\"undefined    \\\">&lt;strong>Was erhalten Sie daf\u00fcr?&lt;\/strong>&lt;\/p>\\n\\n\\n\\n&lt;ul class=\\\"wp-block-list    \\\">\\n&lt;li class=\\\"undefined    \\\">Ihr Firmenname und Logo prominent auf unserer Website und in Programmheften unserer Veranstaltungen.&lt;\/li>\\n\\n\\n\\n&lt;li class=\\\"undefined    \\\">Einladung zu einem exklusiven Empfang im Bistro Berlage vor einer Veranstaltung Ihrer Wahl.&lt;\/li>\\n\\n\\n\\n&lt;li class=\\\"undefined    \\\">Vier Eintrittskarten f\u00fcr eine Veranstaltung Ihrer Wahl.&lt;\/li>\\n\\n\\n\\n&lt;li class=\\\"undefined    \\\">Nennung in unseren Jahresberichten und Social-Media-Beitr\u00e4gen.&lt;\/li>\\n&lt;\/ul>\\n\\n\\n\\n&lt;div class=\\\"wp-block-endeavour-wp-blocks-buttons-wrapper    \\\">&lt;div class=\\\"wp-block-endeavour-wp-blocks-buttons-wrapper     buttons-wrapper__wrapper\\\">\\n&lt;div class=\\\"wp-block-endeavour-wp-blocks-main-button     main-button\\\">&lt;a class=\\\"main-button__wrapper main-button__wrapper--is-primary\\\" href=\\\"mailto:stichting@beursvanberlage.com\\\" target=\\\"_blank\\\" rel=\\\"noopener\\\">Ich werde Silber-Sponsor&lt;\/a>&lt;\/div>\\n&lt;\/div>&lt;\/div>\"}}<\/script><div style=\"display:none\" class=\"faq-answer-for-parsing\">\n<p class=\"undefined    \">Engagement bei mehreren Aktivit\u00e4ten oder einem gr\u00f6\u00dferen Projekt.<\/p>\n\n\n\n<p class=\"undefined    \"><strong>Was erhalten Sie daf\u00fcr?<\/strong><\/p>\n\n\n\n<ul class=\"wp-block-list    \">\n<li class=\"undefined    \">Ihr Firmenname und Logo prominent auf unserer Website und in Programmheften unserer Veranstaltungen.<\/li>\n\n\n\n<li class=\"undefined    \">Einladung zu einem exklusiven Empfang im Bistro Berlage vor einer Veranstaltung Ihrer Wahl.<\/li>\n\n\n\n<li class=\"undefined    \">Vier Eintrittskarten f\u00fcr eine Veranstaltung Ihrer Wahl.<\/li>\n\n\n\n<li class=\"undefined    \">Nennung in unseren Jahresberichten und Social-Media-Beitr\u00e4gen.<\/li>\n<\/ul>\n\n\n\n<div class=\"wp-block-endeavour-wp-blocks-buttons-wrapper    \"><div class=\"wp-block-endeavour-wp-blocks-buttons-wrapper     buttons-wrapper__wrapper\">\n<div class=\"wp-block-endeavour-wp-blocks-main-button     main-button\"><a class=\"main-button__wrapper main-button__wrapper--is-primary\" href=\"mailto:stichting@beursvanberlage.com\" target=\"_blank\" rel=\"noopener\">Ich werde Silber-Sponsor<\/a><\/div>\n<\/div><\/div>\n<\/div><details class=\"block-faq-item__details\"><summary class=\"block-faq-item__title\"><span>Silber-Paket (2.000 \u20ac)<\/span><\/summary><div class=\"block-faq-item__content\"><p class=\"undefined    \">Engagement bei mehreren Aktivit\u00e4ten oder einem gr\u00f6\u00dferen Projekt.<\/p>\n\n\n\n<p class=\"undefined    \"><strong>Was erhalten Sie daf\u00fcr?<\/strong><\/p>\n\n\n\n<ul class=\"wp-block-list    \">\n<li class=\"undefined    \">Ihr Firmenname und Logo prominent auf unserer Website und in Programmheften unserer Veranstaltungen.<\/li>\n\n\n\n<li class=\"undefined    \">Einladung zu einem exklusiven Empfang im Bistro Berlage vor einer Veranstaltung Ihrer Wahl.<\/li>\n\n\n\n<li class=\"undefined    \">Vier Eintrittskarten f\u00fcr eine Veranstaltung Ihrer Wahl.<\/li>\n\n\n\n<li class=\"undefined    \">Nennung in unseren Jahresberichten und Social-Media-Beitr\u00e4gen.<\/li>\n<\/ul>\n\n\n\n<div class=\"wp-block-endeavour-wp-blocks-buttons-wrapper    \"><div class=\"wp-block-endeavour-wp-blocks-buttons-wrapper     buttons-wrapper__wrapper\">\n<div class=\"wp-block-endeavour-wp-blocks-main-button     main-button\"><a class=\"main-button__wrapper main-button__wrapper--is-primary\" href=\"mailto:stichting@beursvanberlage.com\" target=\"_blank\" rel=\"noopener\">Ich werde Silber-Sponsor<\/a><\/div>\n<\/div><\/div><\/div><\/details><\/div>\n<\/div>\n\n\n\n<div class=\"wp-block-endeavour-wp-blocks-faq-list    \">\n<div class=\"wp-block-endeavour-wp-blocks-faq-item block-faq-item    \"><script type=\"application\/ld+json\">{\"@context\":\"https:\/\/schema.org\",\"@type\":\"Question\",\"name\":\"Gold-Paket (5.000 \u20ac)\",\"acceptedAnswer\":{\"@type\":\"Answer\",\"text\":\"&lt;p class=\\\"undefined    \\\">Hauptsponsor einer bedeutenden Aktivit\u00e4t oder Veranstaltungsreihe.&lt;\/p>\\n\\n\\n\\n&lt;p class=\\\"undefined    \\\">&lt;strong>Was erhalten Sie daf\u00fcr?&lt;\/strong>&lt;\/p>\\n\\n\\n\\n&lt;ul class=\\\"wp-block-list    \\\">\\n&lt;li class=\\\"undefined    \\\">Ihr Firmenname, Logo und eine kurze Firmenbeschreibung auf unserer Website und in allen Kommunikationsmitteln rund um die gesponserten Aktivit\u00e4ten.&lt;\/li>\\n\\n\\n\\n&lt;li class=\\\"undefined    \\\">Acht Eintrittskarten f\u00fcr Veranstaltungen Ihrer Wahl.&lt;\/li>\\n\\n\\n\\n&lt;li class=\\\"undefined    \\\">Pers\u00f6nliche F\u00fchrung durch die Beurs van Berlage f\u00fcr bis zu zehn Personen.&lt;\/li>\\n\\n\\n\\n&lt;li class=\\\"undefined    \\\">Dankesdinner im Bistro mit anderen Sponsoren und Partnern.&lt;\/li>\\n\\n\\n\\n&lt;li class=\\\"undefined    \\\">Ihr Logo vor Ort w\u00e4hrend der gesponserten Aktivit\u00e4ten.&lt;\/li>\\n\\n\\n\\n&lt;li class=\\\"undefined    \\\">Erw\u00e4hnung in Pressemitteilungen und ein pers\u00f6nlicher Dankesbeitrag auf unseren Social-Media-Kan\u00e4len.&lt;\/li>\\n\\n\\n\\n&lt;li class=\\\"undefined    \\\">Nennung in unseren Jahresberichten und Social-Media-Beitr\u00e4gen.&lt;\/li>\\n&lt;\/ul>\\n\\n\\n\\n&lt;div class=\\\"wp-block-endeavour-wp-blocks-buttons-wrapper    \\\">&lt;div class=\\\"wp-block-endeavour-wp-blocks-buttons-wrapper     buttons-wrapper__wrapper\\\">\\n&lt;div class=\\\"wp-block-endeavour-wp-blocks-main-button     main-button\\\">&lt;a class=\\\"main-button__wrapper main-button__wrapper--is-primary\\\" href=\\\"mailto:stichting@beursvanberlage.com\\\" target=\\\"_blank\\\" rel=\\\"noopener\\\">Ich werde Gold-Sponsor&lt;\/a>&lt;\/div>\\n&lt;\/div>&lt;\/div>\"}}<\/script><div style=\"display:none\" class=\"faq-answer-for-parsing\">\n<p class=\"undefined    \">Hauptsponsor einer bedeutenden Aktivit\u00e4t oder Veranstaltungsreihe.<\/p>\n\n\n\n<p class=\"undefined    \"><strong>Was erhalten Sie daf\u00fcr?<\/strong><\/p>\n\n\n\n<ul class=\"wp-block-list    \">\n<li class=\"undefined    \">Ihr Firmenname, Logo und eine kurze Firmenbeschreibung auf unserer Website und in allen Kommunikationsmitteln rund um die gesponserten Aktivit\u00e4ten.<\/li>\n\n\n\n<li class=\"undefined    \">Acht Eintrittskarten f\u00fcr Veranstaltungen Ihrer Wahl.<\/li>\n\n\n\n<li class=\"undefined    \">Pers\u00f6nliche F\u00fchrung durch die Beurs van Berlage f\u00fcr bis zu zehn Personen.<\/li>\n\n\n\n<li class=\"undefined    \">Dankesdinner im Bistro mit anderen Sponsoren und Partnern.<\/li>\n\n\n\n<li class=\"undefined    \">Ihr Logo vor Ort w\u00e4hrend der gesponserten Aktivit\u00e4ten.<\/li>\n\n\n\n<li class=\"undefined    \">Erw\u00e4hnung in Pressemitteilungen und ein pers\u00f6nlicher Dankesbeitrag auf unseren Social-Media-Kan\u00e4len.<\/li>\n\n\n\n<li class=\"undefined    \">Nennung in unseren Jahresberichten und Social-Media-Beitr\u00e4gen.<\/li>\n<\/ul>\n\n\n\n<div class=\"wp-block-endeavour-wp-blocks-buttons-wrapper    \"><div class=\"wp-block-endeavour-wp-blocks-buttons-wrapper     buttons-wrapper__wrapper\">\n<div class=\"wp-block-endeavour-wp-blocks-main-button     main-button\"><a class=\"main-button__wrapper main-button__wrapper--is-primary\" href=\"mailto:stichting@beursvanberlage.com\" target=\"_blank\" rel=\"noopener\">Ich werde Gold-Sponsor<\/a><\/div>\n<\/div><\/div>\n<\/div><details class=\"block-faq-item__details\"><summary class=\"block-faq-item__title\"><span>Gold-Paket (5.000 \u20ac)<\/span><\/summary><div class=\"block-faq-item__content\"><p class=\"undefined    \">Hauptsponsor einer bedeutenden Aktivit\u00e4t oder Veranstaltungsreihe.<\/p>\n\n\n\n<p class=\"undefined    \"><strong>Was erhalten Sie daf\u00fcr?<\/strong><\/p>\n\n\n\n<ul class=\"wp-block-list    \">\n<li class=\"undefined    \">Ihr Firmenname, Logo und eine kurze Firmenbeschreibung auf unserer Website und in allen Kommunikationsmitteln rund um die gesponserten Aktivit\u00e4ten.<\/li>\n\n\n\n<li class=\"undefined    \">Acht Eintrittskarten f\u00fcr Veranstaltungen Ihrer Wahl.<\/li>\n\n\n\n<li class=\"undefined    \">Pers\u00f6nliche F\u00fchrung durch die Beurs van Berlage f\u00fcr bis zu zehn Personen.<\/li>\n\n\n\n<li class=\"undefined    \">Dankesdinner im Bistro mit anderen Sponsoren und Partnern.<\/li>\n\n\n\n<li class=\"undefined    \">Ihr Logo vor Ort w\u00e4hrend der gesponserten Aktivit\u00e4ten.<\/li>\n\n\n\n<li class=\"undefined    \">Erw\u00e4hnung in Pressemitteilungen und ein pers\u00f6nlicher Dankesbeitrag auf unseren Social-Media-Kan\u00e4len.<\/li>\n\n\n\n<li class=\"undefined    \">Nennung in unseren Jahresberichten und Social-Media-Beitr\u00e4gen.<\/li>\n<\/ul>\n\n\n\n<div class=\"wp-block-endeavour-wp-blocks-buttons-wrapper    \"><div class=\"wp-block-endeavour-wp-blocks-buttons-wrapper     buttons-wrapper__wrapper\">\n<div class=\"wp-block-endeavour-wp-blocks-main-button     main-button\"><a class=\"main-button__wrapper main-button__wrapper--is-primary\" href=\"mailto:stichting@beursvanberlage.com\" target=\"_blank\" rel=\"noopener\">Ich werde Gold-Sponsor<\/a><\/div>\n<\/div><\/div><\/div><\/details><\/div>\n<\/div>\n\n\n\n<div class=\"wp-block-endeavour-wp-blocks-custom-spacer custom-spacer    \"><div style=\"height:1rem\" class=\"custom-spacer__mobile\"><\/div><div style=\"height:1rem\" class=\"custom-spacer__desktop\"><\/div><\/div>\n\n\n\n<p class=\"undefined    \">Wir freuen uns darauf, Sie als Sponsor begr\u00fc\u00dfen zu d\u00fcrfen und gemeinsam mit Ihnen zu einer resilienten und verbundenen Stadt beizutragen. F\u00fcr weitere Informationen kontaktieren Sie uns gerne unter <a>stichting@beursvanberlage.com<\/a> oder telefonisch unter +31 (0)20 530 41 41.<\/p>\n<\/div><\/section>\n","protected":false},"excerpt":{"rendered":"","protected":false},"author":2,"featured_media":6730,"parent":0,"menu_order":0,"comment_status":"closed","ping_status":"closed","template":"","meta":{"content-type":"","footnotes":""},"class_list":["post-7944","page","type-page","status-publish","has-post-thumbnail","hentry"],"_links":{"self":[{"href":"https:\/\/beursvanberlage.com\/de\/wp-json\/wp\/v2\/pages\/7944","targetHints":{"allow":["GET"]}}],"collection":[{"href":"https:\/\/beursvanberlage.com\/de\/wp-json\/wp\/v2\/pages"}],"about":[{"href":"https:\/\/beursvanberlage.com\/de\/wp-json\/wp\/v2\/types\/page"}],"author":[{"embeddable":true,"href":"https:\/\/beursvanberlage.com\/de\/wp-json\/wp\/v2\/users\/2"}],"replies":[{"embeddable":true,"href":"https:\/\/beursvanberlage.com\/de\/wp-json\/wp\/v2\/comments?post=7944"}],"version-history":[{"count":8,"href":"https:\/\/beursvanberlage.com\/de\/wp-json\/wp\/v2\/pages\/7944\/revisions"}],"predecessor-version":[{"id":18151,"href":"https:\/\/beursvanberlage.com\/de\/wp-json\/wp\/v2\/pages\/7944\/revisions\/18151"}],"wp:featuredmedia":[{"embeddable":true,"href":"https:\/\/beursvanberlage.com\/de\/wp-json\/wp\/v2\/media\/6730"}],"wp:attachment":[{"href":"https:\/\/beursvanberlage.com\/de\/wp-json\/wp\/v2\/media?parent=7944"}],"curies":[{"name":"wp","href":"https:\/\/api.w.org\/{rel}","templated":true}]}}