{"id":6741,"date":"2024-06-18T09:44:59","date_gmt":"2024-06-18T09:44:59","guid":{"rendered":"https:\/\/beursvanberlage.com\/?page_id=6741"},"modified":"2025-04-11T11:04:49","modified_gmt":"2025-04-11T11:04:49","slug":"nachrichten-blogs-und-downloads","status":"publish","type":"page","link":"https:\/\/beursvanberlage.com\/de\/nachrichten-blogs-und-downloads\/","title":{"rendered":"Nachrichten, Blogs und Downloads"},"content":{"rendered":"<div class=\"wp-block-endeavour-wp-blocks-banner-w-content-card wp-block-endeavour-wp-blocks-banner-w-content-card\">\n    <div class=\"banner-w-content-card__outer-wrapper\">\n        <div class=\"banner-w-content-card__image-wrapper\">\n                            <img decoding=\"async\" class=\"banner-w-content-card__image\" src=\"https:\/\/beursvanberlage.com\/app\/uploads\/2024\/09\/20231011_DPW23_Day1_EwaldGeerdink_44-2.jpg\" alt=\"Banner Image\" \/>\n                    <\/div>\n\n        <div class=\"banner-w-content-card__content-wrapper\">\n            <div class=\"content-wrapper\">\n                <div class=\"banner-w-content-card__text-wrapper\">\n                    \n                                            <h1 class=\"banner-w-content-card__title\">\n                            Nachrichten, Blogs und Downloads                        <\/h1>\n                    \n                                            <p class=\"banner-w-content-card__description\">\n                            Hier finden Sie alle unsere Nachrichten, Blogs, Interviews und n\u00fctzliche Downloads an einem Ort. Bleiben Sie \u00fcber die neuesten Entwicklungen informiert, lesen Sie inspirierende Geschichten und entdecken Sie wertvolle Tipps f\u00fcr Ihre Veranstaltung in der Beurs van Berlage. Entdecken Sie, was passiert, und lassen Sie sich inspirieren!                        <\/p>\n                                    <\/div>\n            <\/div>\n        <\/div>\n    <\/div>\n<\/div>\n\n\n\n<div class=\"wp-block-endeavour-wp-blocks-custom-spacer custom-spacer    \"><div style=\"height:1rem\" class=\"custom-spacer__mobile\"><\/div><div style=\"height:3rem\" class=\"custom-spacer__desktop\"><\/div><\/div>\n\n\n\n<section class=\"wp-block-endeavour-wp-blocks-content-container content-container    \"><div class=\"wp-block-endeavour-wp-blocks-content-container content-container__inner content-container__inner--medium    \"><section class=\"custom-post-type-archive wp-block-endeavour-wp-blocks-custom-posts-archives custom-post-type-archive wp-block-endeavour-wp-blocks-custom-posts-archives\" data-attributes=\"{&quot;highlightedPosts&quot;:[717],&quot;buttonText&quot;:&quot;Mehr lesen&quot;,&quot;className&quot;:&quot;wp-block-endeavour-wp-blocks-custom-posts-archives custom-post-type-archive&quot;,&quot;postType&quot;:&quot;post&quot;}\">\n<\/section>\n<\/div><\/section>\n","protected":false},"excerpt":{"rendered":"","protected":false},"author":2,"featured_media":6739,"parent":0,"menu_order":0,"comment_status":"closed","ping_status":"closed","template":"","meta":{"content-type":"","footnotes":""},"class_list":["post-6741","page","type-page","status-publish","has-post-thumbnail","hentry"],"_links":{"self":[{"href":"https:\/\/beursvanberlage.com\/de\/wp-json\/wp\/v2\/pages\/6741","targetHints":{"allow":["GET"]}}],"collection":[{"href":"https:\/\/beursvanberlage.com\/de\/wp-json\/wp\/v2\/pages"}],"about":[{"href":"https:\/\/beursvanberlage.com\/de\/wp-json\/wp\/v2\/types\/page"}],"author":[{"embeddable":true,"href":"https:\/\/beursvanberlage.com\/de\/wp-json\/wp\/v2\/users\/2"}],"replies":[{"embeddable":true,"href":"https:\/\/beursvanberlage.com\/de\/wp-json\/wp\/v2\/comments?post=6741"}],"version-history":[{"count":4,"href":"https:\/\/beursvanberlage.com\/de\/wp-json\/wp\/v2\/pages\/6741\/revisions"}],"predecessor-version":[{"id":11221,"href":"https:\/\/beursvanberlage.com\/de\/wp-json\/wp\/v2\/pages\/6741\/revisions\/11221"}],"wp:featuredmedia":[{"embeddable":true,"href":"https:\/\/beursvanberlage.com\/de\/wp-json\/wp\/v2\/media\/6739"}],"wp:attachment":[{"href":"https:\/\/beursvanberlage.com\/de\/wp-json\/wp\/v2\/media?parent=6741"}],"curies":[{"name":"wp","href":"https:\/\/api.w.org\/{rel}","templated":true}]}}