{"id":6728,"date":"2024-11-15T09:51:22","date_gmt":"2024-11-15T09:51:22","guid":{"rendered":"https:\/\/beursvanberlage.com\/?page_id=6728"},"modified":"2024-11-28T11:43:57","modified_gmt":"2024-11-28T11:43:57","slug":"verhaltenskodex","status":"publish","type":"page","link":"https:\/\/beursvanberlage.com\/de\/home\/bedingungen-und-richtlinien\/verhaltenskodex\/","title":{"rendered":"Verhaltenskodex"},"content":{"rendered":"<div class=\"wp-block-endeavour-wp-blocks-banner-w-content-card\">\n    <div class=\"banner-w-content-card__outer-wrapper\">\n        <div class=\"banner-w-content-card__image-wrapper\">\n                            <img decoding=\"async\" class=\"banner-w-content-card__image\" src=\"https:\/\/beursvanberlage.com\/app\/uploads\/2024\/11\/20241009_08_35_Beurs-van-Berlage-DPW-Michiel-LR.jpg\" alt=\"Banner Image\" \/>\n                    <\/div>\n\n        <div class=\"banner-w-content-card__content-wrapper\">\n            <div class=\"content-wrapper\">\n                <div class=\"banner-w-content-card__text-wrapper\">\n                                            <div class=\"banner-w-content-card__breadcrumbs\">\n                                                                                            <a\n                                        href=\"https:\/\/beursvanberlage.com\/de\/home\/bedingungen-und-richtlinien\/\"\n                                        class=\"banner-w-content-card__breadcrumb-link \">\n                                    Bedingungen und richtlinien                                <\/a>\n                                                                    <span class=\"banner-w-content-card__breadcrumb-separator\"> \/ <\/span>\n                                                                                                                            <a\n                                        href=\"#\"\n                                        class=\"banner-w-content-card__breadcrumb-link banner-w-content-card__breadcrumb-link--active\">\n                                    Verhaltenskodex                                <\/a>\n                                                                                    <\/div>\n                    \n                                            <h1 class=\"banner-w-content-card__title\">\n                            Verhaltenskodex                        <\/h1>\n                    \n                                    <\/div>\n            <\/div>\n        <\/div>\n    <\/div>\n<\/div>\n\n\n\n<div class=\"wp-block-endeavour-wp-blocks-custom-spacer custom-spacer    \"><div style=\"height:1rem\" class=\"custom-spacer__mobile\"><\/div><div style=\"height:3rem\" class=\"custom-spacer__desktop\"><\/div><\/div>\n\n\n\n<section class=\"wp-block-endeavour-wp-blocks-content-container content-container    \"><div class=\"wp-block-endeavour-wp-blocks-content-container content-container__inner content-container__inner--medium    \">\n<div class=\"wp-block-endeavour-wp-blocks-image-w-text-cta    \"><div class=\"image-w-text-cta__outer-wrapper\"><div class=\"content-wrapper\"><div class=\"image-w-text-cta__inner-wrapper\"><div class=\"image-w-text-cta__content-wrapper\"><h4 class=\"image-w-text-cta__title\">Beurs van Berlage Verhaltenskodex<\/h4><div class=\"image-w-text-cta__text\">Die Beurs van Berlage ist als Kongress- und Veranstaltungszentrum ein Treffpunkt f\u00fcr alle. Als solcher hei\u00dfen wir Menschen aller Nationalit\u00e4ten, ethnischen Hintergr\u00fcnde, Geschlechter, sexuellen Orientierungen, politischen \u00dcberzeugungen und mehr herzlich willkommen. Diese Offenheit gilt sowohl f\u00fcr unsere Kunden und G\u00e4ste als auch f\u00fcr unsere Mitarbeiter und Gesch\u00e4ftspartner.<br><\/div><div class=\"wp-block-endeavour-wp-blocks-image-w-text-cta    \"><\/div><\/div><div class=\"image-w-text-cta__image-wrapper\"><img decoding=\"async\" class=\"image-w-text-cta__image\" src=\"https:\/\/beursvanberlage.com\/app\/uploads\/2024\/11\/ElasticOn-EBZ2.jpg\" alt=\"Uploaded Media\"\/><\/div><\/div><\/div><\/div><\/div>\n<\/div><\/section>\n\n\n\n<div class=\"wp-block-endeavour-wp-blocks-custom-spacer custom-spacer    \"><div style=\"height:1rem\" class=\"custom-spacer__mobile\"><\/div><div style=\"height:3rem\" class=\"custom-spacer__desktop\"><\/div><\/div>\n\n\n\n<section class=\"wp-block-endeavour-wp-blocks-content-container content-container    \"><div class=\"wp-block-endeavour-wp-blocks-content-container content-container__inner content-container__inner--medium    \">\n<div class=\"wp-block-columns is-layout-flex wp-container-core-columns-is-layout-28f84493 wp-block-columns-is-layout-flex\">\n<div class=\"wp-block-column is-layout-flow wp-block-column-is-layout-flow\">\n<p class=\"undefined    \">Wir sind fest davon \u00fcberzeugt, dass alle Menschen gleichwertig sind, und dieses Prinzip pr\u00e4gt unser Handeln. Gleichwertigkeit bedeutet jedoch nicht Gleichheit\u2014im Gegenteil, wir sch\u00e4tzen Vielfalt als einen gro\u00dfen Wert.<\/p>\n\n\n\n<div style=\"height:20px\" aria-hidden=\"true\" class=\"wp-block-spacer    \"><\/div>\n\n\n\n<p class=\"undefined    \">Menschenrechte, wie sie in der Allgemeinen Erkl\u00e4rung der Menschenrechte festgelegt sind, werden stets respektiert, auch in der gesamten Lieferkette der von der Beurs bereitgestellten Waren und Dienstleistungen. In diesem Zusammenhang sind wir auf zahlreiche Dritte angewiesen. Wir verpflichten unsere Partner und Lieferanten zur Einhaltung dieser Rechte durch Klauseln in unseren Vertr\u00e4gen. Wenn wir Abweichungen feststellen, z\u00f6gern wir nicht, diese anzusprechen und bei Bedarf die Zusammenarbeit zu beenden.<\/p>\n<\/div>\n\n\n\n<div class=\"wp-block-column is-layout-flow wp-block-column-is-layout-flow\">\n<p class=\"undefined    \">Es ist unsere Politik, Menschenrechtsverletzungen in unserem Unternehmen nicht zu tolerieren\u2014sei es durch Kunden, G\u00e4ste, Lieferanten oder Partner. Selbstverst\u00e4ndlich halten wir uns an die Gesetze, sind uns jedoch bewusst, dass die vollst\u00e4ndigen Hintergr\u00fcnde der genannten Parteien nicht immer transparent sind und m\u00f6glicherweise im Widerspruch zu unserem Ziel stehen, ein Treffpunkt f\u00fcr alle zu sein.<\/p>\n\n\n\n<div style=\"height:20px\" aria-hidden=\"true\" class=\"wp-block-spacer    \"><\/div>\n\n\n\n<p class=\"undefined    \">Wir setzen eine strikte Anti-Korruptions- und Anti-Bestechungspolitik durch. Das Akzeptieren oder Zulassen von Bestechungsversuchen ist strikt verboten.<\/p>\n<\/div>\n<\/div>\n<\/div><\/section>\n","protected":false},"excerpt":{"rendered":"","protected":false},"author":2,"featured_media":6730,"parent":6683,"menu_order":0,"comment_status":"closed","ping_status":"closed","template":"","meta":{"content-type":"","footnotes":""},"class_list":["post-6728","page","type-page","status-publish","has-post-thumbnail","hentry"],"_links":{"self":[{"href":"https:\/\/beursvanberlage.com\/de\/wp-json\/wp\/v2\/pages\/6728","targetHints":{"allow":["GET"]}}],"collection":[{"href":"https:\/\/beursvanberlage.com\/de\/wp-json\/wp\/v2\/pages"}],"about":[{"href":"https:\/\/beursvanberlage.com\/de\/wp-json\/wp\/v2\/types\/page"}],"author":[{"embeddable":true,"href":"https:\/\/beursvanberlage.com\/de\/wp-json\/wp\/v2\/users\/2"}],"replies":[{"embeddable":true,"href":"https:\/\/beursvanberlage.com\/de\/wp-json\/wp\/v2\/comments?post=6728"}],"version-history":[{"count":3,"href":"https:\/\/beursvanberlage.com\/de\/wp-json\/wp\/v2\/pages\/6728\/revisions"}],"predecessor-version":[{"id":6732,"href":"https:\/\/beursvanberlage.com\/de\/wp-json\/wp\/v2\/pages\/6728\/revisions\/6732"}],"up":[{"embeddable":true,"href":"https:\/\/beursvanberlage.com\/de\/wp-json\/wp\/v2\/pages\/6683"}],"wp:featuredmedia":[{"embeddable":true,"href":"https:\/\/beursvanberlage.com\/de\/wp-json\/wp\/v2\/media\/6730"}],"wp:attachment":[{"href":"https:\/\/beursvanberlage.com\/de\/wp-json\/wp\/v2\/media?parent=6728"}],"curies":[{"name":"wp","href":"https:\/\/api.w.org\/{rel}","templated":true}]}}