{"id":6715,"date":"2024-10-31T16:37:10","date_gmt":"2024-10-31T16:37:10","guid":{"rendered":"https:\/\/beursvanberlage.com\/?page_id=6715"},"modified":"2025-04-11T11:05:37","modified_gmt":"2025-04-11T11:05:37","slug":"haftungsausschlusses","status":"publish","type":"page","link":"https:\/\/beursvanberlage.com\/de\/home\/bedingungen-und-richtlinien\/haftungsausschlusses\/","title":{"rendered":"Haftungsausschlusses"},"content":{"rendered":"<div class=\"wp-block-endeavour-wp-blocks-banner-w-content-card wp-block-endeavour-wp-blocks-banner-w-content-card\">\n    <div class=\"banner-w-content-card__outer-wrapper\">\n        <div class=\"banner-w-content-card__image-wrapper\">\n                            <img decoding=\"async\" class=\"banner-w-content-card__image\" src=\"https:\/\/beursvanberlage.com\/app\/uploads\/2024\/10\/20191017_BeursvanBerlage_001-7260-scaled.jpg\" alt=\"Banner Image\" \/>\n                    <\/div>\n\n        <div class=\"banner-w-content-card__content-wrapper\">\n            <div class=\"content-wrapper\">\n                <div class=\"banner-w-content-card__text-wrapper\">\n                                            <div class=\"banner-w-content-card__breadcrumbs\">\n                                                                                            <a\n                                        href=\"https:\/\/beursvanberlage.com\/de\/home\/bedingungen-und-richtlinien\/\"\n                                        class=\"banner-w-content-card__breadcrumb-link \">\n                                    Bedingungen und richtlinien                                <\/a>\n                                                                    <span class=\"banner-w-content-card__breadcrumb-separator\"> \/ <\/span>\n                                                                                                                            <a\n                                        href=\"#\"\n                                        class=\"banner-w-content-card__breadcrumb-link banner-w-content-card__breadcrumb-link--active\">\n                                    Haftungsausschlusses                                <\/a>\n                                                                                    <\/div>\n                    \n                                            <h1 class=\"banner-w-content-card__title\">\n                            Haftungsausschlusses                        <\/h1>\n                    \n                                    <\/div>\n            <\/div>\n        <\/div>\n    <\/div>\n<\/div>\n\n\n\n<div class=\"wp-block-endeavour-wp-blocks-custom-spacer custom-spacer    \"><div style=\"height:1rem\" class=\"custom-spacer__mobile\"><\/div><div style=\"height:3rem\" class=\"custom-spacer__desktop\"><\/div><\/div>\n\n\n\n<section class=\"wp-block-endeavour-wp-blocks-content-container content-container    \"><div class=\"wp-block-endeavour-wp-blocks-content-container content-container__inner content-container__inner--medium    \">\n<div class=\"wp-block-endeavour-wp-blocks-image-w-text-cta    \"><div class=\"image-w-text-cta__outer-wrapper\"><div class=\"content-wrapper\"><div class=\"image-w-text-cta__inner-wrapper\"><div class=\"image-w-text-cta__content-wrapper\"><h4 class=\"image-w-text-cta__title\">Beurs van Berlage haftungsausschluss<\/h4><div class=\"image-w-text-cta__text\">Die Bedingungen dieses Haftungsausschlusses (nachfolgend \u201eHaftungsausschluss\u201c genannt) gelten f\u00fcr die Website des Amsterdam Conference Centre Beurs van Berlage.<br>Wir bitten alle Besucher, diesen Haftungsausschluss sorgf\u00e4ltig zu lesen. Durch den Zugriff auf diese Website und\/oder die Nutzung der auf oder \u00fcber diese Website bereitgestellten Informationen erkl\u00e4ren Sie sich mit diesem Haftungsausschluss einverstanden.<\/div><div class=\"wp-block-endeavour-wp-blocks-image-w-text-cta    \"><\/div><\/div><div class=\"image-w-text-cta__image-wrapper\"><img decoding=\"async\" class=\"image-w-text-cta__image\" src=\"https:\/\/beursvanberlage.com\/app\/uploads\/2024\/10\/20241009_11_47_Beurs-van-Berlage-DPW-Michiel-LR.jpg\" alt=\"Uploaded Media\"\/><\/div><\/div><\/div><\/div><\/div>\n<\/div><\/section>\n\n\n\n<div class=\"wp-block-endeavour-wp-blocks-custom-spacer custom-spacer    \"><div style=\"height:1rem\" class=\"custom-spacer__mobile\"><\/div><div style=\"height:3rem\" class=\"custom-spacer__desktop\"><\/div><\/div>\n\n\n\n<section class=\"wp-block-endeavour-wp-blocks-content-container content-container    \"><div class=\"wp-block-endeavour-wp-blocks-content-container content-container__inner content-container__inner--medium    \">\n<div class=\"wp-block-columns is-layout-flex wp-container-core-columns-is-layout-28f84493 wp-block-columns-is-layout-flex\">\n<div class=\"wp-block-column is-layout-flow wp-block-column-is-layout-flow\">\n<h5 class=\"wp-block-heading    \">Haftung<\/h5>\n\n\n\n<p class=\"undefined    \">Wir haben unsere Website mit gr\u00f6\u00dftm\u00f6glicher Sorgfalt erstellt, k\u00f6nnen jedoch nicht garantieren, dass alle Informationen vollst\u00e4ndig fehlerfrei sind. Die Informationen auf dieser Website dienen als allgemeine Quelle und begr\u00fcnden keine Rechte. Die Nutzung dieser Informationen erfolgt ausschlie\u00dflich auf eigenes Risiko; wir haften nicht f\u00fcr Sch\u00e4den, die durch die Nutzung unserer Website oder der bereitgestellten Daten entstehen.<\/p>\n\n\n\n<div style=\"height:20px\" aria-hidden=\"true\" class=\"wp-block-spacer    \"><\/div>\n\n\n\n<h5 class=\"wp-block-heading    \">Technische St\u00f6rungen<\/h5>\n\n\n\n<p class=\"undefined    \">Beim Besuch unserer Website k\u00f6nnen technische Probleme (wie Viren) auftreten. Wir \u00fcbernehmen keine Haftung f\u00fcr St\u00f6rungen oder M\u00e4ngel, die w\u00e4hrend Ihres Besuchs auf dieser Website oder auf verlinkten Websites auftreten k\u00f6nnen.<\/p>\n\n\n\n<div style=\"height:20px\" aria-hidden=\"true\" class=\"wp-block-spacer    \"><\/div>\n\n\n\n<h5 class=\"wp-block-heading    \">Links zu anderen Websites<\/h5>\n\n\n\n<p class=\"undefined    \">Unsere Website kann Links zu externen Websites enthalten, die au\u00dferhalb unseres Einflussbereichs liegen. Diese Links dienen als Service und bedeuten keine Billigung der Inhalte. Wir \u00fcbernehmen keine Verantwortung f\u00fcr die Inhalte oder die Verf\u00fcgbarkeit dieser externen Websites.<\/p>\n<\/div>\n\n\n\n<div class=\"wp-block-column is-layout-flow wp-block-column-is-layout-flow\">\n<h5 class=\"wp-block-heading    \">Urheberrecht<\/h5>\n\n\n\n<p class=\"undefined    \">Alle Informationen auf dieser Website (wie Texte, Bilder und Logos) sind durch geistige Eigentumsrechte der Beurs van Berlage oder unserer Partner gesch\u00fctzt. Ohne vorherige schriftliche Zustimmung d\u00fcrfen diese Informationen nicht kopiert, heruntergeladen, ver\u00f6ffentlicht oder verbreitet werden, au\u00dfer f\u00fcr den pers\u00f6nlichen Gebrauch.<\/p>\n\n\n\n<div style=\"height:20px\" aria-hidden=\"true\" class=\"wp-block-spacer    \"><\/div>\n\n\n\n<h5 class=\"wp-block-heading    \">Anwendbares Recht<\/h5>\n\n\n\n<p class=\"undefined    \">F\u00fcr diese Website und diesen Haftungsausschluss gilt niederl\u00e4ndisches Recht. Streitigkeiten werden dem zust\u00e4ndigen Gericht in den Niederlanden vorgelegt.<\/p>\n\n\n\n<div style=\"height:20px\" aria-hidden=\"true\" class=\"wp-block-spacer    \"><\/div>\n\n\n\n<h5 class=\"wp-block-heading    \">\u00c4nderungen<\/h5>\n\n\n\n<p class=\"undefined    \">Wir behalten uns das Recht vor, die Informationen auf dieser Website, einschlie\u00dflich dieses Haftungsausschlusses, jederzeit zu \u00e4ndern.<\/p>\n<\/div>\n<\/div>\n<\/div><\/section>\n","protected":false},"excerpt":{"rendered":"","protected":false},"author":2,"featured_media":6717,"parent":6683,"menu_order":0,"comment_status":"closed","ping_status":"closed","template":"","meta":{"content-type":"","footnotes":""},"class_list":["post-6715","page","type-page","status-publish","has-post-thumbnail","hentry"],"_links":{"self":[{"href":"https:\/\/beursvanberlage.com\/de\/wp-json\/wp\/v2\/pages\/6715","targetHints":{"allow":["GET"]}}],"collection":[{"href":"https:\/\/beursvanberlage.com\/de\/wp-json\/wp\/v2\/pages"}],"about":[{"href":"https:\/\/beursvanberlage.com\/de\/wp-json\/wp\/v2\/types\/page"}],"author":[{"embeddable":true,"href":"https:\/\/beursvanberlage.com\/de\/wp-json\/wp\/v2\/users\/2"}],"replies":[{"embeddable":true,"href":"https:\/\/beursvanberlage.com\/de\/wp-json\/wp\/v2\/comments?post=6715"}],"version-history":[{"count":4,"href":"https:\/\/beursvanberlage.com\/de\/wp-json\/wp\/v2\/pages\/6715\/revisions"}],"predecessor-version":[{"id":11223,"href":"https:\/\/beursvanberlage.com\/de\/wp-json\/wp\/v2\/pages\/6715\/revisions\/11223"}],"up":[{"embeddable":true,"href":"https:\/\/beursvanberlage.com\/de\/wp-json\/wp\/v2\/pages\/6683"}],"wp:featuredmedia":[{"embeddable":true,"href":"https:\/\/beursvanberlage.com\/de\/wp-json\/wp\/v2\/media\/6717"}],"wp:attachment":[{"href":"https:\/\/beursvanberlage.com\/de\/wp-json\/wp\/v2\/media?parent=6715"}],"curies":[{"name":"wp","href":"https:\/\/api.w.org\/{rel}","templated":true}]}}