{"id":6683,"date":"2024-10-29T14:41:12","date_gmt":"2024-10-29T14:41:12","guid":{"rendered":"https:\/\/beursvanberlage.com\/?page_id=6683"},"modified":"2025-04-22T10:58:31","modified_gmt":"2025-04-22T10:58:31","slug":"bedingungen-und-richtlinien","status":"publish","type":"page","link":"https:\/\/beursvanberlage.com\/de\/home\/bedingungen-und-richtlinien\/","title":{"rendered":"Bedingungen und richtlinien"},"content":{"rendered":"<div class=\"wp-block-endeavour-wp-blocks-banner-w-content-card wp-block-endeavour-wp-blocks-banner-w-content-card\">\n    <div class=\"banner-w-content-card__outer-wrapper\">\n        <div class=\"banner-w-content-card__image-wrapper\">\n                            <img decoding=\"async\" class=\"banner-w-content-card__image\" src=\"https:\/\/beursvanberlage.com\/app\/uploads\/2024\/10\/1-BvB-Administratiezaal.jpg\" alt=\"Banner Image\" \/>\n                    <\/div>\n\n        <div class=\"banner-w-content-card__content-wrapper\">\n            <div class=\"content-wrapper\">\n                <div class=\"banner-w-content-card__text-wrapper\">\n                    \n                                            <h1 class=\"banner-w-content-card__title\">\n                            Bedingungen und richtlinien                        <\/h1>\n                    \n                                    <\/div>\n            <\/div>\n        <\/div>\n    <\/div>\n<\/div>\n\n\n\n<div class=\"wp-block-endeavour-wp-blocks-custom-spacer custom-spacer    \"><div style=\"height:1rem\" class=\"custom-spacer__mobile\"><\/div><div style=\"height:3rem\" class=\"custom-spacer__desktop\"><\/div><\/div>\n\n\n\n<section class=\"wp-block-endeavour-wp-blocks-content-container content-container    \"><div class=\"wp-block-endeavour-wp-blocks-content-container content-container__inner content-container__inner--medium    \">\n<div class=\"wp-block-endeavour-wp-blocks-image-w-text-cta    \"><div class=\"image-w-text-cta__outer-wrapper\"><div class=\"content-wrapper\"><div class=\"image-w-text-cta__inner-wrapper\"><div class=\"image-w-text-cta__content-wrapper\"><h4 class=\"image-w-text-cta__title\">Wichtige Dokumente<\/h4><div class=\"image-w-text-cta__text\">F\u00fcr Organisatoren, Teilnehmer, Lieferanten, Mieter und Besucher der Beurs van Berlage stellen wir eine Sammlung wichtiger Dokumente zur Verf\u00fcgung. Hier finden Sie unsere allgemeinen Gesch\u00e4ftsbedingungen, die Datenschutzerkl\u00e4rung und weitere Richtlinien, die f\u00fcr einen reibungslosen Aufenthalt in unserem historischen Geb\u00e4ude relevant sind. Wir empfehlen, diese Dokumente zu lesen, um vollst\u00e4ndig \u00fcber unsere Richtlinien und Bedingungen informiert zu sein.<\/div><div class=\"wp-block-endeavour-wp-blocks-image-w-text-cta    \">\n<ul class=\"undefined wp-block-list\">\n<li class=\"undefined    \"><a href=\"https:\/\/beursvanberlage.com\/app\/uploads\/2025\/02\/General-Terms-Conditions-Amsterdam-Conference-Centre-Beurs-van-Berlage-ENG-February-2025.pdf\">Allgemeine Gesch\u00e4ftsbedingungen \u00bb<\/a><\/li>\n\n\n\n<li class=\"undefined    \"><a href=\"https:\/\/beursvanberlage.com\/app\/uploads\/2024\/10\/General-purchase-conditions-Beurs-van-Berlage-def-3.0-september-2023.pdf\" target=\"_blank\" rel=\"noreferrer noopener\">Allgemeine Einkaufsbedingungen \u00bb<\/a><\/li>\n\n\n\n<li class=\"undefined    \"><a href=\"https:\/\/beursvanberlage.com\/de\/home\/bedingungen-und-richtlinien\/cookie-richtlinie\/\">Cookie-Richtlinie \u00bb<\/a><\/li>\n\n\n\n<li class=\"undefined    \"><a href=\"https:\/\/beursvanberlage.com\/de\/home\/bedingungen-und-richtlinien\/haftungsausschlusses\/\">Haftungsausschluss \u00bb<\/a><\/li>\n\n\n\n<li class=\"undefined    \"><a href=\"https:\/\/beursvanberlage.com\/de\/home\/bedingungen-und-richtlinien\/verhaltenskodex\/\">Verhaltenskodex \u00bb<\/a><\/li>\n\n\n\n<li class=\"undefined    \"><a href=\"https:\/\/indd.adobe.com\/view\/0c8468b4-5c29-465e-9c6e-5f78df3f2d91\" target=\"_blank\" rel=\"noreferrer noopener\">Hausordnu<\/a><a href=\"https:\/\/indd.adobe.com\/view\/0c8468b4-5c29-465e-9c6e-5f78df3f2d91\" target=\"_blank\" rel=\"noopener\">ng \u00bb<\/a><\/li>\n\n\n\n<li class=\"undefined    \"><a href=\"https:\/\/beursvanberlage.com\/app\/uploads\/2025\/04\/Privacy-Statement-Beurs-van-Berlage-CV_20250422_EN.pdf\">Datenschutzerkl\u00e4rung \u00bb<\/a><\/li>\n<\/ul>\n<\/div><\/div><div class=\"image-w-text-cta__image-wrapper\"><img decoding=\"async\" class=\"image-w-text-cta__image\" src=\"https:\/\/beursvanberlage.com\/app\/uploads\/2024\/10\/20241009_09_18_Beurs-van-Berlage-DPW-Michiel-LR-1.jpg\" alt=\"Uploaded Media\" loading=\"lazy\"\/><\/div><\/div><\/div><\/div><\/div>\n<\/div><\/section>\n\n\n\n<div class=\"wp-block-endeavour-wp-blocks-custom-spacer custom-spacer    \"><div style=\"height:1rem\" class=\"custom-spacer__mobile\"><\/div><div style=\"height:3rem\" class=\"custom-spacer__desktop\"><\/div><\/div>\n\n\n\n<div class=\"wp-block-endeavour-wp-blocks-contact-form     contact-form\"><div class=\"contact-form__outer-wrapper \"><div class=\"content-wrapper\"><div class=\"contact-form__inner-wrapper\"><div class=\"contact-form__content-wrapper\"><div class=\"contact-form__text-wrapper\"><h4 class=\"contact-form__title\">Kontaktieren Sie uns<\/h4><p class=\"contact-form__description\">Geben Sie Ihre Daten ein, und wir melden uns so schnell wie m\u00f6glich, um Ihre Fragen zu beantworten oder Ihre Pl\u00e4ne zu besprechen. <br><br>Bitte beachten Sie, dass wir aufgrund der Gr\u00f6\u00dfe und des Charakters unserer Location ausschlie\u00dflich Anfragen f\u00fcr Gruppen <strong>ab 200 G\u00e4sten<\/strong> bearbeiten.<br><br><strong>Bevorzugen Sie direkten Kontakt? <\/strong><br>Rufen Sie uns an unter <strong><a href=\"tel:+31205313355\">+31 (0)20 &#8211; 531 33 55<\/a><\/strong> oder schreiben Sie eine E-Mail an <a href=\"mailto:events@beursvanberlage.com\">events@beursvanberlage.com<\/a>. <br><br>Wir freuen uns darauf, Ihnen zu helfen!<\/p><\/div><\/div><div class=\"contact-form__form-wrapper\"><script charset=\"utf-8\" type=\"text\/javascript\" src=\"\/\/js.hsforms.net\/forms\/embed\/v2.js\"><\/script>\n<script>\n  hbspt.forms.create({\n    portalId: \"5233325\",\n    formId: \"8aa3c8b4-a538-4516-a1f5-915aae598d67\"\n  });\n<\/script><\/div><\/div><\/div><\/div><\/div>\n","protected":false},"excerpt":{"rendered":"","protected":false},"author":2,"featured_media":6685,"parent":6599,"menu_order":0,"comment_status":"closed","ping_status":"closed","template":"","meta":{"content-type":"","footnotes":""},"class_list":["post-6683","page","type-page","status-publish","has-post-thumbnail","hentry"],"_links":{"self":[{"href":"https:\/\/beursvanberlage.com\/de\/wp-json\/wp\/v2\/pages\/6683","targetHints":{"allow":["GET"]}}],"collection":[{"href":"https:\/\/beursvanberlage.com\/de\/wp-json\/wp\/v2\/pages"}],"about":[{"href":"https:\/\/beursvanberlage.com\/de\/wp-json\/wp\/v2\/types\/page"}],"author":[{"embeddable":true,"href":"https:\/\/beursvanberlage.com\/de\/wp-json\/wp\/v2\/users\/2"}],"replies":[{"embeddable":true,"href":"https:\/\/beursvanberlage.com\/de\/wp-json\/wp\/v2\/comments?post=6683"}],"version-history":[{"count":10,"href":"https:\/\/beursvanberlage.com\/de\/wp-json\/wp\/v2\/pages\/6683\/revisions"}],"predecessor-version":[{"id":11321,"href":"https:\/\/beursvanberlage.com\/de\/wp-json\/wp\/v2\/pages\/6683\/revisions\/11321"}],"up":[{"embeddable":true,"href":"https:\/\/beursvanberlage.com\/de\/wp-json\/wp\/v2\/pages\/6599"}],"wp:featuredmedia":[{"embeddable":true,"href":"https:\/\/beursvanberlage.com\/de\/wp-json\/wp\/v2\/media\/6685"}],"wp:attachment":[{"href":"https:\/\/beursvanberlage.com\/de\/wp-json\/wp\/v2\/media?parent=6683"}],"curies":[{"name":"wp","href":"https:\/\/api.w.org\/{rel}","templated":true}]}}