{"id":6553,"date":"2024-06-10T08:32:29","date_gmt":"2024-06-10T08:32:29","guid":{"rendered":"https:\/\/beursvanberlage.com\/?page_id=6553"},"modified":"2024-11-27T11:45:28","modified_gmt":"2024-11-27T11:45:28","slug":"tonys-chocolonely-super-store","status":"publish","type":"page","link":"https:\/\/beursvanberlage.com\/de\/besuchen\/tonys-chocolonely-super-store\/","title":{"rendered":"Tony\u2019s Chocolonely Super Store"},"content":{"rendered":"<div class=\"wp-block-endeavour-wp-blocks-banner-w-content-card\">\n    <div class=\"banner-w-content-card__outer-wrapper\">\n        <div class=\"banner-w-content-card__image-wrapper\">\n                            <img decoding=\"async\" class=\"banner-w-content-card__image\" src=\"https:\/\/beursvanberlage.com\/app\/uploads\/2024\/06\/image-25.png\" alt=\"Banner Image\" \/>\n                    <\/div>\n\n        <div class=\"banner-w-content-card__content-wrapper\">\n            <div class=\"content-wrapper\">\n                <div class=\"banner-w-content-card__text-wrapper\">\n                                            <div class=\"banner-w-content-card__breadcrumbs\">\n                                                                                            <a\n                                        href=\"https:\/\/beursvanberlage.com\/de\/besuchen\/\"\n                                        class=\"banner-w-content-card__breadcrumb-link \">\n                                    Besuchen                                <\/a>\n                                                                    <span class=\"banner-w-content-card__breadcrumb-separator\"> \/ <\/span>\n                                                                                                                            <a\n                                        href=\"#\"\n                                        class=\"banner-w-content-card__breadcrumb-link banner-w-content-card__breadcrumb-link--active\">\n                                    Tony\u2019s Chocolonely Super Store                                <\/a>\n                                                                                    <\/div>\n                    \n                                            <h1 class=\"banner-w-content-card__title\">\n                            Tony&#039;s chocolonely super store                        <\/h1>\n                    \n                                    <\/div>\n            <\/div>\n        <\/div>\n    <\/div>\n<\/div>\n\n\n\n<div class=\"wp-block-endeavour-wp-blocks-custom-spacer custom-spacer    \"><div style=\"height:1rem\" class=\"custom-spacer__mobile\"><\/div><div style=\"height:3rem\" class=\"custom-spacer__desktop\"><\/div><\/div>\n\n\n\n<div class=\"wp-block-endeavour-wp-blocks-site-side-bar side-bar-block alignfull    \" style=\"position:sticky\"><div class=\"side-bar-block__swiper swiper\"><ul class=\"side-bar-block__anchor-list side-bar-block__anchor-list--slider  swiper-wrapper\"><li class=\"side-bar-block__anchor-item swiper-slide\"><a href=\"#wa-doet-Tonys\" class=\"side-bar-block__anchor-link\">Was macht Tony\u2019s?<\/a><\/li><li class=\"side-bar-block__anchor-item swiper-slide\"><a href=\"#waar-vind-je-Tonys\" class=\"side-bar-block__anchor-link\">Wo finden Sie uns<\/a><\/li><li class=\"side-bar-block__anchor-item swiper-slide\"><a href=\"#impressie\" class=\"side-bar-block__anchor-link\">Impressionen<\/a><\/li><li class=\"side-bar-block__anchor-item swiper-slide\"><a href=\"#meer-beleven-in-de-Beurs\" class=\"side-bar-block__anchor-link\">Entdecken Sie der Beurs<\/a><\/li><\/ul><\/div><ul class=\"side-bar-block__anchor-list side-bar-block__anchor-list--desktop\"><li class=\"side-bar-block__anchor-item\"><a href=\"#wa-doet-Tonys\" class=\"side-bar-block__anchor-link side-bar-block__anchor-link--desktop\">Was macht Tony\u2019s?<\/a><\/li><li class=\"side-bar-block__anchor-item\"><a href=\"#waar-vind-je-Tonys\" class=\"side-bar-block__anchor-link side-bar-block__anchor-link--desktop\">Wo finden Sie uns<\/a><\/li><li class=\"side-bar-block__anchor-item\"><a href=\"#impressie\" class=\"side-bar-block__anchor-link side-bar-block__anchor-link--desktop\">Impressionen<\/a><\/li><li class=\"side-bar-block__anchor-item\"><a href=\"#meer-beleven-in-de-Beurs\" class=\"side-bar-block__anchor-link side-bar-block__anchor-link--desktop\">Entdecken Sie der Beurs<\/a><\/li><\/ul><\/div>\n\n\n\n<div class=\"wp-block-endeavour-wp-blocks-custom-spacer custom-spacer    \"><div style=\"height:1rem\" class=\"custom-spacer__mobile\"><\/div><div style=\"height:3rem\" class=\"custom-spacer__desktop\"><\/div><\/div>\n\n\n\n<section class=\"wp-block-endeavour-wp-blocks-content-container content-container    \" id=\"wa-doet-Tonys\"><div class=\"wp-block-endeavour-wp-blocks-content-container content-container__inner content-container__inner--medium    \" id=\"wa-doet-Tonys\">\n<div class=\"wp-block-endeavour-wp-blocks-image-w-text-cta    \"><div class=\"image-w-text-cta__outer-wrapper\"><div class=\"content-wrapper\"><div class=\"image-w-text-cta__inner-wrapper\"><div class=\"image-w-text-cta__content-wrapper\"><h4 class=\"image-w-text-cta__title\">Verantwortungsbewusste und k\u00f6stliche Schokolade<\/h4><div class=\"image-w-text-cta__text\">Neugierig, woher Schokolade kommt? Im Super Store nehmen wir Sie mit auf eine Reise von der \u201eBohne\u201c bis zur \u201eTafel\u201c. Werden Sie Teil der Mission und ein Freund von Tony\u2019s. Oder machen Sie ein Selfie mit dem bunten Mega Monster Super Schokoautomaten.<br><br>Wussten Sie, dass k\u00fcrzlich eine supersonische Choco Machine er\u00f6ffnet wurde? Gestalten Sie Ihre eigene originelle und verr\u00fcckte Tony\u2019s Tafel und sehen Sie zu, wie sie in Ihrer individuell designten Verpackung von der Produktionslinie rollt. Wei\u00df-Dunkel-Kokos-Kaffee oder vielleicht Milch-Ingwer-Rosa Zuckerstreusel? Alles ist m\u00f6glich im Tony\u2019s Super Store!<br><br>Au\u00dferdem gibt es eine exklusive Tasche, die es nirgendwo sonst gibt: Tony\u2019s Rainbowpack. Diese prall gef\u00fcllte Tasche enth\u00e4lt zw\u00f6lf k\u00f6stliche Tafeln in allen Farben des Regenbogens.<\/div><div class=\"wp-block-endeavour-wp-blocks-image-w-text-cta    \">\n<div class=\"wp-block-endeavour-wp-blocks-buttons-wrapper    \"><div class=\"wp-block-endeavour-wp-blocks-buttons-wrapper     buttons-wrapper__wrapper\">\n<div class=\"wp-block-endeavour-wp-blocks-main-button     main-button\"><a class=\"main-button__wrapper main-button__wrapper--is-primary\" href=\"https:\/\/nl.tonyschocolonely.com\/pages\/kom-langs\" target=\"_blank\" rel=\"noopener\">Kommen Sie vorbei!<\/a><\/div>\n<\/div><\/div>\n<\/div><\/div><div class=\"image-w-text-cta__image-wrapper\"><img decoding=\"async\" class=\"image-w-text-cta__image\" src=\"https:\/\/beursvanberlage.com\/app\/uploads\/2024\/09\/Tony-2mb.jpg\" alt=\"Uploaded Media\"\/><\/div><\/div><\/div><\/div><\/div>\n<\/div><\/section>\n\n\n\n<div class=\"wp-block-endeavour-wp-blocks-custom-spacer custom-spacer    \"><div style=\"height:1rem\" class=\"custom-spacer__mobile\"><\/div><div style=\"height:3rem\" class=\"custom-spacer__desktop\"><\/div><\/div>\n\n\n\n<section class=\"wp-block-endeavour-wp-blocks-content-container content-container    \" id=\"waar-vind-je-Tonys\"><div class=\"wp-block-endeavour-wp-blocks-content-container content-container__inner content-container__inner--medium    \" id=\"waar-vind-je-Tonys\">\n<div class=\"wp-block-endeavour-wp-blocks-image-w-text-cta    \"><div class=\"image-w-text-cta__outer-wrapper\"><div class=\"content-wrapper\"><div class=\"image-w-text-cta__inner-wrapper\"><div class=\"image-w-text-cta__content-wrapper\"><h4 class=\"image-w-text-cta__title\">Wo finden Sie Tony\u2019s Chocolonely Super Store?<\/h4><div class=\"image-w-text-cta__text\">Der Super Store befindet sich genau dort, wo bereits 1903 der Kakaohandel begann: in der Beurs van Berlage! Tony\u2019s Superstars freuen sich darauf, Sie im Laden herumzuf\u00fchren. Haben Sie kritische Fragen, Komplimente oder einfach Lust auf k\u00f6stliche Schokolade? Kommen Sie gerne vorbei!<br><br><strong>So finden Sie den Eingang<\/strong><br>Vom Dam-Platz aus gehen Sie links um die Beurs van Berlage herum (Oudebrugsteeg 15). Kommen Sie vom Hauptbahnhof? Der Eingang befindet sich zwischen The Seafood Bar und Meet Berlage<\/div><div class=\"wp-block-endeavour-wp-blocks-image-w-text-cta    \"><\/div><\/div><div class=\"image-w-text-cta__image-wrapper\"><img decoding=\"async\" class=\"image-w-text-cta__image\" src=\"https:\/\/beursvanberlage.com\/app\/uploads\/2024\/09\/1280_90_90_kar_header.jpg\" alt=\"Uploaded Media\"\/><\/div><\/div><\/div><\/div><\/div>\n<\/div><\/section>\n\n\n\n<div class=\"wp-block-endeavour-wp-blocks-custom-spacer custom-spacer    \"><div style=\"height:1rem\" class=\"custom-spacer__mobile\"><\/div><div style=\"height:3rem\" class=\"custom-spacer__desktop\"><\/div><\/div>\n\n\n\n<section class=\"wp-block-endeavour-wp-blocks-content-container content-container    \" id=\"impressie\"><div class=\"wp-block-endeavour-wp-blocks-content-container content-container__inner content-container__inner--full    \" id=\"impressie\"><\/div><\/section>\n\n\n\n<div class=\"wp-block-endeavour-wp-blocks-media-grid    \"><div class=\"content-wrapper\"><h4 class=\"media-grid__title\">Impressionen<\/h4><\/div><div class=\"media-grid__outer-wrapper\"><div class=\"content-wrapper\"><div class=\"media-grid__inner-wrapper media-grid__inner-wrapper--mobile\"><div class=\"media-grid__video-modal\"><div class=\"media-grid__video-modal-inner-wrapper\"><div class=\"media-grid__video-close-icon\"><svg width=\"16\" height=\"16\" viewBox=\"0 0 12 12\" fill=\"none\" xmlns=\"http:\/\/www.w3.org\/2000\/svg\"><path d=\"M10.7812 2.28125L7.03125 6.03125L10.75 9.75C11.0625 10.0312 11.0625 10.5 10.75 10.7812C10.4688 11.0938 10 11.0938 9.71875 10.7812L5.96875 7.0625L2.25 10.7812C1.96875 11.0938 1.5 11.0938 1.21875 10.7812C0.90625 10.5 0.90625 10.0312 1.21875 9.71875L4.9375 6L1.21875 2.28125C0.90625 2 0.90625 1.53125 1.21875 1.21875C1.5 0.9375 1.96875 0.9375 2.28125 1.21875L6 4.96875L9.71875 1.25C10 0.9375 10.4688 0.9375 10.7812 1.25C11.0625 1.53125 11.0625 2 10.7812 2.28125Z\" fill=\"#343A40\"><\/path><\/svg><\/div><video class=\"media-grid__video-content\" src=\"\" controls><\/video><\/div><\/div><div class=\"media-grid__media-wrapper media-grid__media-wrapper--first-media\"><div class=\"media-grid__first-media\"><div class=\"media-grid__image-wrapper\"><img decoding=\"async\" class=\"media-grid__image\" src=\"https:\/\/beursvanberlage.com\/app\/uploads\/2024\/09\/1066_90_80_kar_tonys_chocolonely_super_store_06.jpg\" alt=\"Uploaded Media 1\"\/><\/div><\/div><\/div><div class=\"media-grid__middle-wrapper\"><div class=\"media-grid__media-wrapper media-grid__media-wrapper--second-media\"><div class=\"media-grid__second-media\"><div class=\"media-grid__image-wrapper\"><img decoding=\"async\" class=\"media-grid__image\" src=\"https:\/\/beursvanberlage.com\/app\/uploads\/2024\/09\/Tony-2mb.jpg\" alt=\"Uploaded Media 2\"\/><\/div><\/div><\/div><div class=\"media-grid__media-wrapper media-grid__media-wrapper--third-media\"><div class=\"media-grid__third-media\"><div class=\"media-grid__image-wrapper\"><img decoding=\"async\" class=\"media-grid__image\" src=\"https:\/\/beursvanberlage.com\/app\/uploads\/2024\/09\/1066_90_80_kar__mg_8572.jpg\" alt=\"Uploaded Media 3\"\/><\/div><\/div><\/div><\/div><div class=\"media-grid__media-wrapper media-grid__media-wrapper--fourth-media\"><div class=\"media-grid__fourth-media\"><div class=\"media-grid__image-wrapper\"><img decoding=\"async\" class=\"media-grid__image\" src=\"https:\/\/beursvanberlage.com\/app\/uploads\/2024\/09\/768_90_90_kar__mg_8577.jpg\" alt=\"Uploaded Media 4\"\/><\/div><\/div><\/div><\/div><div class=\"media-grid__inner-wrapper media-grid__inner-wrapper--desktop\"><div class=\"media-grid__video-modal\"><div class=\"media-grid__video-modal-inner-wrapper\"><div class=\"media-grid__video-close-icon\"><svg width=\"16\" height=\"16\" viewBox=\"0 0 12 12\" fill=\"none\" xmlns=\"http:\/\/www.w3.org\/2000\/svg\"><path d=\"M10.7812 2.28125L7.03125 6.03125L10.75 9.75C11.0625 10.0312 11.0625 10.5 10.75 10.7812C10.4688 11.0938 10 11.0938 9.71875 10.7812L5.96875 7.0625L2.25 10.7812C1.96875 11.0938 1.5 11.0938 1.21875 10.7812C0.90625 10.5 0.90625 10.0312 1.21875 9.71875L4.9375 6L1.21875 2.28125C0.90625 2 0.90625 1.53125 1.21875 1.21875C1.5 0.9375 1.96875 0.9375 2.28125 1.21875L6 4.96875L9.71875 1.25C10 0.9375 10.4688 0.9375 10.7812 1.25C11.0625 1.53125 11.0625 2 10.7812 2.28125Z\" fill=\"#343A40\"><\/path><\/svg><\/div><video class=\"media-grid__video-content\" src=\"\" controls><\/video><\/div><\/div><div class=\"media-grid__top-wrapper\"><div class=\"media-grid__media-wrapper media-grid__media-wrapper--first-media\"><div class=\"media-grid__first-media\"><div class=\"media-grid__image-wrapper\"><img decoding=\"async\" class=\"media-grid__image\" src=\"https:\/\/beursvanberlage.com\/app\/uploads\/2024\/09\/1066_90_80_kar_tonys_chocolonely_super_store_06.jpg\" alt=\"Uploaded Media 1\"\/><\/div><\/div><\/div><div class=\"media-grid__media-wrapper media-grid__media-wrapper--second-media\"><div class=\"media-grid__second-media\"><div class=\"media-grid__image-wrapper\"><img decoding=\"async\" class=\"media-grid__image\" src=\"https:\/\/beursvanberlage.com\/app\/uploads\/2024\/09\/Tony-2mb.jpg\" alt=\"Uploaded Media 2\"\/><\/div><\/div><\/div><\/div><div class=\"media-grid__top-wrapper\"><div class=\"media-grid__media-wrapper media-grid__media-wrapper--third-media\"><div class=\"media-grid__third-media\"><div class=\"media-grid__image-wrapper\"><img decoding=\"async\" class=\"media-grid__image\" src=\"https:\/\/beursvanberlage.com\/app\/uploads\/2024\/09\/1066_90_80_kar__mg_8572.jpg\" alt=\"Uploaded Media 3\"\/><\/div><\/div><\/div><div class=\"media-grid__media-wrapper media-grid__media-wrapper--fourth-media\"><div class=\"media-grid__fourth-media\"><div class=\"media-grid__image-wrapper\"><img decoding=\"async\" class=\"media-grid__image\" src=\"https:\/\/beursvanberlage.com\/app\/uploads\/2024\/09\/768_90_90_kar__mg_8577.jpg\" alt=\"Uploaded Media 4\"\/><\/div><\/div><\/div><\/div><\/div><\/div><\/div><\/div>\n\n\n\n<div class=\"wp-block-endeavour-wp-blocks-custom-spacer custom-spacer    \"><div style=\"height:1rem\" class=\"custom-spacer__mobile\"><\/div><div style=\"height:3rem\" class=\"custom-spacer__desktop\"><\/div><\/div>\n\n\n\n<section class=\"wp-block-endeavour-wp-blocks-content-container content-container    \" id=\"meer-beleven-in-de-Beurs\"><div class=\"wp-block-endeavour-wp-blocks-content-container content-container__inner content-container__inner--full    \" id=\"meer-beleven-in-de-Beurs\">\n<section class=\"wp-block-endeavour-wp-blocks-content-container content-container    \" id=\"meer-beleven-in-de-Beurs\"><div class=\"wp-block-endeavour-wp-blocks-content-container content-container__inner content-container__inner--full    \" id=\"meer-beleven-in-de-Beurs\">\n<div class=\"wp-block-endeavour-wp-blocks-slider slider  custom-align-right  \"><div class=\"content-wrapper\"><div class=\"slider__wrapper\"><div class=\"slider__text-wrapper\"><h3 class=\"slider__title\">Mehr erleben in der Beurs?<\/h3><p class=\"slider__description\">Die Beurs van Berlage ist der zentrale Ort im Herzen Amsterdams, an dem Geschichte und moderne Veranstaltungen aufeinandertreffen.<\/p><div class=\"slider__controls-wrapper\"><div class=\"slider__prev swiper-button-prev\"><svg width=\"25\" height=\"16\" viewBox=\"0 0 25 16\" fill=\"none\" xmlns=\"http:\/\/www.w3.org\/2000\/svg\"><path d=\"M1.32812 7.20312L7.70312 0.875C8.125 0.40625 8.82812 0.40625 9.25 0.875C9.71875 1.29688 9.71875 2 9.25 2.42188L4.79688 6.875H23.875C24.4844 6.875 25 7.39062 25 8C25 8.65625 24.4844 9.125 23.875 9.125L4.79688 9.17188L9.25 13.625C9.71875 14.0469 9.71875 14.75 9.25 15.1719C8.82812 15.6406 8.125 15.6406 7.70312 15.1719L1.32812 8.79688C0.859375 8.375 0.859375 7.67188 1.32812 7.20312Z\" fill=\"currentColor\"><\/path><\/svg><\/div><div class=\"slider__next swiper-button-next\"><svg width=\"25\" height=\"16\" viewBox=\"0 0 25 16\" fill=\"none\" xmlns=\"http:\/\/www.w3.org\/2000\/svg\"><path d=\"M23.6719 8.79688L17.2969 15.1719C16.8281 15.6406 16.125 15.6406 15.7031 15.1719C15.2344 14.75 15.2344 14.0469 15.7031 13.5781L20.1562 9.125H1.125C0.46875 9.125 0 8.65625 0 8C0 7.39062 0.46875 6.875 1.125 6.875H20.1562L15.7031 2.42188C15.2344 2 15.2344 1.29688 15.7031 0.828125C16.125 0.40625 16.8281 0.40625 17.2969 0.828125L23.6719 7.25C24.0938 7.67188 24.0938 8.375 23.6719 8.79688Z\" fill=\"currentColor\"><\/path><\/svg><\/div><\/div><\/div><div class=\"slider__cards-outer-wrapper swiper\"><div class=\"slider__cards-wrapper swiper-wrapper\">\n<div class=\"wp-block-endeavour-wp-blocks-slider-card slider-card__outer-wrapper swiper-slide    \"><div class=\"slider-card__wrapper\"><div class=\"slider-card__inner-wrapper\"><a href=\"https:\/\/beursvanberlage.com\/de\/besuchen\/bistro-berlage\/\" target=\"_self\" rel=\"noopener\" class=\"slider-card__link  slider-card__link--no-shadow\"><\/a><img decoding=\"async\" class=\"slider-card__image\" src=\"https:\/\/beursvanberlage.com\/app\/uploads\/2024\/09\/Bistro-Berlage-Amsterdam2.jpg\" alt=\"Card Image\"\/><div class=\"slider-card__content\"><h4 class=\"slider-card__title\">Bistro Berlage<\/h4><\/div><\/div><\/div><\/div>\n\n\n\n<div class=\"wp-block-endeavour-wp-blocks-slider-card slider-card__outer-wrapper swiper-slide    \"><div class=\"slider-card__wrapper\"><div class=\"slider-card__inner-wrapper\"><a href=\"https:\/\/beursvanberlage.com\/de\/besuchen\/sherlocked\/\" target=\"_self\" rel=\"noopener\" class=\"slider-card__link  slider-card__link--no-shadow\"><\/a><img decoding=\"async\" class=\"slider-card__image\" src=\"https:\/\/beursvanberlage.com\/app\/uploads\/2024\/10\/Sherlocked-4.png\" alt=\"Card Image\"\/><div class=\"slider-card__content\"><h4 class=\"slider-card__title\">Sherlocked<\/h4><\/div><\/div><\/div><\/div>\n\n\n\n<div class=\"wp-block-endeavour-wp-blocks-slider-card slider-card__outer-wrapper swiper-slide    \"><div class=\"slider-card__wrapper\"><div class=\"slider-card__inner-wrapper\"><a href=\"https:\/\/beursvanberlage.com\/de\/besuchen\/meet-berlage\/\" target=\"_self\" rel=\"noopener\" class=\"slider-card__link  slider-card__link--no-shadow\"><\/a><img decoding=\"async\" class=\"slider-card__image\" src=\"https:\/\/beursvanberlage.com\/app\/uploads\/2024\/10\/Meet-Berlage-Coworking-Space-07-Kleiner.jpg\" alt=\"Card Image\"\/><div class=\"slider-card__content\"><h4 class=\"slider-card__title\">Meet Berlage<\/h4><\/div><\/div><\/div><\/div>\n\n\n\n<div class=\"wp-block-endeavour-wp-blocks-slider-card slider-card__outer-wrapper swiper-slide    \"><div class=\"slider-card__wrapper\"><div class=\"slider-card__inner-wrapper\"><a href=\"https:\/\/beursvanberlage.com\/de\/besuchen\/the-seafood-bar\/\" target=\"_self\" rel=\"noopener\" class=\"slider-card__link  slider-card__link--no-shadow\"><\/a><img decoding=\"async\" class=\"slider-card__image\" src=\"https:\/\/beursvanberlage.com\/app\/uploads\/2024\/10\/Seafood-6.png\" alt=\"Card Image\"\/><div class=\"slider-card__content\"><h4 class=\"slider-card__title\">The Seafood Bar<\/h4><\/div><\/div><\/div><\/div>\n\n\n\n<div class=\"wp-block-endeavour-wp-blocks-slider-card slider-card__outer-wrapper swiper-slide    \"><div class=\"slider-card__wrapper\"><div class=\"slider-card__inner-wrapper\"><a href=\"https:\/\/beursvanberlage.com\/de\/besuchen\/tonys-chocolonely-super-store\/\" target=\"_self\" rel=\"noopener\" class=\"slider-card__link  slider-card__link--no-shadow\"><\/a><img decoding=\"async\" class=\"slider-card__image\" src=\"https:\/\/beursvanberlage.com\/app\/uploads\/2024\/09\/1066_90_80_kar_tonys_chocolonely_super_store_06.jpg\" alt=\"Card Image\"\/><div class=\"slider-card__content\"><h4 class=\"slider-card__title\">Tony Chocolonely&#8217;s Store<\/h4><\/div><\/div><\/div><\/div>\n\n\n\n<div class=\"wp-block-endeavour-wp-blocks-slider-card slider-card__outer-wrapper swiper-slide    \" data-description=\"Er\u00f6ffnung Ende Dezember 2025\"><div class=\"slider-card__wrapper\"><div class=\"slider-card__inner-wrapper\"><a href=\"https:\/\/beursvanberlage.com\/de\/besuchen\/house-of-noa\/\" target=\"_self\" rel=\"noopener\" class=\"slider-card__link  slider-card__link--no-shadow\"><\/a><img decoding=\"async\" class=\"slider-card__image\" src=\"https:\/\/beursvanberlage.com\/app\/uploads\/2025\/11\/573675947_17871841302448294_5557229870272324843_n.jpg\" alt=\"Card Image\"\/><div class=\"slider-card__content\"><h4 class=\"slider-card__title\">House of Noa<\/h4><\/div><\/div><\/div><\/div>\n<\/div><\/div><\/div><\/div><\/div>\n<\/div><\/section>\n<\/div><\/section>\n","protected":false},"excerpt":{"rendered":"","protected":false},"author":2,"featured_media":6546,"parent":6422,"menu_order":0,"comment_status":"closed","ping_status":"closed","template":"","meta":{"content-type":"","footnotes":""},"class_list":["post-6553","page","type-page","status-publish","has-post-thumbnail","hentry"],"_links":{"self":[{"href":"https:\/\/beursvanberlage.com\/de\/wp-json\/wp\/v2\/pages\/6553","targetHints":{"allow":["GET"]}}],"collection":[{"href":"https:\/\/beursvanberlage.com\/de\/wp-json\/wp\/v2\/pages"}],"about":[{"href":"https:\/\/beursvanberlage.com\/de\/wp-json\/wp\/v2\/types\/page"}],"author":[{"embeddable":true,"href":"https:\/\/beursvanberlage.com\/de\/wp-json\/wp\/v2\/users\/2"}],"replies":[{"embeddable":true,"href":"https:\/\/beursvanberlage.com\/de\/wp-json\/wp\/v2\/comments?post=6553"}],"version-history":[{"count":3,"href":"https:\/\/beursvanberlage.com\/de\/wp-json\/wp\/v2\/pages\/6553\/revisions"}],"predecessor-version":[{"id":6556,"href":"https:\/\/beursvanberlage.com\/de\/wp-json\/wp\/v2\/pages\/6553\/revisions\/6556"}],"up":[{"embeddable":true,"href":"https:\/\/beursvanberlage.com\/de\/wp-json\/wp\/v2\/pages\/6422"}],"wp:featuredmedia":[{"embeddable":true,"href":"https:\/\/beursvanberlage.com\/de\/wp-json\/wp\/v2\/media\/6546"}],"wp:attachment":[{"href":"https:\/\/beursvanberlage.com\/de\/wp-json\/wp\/v2\/media?parent=6553"}],"curies":[{"name":"wp","href":"https:\/\/api.w.org\/{rel}","templated":true}]}}