{"id":6527,"date":"2024-09-11T13:20:17","date_gmt":"2024-09-11T13:20:17","guid":{"rendered":"https:\/\/beursvanberlage.com\/?page_id=6527"},"modified":"2025-04-11T11:04:22","modified_gmt":"2025-04-11T11:04:22","slug":"barrierefreiheit","status":"publish","type":"page","link":"https:\/\/beursvanberlage.com\/de\/besuchen\/barrierefreiheit\/","title":{"rendered":"Barrierefreiheit"},"content":{"rendered":"<div class=\"wp-block-endeavour-wp-blocks-banner-w-content-card wp-block-endeavour-wp-blocks-banner-w-content-card\">\n    <div class=\"banner-w-content-card__outer-wrapper\">\n        <div class=\"banner-w-content-card__image-wrapper\">\n                            <img decoding=\"async\" class=\"banner-w-content-card__image\" src=\"https:\/\/beursvanberlage.com\/app\/uploads\/2024\/09\/BvB-Entree-Damrak-10.jpg\" alt=\"Banner Image\" \/>\n                    <\/div>\n\n        <div class=\"banner-w-content-card__content-wrapper\">\n            <div class=\"content-wrapper\">\n                <div class=\"banner-w-content-card__text-wrapper\">\n                                            <div class=\"banner-w-content-card__breadcrumbs\">\n                                                                                            <a\n                                        href=\"https:\/\/beursvanberlage.com\/de\/besuchen\/\"\n                                        class=\"banner-w-content-card__breadcrumb-link \">\n                                    Besuchen                                <\/a>\n                                                                    <span class=\"banner-w-content-card__breadcrumb-separator\"> \/ <\/span>\n                                                                                                                            <a\n                                        href=\"#\"\n                                        class=\"banner-w-content-card__breadcrumb-link banner-w-content-card__breadcrumb-link--active\">\n                                    Barrierefreiheit                                <\/a>\n                                                                                    <\/div>\n                    \n                                            <h1 class=\"banner-w-content-card__title\">\n                            Barrierefreiheit                        <\/h1>\n                    \n                                            <p class=\"banner-w-content-card__description\">\n                            Die Beurs van Berlage ist f\u00fcr alle zug\u00e4nglich. Trotz ihres Denkmalschutzes und der vielen Treppen im Geb\u00e4ude verf\u00fcgen wir \u00fcber Einrichtungen, um Besucher mit Behinderungen zu empfangen.                        <\/p>\n                                    <\/div>\n            <\/div>\n        <\/div>\n    <\/div>\n<\/div>\n\n\n\n<div class=\"wp-block-endeavour-wp-blocks-custom-spacer custom-spacer    \"><div style=\"height:1rem\" class=\"custom-spacer__mobile\"><\/div><div style=\"height:3rem\" class=\"custom-spacer__desktop\"><\/div><\/div>\n\n\n\n<div class=\"wp-block-endeavour-wp-blocks-site-side-bar side-bar-block alignfull    \" style=\"position:sticky\"><div class=\"side-bar-block__swiper swiper\"><ul class=\"side-bar-block__anchor-list side-bar-block__anchor-list--slider  swiper-wrapper\"><li class=\"side-bar-block__anchor-item swiper-slide\"><a href=\"#toegankelijkheid\" class=\"side-bar-block__anchor-link\">Barrierefreiheit<\/a><\/li><li class=\"side-bar-block__anchor-item swiper-slide\"><a href=\"#visuele-beperkingen\" class=\"side-bar-block__anchor-link\">Sehbehinderungen<\/a><\/li><li class=\"side-bar-block__anchor-item swiper-slide\"><a href=\"#meer-in-de-beurs\" class=\"side-bar-block__anchor-link\">Entdecken Sie die Beurs<\/a><\/li><li class=\"side-bar-block__anchor-item swiper-slide\"><a href=\"#Contact\" class=\"side-bar-block__anchor-link\">Kontakt<\/a><\/li><\/ul><\/div><ul class=\"side-bar-block__anchor-list side-bar-block__anchor-list--desktop\"><li class=\"side-bar-block__anchor-item\"><a href=\"#toegankelijkheid\" class=\"side-bar-block__anchor-link side-bar-block__anchor-link--desktop\">Barrierefreiheit<\/a><\/li><li class=\"side-bar-block__anchor-item\"><a href=\"#visuele-beperkingen\" class=\"side-bar-block__anchor-link side-bar-block__anchor-link--desktop\">Sehbehinderungen<\/a><\/li><li class=\"side-bar-block__anchor-item\"><a href=\"#meer-in-de-beurs\" class=\"side-bar-block__anchor-link side-bar-block__anchor-link--desktop\">Entdecken Sie die Beurs<\/a><\/li><li class=\"side-bar-block__anchor-item\"><a href=\"#Contact\" class=\"side-bar-block__anchor-link side-bar-block__anchor-link--desktop\">Kontakt<\/a><\/li><\/ul><\/div>\n\n\n\n<div class=\"wp-block-endeavour-wp-blocks-custom-spacer custom-spacer    \"><div style=\"height:1rem\" class=\"custom-spacer__mobile\"><\/div><div style=\"height:3rem\" class=\"custom-spacer__desktop\"><\/div><\/div>\n\n\n\n<section class=\"wp-block-endeavour-wp-blocks-content-container content-container    \" id=\"toegankelijkheid\"><div class=\"wp-block-endeavour-wp-blocks-content-container content-container__inner content-container__inner--medium    \" id=\"toegankelijkheid\">\n<div class=\"wp-block-endeavour-wp-blocks-image-w-text-cta    \"><div class=\"image-w-text-cta__outer-wrapper\"><div class=\"content-wrapper\"><div class=\"image-w-text-cta__inner-wrapper\"><div class=\"image-w-text-cta__content-wrapper\"><h4 class=\"image-w-text-cta__title\">Zug\u00e4nglich f\u00fcr alle<\/h4><div class=\"image-w-text-cta__text\">Die Barrierefreiheit beginnt bereits am Haupteingang. Dank eines clever integrierten Aufzugs k\u00f6nnen auch Besucher mit Behinderungen die Beurs \u00fcber die Treppen des Haupteingangs betreten.<br><br>Alle Haupts\u00e4le der Beurs van Berlage befinden sich im Erdgeschoss und verf\u00fcgen \u00fcber breite, schwellenlose Eing\u00e4nge, die vollst\u00e4ndig rollstuhlgerecht sind.<br><br>Weitere Breakout-R\u00e4ume befinden sich im ersten Stock oder im Untergeschoss, die beide bequem \u00fcber einen ger\u00e4umigen Glasaufzug erreichbar sind.<\/div><div class=\"wp-block-endeavour-wp-blocks-image-w-text-cta    \">\n\n<p class=\"undefined    \"><\/p>\n\n<\/div><\/div><div class=\"image-w-text-cta__image-wrapper\"><img decoding=\"async\" class=\"image-w-text-cta__image\" src=\"https:\/\/beursvanberlage.com\/app\/uploads\/2024\/09\/Traplift-hoofdentree.gif\" alt=\"Uploaded Media\"\/><\/div><\/div><\/div><\/div><\/div>\n<\/div><\/section>\n\n\n\n<div class=\"wp-block-endeavour-wp-blocks-custom-spacer custom-spacer    \"><div style=\"height:1rem\" class=\"custom-spacer__mobile\"><\/div><div style=\"height:3rem\" class=\"custom-spacer__desktop\"><\/div><\/div>\n\n\n\n<section class=\"wp-block-endeavour-wp-blocks-content-container content-container    \"><div class=\"wp-block-endeavour-wp-blocks-content-container content-container__inner content-container__inner--full    \">\n<section class=\"wp-block-endeavour-wp-blocks-full-width-banner full-width-banner    \"><img decoding=\"async\" src=\"https:\/\/beursvanberlage.com\/app\/uploads\/2024\/09\/Beurs-van-Berlage-Amsterdam.jpg\" alt=\"\" class=\"full-width-banner__image\"\/><\/section>\n<\/div><\/section>\n\n\n\n<div class=\"wp-block-endeavour-wp-blocks-custom-spacer custom-spacer    \"><div style=\"height:1rem\" class=\"custom-spacer__mobile\"><\/div><div style=\"height:3rem\" class=\"custom-spacer__desktop\"><\/div><\/div>\n\n\n\n<section class=\"wp-block-endeavour-wp-blocks-content-container content-container    \" id=\"visuele-beperkingen\"><div class=\"wp-block-endeavour-wp-blocks-content-container content-container__inner content-container__inner--medium    \" id=\"visuele-beperkingen\">\n<div class=\"wp-block-columns is-layout-flex wp-container-core-columns-is-layout-28f84493 wp-block-columns-is-layout-flex\">\n<div class=\"wp-block-column is-layout-flow wp-block-column-is-layout-flow\">\n<h4 class=\"wp-block-heading    \">Sehbehinderungen<\/h4>\n\n\n\n<p class=\"undefined    \">Die Beurs van Berlage ist auch f\u00fcr Besucher mit Sehbehinderungen bestens ausgestattet. Dazu geh\u00f6ren klare Markierungen an Treppenstufen, um das Ende jeder Treppe anzuzeigen, sowie Aufzugskn\u00f6pfe, die speziell f\u00fcr sehbehinderte Besucher entwickelt wurden.<\/p>\n<\/div>\n<\/div>\n<\/div><\/section>\n\n\n\n<section class=\"wp-block-endeavour-wp-blocks-content-container content-container    \" id=\"meer-in-de-beurs\"><div class=\"wp-block-endeavour-wp-blocks-content-container content-container__inner content-container__inner--full    \" id=\"meer-in-de-beurs\">\n<section class=\"wp-block-endeavour-wp-blocks-content-container content-container    \" id=\"meer-beleven-in-de-Beurs\"><div class=\"wp-block-endeavour-wp-blocks-content-container content-container__inner content-container__inner--full    \" id=\"meer-beleven-in-de-Beurs\">\n<div class=\"wp-block-endeavour-wp-blocks-slider slider  custom-align-right  \"><div class=\"content-wrapper\"><div class=\"slider__wrapper\"><div class=\"slider__text-wrapper\"><h3 class=\"slider__title\">Mehr erleben in der Beurs?<\/h3><p class=\"slider__description\">Die Beurs van Berlage ist der zentrale Ort im Herzen Amsterdams, an dem Geschichte und moderne Veranstaltungen aufeinandertreffen.<\/p><div class=\"slider__controls-wrapper\"><div class=\"slider__prev swiper-button-prev\"><svg width=\"25\" height=\"16\" viewBox=\"0 0 25 16\" fill=\"none\" xmlns=\"http:\/\/www.w3.org\/2000\/svg\"><path d=\"M1.32812 7.20312L7.70312 0.875C8.125 0.40625 8.82812 0.40625 9.25 0.875C9.71875 1.29688 9.71875 2 9.25 2.42188L4.79688 6.875H23.875C24.4844 6.875 25 7.39062 25 8C25 8.65625 24.4844 9.125 23.875 9.125L4.79688 9.17188L9.25 13.625C9.71875 14.0469 9.71875 14.75 9.25 15.1719C8.82812 15.6406 8.125 15.6406 7.70312 15.1719L1.32812 8.79688C0.859375 8.375 0.859375 7.67188 1.32812 7.20312Z\" fill=\"currentColor\"><\/path><\/svg><\/div><div class=\"slider__next swiper-button-next\"><svg width=\"25\" height=\"16\" viewBox=\"0 0 25 16\" fill=\"none\" xmlns=\"http:\/\/www.w3.org\/2000\/svg\"><path d=\"M23.6719 8.79688L17.2969 15.1719C16.8281 15.6406 16.125 15.6406 15.7031 15.1719C15.2344 14.75 15.2344 14.0469 15.7031 13.5781L20.1562 9.125H1.125C0.46875 9.125 0 8.65625 0 8C0 7.39062 0.46875 6.875 1.125 6.875H20.1562L15.7031 2.42188C15.2344 2 15.2344 1.29688 15.7031 0.828125C16.125 0.40625 16.8281 0.40625 17.2969 0.828125L23.6719 7.25C24.0938 7.67188 24.0938 8.375 23.6719 8.79688Z\" fill=\"currentColor\"><\/path><\/svg><\/div><\/div><\/div><div class=\"slider__cards-outer-wrapper swiper\"><div class=\"slider__cards-wrapper swiper-wrapper\">\n<div class=\"wp-block-endeavour-wp-blocks-slider-card slider-card__outer-wrapper swiper-slide    \"><div class=\"slider-card__wrapper\"><div class=\"slider-card__inner-wrapper\"><a href=\"https:\/\/beursvanberlage.com\/de\/besuchen\/bistro-berlage\/\" target=\"_self\" rel=\"noopener\" class=\"slider-card__link  slider-card__link--no-shadow\"><\/a><img decoding=\"async\" class=\"slider-card__image\" src=\"https:\/\/beursvanberlage.com\/app\/uploads\/2024\/09\/Bistro-Berlage-Amsterdam2.jpg\" alt=\"Card Image\"\/><div class=\"slider-card__content\"><h4 class=\"slider-card__title\">Bistro Berlage<\/h4><\/div><\/div><\/div><\/div>\n\n\n\n<div class=\"wp-block-endeavour-wp-blocks-slider-card slider-card__outer-wrapper swiper-slide    \"><div class=\"slider-card__wrapper\"><div class=\"slider-card__inner-wrapper\"><a href=\"https:\/\/beursvanberlage.com\/de\/besuchen\/sherlocked\/\" target=\"_self\" rel=\"noopener\" class=\"slider-card__link  slider-card__link--no-shadow\"><\/a><img decoding=\"async\" class=\"slider-card__image\" src=\"https:\/\/beursvanberlage.com\/app\/uploads\/2024\/10\/Sherlocked-4.png\" alt=\"Card Image\"\/><div class=\"slider-card__content\"><h4 class=\"slider-card__title\">Sherlocked<\/h4><\/div><\/div><\/div><\/div>\n\n\n\n<div class=\"wp-block-endeavour-wp-blocks-slider-card slider-card__outer-wrapper swiper-slide    \"><div class=\"slider-card__wrapper\"><div class=\"slider-card__inner-wrapper\"><a href=\"https:\/\/beursvanberlage.com\/de\/besuchen\/meet-berlage\/\" target=\"_self\" rel=\"noopener\" class=\"slider-card__link  slider-card__link--no-shadow\"><\/a><img decoding=\"async\" class=\"slider-card__image\" src=\"https:\/\/beursvanberlage.com\/app\/uploads\/2024\/10\/Meet-Berlage-Coworking-Space-07-Kleiner.jpg\" alt=\"Card Image\"\/><div class=\"slider-card__content\"><h4 class=\"slider-card__title\">Meet Berlage<\/h4><\/div><\/div><\/div><\/div>\n\n\n\n<div class=\"wp-block-endeavour-wp-blocks-slider-card slider-card__outer-wrapper swiper-slide    \"><div class=\"slider-card__wrapper\"><div class=\"slider-card__inner-wrapper\"><a href=\"https:\/\/beursvanberlage.com\/de\/besuchen\/the-seafood-bar\/\" target=\"_self\" rel=\"noopener\" class=\"slider-card__link  slider-card__link--no-shadow\"><\/a><img decoding=\"async\" class=\"slider-card__image\" src=\"https:\/\/beursvanberlage.com\/app\/uploads\/2024\/10\/Seafood-6.png\" alt=\"Card Image\"\/><div class=\"slider-card__content\"><h4 class=\"slider-card__title\">The Seafood Bar<\/h4><\/div><\/div><\/div><\/div>\n\n\n\n<div class=\"wp-block-endeavour-wp-blocks-slider-card slider-card__outer-wrapper swiper-slide    \"><div class=\"slider-card__wrapper\"><div class=\"slider-card__inner-wrapper\"><a href=\"https:\/\/beursvanberlage.com\/de\/besuchen\/tonys-chocolonely-super-store\/\" target=\"_self\" rel=\"noopener\" class=\"slider-card__link  slider-card__link--no-shadow\"><\/a><img decoding=\"async\" class=\"slider-card__image\" src=\"https:\/\/beursvanberlage.com\/app\/uploads\/2024\/09\/1066_90_80_kar_tonys_chocolonely_super_store_06.jpg\" alt=\"Card Image\"\/><div class=\"slider-card__content\"><h4 class=\"slider-card__title\">Tony Chocolonely&#8217;s Store<\/h4><\/div><\/div><\/div><\/div>\n\n\n\n<div class=\"wp-block-endeavour-wp-blocks-slider-card slider-card__outer-wrapper swiper-slide    \" data-description=\"Er\u00f6ffnung Ende Dezember 2025\"><div class=\"slider-card__wrapper\"><div class=\"slider-card__inner-wrapper\"><a href=\"https:\/\/beursvanberlage.com\/de\/besuchen\/house-of-noa\/\" target=\"_self\" rel=\"noopener\" class=\"slider-card__link  slider-card__link--no-shadow\"><\/a><img decoding=\"async\" class=\"slider-card__image\" src=\"https:\/\/beursvanberlage.com\/app\/uploads\/2025\/11\/573675947_17871841302448294_5557229870272324843_n.jpg\" alt=\"Card Image\"\/><div class=\"slider-card__content\"><h4 class=\"slider-card__title\">House of Noa<\/h4><\/div><\/div><\/div><\/div>\n<\/div><\/div><\/div><\/div><\/div>\n<\/div><\/section>\n<\/div><\/section>\n\n\n\n<section class=\"wp-block-endeavour-wp-blocks-content-container content-container    \" id=\"Contact\"><div class=\"wp-block-endeavour-wp-blocks-content-container content-container__inner content-container__inner--full    \" id=\"Contact\">\n<div class=\"wp-block-endeavour-wp-blocks-contact-form     contact-form\"><div class=\"contact-form__outer-wrapper \"><div class=\"content-wrapper\"><div class=\"contact-form__inner-wrapper\"><div class=\"contact-form__content-wrapper\"><div class=\"contact-form__text-wrapper\"><h4 class=\"contact-form__title\">Kontakt zur Rezeption<\/h4><p class=\"contact-form__description\">F\u00fcllen Sie Ihre Daten aus, und wir melden uns so schnell wie m\u00f6glich, um Ihre Fragen zu beantworten. <br><br>Bitte beachten Sie, dass wir aufgrund der Gr\u00f6\u00dfe und des Charakters unserer Location ausschlie\u00dflich Anfragen f\u00fcr Gruppen <strong>ab 200 G\u00e4sten<\/strong> bearbeiten.<br><br><strong>Bevorzugen Sie direkten Kontakt? <\/strong><br>Rufen Sie die Rezeption unter <strong><a href=\"tel:+31205304141\">+31 (0)20 &#8211; 530 41 41<\/a><\/strong> an oder senden Sie eine E-Mail an <a href=\"mailto:info@beursvanberlage.com\">info@beursvanberlage.com<\/a>. <br><br>Wir freuen uns, Ihnen weiterhelfen zu k\u00f6nnen!<\/p><\/div><\/div><div class=\"contact-form__form-wrapper\"><script charset=\"utf-8\" type=\"text\/javascript\" src=\"\/\/js.hsforms.net\/forms\/embed\/v2.js\"><\/script>\n<script>\n  hbspt.forms.create({\n    portalId: \"5233325\",\n    formId: \"8aa3c8b4-a538-4516-a1f5-915aae598d67\"\n  });\n<\/script><\/div><\/div><\/div><\/div><\/div>\n<\/div><\/section>\n","protected":false},"excerpt":{"rendered":"","protected":false},"author":2,"featured_media":6421,"parent":6422,"menu_order":0,"comment_status":"closed","ping_status":"closed","template":"","meta":{"content-type":"","footnotes":""},"class_list":["post-6527","page","type-page","status-publish","has-post-thumbnail","hentry"],"_links":{"self":[{"href":"https:\/\/beursvanberlage.com\/de\/wp-json\/wp\/v2\/pages\/6527","targetHints":{"allow":["GET"]}}],"collection":[{"href":"https:\/\/beursvanberlage.com\/de\/wp-json\/wp\/v2\/pages"}],"about":[{"href":"https:\/\/beursvanberlage.com\/de\/wp-json\/wp\/v2\/types\/page"}],"author":[{"embeddable":true,"href":"https:\/\/beursvanberlage.com\/de\/wp-json\/wp\/v2\/users\/2"}],"replies":[{"embeddable":true,"href":"https:\/\/beursvanberlage.com\/de\/wp-json\/wp\/v2\/comments?post=6527"}],"version-history":[{"count":4,"href":"https:\/\/beursvanberlage.com\/de\/wp-json\/wp\/v2\/pages\/6527\/revisions"}],"predecessor-version":[{"id":11220,"href":"https:\/\/beursvanberlage.com\/de\/wp-json\/wp\/v2\/pages\/6527\/revisions\/11220"}],"up":[{"embeddable":true,"href":"https:\/\/beursvanberlage.com\/de\/wp-json\/wp\/v2\/pages\/6422"}],"wp:featuredmedia":[{"embeddable":true,"href":"https:\/\/beursvanberlage.com\/de\/wp-json\/wp\/v2\/media\/6421"}],"wp:attachment":[{"href":"https:\/\/beursvanberlage.com\/de\/wp-json\/wp\/v2\/media?parent=6527"}],"curies":[{"name":"wp","href":"https:\/\/api.w.org\/{rel}","templated":true}]}}