{"id":14103,"date":"2025-09-15T15:22:37","date_gmt":"2025-09-15T15:22:37","guid":{"rendered":"https:\/\/beursvanberlage.com\/?page_id=14103"},"modified":"2025-09-19T15:19:15","modified_gmt":"2025-09-19T15:19:15","slug":"contact-your-expert","status":"publish","type":"page","link":"https:\/\/beursvanberlage.com\/de\/contact-your-expert\/","title":{"rendered":"Contact your expert"},"content":{"rendered":"<div class=\"wp-block-endeavour-wp-blocks-banner-w-content-card\">\n    <div class=\"banner-w-content-card__outer-wrapper\">\n        <div class=\"banner-w-content-card__image-wrapper\">\n                            <img decoding=\"async\" class=\"banner-w-content-card__image\" src=\"https:\/\/beursvanberlage.com\/app\/uploads\/2024\/10\/20250514-Beurs-van-Berlage-by-MichielTon-LR69.jpg\" alt=\"Banner Image\" \/>\n                    <\/div>\n\n        <div class=\"banner-w-content-card__content-wrapper\">\n            <div class=\"content-wrapper\">\n                <div class=\"banner-w-content-card__text-wrapper\">\n                    \n                                            <h1 class=\"banner-w-content-card__title\">\n                            Contact our expert                        <\/h1>\n                    \n                                            <p class=\"banner-w-content-card__description\">\n                            Und stelle alle Fragen, die Sie haben.                        <\/p>\n                                    <\/div>\n            <\/div>\n        <\/div>\n    <\/div>\n<\/div>\n\n\n\n<div class=\"wp-block-endeavour-wp-blocks-custom-spacer custom-spacer    \"><div style=\"height:1rem\" class=\"custom-spacer__mobile\"><\/div><div style=\"height:3rem\" class=\"custom-spacer__desktop\"><\/div><\/div>\n\n\n\n<section class=\"wp-block-endeavour-wp-blocks-content-container content-container    \" id=\"experten\"><div class=\"wp-block-endeavour-wp-blocks-content-container content-container__inner content-container__inner--full    \" id=\"experten\">\n<div class=\"wp-block-endeavour-wp-blocks-slider slider  custom-align-right  \"><div class=\"content-wrapper\"><div class=\"slider__wrapper\"><div class=\"slider__text-wrapper\"><h3 class=\"slider__title\">Fragen Sie unsere Experten<\/h3><p class=\"slider__description\">Stellen Sie Ihre Frage an unsere Experten \u2013 zu Kongressen im Allgemeinen, zu Amsterdam oder sogar zur Farbe ihrer Socken. <br><br>Bitte beachten Sie, dass wir aufgrund der Gr\u00f6\u00dfe und des Charakters unserer Location ausschlie\u00dflich Anfragen f\u00fcr Gruppen ab 200 G\u00e4sten bearbeiten.<\/p><div class=\"slider__controls-wrapper\"><div class=\"slider__prev swiper-button-prev\"><svg width=\"25\" height=\"16\" viewBox=\"0 0 25 16\" fill=\"none\" xmlns=\"http:\/\/www.w3.org\/2000\/svg\"><path d=\"M1.32812 7.20312L7.70312 0.875C8.125 0.40625 8.82812 0.40625 9.25 0.875C9.71875 1.29688 9.71875 2 9.25 2.42188L4.79688 6.875H23.875C24.4844 6.875 25 7.39062 25 8C25 8.65625 24.4844 9.125 23.875 9.125L4.79688 9.17188L9.25 13.625C9.71875 14.0469 9.71875 14.75 9.25 15.1719C8.82812 15.6406 8.125 15.6406 7.70312 15.1719L1.32812 8.79688C0.859375 8.375 0.859375 7.67188 1.32812 7.20312Z\" fill=\"currentColor\"><\/path><\/svg><\/div><div class=\"slider__next swiper-button-next\"><svg width=\"25\" height=\"16\" viewBox=\"0 0 25 16\" fill=\"none\" xmlns=\"http:\/\/www.w3.org\/2000\/svg\"><path d=\"M23.6719 8.79688L17.2969 15.1719C16.8281 15.6406 16.125 15.6406 15.7031 15.1719C15.2344 14.75 15.2344 14.0469 15.7031 13.5781L20.1562 9.125H1.125C0.46875 9.125 0 8.65625 0 8C0 7.39062 0.46875 6.875 1.125 6.875H20.1562L15.7031 2.42188C15.2344 2 15.2344 1.29688 15.7031 0.828125C16.125 0.40625 16.8281 0.40625 17.2969 0.828125L23.6719 7.25C24.0938 7.67188 24.0938 8.375 23.6719 8.79688Z\" fill=\"currentColor\"><\/path><\/svg><\/div><\/div><\/div><div class=\"slider__cards-outer-wrapper swiper\"><div class=\"slider__cards-wrapper swiper-wrapper\">\n<div class=\"wp-block-endeavour-wp-blocks-slider-card slider-card__outer-wrapper swiper-slide    \"><div class=\"slider-card__wrapper\"><div class=\"slider-card__inner-wrapper\"><a href=\"https:\/\/beursvanberlage.com\/expert\/nouschka-griep\/\" target=\"_self\" rel=\"noopener\" class=\"slider-card__link  slider-card__link--no-shadow\"><\/a><img decoding=\"async\" class=\"slider-card__image\" src=\"https:\/\/beursvanberlage.com\/app\/uploads\/2024\/10\/20240412_Beurs_van_Berlage_004_2775.jpg\" alt=\"Card Image\"\/><div class=\"slider-card__content\"><h4 class=\"slider-card__title\">Nouschka Griep<\/h4><p class=\"slider-card__caption\">Senior Sales Manager (UK &amp; DACH)<\/p><\/div><\/div><\/div><\/div>\n\n\n\n<div class=\"wp-block-endeavour-wp-blocks-slider-card slider-card__outer-wrapper swiper-slide    \"><div class=\"slider-card__wrapper\"><div class=\"slider-card__inner-wrapper\"><a href=\"https:\/\/beursvanberlage.com\/expert\/jean-butler\/\" target=\"_self\" rel=\"noopener\" class=\"slider-card__link  \"><\/a><img decoding=\"async\" class=\"slider-card__image\" src=\"https:\/\/beursvanberlage.com\/app\/uploads\/2024\/10\/20240412_Beurs_van_Berlage_024_3133.jpg\" alt=\"Card Image\"\/><div class=\"slider-card__content\"><h4 class=\"slider-card__title\">Jean Butler<\/h4><p class=\"slider-card__caption\">Business Development Manager (FR + Associations)<\/p><\/div><\/div><\/div><\/div>\n\n\n\n<div class=\"wp-block-endeavour-wp-blocks-slider-card slider-card__outer-wrapper swiper-slide    \"><div class=\"slider-card__wrapper\"><div class=\"slider-card__inner-wrapper\"><a href=\"https:\/\/beursvanberlage.com\/expert\/danielle-coelen-meijer\/\" target=\"_self\" rel=\"noopener\" class=\"slider-card__link  \"><\/a><img decoding=\"async\" class=\"slider-card__image\" src=\"https:\/\/beursvanberlage.com\/app\/uploads\/2024\/10\/20230829_Beurs_van_Berlage_050_8959.jpg\" alt=\"Card Image\"\/><div class=\"slider-card__content\"><h4 class=\"slider-card__title\">Danielle Coelen &#8211; Meijer<\/h4><p class=\"slider-card__caption\">Sales Director (US)<\/p><\/div><\/div><\/div><\/div>\n\n\n\n<div class=\"wp-block-endeavour-wp-blocks-slider-card slider-card__outer-wrapper swiper-slide    \"><div class=\"slider-card__wrapper\"><div class=\"slider-card__inner-wrapper\"><a href=\"https:\/\/beursvanberlage.com\/expert\/rein-haaij\/\" target=\"_self\" rel=\"noopener\" class=\"slider-card__link  \"><\/a><img decoding=\"async\" class=\"slider-card__image\" src=\"https:\/\/beursvanberlage.com\/app\/uploads\/2024\/10\/20240412_Beurs_van_Berlage_008_2822.jpg\" alt=\"Card Image\"\/><div class=\"slider-card__content\"><h4 class=\"slider-card__title\">Rein Haaij<\/h4><p class=\"slider-card__caption\">Sales Manager (NL + other)<\/p><\/div><\/div><\/div><\/div>\n<\/div><\/div><\/div><\/div><\/div>\n<\/div><\/section>\n\n\n\n<div class=\"wp-block-endeavour-wp-blocks-custom-spacer custom-spacer    \"><div style=\"height:1rem\" class=\"custom-spacer__mobile\"><\/div><div style=\"height:3rem\" class=\"custom-spacer__desktop\"><\/div><\/div>\n\n\n\n<section class=\"wp-block-endeavour-wp-blocks-content-container content-container    \"><div class=\"wp-block-endeavour-wp-blocks-content-container content-container__inner content-container__inner--full    \">\n<div class=\"wp-block-endeavour-wp-blocks-contact-form     contact-form\"><div class=\"contact-form__outer-wrapper \"><div class=\"content-wrapper\"><div class=\"contact-form__inner-wrapper\"><div class=\"contact-form__content-wrapper\"><div class=\"contact-form__text-wrapper\"><h4 class=\"contact-form__title\">Kontaktieren Sie uns<\/h4><p class=\"contact-form__description\">Geben Sie Ihre Daten ein, und wir melden uns so schnell wie m\u00f6glich, um Ihre Fragen zu beantworten oder Ihre Pl\u00e4ne zu besprechen. <br><br>Bitte beachten Sie, dass wir aufgrund der Gr\u00f6\u00dfe und des Charakters unserer Location ausschlie\u00dflich Anfragen f\u00fcr Gruppen <strong>ab 200 G\u00e4sten<\/strong> bearbeiten.<br><br><strong>Bevorzugen Sie direkten Kontakt? <\/strong><br>Rufen Sie uns an unter <strong><a href=\"tel:+31205313355\">+31 (0)20 &#8211; 531 33 55<\/a><\/strong> oder schreiben Sie eine E-Mail an <a href=\"mailto:events@beursvanberlage.com\">events@beursvanberlage.com<\/a>. <br><br>Wir freuen uns darauf, Ihnen zu helfen!<\/p><\/div><\/div><div class=\"contact-form__form-wrapper\"><script charset=\"utf-8\" type=\"text\/javascript\" src=\"\/\/js.hsforms.net\/forms\/embed\/v2.js\"><\/script>\n<script>\n  hbspt.forms.create({\n    portalId: \"5233325\",\n    formId: \"8aa3c8b4-a538-4516-a1f5-915aae598d67\"\n  });\n<\/script><\/div><\/div><\/div><\/div><\/div>\n<\/div><\/section>\n","protected":false},"excerpt":{"rendered":"","protected":false},"author":2,"featured_media":0,"parent":0,"menu_order":0,"comment_status":"closed","ping_status":"closed","template":"","meta":{"content-type":"","footnotes":""},"class_list":["post-14103","page","type-page","status-publish","hentry"],"_links":{"self":[{"href":"https:\/\/beursvanberlage.com\/de\/wp-json\/wp\/v2\/pages\/14103","targetHints":{"allow":["GET"]}}],"collection":[{"href":"https:\/\/beursvanberlage.com\/de\/wp-json\/wp\/v2\/pages"}],"about":[{"href":"https:\/\/beursvanberlage.com\/de\/wp-json\/wp\/v2\/types\/page"}],"author":[{"embeddable":true,"href":"https:\/\/beursvanberlage.com\/de\/wp-json\/wp\/v2\/users\/2"}],"replies":[{"embeddable":true,"href":"https:\/\/beursvanberlage.com\/de\/wp-json\/wp\/v2\/comments?post=14103"}],"version-history":[{"count":7,"href":"https:\/\/beursvanberlage.com\/de\/wp-json\/wp\/v2\/pages\/14103\/revisions"}],"predecessor-version":[{"id":14196,"href":"https:\/\/beursvanberlage.com\/de\/wp-json\/wp\/v2\/pages\/14103\/revisions\/14196"}],"wp:attachment":[{"href":"https:\/\/beursvanberlage.com\/de\/wp-json\/wp\/v2\/media?parent=14103"}],"curies":[{"name":"wp","href":"https:\/\/api.w.org\/{rel}","templated":true}]}}