{"id":11419,"date":"2024-12-20T11:22:17","date_gmt":"2024-12-20T11:22:17","guid":{"rendered":"https:\/\/beursvanberlage.com\/veranstalten\/praktische-informationen\/brand-toolkit\/"},"modified":"2025-04-25T10:32:01","modified_gmt":"2025-04-25T10:32:01","slug":"brand-toolkit","status":"publish","type":"page","link":"https:\/\/beursvanberlage.com\/de\/veranstalten\/praktische-informationen\/brand-toolkit\/","title":{"rendered":"Brand toolkit"},"content":{"rendered":"<div class=\"wp-block-endeavour-wp-blocks-banner-w-content-card wp-block-endeavour-wp-blocks-banner-w-content-card\">\n    <div class=\"banner-w-content-card__outer-wrapper\">\n        <div class=\"banner-w-content-card__image-wrapper\">\n                            <img decoding=\"async\" class=\"banner-w-content-card__image\" src=\"https:\/\/beursvanberlage.com\/app\/uploads\/2024\/11\/20241009_08_35_Beurs-van-Berlage-DPW-Michiel-LR.jpg\" alt=\"Banner Image\" \/>\n                    <\/div>\n\n        <div class=\"banner-w-content-card__content-wrapper\">\n            <div class=\"content-wrapper\">\n                <div class=\"banner-w-content-card__text-wrapper\">\n                                            <div class=\"banner-w-content-card__breadcrumbs\">\n                                                                                            <a\n                                        href=\"https:\/\/beursvanberlage.com\/organise\/practical-information\/\"\n                                        class=\"banner-w-content-card__breadcrumb-link \">\n                                    Practical information                                <\/a>\n                                                                    <span class=\"banner-w-content-card__breadcrumb-separator\"> \/ <\/span>\n                                                                                                                            <a\n                                        href=\"https:\/\/beursvanberlage.com\/organise\/practical-information\/brand-toolkit\/\"\n                                        class=\"banner-w-content-card__breadcrumb-link \">\n                                    Brand toolkit                                <\/a>\n                                                                                    <\/div>\n                    \n                                            <h1 class=\"banner-w-content-card__title\">\n                            Brand toolkit                        <\/h1>\n                    \n                                            <p class=\"banner-w-content-card__description\">\n                            Dieses Toolkit wurde entwickelt, um Ihnen die notwendigen Werkzeuge bereitzustellen, mit denen Sie die Sichtbarkeit und Wirkung Ihrer Veranstaltung steigern k\u00f6nnen.\u00a0                        <\/p>\n                                    <\/div>\n            <\/div>\n        <\/div>\n    <\/div>\n<\/div>\n\n\n\n<div class=\"wp-block-endeavour-wp-blocks-custom-spacer custom-spacer    \"><div style=\"height:1rem\" class=\"custom-spacer__mobile\"><\/div><div style=\"height:3rem\" class=\"custom-spacer__desktop\"><\/div><\/div>\n\n\n\n<section class=\"wp-block-endeavour-wp-blocks-content-container content-container    \" id=\"Beursstraat-6\"><div class=\"wp-block-endeavour-wp-blocks-content-container content-container__inner content-container__inner--medium    \" id=\"Beursstraat-6\">\n<div class=\"wp-block-endeavour-wp-blocks-image-w-text-cta    \"><div class=\"image-w-text-cta__outer-wrapper\"><div class=\"content-wrapper\"><div class=\"image-w-text-cta__inner-wrapper\"><div class=\"image-w-text-cta__content-wrapper\"><h4 class=\"image-w-text-cta__title\">Inhalt<\/h4><div class=\"image-w-text-cta__text\"><strong>1. Logos:<\/strong><br>Zugriff auf hochwertige Versionen des Beurs van Berlage-Logos in verschiedenen Formaten und Farben (Schwarz, Gold und Wei\u00df), passend zu Ihren Branding-Anforderungen.<br><strong><br>2. Fotografien:<\/strong><br>Eine Auswahl an professionellen Fotografien, die die Pracht und Vielseitigkeit der Beurs van Berlage zeigen. Verwenden Sie diese Bilder, um Ihr Werbematerial aufzuwerten und Ihrem Publikum einen Eindruck von unserem beeindruckenden Veranstaltungsort zu vermitteln. Auch die 3D-Bilder der Beurs finden Sie in diesem Ordner.<br><strong><br>3. Beispieltexte:<\/strong><br>Fertige Textbausteine \u00fcber die Beurs van Berlage. Diese Texte heben unsere Geschichte, unsere Einrichtungen und unseren au\u00dfergew\u00f6hnlichen Service hervor und helfen Ihnen, das Prestige und die Attraktivit\u00e4t einer Veranstaltung bei uns zu vermitteln.<br><br><strong>4. Hotelbuchungs-Buttons:<\/strong><br>Um Ihre Veranstaltungsteilnehmer zur Buchung eines Hotelzimmers \u00fcber die Hotelservices-Abteilung der Beurs van Berlage zu motivieren, k\u00f6nnen Sie die Buttons verwenden, die Sie in diesem Toolkit finden.<br><br><strong>5. B-Roll-Material<\/strong>:<br>Nutzen Sie eines der (historischen) Videos, um Ihren Besuchern zu zeigen, was sie bei ihrer Ankunft in der Beurs van Berlage erwartet.<br><br>Durch die Nutzung der Elemente dieses Toolkits stellen Sie sicher, dass Ihre Veranstaltungsunterlagen perfekt mit der prestigetr\u00e4chtigen Marke der Beurs van Berlage \u00fcbereinstimmen.<br>Vom ersten Kontakt mit Ihren Teilnehmern bis zum Veranstaltungstag erleben sie die Exzellenz und den Glanz, f\u00fcr die unser Veranstaltungsort bekannt ist..<\/div><div class=\"wp-block-endeavour-wp-blocks-image-w-text-cta    \">\n<div class=\"wp-block-endeavour-wp-blocks-buttons-wrapper    \"><div class=\"wp-block-endeavour-wp-blocks-buttons-wrapper     buttons-wrapper__wrapper\">\n<div class=\"wp-block-endeavour-wp-blocks-main-button     main-button\"><a class=\"main-button__wrapper main-button__wrapper--is-primary\" href=\"https:\/\/indd.adobe.com\/view\/fe12740a-5b0e-416c-9c03-ca8968656079\" target=\"_blank\" rel=\"noopener\">Brosch\u00fcre lesen<\/a><\/div>\n\n\n\n<div class=\"wp-block-endeavour-wp-blocks-main-button     main-button\"><a class=\"main-button__wrapper main-button__wrapper--is-secondary\" href=\"https:\/\/drive.google.com\/drive\/folders\/1jYJGwJIy_wkShvchlhTij3U-NBhSeQrA?usp=drive_link\" target=\"_blank\" rel=\"noopener\">Toolkit aufrufen<\/a><\/div>\n<\/div><\/div>\n<\/div><\/div><div class=\"image-w-text-cta__image-wrapper\"><img decoding=\"async\" class=\"image-w-text-cta__image\" src=\"https:\/\/beursvanberlage.com\/app\/uploads\/2024\/12\/mockup-brand-toolkit.png\" alt=\"Uploaded Media\" loading=\"lazy\"\/><\/div><\/div><\/div><\/div><\/div>\n<\/div><\/section>\n\n\n\n<div class=\"wp-block-endeavour-wp-blocks-custom-spacer custom-spacer    \"><div style=\"height:1rem\" class=\"custom-spacer__mobile\"><\/div><div style=\"height:3rem\" class=\"custom-spacer__desktop\"><\/div><\/div>\n\n\n\n<section class=\"wp-block-endeavour-wp-blocks-content-container content-container    \" id=\"contact\"><div class=\"wp-block-endeavour-wp-blocks-content-container content-container__inner content-container__inner--full    \" id=\"contact\">\n<div class=\"wp-block-endeavour-wp-blocks-contact-form     contact-form\"><div class=\"contact-form__outer-wrapper \"><div class=\"content-wrapper\"><div class=\"contact-form__inner-wrapper\"><div class=\"contact-form__content-wrapper\"><div class=\"contact-form__text-wrapper\"><h4 class=\"contact-form__title\">Kontaktieren Sie uns<\/h4><p class=\"contact-form__description\">Geben Sie Ihre Daten ein, und wir melden uns so schnell wie m\u00f6glich, um Ihre Fragen zu beantworten oder Ihre Pl\u00e4ne zu besprechen. <br><br>Bitte beachten Sie, dass wir aufgrund der Gr\u00f6\u00dfe und des Charakters unserer Location ausschlie\u00dflich Anfragen f\u00fcr Gruppen <strong>ab 200 G\u00e4sten<\/strong> bearbeiten.<br><br><strong>Bevorzugen Sie direkten Kontakt? <\/strong><br>Rufen Sie uns an unter <strong><a href=\"tel:+31205313355\">+31 (0)20 &#8211; 531 33 55<\/a><\/strong> oder schreiben Sie eine E-Mail an <a href=\"mailto:events@beursvanberlage.com\">events@beursvanberlage.com<\/a>. <br><br>Wir freuen uns darauf, Ihnen zu helfen!<\/p><\/div><\/div><div class=\"contact-form__form-wrapper\"><script charset=\"utf-8\" type=\"text\/javascript\" src=\"\/\/js.hsforms.net\/forms\/embed\/v2.js\"><\/script>\n<script>\n  hbspt.forms.create({\n    portalId: \"5233325\",\n    formId: \"8aa3c8b4-a538-4516-a1f5-915aae598d67\"\n  });\n<\/script><\/div><\/div><\/div><\/div><\/div>\n<\/div><\/section>\n","protected":false},"excerpt":{"rendered":"","protected":false},"author":2,"featured_media":9391,"parent":8035,"menu_order":0,"comment_status":"closed","ping_status":"closed","template":"","meta":{"content-type":"","footnotes":""},"class_list":["post-11419","page","type-page","status-publish","has-post-thumbnail","hentry"],"_links":{"self":[{"href":"https:\/\/beursvanberlage.com\/de\/wp-json\/wp\/v2\/pages\/11419","targetHints":{"allow":["GET"]}}],"collection":[{"href":"https:\/\/beursvanberlage.com\/de\/wp-json\/wp\/v2\/pages"}],"about":[{"href":"https:\/\/beursvanberlage.com\/de\/wp-json\/wp\/v2\/types\/page"}],"author":[{"embeddable":true,"href":"https:\/\/beursvanberlage.com\/de\/wp-json\/wp\/v2\/users\/2"}],"replies":[{"embeddable":true,"href":"https:\/\/beursvanberlage.com\/de\/wp-json\/wp\/v2\/comments?post=11419"}],"version-history":[{"count":1,"href":"https:\/\/beursvanberlage.com\/de\/wp-json\/wp\/v2\/pages\/11419\/revisions"}],"predecessor-version":[{"id":11421,"href":"https:\/\/beursvanberlage.com\/de\/wp-json\/wp\/v2\/pages\/11419\/revisions\/11421"}],"up":[{"embeddable":true,"href":"https:\/\/beursvanberlage.com\/de\/wp-json\/wp\/v2\/pages\/8035"}],"wp:featuredmedia":[{"embeddable":true,"href":"https:\/\/beursvanberlage.com\/de\/wp-json\/wp\/v2\/media\/9391"}],"wp:attachment":[{"href":"https:\/\/beursvanberlage.com\/de\/wp-json\/wp\/v2\/media?parent=11419"}],"curies":[{"name":"wp","href":"https:\/\/api.w.org\/{rel}","templated":true}]}}