{"id":11384,"date":"2025-04-25T09:47:09","date_gmt":"2025-04-25T09:47:09","guid":{"rendered":"https:\/\/beursvanberlage.com\/?page_id=11384"},"modified":"2025-07-09T09:13:53","modified_gmt":"2025-07-09T09:13:53","slug":"the-curve","status":"publish","type":"page","link":"https:\/\/beursvanberlage.com\/de\/veranstalten\/praktische-informationen\/the-curve\/","title":{"rendered":"The Curve"},"content":{"rendered":"<div class=\"wp-block-endeavour-wp-blocks-banner-w-content-card wp-block-endeavour-wp-blocks-banner-w-content-card\">\n    <div class=\"banner-w-content-card__outer-wrapper\">\n        <div class=\"banner-w-content-card__image-wrapper\">\n                            <img decoding=\"async\" class=\"banner-w-content-card__image\" src=\"https:\/\/beursvanberlage.com\/app\/uploads\/2025\/04\/20250417-beurs-van-berlage-by-MichielTon-LR9.jpg\" alt=\"Banner Image\" \/>\n                    <\/div>\n\n        <div class=\"banner-w-content-card__content-wrapper\">\n            <div class=\"content-wrapper\">\n                <div class=\"banner-w-content-card__text-wrapper\">\n                                            <div class=\"banner-w-content-card__breadcrumbs\">\n                                                                                            <a\n                                        href=\"https:\/\/beursvanberlage.com\/de\/veranstalten\/praktische-informationen\/\"\n                                        class=\"banner-w-content-card__breadcrumb-link \">\n                                    Praktische Informationen                                <\/a>\n                                                                    <span class=\"banner-w-content-card__breadcrumb-separator\"> \/ <\/span>\n                                                                                                                            <a\n                                        href=\"#\"\n                                        class=\"banner-w-content-card__breadcrumb-link banner-w-content-card__breadcrumb-link--active\">\n                                    The Curve                                <\/a>\n                                                                                    <\/div>\n                    \n                                            <h1 class=\"banner-w-content-card__title\">\n                            The Curve                        <\/h1>\n                    \n                                            <p class=\"banner-w-content-card__description\">\n                            In der Effectenbeurszaal finden Sie unsere beeindruckende Curve \u2013 ein multifunktionaler digitaler B\u00fchnenhintergrund mit konkavem Design.\u00a0                        <\/p>\n                                    <\/div>\n            <\/div>\n        <\/div>\n    <\/div>\n<\/div>\n\n\n\n<div class=\"wp-block-endeavour-wp-blocks-custom-spacer custom-spacer    \"><div style=\"height:1rem\" class=\"custom-spacer__mobile\"><\/div><div style=\"height:3rem\" class=\"custom-spacer__desktop\"><\/div><\/div>\n\n\n\n<div class=\"wp-block-endeavour-wp-blocks-site-side-bar side-bar-block alignfull    \" style=\"position:sticky\"><div class=\"side-bar-block__swiper swiper\"><ul class=\"side-bar-block__anchor-list side-bar-block__anchor-list--slider  swiper-wrapper\"><li class=\"side-bar-block__anchor-item swiper-slide\"><a href=\"#The-Curve\" class=\"side-bar-block__anchor-link\">The Curve<\/a><\/li><li class=\"side-bar-block__anchor-item swiper-slide\"><a href=\"#Visualizer\" class=\"side-bar-block__anchor-link\">3D Stage Visualizer<\/a><\/li><li class=\"side-bar-block__anchor-item swiper-slide\"><a href=\"#contact\" class=\"side-bar-block__anchor-link\">Kontakt<\/a><\/li><\/ul><\/div><ul class=\"side-bar-block__anchor-list side-bar-block__anchor-list--desktop\"><li class=\"side-bar-block__anchor-item\"><a href=\"#The-Curve\" class=\"side-bar-block__anchor-link side-bar-block__anchor-link--desktop\">The Curve<\/a><\/li><li class=\"side-bar-block__anchor-item\"><a href=\"#Visualizer\" class=\"side-bar-block__anchor-link side-bar-block__anchor-link--desktop\">3D Stage Visualizer<\/a><\/li><li class=\"side-bar-block__anchor-item\"><a href=\"#contact\" class=\"side-bar-block__anchor-link side-bar-block__anchor-link--desktop\">Kontakt<\/a><\/li><\/ul><\/div>\n\n\n\n<div class=\"wp-block-endeavour-wp-blocks-custom-spacer custom-spacer    \"><div style=\"height:1rem\" class=\"custom-spacer__mobile\"><\/div><div style=\"height:3rem\" class=\"custom-spacer__desktop\"><\/div><\/div>\n\n\n\n<section class=\"wp-block-endeavour-wp-blocks-content-container content-container    \" id=\"The-Curve\"><div class=\"wp-block-endeavour-wp-blocks-content-container content-container__inner content-container__inner--medium    \" id=\"The-Curve\">\n<div class=\"wp-block-endeavour-wp-blocks-image-w-text-cta    \"><div class=\"image-w-text-cta__outer-wrapper\"><div class=\"content-wrapper\"><div class=\"image-w-text-cta__inner-wrapper\"><div class=\"image-w-text-cta__content-wrapper\"><h4 class=\"image-w-text-cta__title\">The Curve<\/h4><div class=\"image-w-text-cta__text\">Die Curve f\u00fcgt sich nahtlos in die historische Umgebung der Effectenbeurszaal ein und verleiht dem B\u00fchnendesign Ihres Events ein dynamisches und flexibles Element. Sie kann als Live-Hintergrund f\u00fcr Ihre Event-Gestaltung, visuelle Identit\u00e4t oder Ihr Thema eingesetzt werden. Ob Pr\u00e4sentationen, externe Inhalte oder Fullscreen-Medien \u2013 die Curve sorgt f\u00fcr ein eindrucksvolles und immersives visuelles Erlebnis f\u00fcr Ihr Publikum.<\/div><div class=\"wp-block-endeavour-wp-blocks-image-w-text-cta    \">\n<div class=\"wp-block-endeavour-wp-blocks-buttons-wrapper    \"><div class=\"wp-block-endeavour-wp-blocks-buttons-wrapper     buttons-wrapper__wrapper\">\n<div class=\"wp-block-endeavour-wp-blocks-main-button     main-button\"><a class=\"main-button__wrapper main-button__wrapper--is-primary\" href=\"https:\/\/beursvanberlage.com\/app\/uploads\/2025\/07\/Beurs-van-Berlage_The-Curve.pdf\" target=\"_blank\" rel=\"noopener\">The Curve brochure<\/a><\/div>\n<\/div><\/div>\n<\/div><\/div><div class=\"image-w-text-cta__image-wrapper\"><img decoding=\"async\" class=\"image-w-text-cta__image\" src=\"https:\/\/beursvanberlage.com\/app\/uploads\/2025\/04\/20250328_Beurs_van_Berlage_069_3541-scaled.jpg\" alt=\"Uploaded Media\" loading=\"lazy\"\/><\/div><\/div><\/div><\/div><\/div>\n<\/div><\/section>\n\n\n\n<div class=\"wp-block-endeavour-wp-blocks-custom-spacer custom-spacer    \"><div style=\"height:1rem\" class=\"custom-spacer__mobile\"><\/div><div style=\"height:3rem\" class=\"custom-spacer__desktop\"><\/div><\/div>\n\n\n\n<section class=\"wp-block-endeavour-wp-blocks-content-container content-container    \" id=\"Visualizer\"><div class=\"wp-block-endeavour-wp-blocks-content-container content-container__inner content-container__inner--medium    \" id=\"Visualizer\">\n<div class=\"wp-block-endeavour-wp-blocks-image-w-text-cta    \"><div class=\"image-w-text-cta__outer-wrapper\"><div class=\"content-wrapper\"><div class=\"image-w-text-cta__inner-wrapper\"><div class=\"image-w-text-cta__content-wrapper\"><h4 class=\"image-w-text-cta__title\">3D Stage Visualizer<\/h4><div class=\"image-w-text-cta__text\">Um Ihnen einen realistischen Eindruck der M\u00f6glichkeiten zu geben, hat unser Partner Creative Technology ein Online-Tool entwickelt: den Stage Visualizer. Mit dieser interaktiven Plattform k\u00f6nnen Sie Ihre eigenen Inhalte hochladen und direkt sehen, wie diese auf der Curve in der Effectenbeurszaal dargestellt werden. Ob Pr\u00e4sentation, Markenauftritt oder visuelles Highlight \u2013 der Stage Visualizer bietet eine realit\u00e4tsnahe Vorschau des finalen Ergebnisses.<\/div><div class=\"wp-block-endeavour-wp-blocks-image-w-text-cta    \">\n<div class=\"wp-block-endeavour-wp-blocks-buttons-wrapper    \"><div class=\"wp-block-endeavour-wp-blocks-buttons-wrapper     buttons-wrapper__wrapper\">\n<div class=\"wp-block-endeavour-wp-blocks-main-button     main-button\"><a class=\"main-button__wrapper main-button__wrapper--is-secondary\" href=\"https:\/\/bvb.visualizer.ctlabs.online\/\" target=\"_blank\" rel=\"noopener\">3D Stage Visualizer<\/a><\/div>\n<\/div><\/div>\n<\/div><\/div><div class=\"image-w-text-cta__image-wrapper\"><img decoding=\"async\" class=\"image-w-text-cta__image\" src=\"https:\/\/beursvanberlage.com\/app\/uploads\/2025\/04\/Stage-vizualiser.png\" alt=\"Uploaded Media\" loading=\"lazy\"\/><\/div><\/div><\/div><\/div><\/div>\n<\/div><\/section>\n\n\n\n<div class=\"wp-block-endeavour-wp-blocks-custom-spacer custom-spacer    \"><div style=\"height:1rem\" class=\"custom-spacer__mobile\"><\/div><div style=\"height:3rem\" class=\"custom-spacer__desktop\"><\/div><\/div>\n\n\n\n<div class=\"wp-block-endeavour-wp-blocks-banner-w-stats    \"><div class=\"banner-w-stats__wrapper\"><div class=\"banner-w-stats__banner-wrapper\"><img decoding=\"async\" src=\"https:\/\/beursvanberlage.com\/app\/uploads\/2024\/12\/CES2024_0055.jpg\" class=\"banner-w-stats__banner-image\" alt=\"Banner Image\"\/><div class=\"content-wrapper\" style=\"width: 100%\"><h3 class=\"banner-w-stats__banner-title\">The Curve<\/h3><\/div><\/div><div class=\"content-wrapper\"><div class=\"banner-w-stats__stats-wrapper banner-w-stats__stats-wrapper--is-stats\">\n<div class=\"wp-block-endeavour-wp-blocks-statistic-item     statistic-item__outer-wrapper\"><div class=\"statistic-item__wrapper\"><div class=\"statistic-item__stat-wrapper\"><h4 class=\"statistic-item__count-up\" data-number=\"1300\">1300<\/h4><h4 class=\"statistic-item__secondary-string\">cm<\/h4><\/div><h6 class=\"statistic-item__text\">Abmessung \u2013 Breite<\/h6><\/div><\/div>\n\n\n\n<div class=\"wp-block-endeavour-wp-blocks-statistic-item     statistic-item__outer-wrapper\"><div class=\"statistic-item__wrapper\"><div class=\"statistic-item__stat-wrapper\"><h4 class=\"statistic-item__count-up\" data-number=\"450\">450<\/h4><h4 class=\"statistic-item__secondary-string\">cm<\/h4><\/div><h6 class=\"statistic-item__text\">Abmessung \u2013 H\u00f6he<\/h6><\/div><\/div>\n\n\n\n<div class=\"wp-block-endeavour-wp-blocks-statistic-item     statistic-item__outer-wrapper\"><div class=\"statistic-item__wrapper\"><div class=\"statistic-item__stat-wrapper\"><h4 class=\"statistic-item__count-up\" data-number=\"3328\">3328<\/h4><h4 class=\"statistic-item__secondary-string\">pixels<\/h4><\/div><h6 class=\"statistic-item__text\">Resolution \u2013 Breite<\/h6><\/div><\/div>\n\n\n\n<div class=\"wp-block-endeavour-wp-blocks-statistic-item     statistic-item__outer-wrapper\"><div class=\"statistic-item__wrapper\"><div class=\"statistic-item__stat-wrapper\"><h4 class=\"statistic-item__count-up\" data-number=\"1152\">1152<\/h4><h4 class=\"statistic-item__secondary-string\">pixels<\/h4><\/div><h6 class=\"statistic-item__text\">Resolution \u2013 H\u00f6he<\/h6><\/div><\/div>\n<\/div><\/div><\/div><\/div>\n\n\n\n<figure class=\"wp-block-embed is-type-video is-provider-youtube wp-block-embed-youtube wp-embed-aspect-16-9 wp-has-aspect-ratio    \"><div class=\"wp-block-embed__wrapper\">\n<iframe loading=\"lazy\" title=\"The Curve 2025\" width=\"500\" height=\"281\" src=\"https:\/\/www.youtube.com\/embed\/6WMEKQtn-Os?feature=oembed\" frameborder=\"0\" allow=\"accelerometer; autoplay; clipboard-write; encrypted-media; gyroscope; picture-in-picture; web-share\" referrerpolicy=\"strict-origin-when-cross-origin\" allowfullscreen><\/iframe>\n<\/div><\/figure>\n\n\n\n<section class=\"wp-block-endeavour-wp-blocks-content-container content-container    \" id=\"contact\"><div class=\"wp-block-endeavour-wp-blocks-content-container content-container__inner content-container__inner--full    \" id=\"contact\">\n<div class=\"wp-block-endeavour-wp-blocks-contact-form     contact-form\"><div class=\"contact-form__outer-wrapper \"><div class=\"content-wrapper\"><div class=\"contact-form__inner-wrapper\"><div class=\"contact-form__content-wrapper\"><div class=\"contact-form__text-wrapper\"><h4 class=\"contact-form__title\">Kontaktieren Sie uns<\/h4><p class=\"contact-form__description\">Geben Sie Ihre Daten ein, und wir melden uns so schnell wie m\u00f6glich, um Ihre Fragen zu beantworten oder Ihre Pl\u00e4ne zu besprechen. <br><br>Bitte beachten Sie, dass wir aufgrund der Gr\u00f6\u00dfe und des Charakters unserer Location ausschlie\u00dflich Anfragen f\u00fcr Gruppen <strong>ab 200 G\u00e4sten<\/strong> bearbeiten.<br><br><strong>Bevorzugen Sie direkten Kontakt? <\/strong><br>Rufen Sie uns an unter <strong><a href=\"tel:+31205313355\">+31 (0)20 &#8211; 531 33 55<\/a><\/strong> oder schreiben Sie eine E-Mail an <a href=\"mailto:events@beursvanberlage.com\">events@beursvanberlage.com<\/a>. <br><br>Wir freuen uns darauf, Ihnen zu helfen!<\/p><\/div><\/div><div class=\"contact-form__form-wrapper\"><script charset=\"utf-8\" type=\"text\/javascript\" src=\"\/\/js.hsforms.net\/forms\/embed\/v2.js\"><\/script>\n<script>\n  hbspt.forms.create({\n    portalId: \"5233325\",\n    formId: \"8aa3c8b4-a538-4516-a1f5-915aae598d67\"\n  });\n<\/script><\/div><\/div><\/div><\/div><\/div>\n<\/div><\/section>\n","protected":false},"excerpt":{"rendered":"","protected":false},"author":2,"featured_media":10183,"parent":8035,"menu_order":0,"comment_status":"closed","ping_status":"closed","template":"","meta":{"content-type":"","footnotes":""},"class_list":["post-11384","page","type-page","status-publish","has-post-thumbnail","hentry"],"_links":{"self":[{"href":"https:\/\/beursvanberlage.com\/de\/wp-json\/wp\/v2\/pages\/11384","targetHints":{"allow":["GET"]}}],"collection":[{"href":"https:\/\/beursvanberlage.com\/de\/wp-json\/wp\/v2\/pages"}],"about":[{"href":"https:\/\/beursvanberlage.com\/de\/wp-json\/wp\/v2\/types\/page"}],"author":[{"embeddable":true,"href":"https:\/\/beursvanberlage.com\/de\/wp-json\/wp\/v2\/users\/2"}],"replies":[{"embeddable":true,"href":"https:\/\/beursvanberlage.com\/de\/wp-json\/wp\/v2\/comments?post=11384"}],"version-history":[{"count":11,"href":"https:\/\/beursvanberlage.com\/de\/wp-json\/wp\/v2\/pages\/11384\/revisions"}],"predecessor-version":[{"id":12745,"href":"https:\/\/beursvanberlage.com\/de\/wp-json\/wp\/v2\/pages\/11384\/revisions\/12745"}],"up":[{"embeddable":true,"href":"https:\/\/beursvanberlage.com\/de\/wp-json\/wp\/v2\/pages\/8035"}],"wp:featuredmedia":[{"embeddable":true,"href":"https:\/\/beursvanberlage.com\/de\/wp-json\/wp\/v2\/media\/10183"}],"wp:attachment":[{"href":"https:\/\/beursvanberlage.com\/de\/wp-json\/wp\/v2\/media?parent=11384"}],"curies":[{"name":"wp","href":"https:\/\/api.w.org\/{rel}","templated":true}]}}